{"id":101,"date":"2021-09-14T04:16:07","date_gmt":"2021-09-14T02:16:07","guid":{"rendered":"http:\/\/37801.w1.wedos.ws\/?page_id=101"},"modified":"2021-09-20T11:06:07","modified_gmt":"2021-09-20T09:06:07","slug":"vybor-klubu","status":"publish","type":"page","link":"https:\/\/ktp-sk.sk\/old\/klub\/vybor-klubu\/","title":{"rendered":"V\u00fdbor klubu"},"content":{"rendered":"<p><div class=\"fusion-fullwidth fullwidth-box fusion-builder-row-1 fusion-flex-container nonhundred-percent-fullwidth non-hundred-percent-height-scrolling\" style=\"background-color: rgba(255,255,255,0);background-position: center center;background-repeat: no-repeat;border-width: 0px 0px 0px 0px;border-color:#eae9e9;border-style:solid;\" ><div class=\"fusion-builder-row fusion-row fusion-flex-align-items-flex-start\" style=\"max-width:calc( 960px + 0px );margin-left: calc(-0px \/ 2 );margin-right: calc(-0px \/ 2 );\"><div class=\"fusion-layout-column fusion_builder_column fusion-builder-column-0 fusion_builder_column_1_1 1_1 fusion-flex-column\"><div class=\"fusion-column-wrapper fusion-flex-justify-content-flex-start fusion-content-layout-column\" style=\"background-position:left top;background-repeat:no-repeat;-webkit-background-size:cover;-moz-background-size:cover;-o-background-size:cover;background-size:cover;padding: 0px 0px 0px 0px;\"><div class=\"fusion-text fusion-text-1\"><p>Je volen\u00fd v\u00fdro\u010dnou \u010dlenskou sch\u00f4dzou. Riadi \u010dinnos\u0165 klubu medzi v\u00fdro\u010dn\u00fdmi \u010dlensk\u00fdmi sch\u00f4dzami.<\/p>\n<\/div><\/div><style type=\"text\/css\">.fusion-body .fusion-builder-column-0{width:100% !important;margin-top : 0px;margin-bottom : 0px;}.fusion-builder-column-0 > .fusion-column-wrapper {padding-top : 0px !important;padding-right : 0px !important;margin-right : 0px;padding-bottom : 0px !important;padding-left : 0px !important;margin-left : 0px;}@media only screen and (max-width:1024px) {.fusion-body .fusion-builder-column-0{width:100% !important;}.fusion-builder-column-0 > .fusion-column-wrapper {margin-right : 0px;margin-left : 0px;}}@media only screen and (max-width:640px) {.fusion-body .fusion-builder-column-0{width:100% !important;}.fusion-builder-column-0 > .fusion-column-wrapper {margin-right : 0px;margin-left : 0px;}}<\/style><\/div><\/div><style type=\"text\/css\">.fusion-body .fusion-flex-container.fusion-builder-row-1{ padding-top : 0px;margin-top : 0px;padding-right : 0px;padding-bottom : 0px;margin-bottom : 0px;padding-left : 0px;}<\/style><\/div><div class=\"fusion-fullwidth fullwidth-box fusion-builder-row-2 fusion-flex-container hundred-percent-fullwidth non-hundred-percent-height-scrolling\" style=\"background-color: rgba(255,255,255,0);background-position: center center;background-repeat: no-repeat;border-width: 0px 0px 0px 0px;border-color:#eae9e9;border-style:solid;\" ><div class=\"fusion-builder-row fusion-row fusion-flex-align-items-flex-start\" style=\"width:calc( 100% + 0px ) !important;max-width:calc( 100% + 0px ) !important;margin-left: calc(-0px \/ 2 );margin-right: calc(-0px \/ 2 );\"><div class=\"fusion-layout-column fusion_builder_column fusion-builder-column-1 fusion_builder_column_1_1 1_1 fusion-flex-column fusion-flex-align-self-flex-start fusion-column-no-min-height\"><div class=\"fusion-column-wrapper fusion-flex-justify-content-flex-start fusion-content-layout-column\" style=\"background-position:left top;background-repeat:no-repeat;-webkit-background-size:cover;-moz-background-size:cover;-o-background-size:cover;background-size:cover;padding: 0px 0px 0px 0px;\"><style type=\"text\/css\">@media only screen and (max-width:1024px) {.fusion-title.fusion-title-1{margin-top:10px!important; margin-right:0px!important;margin-bottom:15px!important;margin-left:0px!important;}}@media only screen and (max-width:640px) {.fusion-title.fusion-title-1{margin-top:10px!important; margin-right:0px!important;margin-bottom:10px!important; margin-left:0px!important;}}<\/style><div class=\"fusion-title title fusion-title-1 fusion-title-text fusion-title-size-three\" style=\"margin-top:10px;margin-right:0px;margin-bottom:15px;margin-left:0px;\"><div class=\"title-sep-container title-sep-container-left fusion-no-large-visibility fusion-no-medium-visibility fusion-no-small-visibility\"><div class=\"title-sep sep-\" style=\"border-color:#E7E6E6;\"><\/div><\/div><span class=\"awb-title-spacer fusion-no-large-visibility fusion-no-medium-visibility fusion-no-small-visibility\"><\/span><h3 class=\"title-heading-left fusion-responsive-typography-calculated\" style=\"margin:0;--fontSize:16;--minFontSize:16px;line-height:1.5;\">V\u00fdbor klubu<\/h3><span class=\"awb-title-spacer\"><\/span><div class=\"title-sep-container title-sep-container-right\"><div class=\"title-sep sep-\" style=\"border-color:#E7E6E6;\"><\/div><\/div><\/div><div class=\"fusion-text fusion-text-2\"><div class=\"gmail-fusion-layout-column gmail-fusion_builder_column gmail-fusion-builder-column-1 gmail-fusion_builder_column_1_1 gmail-1_1 gmail-fusion-flex-column gmail-fusion-flex-align-self-flex-start gmail-fusion-column-no-min-height\">\n<div class=\"gmail-fusion-column-wrapper gmail-fusion-flex-justify-content-flex-start gmail-fusion-content-layout-column\">\n<div class=\"gmail-fusion-text gmail-fusion-text-2\"><b>PREDSEDA KLUBU \u2013 &nbsp;Mgr. Radek Bla\u017eo <\/b><br \/>\nDoln\u00e1 50, 90051 Zohor<br \/>\ntel. : +421 908 818 308, e-mail: <a href=\"mailto:predseda.ktp@gmail.com\">predseda.ktp@gmail.com<\/a><\/div>\n<div class=\"gmail-fusion-text gmail-fusion-text-2\">&nbsp;<\/div>\n<div class=\"gmail-fusion-text gmail-fusion-text-2\">\n<p><b>TAJOMN\u00cd\u010cKA KLUBU \u2013 Zuzana \u010euri\u0161ov\u00e1<\/b><br \/>\nTopo\u013e\u010dianska 29, 851 05 Bratislava<br \/>\ntel. : +421 904 415 262, e-mail: <a href=\"mailto:tajomnik.ktp@gmail.com\">tajomnik.ktp@gmail.com<\/a><\/p>\n<p><b>EKON\u00d3MKA KLUBU \u2013 &nbsp;Ing. Barbora Duranziov\u00e1<\/b><br \/>\nTom\u00e1\u0161ikova 50A, 831 03 &nbsp;Bratislava<br \/>\ntel. : +421 918 549 515, e-mail: <a href=\"mailto:ekonom.ktp@gmail.com\">ekonom.ktp@gmail.com<\/a><\/p>\n<\/div>\n<\/div>\n<\/div>\n<div class=\"gmail-fusion-layout-column gmail-fusion_builder_column gmail-fusion-builder-column-2 gmail-fusion_builder_column_1_1 gmail-1_1 gmail-fusion-flex-column gmail-fusion-flex-align-self-flex-start gmail-fusion-column-no-min-height\">\n<div class=\"gmail-fusion-column-wrapper gmail-fusion-flex-justify-content-flex-start gmail-fusion-content-layout-column\">\n<div class=\"gmail-fusion-text gmail-fusion-text-3\">&nbsp;<\/div>\n<\/div>\n<\/div>\n<\/div><\/div><style type=\"text\/css\">.fusion-body .fusion-builder-column-1{width:100% !important;margin-top : 0px;margin-bottom : 0px;}.fusion-builder-column-1 > .fusion-column-wrapper {padding-top : 0px !important;padding-right : 0px !important;margin-right : 0px;padding-bottom : 0px !important;padding-left : 0px !important;margin-left : 0px;}@media only screen and (max-width:1024px) {.fusion-body .fusion-builder-column-1{width:100% !important;}.fusion-builder-column-1 > .fusion-column-wrapper {margin-right : 0px;margin-left : 0px;}}@media only screen and (max-width:640px) {.fusion-body .fusion-builder-column-1{width:100% !important;}.fusion-builder-column-1 > .fusion-column-wrapper {margin-right : 0px;margin-left : 0px;}}<\/style><\/div><div class=\"fusion-layout-column fusion_builder_column fusion-builder-column-2 fusion_builder_column_1_1 1_1 fusion-flex-column fusion-flex-align-self-flex-start fusion-column-no-min-height\"><div class=\"fusion-column-wrapper fusion-flex-justify-content-flex-start fusion-content-layout-column\" style=\"background-position:left top;background-repeat:no-repeat;-webkit-background-size:cover;-moz-background-size:cover;-o-background-size:cover;background-size:cover;padding: 0px 0px 0px 0px;\"><style type=\"text\/css\">@media only screen and (max-width:1024px) {.fusion-title.fusion-title-2{margin-top:10px!important; margin-right:0px!important;margin-bottom:15px!important;margin-left:0px!important;}}@media only screen and (max-width:640px) {.fusion-title.fusion-title-2{margin-top:10px!important; margin-right:0px!important;margin-bottom:10px!important; margin-left:0px!important;}}<\/style><div class=\"fusion-title title fusion-title-2 fusion-title-text fusion-title-size-three\" style=\"margin-top:10px;margin-right:0px;margin-bottom:15px;margin-left:0px;\"><div class=\"title-sep-container title-sep-container-left fusion-no-large-visibility fusion-no-medium-visibility fusion-no-small-visibility\"><div class=\"title-sep sep-\" style=\"border-color:#E7E6E6;\"><\/div><\/div><span class=\"awb-title-spacer fusion-no-large-visibility fusion-no-medium-visibility fusion-no-small-visibility\"><\/span><h3 class=\"title-heading-left fusion-responsive-typography-calculated\" style=\"margin:0;--fontSize:16;--minFontSize:16px;line-height:1.5;\">Funkcion\u00e1ri klubu<\/h3><span class=\"awb-title-spacer\"><\/span><div class=\"title-sep-container title-sep-container-right\"><div class=\"title-sep sep-\" style=\"border-color:#E7E6E6;\"><\/div><\/div><\/div><div class=\"fusion-text fusion-text-3\"><p><strong>PORADCA CHOVU \u2013 Iveta Petr\u00e1kov\u00e1<em><br \/><\/em><\/strong>Vl\u010dkovce \u010d. 378, 919 23 Vl\u010dkovce<br \/>tel. : +421 903 722 407, e-mail: <a href=\"mailto:ivepetlhasa@gmail.com\">ivepetlhasa@gmail.com<\/a><\/p>\n<p><b>REV\u00cdZOR &#8211; Jana Pu\u010dekov\u00e1<\/b><br \/>ul.Poto\u010dn\u00e1 1032\/43, 90055 Lozorno<br \/>tel. : +421 908 769 837, e-mail: <a href=\"mailto:revizor.ktp@gmail.com\">revizor.ktp@gmail.com<\/a><\/p>\n<\/div><\/div><style type=\"text\/css\">.fusion-body .fusion-builder-column-2{width:100% !important;margin-top : 0px;margin-bottom : 0px;}.fusion-builder-column-2 > .fusion-column-wrapper {padding-top : 0px !important;padding-right : 0px !important;margin-right : 0px;padding-bottom : 0px !important;padding-left : 0px !important;margin-left : 0px;}@media only screen and (max-width:1024px) {.fusion-body .fusion-builder-column-2{width:100% !important;}.fusion-builder-column-2 > .fusion-column-wrapper {margin-right : 0px;margin-left : 0px;}}@media only screen and (max-width:640px) {.fusion-body .fusion-builder-column-2{width:100% !important;}.fusion-builder-column-2 > .fusion-column-wrapper {margin-right : 0px;margin-left : 0px;}}<\/style><\/div><\/div><style type=\"text\/css\">.fusion-fullwidth.fusion-builder-row-2 { overflow:visible; }.fusion-body .fusion-flex-container.fusion-builder-row-2{ padding-top : 0px;margin-top : 0px;padding-right : 0px;padding-bottom : 0px;margin-bottom : 0px;padding-left : 0px;}<\/style><\/div><\/p>\n","protected":false},"excerpt":{"rendered":"","protected":false},"author":8,"featured_media":0,"parent":90,"menu_order":0,"comment_status":"open","ping_status":"open","template":"","meta":{"ngg_post_thumbnail":0},"_links":{"self":[{"href":"https:\/\/ktp-sk.sk\/old\/wp-json\/wp\/v2\/pages\/101"}],"collection":[{"href":"https:\/\/ktp-sk.sk\/old\/wp-json\/wp\/v2\/pages"}],"about":[{"href":"https:\/\/ktp-sk.sk\/old\/wp-json\/wp\/v2\/types\/page"}],"author":[{"embeddable":true,"href":"https:\/\/ktp-sk.sk\/old\/wp-json\/wp\/v2\/users\/8"}],"replies":[{"embeddable":true,"href":"https:\/\/ktp-sk.sk\/old\/wp-json\/wp\/v2\/comments?post=101"}],"version-history":[{"count":0,"href":"https:\/\/ktp-sk.sk\/old\/wp-json\/wp\/v2\/pages\/101\/revisions"}],"up":[{"embeddable":true,"href":"https:\/\/ktp-sk.sk\/old\/wp-json\/wp\/v2\/pages\/90"}],"wp:attachment":[{"href":"https:\/\/ktp-sk.sk\/old\/wp-json\/wp\/v2\/media?parent=101"}],"curies":[{"name":"wp","href":"https:\/\/api.w.org\/{rel}","templated":true}]}}