{"id":110,"date":"2021-10-19T10:21:08","date_gmt":"2021-10-19T08:21:08","guid":{"rendered":"http:\/\/37801.w1.wedos.ws\/?page_id=110"},"modified":"2022-02-18T13:38:10","modified_gmt":"2022-02-18T11:38:10","slug":"tlaciva-poplatky","status":"publish","type":"page","link":"https:\/\/ktp-sk.sk\/old\/klub\/tlaciva-poplatky\/","title":{"rendered":"Tla\u010div\u00e1, poplatky"},"content":{"rendered":"<div class=\"fusion-fullwidth fullwidth-box fusion-builder-row-1 fusion-flex-container hundred-percent-fullwidth non-hundred-percent-height-scrolling\" style=\"background-color: rgba(255,255,255,0);background-position: center center;background-repeat: no-repeat;border-width: 0px 0px 0px 0px;border-color:#eae9e9;border-style:solid;\" ><div class=\"fusion-builder-row fusion-row fusion-flex-align-items-flex-start\" style=\"width:104% !important;max-width:104% !important;margin-left: calc(-4% \/ 2 );margin-right: calc(-4% \/ 2 );\"><div class=\"fusion-layout-column fusion_builder_column fusion-builder-column-0 fusion_builder_column_1_2 1_2 fusion-flex-column\"><div class=\"fusion-column-wrapper fusion-flex-justify-content-flex-start fusion-content-layout-column\" style=\"background-position:left top;background-repeat:no-repeat;-webkit-background-size:cover;-moz-background-size:cover;-o-background-size:cover;background-size:cover;padding: 0px 0px 0px 0px;\"><div class=\"fusion-text fusion-text-1\"><p><a href=\"https:\/\/ktp-sk.sk\/old\/wp-content\/uploads\/2013\/02\/ziadosto_CHS_UKK.doc\" target=\"_blank\" rel=\"noopener noreferrer\">\u017dIADOS\u0164 O ZALO\u017dENIE CHS <\/a><\/p>\n<p><a href=\"https:\/\/ktp-sk.sk\/old\/wp-content\/uploads\/2019\/04\/ziadost-pripustacie-povolenie-KTP.doc\">\u017dIADOS\u0164 O VYSTAVENIE PRIP\u00da\u0160\u0164ACIEHO POVOLENIA <\/a><\/p>\n<p><a href=\"https:\/\/ktp-sk.sk\/old\/wp-content\/uploads\/2013\/02\/ziadost_exportny_PP.doc\" target=\"_blank\" rel=\"noopener noreferrer\">\u017dIADOS\u0164 O EXPORTN\u00dd PP<\/a><\/p>\n<p><a href=\"https:\/\/ktp-sk.sk\/old\/wp-content\/uploads\/2017\/09\/KTP-ziadost-klubovy-sampion-mladych.doc\">\u017dIADOS\u0164 NA PRIZNANIE TITULU KLUBOV\u00dd \u0160AMPI\u00d3N MLAD\u00ddCH<\/a><\/p>\n<p><a href=\"https:\/\/ktp-sk.sk\/old\/wp-content\/uploads\/2017\/09\/KTP-ziadost-klubovy-sampion.doc\">\u017dIADOS\u0164 NA PRIZNANIE TITULU KLUBOV\u00dd \u0160AMPI\u00d3N<\/a><\/p>\n<p><a href=\"https:\/\/ktp-sk.sk\/old\/wp-content\/uploads\/2017\/09\/KTP-ziadost-klubovy-sampion-veteranov.doc\">\u017dIADOS\u0164 NA PRIZNANIE TITULU KLUBOV\u00dd VETER\u00c1N \u0160AMPI\u00d3N<\/a><\/p>\n<p><a href=\"https:\/\/ktp-sk.sk\/old\/wp-content\/uploads\/2017\/09\/Poriadok-pre-udelovanie-titulu-KLUBOVYCH-SAMPIONOV-1.doc\">PORIADOK PRE UDE\u013dOVANIE KLUBOV\u00c9HO \u0160AMPI\u00d3NA KR\u00c1SY<\/a><\/p>\n<\/div><\/div><style type=\"text\/css\">.fusion-body .fusion-builder-column-0{width:50% !important;margin-top : 0px;margin-bottom : 20px;}.fusion-builder-column-0 > .fusion-column-wrapper {padding-top : 0px !important;padding-right : 0px !important;margin-right : 3.84%;padding-bottom : 0px !important;padding-left : 0px !important;margin-left : 3.84%;}@media only screen and (max-width:1024px) {.fusion-body .fusion-builder-column-0{width:50% !important;}.fusion-builder-column-0 > .fusion-column-wrapper {margin-right : 3.84%;margin-left : 3.84%;}}@media only screen and (max-width:640px) {.fusion-body .fusion-builder-column-0{width:100% !important;}.fusion-builder-column-0 > .fusion-column-wrapper {margin-right : 1.92%;margin-left : 1.92%;}}<\/style><\/div><div class=\"fusion-layout-column fusion_builder_column fusion-builder-column-1 fusion_builder_column_1_2 1_2 fusion-flex-column\"><div class=\"fusion-column-wrapper fusion-flex-justify-content-flex-start fusion-content-layout-column\" style=\"background-position:left top;background-repeat:no-repeat;-webkit-background-size:cover;-moz-background-size:cover;-o-background-size:cover;background-size:cover;padding: 0px 0px 0px 0px;\"><div class=\"fusion-text fusion-text-2\"><p><strong>N\u00e1zov \u00fa\u010dtu : KLUB TIBETSK\u00ddCH PLEMIEN<\/strong><br \/>\n<strong>S\u00eddlo : Doln\u00e1 50, 90051 Zohor, Slovensko<\/strong><br \/>\n<strong>IBAN: SK89 0900 0000 0051 8403 7010<\/strong><br \/>\n<strong>SWIFT:&nbsp;GIBASKBX&nbsp;<\/strong><br \/>\n<strong>Slovensk\u00e1 sporite\u013e\u0148a a.s.<\/strong><br \/>\n<strong>Kon\u0161tantn\u00fd symbol : 0308<\/strong><\/p>\n<\/div><\/div><style type=\"text\/css\">.fusion-body .fusion-builder-column-1{width:50% !important;margin-top : 0px;margin-bottom : 20px;}.fusion-builder-column-1 > .fusion-column-wrapper {padding-top : 0px !important;padding-right : 0px !important;margin-right : 3.84%;padding-bottom : 0px !important;padding-left : 0px !important;margin-left : 3.84%;}@media only screen and (max-width:1024px) {.fusion-body .fusion-builder-column-1{width:50% !important;}.fusion-builder-column-1 > .fusion-column-wrapper {margin-right : 3.84%;margin-left : 3.84%;}}@media only screen and (max-width:640px) {.fusion-body .fusion-builder-column-1{width:100% !important;}.fusion-builder-column-1 > .fusion-column-wrapper {margin-right : 1.92%;margin-left : 1.92%;}}<\/style><\/div><div class=\"fusion-layout-column fusion_builder_column fusion-builder-column-2 fusion_builder_column_1_1 1_1 fusion-flex-column fusion-flex-align-self-flex-start fusion-column-no-min-height\"><div class=\"fusion-column-wrapper fusion-flex-justify-content-flex-start fusion-content-layout-column\" style=\"background-position:left top;background-repeat:no-repeat;-webkit-background-size:cover;-moz-background-size:cover;-o-background-size:cover;background-size:cover;padding: 0px 0px 0px 0px;\"><div class=\"fusion-separator fusion-full-width-sep\" style=\"align-self: center;margin-left: auto;margin-right: auto;margin-top:15px;margin-bottom:25px;width:100%;\"><\/div><\/div><style type=\"text\/css\">.fusion-body .fusion-builder-column-2{width:100% !important;margin-top : 0px;margin-bottom : 0px;}.fusion-builder-column-2 > .fusion-column-wrapper {padding-top : 0px !important;padding-right : 0px !important;margin-right : 1.92%;padding-bottom : 0px !important;padding-left : 0px !important;margin-left : 1.92%;}@media only screen and (max-width:1024px) {.fusion-body .fusion-builder-column-2{width:100% !important;}.fusion-builder-column-2 > .fusion-column-wrapper {margin-right : 1.92%;margin-left : 1.92%;}}@media only screen and (max-width:640px) {.fusion-body .fusion-builder-column-2{width:100% !important;}.fusion-builder-column-2 > .fusion-column-wrapper {margin-right : 1.92%;margin-left : 1.92%;}}<\/style><\/div><div class=\"fusion-layout-column fusion_builder_column fusion-builder-column-3 fusion_builder_column_1_1 1_1 fusion-flex-column fusion-flex-align-self-flex-start fusion-column-no-min-height\"><div class=\"fusion-column-wrapper fusion-flex-justify-content-flex-start fusion-content-layout-column\" style=\"background-position:left top;background-repeat:no-repeat;-webkit-background-size:cover;-moz-background-size:cover;-o-background-size:cover;background-size:cover;padding: 0px 0px 0px 0px;\"><style type=\"text\/css\">@media only screen and (max-width:1024px) {.fusion-title.fusion-title-1{margin-top:10px!important; margin-right:0px!important;margin-bottom:15px!important;margin-left:0px!important;}}@media only screen and (max-width:640px) {.fusion-title.fusion-title-1{margin-top:10px!important; margin-right:0px!important;margin-bottom:10px!important; margin-left:0px!important;}}<\/style><div class=\"fusion-title title fusion-title-1 fusion-title-text fusion-title-size-two\" style=\"margin-top:10px;margin-right:0px;margin-bottom:15px;margin-left:0px;\"><div class=\"title-sep-container title-sep-container-left fusion-no-large-visibility fusion-no-medium-visibility fusion-no-small-visibility\"><div class=\"title-sep sep-\" style=\"border-color:#E7E6E6;\"><\/div><\/div><span class=\"awb-title-spacer fusion-no-large-visibility fusion-no-medium-visibility fusion-no-small-visibility\"><\/span><h2 class=\"title-heading-left fusion-responsive-typography-calculated\" style=\"margin:0;--fontSize:18;--minFontSize:18px;line-height:1.5;\"><span style=\"color: #8f0529;\">Poplatky za slu\u017eby<\/span><\/h2><span class=\"awb-title-spacer\"><\/span><div class=\"title-sep-container title-sep-container-right\"><div class=\"title-sep sep-\" style=\"border-color:#E7E6E6;\"><\/div><\/div><\/div><div class=\"fusion-text fusion-text-3\"><p>&nbsp;<\/p>\n<p style=\"text-align: center;\"><div class=\"supsystic-table-loader spinner\" style=\"background-color: #000000\"><\/div><div id=\"supsystic-table-1_11500\" class=\"supsystic-tables-wrap \" style=\" width: 100%; visibility: hidden; \" data-table-width-fixed=\"100%\" data-table-width-mobile=\"100%\" ><table id=\"supsystic-table-1\" class=\"supsystic-table border lightboxImg cell-border \" data-id=\"1\" data-view-id=\"1_11500\" data-title=\"poplatky 2021\" data-currency-format=\"$1,000.00\" data-percent-format=\"10.00%\" data-date-format=\"DD.MM.YYYY\" data-time-format=\"HH:mm\" data-features=\"[&quot;after_table_loaded_script&quot;]\" data-search-value=\"\" data-lightbox-img=\"\" data-head-rows-count=\"1\" data-pagination-length=\"50,100,All\" data-auto-index=\"off\" data-searching-settings=\"{&quot;columnSearchPosition&quot;:&quot;bottom&quot;,&quot;minChars&quot;:&quot;0&quot;}\" data-lang=\"default\" data-override=\"{&quot;emptyTable&quot;:&quot;&quot;,&quot;info&quot;:&quot;&quot;,&quot;infoEmpty&quot;:&quot;&quot;,&quot;infoFiltered&quot;:&quot;&quot;,&quot;lengthMenu&quot;:&quot;&quot;,&quot;search&quot;:&quot;&quot;,&quot;zeroRecords&quot;:&quot;&quot;,&quot;exportLabel&quot;:&quot;&quot;,&quot;file&quot;:&quot;default&quot;}\" data-merged=\"[]\" data-responsive-mode=\"0\" data-from-history=\"0\" ><thead><tr><th class=\"\" style=\"width:; padding: 0 !important;\"><\/th><th class=\"\" style=\"width:; padding: 0 !important;\"><\/th><th class=\"\" style=\"width:; padding: 0 !important;\"><\/th><\/tr><\/thead><tbody><tr ><td data-cell-id=\"A1\" data-x=\"0\" data-y=\"1\" data-db-index=\"1\" class=\"color-75072c\" data-cell-type=\"text\" data-original-value=\"Druh poplatku\" data-order=\"Druh poplatku\" style=\"min-width: 67.9688%; \" > Druh poplatku <\/td><td data-cell-id=\"B1\" data-x=\"1\" data-y=\"1\" data-db-index=\"1\" class=\"color-75072c\" data-cell-type=\"text\" data-original-value=\"\u010dlen KTP\" data-order=\"\u010dlen KTP\" style=\"min-width: 14.6875%; \" > \u010dlen KTP <\/td><td data-cell-id=\"C1\" data-x=\"2\" data-y=\"1\" data-db-index=\"1\" class=\"color-75072c\" data-cell-type=\"text\" data-original-value=\"ne\u010dlen KTP\" data-order=\"ne\u010dlen KTP\" style=\"min-width: 17.3438%; \" > ne\u010dlen KTP <\/td><\/tr><tr ><td data-cell-id=\"A2\" data-x=\"0\" data-y=\"2\" data-db-index=\"2\" class=\"\" data-cell-type=\"text\" data-original-value=\"\" data-order=\"\" ><\/td><td data-cell-id=\"B2\" data-x=\"1\" data-y=\"2\" data-db-index=\"2\" class=\"\" data-cell-type=\"text\" data-original-value=\"\" data-order=\"\" ><\/td><td data-cell-id=\"C2\" data-x=\"2\" data-y=\"2\" data-db-index=\"2\" class=\"\" data-cell-type=\"text\" data-original-value=\"\" data-order=\"\" ><\/td><\/tr><tr ><td data-cell-id=\"A3\" data-x=\"0\" data-y=\"3\" data-db-index=\"3\" class=\"\" data-cell-type=\"text\" data-original-value=\"&lt;b&gt;Z\u00e1pisn\u00e9&lt;\/b&gt; (jednorazov\u00fd poplatok pri vstupe do klubu, op\u00e4tovne sa plat\u00ed len pri preru\u0161en\u00ed \u010dlenstva alebo pri oneskorenom uhraden\u00ed \u010dlensk\u00e9ho poplatku tj. po 15.1. kalend\u00e1rneho roka) \" data-order=\"&lt;b&gt;Z\u00e1pisn\u00e9&lt;\/b&gt; (jednorazov\u00fd poplatok pri vstupe do klubu, op\u00e4tovne sa plat\u00ed len pri preru\u0161en\u00ed \u010dlenstva alebo pri oneskorenom uhraden\u00ed \u010dlensk\u00e9ho poplatku tj. po 15.1. kalend\u00e1rneho roka) \" ><b>Z\u00e1pisn\u00e9<\/b> (jednorazov\u00fd poplatok pri vstupe do klubu, op\u00e4tovne sa plat\u00ed len pri preru\u0161en\u00ed \u010dlenstva alebo pri oneskorenom uhraden\u00ed \u010dlensk\u00e9ho poplatku tj. po 15.1. kalend\u00e1rneho roka) <\/td><td data-cell-id=\"B3\" data-x=\"1\" data-y=\"3\" data-db-index=\"3\" class=\"\" data-cell-type=\"text\" data-original-value=\"10,00 \u20ac\" data-order=\"10,00 \u20ac\" > 10,00 \u20ac <\/td><td data-cell-id=\"C3\" data-x=\"2\" data-y=\"3\" data-db-index=\"3\" class=\"\" data-cell-type=\"text\" data-original-value=\"-\" data-order=\"-\" > - <\/td><\/tr><tr ><td data-cell-id=\"A4\" data-x=\"0\" data-y=\"4\" data-db-index=\"4\" class=\"color-080808\" data-cell-type=\"text\" data-original-value=\"&lt;b&gt;\u010clensk\u00e9&lt;\/b&gt; na jeden kalend\u00e1rny rok (pre st\u00e1lych \u010dlenov splatn\u00fd najnesk\u00f4r do 15.1. na nasleduj\u00faci rok)\" data-order=\"&lt;b&gt;\u010clensk\u00e9&lt;\/b&gt; na jeden kalend\u00e1rny rok (pre st\u00e1lych \u010dlenov splatn\u00fd najnesk\u00f4r do 15.1. na nasleduj\u00faci rok)\" ><b>\u010clensk\u00e9<\/b> na jeden kalend\u00e1rny rok (pre st\u00e1lych \u010dlenov splatn\u00fd najnesk\u00f4r do 15.1. na nasleduj\u00faci rok) <\/td><td data-cell-id=\"B4\" data-x=\"1\" data-y=\"4\" data-db-index=\"4\" class=\"\" data-cell-type=\"text\" data-original-value=\"20,00 \u20ac\" data-order=\"20,00 \u20ac\" > 20,00 \u20ac <\/td><td data-cell-id=\"C4\" data-x=\"2\" data-y=\"4\" data-db-index=\"4\" class=\"\" data-cell-type=\"text\" data-original-value=\"\" data-order=\"\" ><\/td><\/tr><tr ><td data-cell-id=\"A5\" data-x=\"0\" data-y=\"5\" data-db-index=\"5\" class=\"\" data-cell-type=\"text\" data-original-value=\"&lt;b&gt;Zaradenie jedinca do chovu&lt;\/b&gt; (na dobierku po zaraden\u00ed)\" data-order=\"&lt;b&gt;Zaradenie jedinca do chovu&lt;\/b&gt; (na dobierku po zaraden\u00ed)\" ><b>Zaradenie jedinca do chovu<\/b> (na dobierku po zaraden\u00ed) <\/td><td data-cell-id=\"B5\" data-x=\"1\" data-y=\"5\" data-db-index=\"5\" class=\"\" data-cell-type=\"text\" data-original-value=\"-\" data-order=\"-\" > - <\/td><td data-cell-id=\"C5\" data-x=\"2\" data-y=\"5\" data-db-index=\"5\" class=\"\" data-cell-type=\"text\" data-original-value=\"5,00 \u20ac\" data-order=\"5,00 \u20ac\" > 5,00 \u20ac <\/td><\/tr><tr ><td data-cell-id=\"A6\" data-x=\"0\" data-y=\"6\" data-db-index=\"6\" class=\"\" data-cell-type=\"text\" data-original-value=\"&lt;b&gt;Prip\u00fa\u0161\u0165acie povolenie&lt;\/b&gt; (platba vopred na \u00fa\u010det klubu pred podan\u00edm \u017eiadosti alebo na dobierku po vystaven\u00ed povolenia)\" data-order=\"&lt;b&gt;Prip\u00fa\u0161\u0165acie povolenie&lt;\/b&gt; (platba vopred na \u00fa\u010det klubu pred podan\u00edm \u017eiadosti alebo na dobierku po vystaven\u00ed povolenia)\" ><b>Prip\u00fa\u0161\u0165acie povolenie<\/b> (platba vopred na \u00fa\u010det klubu pred podan\u00edm \u017eiadosti alebo na dobierku po vystaven\u00ed povolenia) <\/td><td data-cell-id=\"B6\" data-x=\"1\" data-y=\"6\" data-db-index=\"6\" class=\"\" data-cell-type=\"text\" data-original-value=\"-\" data-order=\"-\" > - <\/td><td data-cell-id=\"C6\" data-x=\"2\" data-y=\"6\" data-db-index=\"6\" class=\"\" data-cell-type=\"text\" data-original-value=\"20,00 \u20ac\" data-order=\"20,00 \u20ac\" > 20,00 \u20ac <\/td><\/tr><tr ><td data-cell-id=\"A7\" data-x=\"0\" data-y=\"7\" data-db-index=\"7\" class=\"\" data-cell-type=\"text\" data-original-value=\"&lt;b&gt;Prip\u00fa\u0161\u0165acie povolenie expresn\u00e9&lt;\/b&gt; (na dobierku. Povolenie vystav\u00ed PCH do 3 dn\u00ed od prijatia \u017eiadosti)\" data-order=\"&lt;b&gt;Prip\u00fa\u0161\u0165acie povolenie expresn\u00e9&lt;\/b&gt; (na dobierku. Povolenie vystav\u00ed PCH do 3 dn\u00ed od prijatia \u017eiadosti)\" ><b>Prip\u00fa\u0161\u0165acie povolenie expresn\u00e9<\/b> (na dobierku. Povolenie vystav\u00ed PCH do 3 dn\u00ed od prijatia \u017eiadosti) <\/td><td data-cell-id=\"B7\" data-x=\"1\" data-y=\"7\" data-db-index=\"7\" class=\"\" data-cell-type=\"text\" data-original-value=\"10,00 \u20ac\" data-order=\"10,00 \u20ac\" > 10,00 \u20ac <\/td><td data-cell-id=\"C7\" data-x=\"2\" data-y=\"7\" data-db-index=\"7\" class=\"\" data-cell-type=\"text\" data-original-value=\"20,00 \u20ac\" data-order=\"20,00 \u20ac\" > 20,00 \u20ac <\/td><\/tr><tr ><td data-cell-id=\"A8\" data-x=\"0\" data-y=\"8\" data-db-index=\"8\" class=\"\" data-cell-type=\"text\" data-original-value=\"&lt;b&gt;Prip\u00fa\u0161\u0165acie povolenie dodato\u010dn\u00e9&lt;\/b&gt; (v\u00fdnimo\u010dne pri ne\u017eiaducom spojen\u00ed dvoch chovn\u00fdch jedincov jedn\u00e9ho majite\u013ea. Platba vopred na \u00fa\u010det klubu pred podan\u00edm \u017eiadosti alebo na dobierku po vystaven\u00ed povolenia)\" data-order=\"&lt;b&gt;Prip\u00fa\u0161\u0165acie povolenie dodato\u010dn\u00e9&lt;\/b&gt; (v\u00fdnimo\u010dne pri ne\u017eiaducom spojen\u00ed dvoch chovn\u00fdch jedincov jedn\u00e9ho majite\u013ea. Platba vopred na \u00fa\u010det klubu pred podan\u00edm \u017eiadosti alebo na dobierku po vystaven\u00ed povolenia)\" ><b>Prip\u00fa\u0161\u0165acie povolenie dodato\u010dn\u00e9<\/b> (v\u00fdnimo\u010dne pri ne\u017eiaducom spojen\u00ed dvoch chovn\u00fdch jedincov jedn\u00e9ho majite\u013ea. Platba vopred na \u00fa\u010det klubu pred podan\u00edm \u017eiadosti alebo na dobierku po vystaven\u00ed povolenia) <\/td><td data-cell-id=\"B8\" data-x=\"1\" data-y=\"8\" data-db-index=\"8\" class=\"\" data-cell-type=\"text\" data-original-value=\"28,00 \u20ac\" data-order=\"28,00 \u20ac\" > 28,00 \u20ac <\/td><td data-cell-id=\"C8\" data-x=\"2\" data-y=\"8\" data-db-index=\"8\" class=\"\" data-cell-type=\"text\" data-original-value=\"56,00 \u20ac\" data-order=\"56,00 \u20ac\" > 56,00 \u20ac <\/td><\/tr><tr ><td data-cell-id=\"A9\" data-x=\"0\" data-y=\"9\" data-db-index=\"9\" class=\"\" data-cell-type=\"text\" data-original-value=\"&lt;b&gt;Uzavretie Zmluvy o poskytovan\u00ed chovate\u013esk\u00e9ho servisu pre ne\u010dlenov chovate\u013esk\u00e9ho klubu na jeden rok&lt;\/b&gt; (platba vopred na \u00fa\u010det klubu pred podan\u00edm \u017eiadosti alebo na dobierku po vystaven\u00ed zmluvy)\" data-order=\"&lt;b&gt;Uzavretie Zmluvy o poskytovan\u00ed chovate\u013esk\u00e9ho servisu pre ne\u010dlenov chovate\u013esk\u00e9ho klubu na jeden rok&lt;\/b&gt; (platba vopred na \u00fa\u010det klubu pred podan\u00edm \u017eiadosti alebo na dobierku po vystaven\u00ed zmluvy)\" ><b>Uzavretie Zmluvy o poskytovan\u00ed chovate\u013esk\u00e9ho servisu pre ne\u010dlenov chovate\u013esk\u00e9ho klubu na jeden rok<\/b> (platba vopred na \u00fa\u010det klubu pred podan\u00edm \u017eiadosti alebo na dobierku po vystaven\u00ed zmluvy) <\/td><td data-cell-id=\"B9\" data-x=\"1\" data-y=\"9\" data-db-index=\"9\" class=\"\" data-cell-type=\"text\" data-original-value=\"-\" data-order=\"-\" > - <\/td><td data-cell-id=\"C9\" data-x=\"2\" data-y=\"9\" data-db-index=\"9\" class=\"\" data-cell-type=\"text\" data-original-value=\"30,00 \u20ac\" data-order=\"30,00 \u20ac\" > 30,00 \u20ac <\/td><\/tr><tr ><td data-cell-id=\"A10\" data-x=\"0\" data-y=\"10\" data-db-index=\"10\" class=\"bold\" data-cell-type=\"text\" data-original-value=\"Vrh 1 \u0161teniatko \" data-order=\"Vrh 1 \u0161teniatko \" > Vrh 1 \u0161teniatko <\/td><td data-cell-id=\"B10\" data-x=\"1\" data-y=\"10\" data-db-index=\"10\" class=\"\" data-cell-type=\"text\" data-original-value=\"10,00 \u20ac\" data-order=\"10,00 \u20ac\" > 10,00 \u20ac <\/td><td data-cell-id=\"C10\" data-x=\"2\" data-y=\"10\" data-db-index=\"10\" class=\"\" data-cell-type=\"text\" data-original-value=\"20,00 \u20ac\" data-order=\"20,00 \u20ac\" > 20,00 \u20ac <\/td><\/tr><tr ><td data-cell-id=\"A11\" data-x=\"0\" data-y=\"11\" data-db-index=\"11\" class=\"bold\" data-cell-type=\"text\" data-original-value=\"Vrh 2 \u0161teniatka \" data-order=\"Vrh 2 \u0161teniatka \" > Vrh 2 \u0161teniatka <\/td><td data-cell-id=\"B11\" data-x=\"1\" data-y=\"11\" data-db-index=\"11\" class=\"\" data-cell-type=\"text\" data-original-value=\"15,00 \u20ac\" data-order=\"15,00 \u20ac\" > 15,00 \u20ac <\/td><td data-cell-id=\"C11\" data-x=\"2\" data-y=\"11\" data-db-index=\"11\" class=\"\" data-cell-type=\"text\" data-original-value=\"30,00 \u20ac\" data-order=\"30,00 \u20ac\" > 30,00 \u20ac <\/td><\/tr><tr ><td data-cell-id=\"A12\" data-x=\"0\" data-y=\"12\" data-db-index=\"12\" class=\"bold\" data-cell-type=\"text\" data-original-value=\"Vrh 3 a viac \u0161teniatok \" data-order=\"Vrh 3 a viac \u0161teniatok \" > Vrh 3 a viac \u0161teniatok <\/td><td data-cell-id=\"B12\" data-x=\"1\" data-y=\"12\" data-db-index=\"12\" class=\"\" data-cell-type=\"text\" data-original-value=\"20,00 \u20ac\" data-order=\"20,00 \u20ac\" > 20,00 \u20ac <\/td><td data-cell-id=\"C12\" data-x=\"2\" data-y=\"12\" data-db-index=\"12\" class=\"\" data-cell-type=\"text\" data-original-value=\"40,00 \u20ac\" data-order=\"40,00 \u20ac\" > 40,00 \u20ac <\/td><\/tr><tr ><td data-cell-id=\"A13\" data-x=\"0\" data-y=\"13\" data-db-index=\"13\" class=\"bold\" data-cell-type=\"text\" data-original-value=\"Poplatok za oneskoren\u00e9 ohl\u00e1senie narodenia \u0161teniat a poplatok za nedodr\u017eanie term\u00ednu prihl\u00e1\u0161ky na z\u00e1pis \u0161teniat \" data-order=\"Poplatok za oneskoren\u00e9 ohl\u00e1senie narodenia \u0161teniat a poplatok za nedodr\u017eanie term\u00ednu prihl\u00e1\u0161ky na z\u00e1pis \u0161teniat \" > Poplatok za oneskoren\u00e9 ohl\u00e1senie narodenia \u0161teniat a poplatok za nedodr\u017eanie term\u00ednu prihl\u00e1\u0161ky na z\u00e1pis \u0161teniat <\/td><td data-cell-id=\"B13\" data-x=\"1\" data-y=\"13\" data-db-index=\"13\" class=\"\" data-cell-type=\"text\" data-original-value=\"20,00 \u20ac\" data-order=\"20,00 \u20ac\" > 20,00 \u20ac <\/td><td data-cell-id=\"C13\" data-x=\"2\" data-y=\"13\" data-db-index=\"13\" class=\"\" data-cell-type=\"text\" data-original-value=\"50,00 \u20ac\" data-order=\"50,00 \u20ac\" > 50,00 \u20ac <\/td><\/tr><tr ><td data-cell-id=\"A14\" data-x=\"0\" data-y=\"14\" data-db-index=\"14\" class=\"\" data-cell-type=\"text\" data-original-value=\"&lt;b&gt;Klubov\u00fd \u0161ampi\u00f3n mlad\u00fdch&lt;\/b&gt; (vopred na \u00fa\u010det klubu pred podan\u00edm \u017eiadosti)\" data-order=\"&lt;b&gt;Klubov\u00fd \u0161ampi\u00f3n mlad\u00fdch&lt;\/b&gt; (vopred na \u00fa\u010det klubu pred podan\u00edm \u017eiadosti)\" ><b>Klubov\u00fd \u0161ampi\u00f3n mlad\u00fdch<\/b> (vopred na \u00fa\u010det klubu pred podan\u00edm \u017eiadosti) <\/td><td data-cell-id=\"B14\" data-x=\"1\" data-y=\"14\" data-db-index=\"14\" class=\"\" data-cell-type=\"text\" data-original-value=\"3,50 \u20ac\" data-order=\"3,50 \u20ac\" > 3,50 \u20ac <\/td><td data-cell-id=\"C14\" data-x=\"2\" data-y=\"14\" data-db-index=\"14\" class=\"\" data-cell-type=\"text\" data-original-value=\"-\" data-order=\"-\" > - <\/td><\/tr><tr ><td data-cell-id=\"A15\" data-x=\"0\" data-y=\"15\" data-db-index=\"15\" class=\"\" data-cell-type=\"text\" data-original-value=\"&lt;b&gt;Klubov\u00fd \u0161ampi\u00f3n&lt;\/b&gt; (vopred na \u00fa\u010det klubu pred podan\u00edm \u017eiadosti)\" data-order=\"&lt;b&gt;Klubov\u00fd \u0161ampi\u00f3n&lt;\/b&gt; (vopred na \u00fa\u010det klubu pred podan\u00edm \u017eiadosti)\" ><b>Klubov\u00fd \u0161ampi\u00f3n<\/b> (vopred na \u00fa\u010det klubu pred podan\u00edm \u017eiadosti) <\/td><td data-cell-id=\"B15\" data-x=\"1\" data-y=\"15\" data-db-index=\"15\" class=\"\" data-cell-type=\"text\" data-original-value=\"7,00 \u20ac\" data-order=\"7,00 \u20ac\" > 7,00 \u20ac <\/td><td data-cell-id=\"C15\" data-x=\"2\" data-y=\"15\" data-db-index=\"15\" class=\"\" data-cell-type=\"text\" data-original-value=\"-\" data-order=\"-\" > - <\/td><\/tr><tr ><td data-cell-id=\"A16\" data-x=\"0\" data-y=\"16\" data-db-index=\"16\" class=\"bold\" data-cell-type=\"text\" data-original-value=\"Po\u0161tovn\u00e9 a baln\u00e9 v SR\" data-order=\"Po\u0161tovn\u00e9 a baln\u00e9 v SR\" > Po\u0161tovn\u00e9 a baln\u00e9 v SR <\/td><td data-cell-id=\"B16\" data-x=\"1\" data-y=\"16\" data-db-index=\"16\" class=\"\" data-cell-type=\"text\" data-original-value=\"-\" data-order=\"-\" > - <\/td><td data-cell-id=\"C16\" data-x=\"2\" data-y=\"16\" data-db-index=\"16\" class=\"\" data-cell-type=\"text\" data-original-value=\"3,00 \u20ac\" data-order=\"3,00 \u20ac\" > 3,00 \u20ac <\/td><\/tr><tr ><td data-cell-id=\"A17\" data-x=\"0\" data-y=\"17\" data-db-index=\"17\" class=\"bold\" data-cell-type=\"text\" data-original-value=\"Po\u0161tovn\u00e9 a baln\u00e9 zahrani\u010die\" data-order=\"Po\u0161tovn\u00e9 a baln\u00e9 zahrani\u010die\" > Po\u0161tovn\u00e9 a baln\u00e9 zahrani\u010die <\/td><td data-cell-id=\"B17\" data-x=\"1\" data-y=\"17\" data-db-index=\"17\" class=\"\" data-cell-type=\"text\" data-original-value=\"-\" data-order=\"-\" > - <\/td><td data-cell-id=\"C17\" data-x=\"2\" data-y=\"17\" data-db-index=\"17\" class=\"\" data-cell-type=\"text\" data-original-value=\"5,00 \u20ac\" data-order=\"5,00 \u20ac\" > 5,00 \u20ac <\/td><\/tr><\/tbody><\/table><!-- \/#supsystic-table-1.supsystic-table --><\/div><!-- \/.supsystic-tables-wrap --><!-- Tables Generator by Supsystic --><!-- Version: 1.10.14 --><!-- http:\/\/supsystic.com\/ --><\/p>\n<\/div><div class=\"fusion-text fusion-text-4\"><p><i>Klubov\u00e9 poplatky s\u00fa platn\u00e9 od 13.9.2020.&nbsp;<\/i><\/p>\n<\/div><\/div><style type=\"text\/css\">.fusion-body .fusion-builder-column-3{width:100% !important;margin-top : 0px;margin-bottom : 0px;}.fusion-builder-column-3 > .fusion-column-wrapper {padding-top : 0px !important;padding-right : 0px !important;margin-right : 1.92%;padding-bottom : 0px !important;padding-left : 0px !important;margin-left : 1.92%;}@media only screen and (max-width:1024px) {.fusion-body .fusion-builder-column-3{width:100% !important;}.fusion-builder-column-3 > .fusion-column-wrapper {margin-right : 1.92%;margin-left : 1.92%;}}@media only screen and (max-width:640px) {.fusion-body .fusion-builder-column-3{width:100% !important;}.fusion-builder-column-3 > .fusion-column-wrapper {margin-right : 1.92%;margin-left : 1.92%;}}<\/style><\/div><\/div><style type=\"text\/css\">.fusion-fullwidth.fusion-builder-row-1 { overflow:visible; }.fusion-body .fusion-flex-container.fusion-builder-row-1{ padding-top : 0px;margin-top : 0px;padding-right : 0px;padding-bottom : 0px;margin-bottom : 0px;padding-left : 0px;}<\/style><\/div>\n","protected":false},"excerpt":{"rendered":"","protected":false},"author":8,"featured_media":0,"parent":90,"menu_order":0,"comment_status":"open","ping_status":"open","template":"","meta":{"ngg_post_thumbnail":0},"_links":{"self":[{"href":"https:\/\/ktp-sk.sk\/old\/wp-json\/wp\/v2\/pages\/110"}],"collection":[{"href":"https:\/\/ktp-sk.sk\/old\/wp-json\/wp\/v2\/pages"}],"about":[{"href":"https:\/\/ktp-sk.sk\/old\/wp-json\/wp\/v2\/types\/page"}],"author":[{"embeddable":true,"href":"https:\/\/ktp-sk.sk\/old\/wp-json\/wp\/v2\/users\/8"}],"replies":[{"embeddable":true,"href":"https:\/\/ktp-sk.sk\/old\/wp-json\/wp\/v2\/comments?post=110"}],"version-history":[{"count":0,"href":"https:\/\/ktp-sk.sk\/old\/wp-json\/wp\/v2\/pages\/110\/revisions"}],"up":[{"embeddable":true,"href":"https:\/\/ktp-sk.sk\/old\/wp-json\/wp\/v2\/pages\/90"}],"wp:attachment":[{"href":"https:\/\/ktp-sk.sk\/old\/wp-json\/wp\/v2\/media?parent=110"}],"curies":[{"name":"wp","href":"https:\/\/api.w.org\/{rel}","templated":true}]}}