{"id":124,"date":"2013-02-07T17:07:01","date_gmt":"2013-02-07T15:07:01","guid":{"rendered":"http:\/\/37801.w1.wedos.ws\/?page_id=124"},"modified":"2022-02-18T13:41:59","modified_gmt":"2022-02-18T11:41:59","slug":"klubovy-sampion","status":"publish","type":"page","link":"https:\/\/ktp-sk.sk\/old\/klub\/klubovy-sampion\/","title":{"rendered":"Klubov\u00fd \u0161ampi\u00f3n"},"content":{"rendered":"<div class=\"fusion-fullwidth fullwidth-box fusion-builder-row-1 fusion-flex-container hundred-percent-fullwidth non-hundred-percent-height-scrolling\" style=\"background-color: rgba(255,255,255,0);background-position: center center;background-repeat: no-repeat;border-width: 0px 0px 0px 0px;border-color:#eae9e9;border-style:solid;\" ><div class=\"fusion-builder-row fusion-row fusion-flex-align-items-flex-start\" style=\"width:calc( 100% + 0px ) !important;max-width:calc( 100% + 0px ) !important;margin-left: calc(-0px \/ 2 );margin-right: calc(-0px \/ 2 );\"><div class=\"fusion-layout-column fusion_builder_column fusion-builder-column-0 fusion_builder_column_1_1 1_1 fusion-flex-column fusion-flex-align-self-flex-start fusion-column-no-min-height\"><div class=\"fusion-column-wrapper fusion-flex-justify-content-flex-start fusion-content-layout-column\" style=\"background-position:left top;background-repeat:no-repeat;-webkit-background-size:cover;-moz-background-size:cover;-o-background-size:cover;background-size:cover;padding: 0px 0px 0px 0px;\"><style type=\"text\/css\">@media only screen and (max-width:1024px) {.fusion-title.fusion-title-1{margin-top:10px!important; margin-right:0px!important;margin-bottom:15px!important;margin-left:0px!important;}}@media only screen and (max-width:640px) {.fusion-title.fusion-title-1{margin-top:10px!important; margin-right:0px!important;margin-bottom:10px!important; margin-left:0px!important;}}<\/style><div class=\"fusion-title title fusion-title-1 fusion-title-text fusion-title-size-two\" style=\"margin-top:10px;margin-right:0px;margin-bottom:15px;margin-left:0px;\"><div class=\"title-sep-container title-sep-container-left fusion-no-large-visibility fusion-no-medium-visibility fusion-no-small-visibility\"><div class=\"title-sep sep-\" style=\"border-color:#E7E6E6;\"><\/div><\/div><span class=\"awb-title-spacer fusion-no-large-visibility fusion-no-medium-visibility fusion-no-small-visibility\"><\/span><h2 class=\"title-heading-left fusion-responsive-typography-calculated\" style=\"margin:0;--fontSize:18;--minFontSize:18px;line-height:1.5;\"><strong>Klubov\u00fd \u0161ampi\u00f3n kr\u00e1sy mlad\u00fdch<\/strong><\/h2><span class=\"awb-title-spacer\"><\/span><div class=\"title-sep-container title-sep-container-right\"><div class=\"title-sep sep-\" style=\"border-color:#E7E6E6;\"><\/div><\/div><\/div><div class=\"fusion-text fusion-text-1\"><p>Titul Klubov\u00fd \u0161ampi\u00f3n kr\u00e1sy mlad\u00fdch sa ude\u013euje:<\/p>\n<ul>\n<li>Ak pes\/suka z\u00edskali 3x CAJC, minim\u00e1lne od dvoch rozhodcov.<\/li>\n<li>Jeden z troch potrebn\u00fdch CAJC bol udelen\u00fd na \u0161peci\u00e1lnej alebo klubovej v\u00fdstave usporiadanej KTP.<\/li>\n<li>Jeden z troch potrebn\u00fdch CAJC sa m\u00f4\u017ee nahradi\u0165 jedn\u00fdm CAC, ak ho z\u00edskal pes vo veku do 24 mesiacov. Tento CAC sa u\u017e nem\u00f4\u017ee zapo\u010d\u00edta\u0165 do CAC potrebn\u00fdch pre udelenie Klubov\u00e9ho \u0161ampi\u00f3na kr\u00e1sy.<\/li>\n<li>Majite\u013e jedinca&nbsp;mus\u00ed by\u0165 v&nbsp;dobe z\u00edskania ocenen\u00ed a&nbsp;podania \u017eiadosti o&nbsp;udelenie titulu \u010dlenom KTP.<\/li>\n<li>Klubov\u00fd \u0161ampi\u00f3n kr\u00e1sy mlad\u00fdch neopr\u00e1v\u0148uje pre zaradenie psa alebo suky do triedy \u0161ampi\u00f3nov.<\/li>\n<\/ul>\n<p>Titul sa uv\u00e1dza v preukaze o p\u00f4vode psa. Z\u00e1pis rob\u00ed poradca chovu KTP.<br \/>\n<em>Klubov\u00fd \u0161ampion\u00e1t kr\u00e1sy mlad\u00fdch na po\u017eiadanie majite\u013ea potvrdzuje tajomn\u00ed\u010dka klubu.<br \/>\n<\/em>Ing. Jana Korcov\u00e1, Sl\u00e1vi\u010die \u00fadolie 120B, 811 02 Bratislava, <a href=\"mailto:janolino99@yahoo.co.uk\">janolino99@yahoo.co.uk<\/a>.<\/p>\n<p>K \u017eiadosti treba prilo\u017ei\u0165 k\u00f3pie CAJC (CAC) kariet z pr\u00edslu\u0161n\u00fdch v\u00fdstav a fotok\u00f3piu preukazu o p\u00f4vode psa.<br \/>\nPoplatok za priznanie titulu Klubov\u00fd \u0161ampi\u00f3n kr\u00e1sy mlad\u00fdch je 3,5 \u20ac na \u00fa\u010det KTP, splatn\u00fd najnesk\u00f4r v&nbsp;de\u0148 podania \u017eiadosti.<\/p>\n<p><b>Podmienky pre ude\u013eovanie \u010dakate\u013estva CAJC:<\/b><\/p>\n<ul>\n<li>CAJC sa m\u00f4\u017ee ude\u013eova\u0165 len na v\u00fdstav\u00e1ch organizovan\u00fdch pod z\u00e1\u0161titou SKJ, na ktor\u00fdch sa ude\u013euje CAC.<\/li>\n<li>CAJC sa ude\u013euje v triede mlad\u00fdch osobitne psom a suk\u00e1m.<\/li>\n<li>CAJC sa m\u00f4\u017ee udeli\u0165 len psovi a suke s ocenen\u00edm V1.<\/li>\n<li>Navrhn\u00fa\u0165 psa alebo suku na CAJC m\u00f4\u017ee len rozhodca ofici\u00e1lne delegovan\u00fd na v\u00fdstavu.<br \/>\nCAJC nie je n\u00e1rokovate\u013en\u00fd a ude\u013euje sa len pri mimoriadnych kvalit\u00e1ch psa alebo suky.<\/li>\n<\/ul>\n<p><b>Podmienky pre ude\u013eovanie JCC (Junior Certifik\u00e1te Club)<\/b><\/p>\n<ul>\n<li>JCC sa ude\u013euje psom a suk\u00e1m osobitne v&nbsp;triede mlad\u00fdch, ktor\u00e9 z\u00edskali ocenenie V1 na v\u00fdstave usporiadanej KTP<\/li>\n<li>Navrhn\u00fa\u0165 psa alebo suku na JCC m\u00f4\u017ee len rozhodca ofici\u00e1lne na v\u00fdstavu delegovan\u00fd.<\/li>\n<li>JCC nie je n\u00e1rokovate\u013en\u00fd a ude\u013euje sa len pri mimoriadnych kvalit\u00e1ch psa, alebo suky.<\/li>\n<\/ul>\n<\/div><\/div><style type=\"text\/css\">.fusion-body .fusion-builder-column-0{width:100% !important;margin-top : 0px;margin-bottom : 0px;}.fusion-builder-column-0 > .fusion-column-wrapper {padding-top : 0px !important;padding-right : 0px !important;margin-right : 0px;padding-bottom : 0px !important;padding-left : 0px !important;margin-left : 0px;}@media only screen and (max-width:1024px) {.fusion-body .fusion-builder-column-0{width:100% !important;}.fusion-builder-column-0 > .fusion-column-wrapper {margin-right : 0px;margin-left : 0px;}}@media only screen and (max-width:640px) {.fusion-body .fusion-builder-column-0{width:100% !important;}.fusion-builder-column-0 > .fusion-column-wrapper {margin-right : 0px;margin-left : 0px;}}<\/style><\/div><div class=\"fusion-layout-column fusion_builder_column fusion-builder-column-1 fusion_builder_column_1_1 1_1 fusion-flex-column fusion-flex-align-self-flex-start fusion-column-no-min-height\"><div class=\"fusion-column-wrapper fusion-flex-justify-content-flex-start fusion-content-layout-column\" style=\"background-position:left top;background-repeat:no-repeat;-webkit-background-size:cover;-moz-background-size:cover;-o-background-size:cover;background-size:cover;padding: 0px 0px 0px 0px;\"><style type='text\/css'>.reading-box-container-1 .element-bottomshadow:before,.reading-box-container-1 .element-bottomshadow:after{opacity:0.7;}<\/style><div class=\"fusion-reading-box-container reading-box-container-1\" style=\"margin-top:0px;margin-bottom:20px;\"><div class=\"reading-box\" style=\"background-color:var(--awb-color2);border-width:0px;border-color:rgba(226,226,226,0);border-left-width:3px;border-left-color:var(--primary_color);border-style:solid;\"><div class=\"fusion-reading-box-flex\"><h2>\u017diados\u0165 na priznanie titulu Klubov\u00fd \u0161ampi\u00f3n mlad\u00fdch<\/h2><a class=\"button fusion-button button-default fusion-button-default-size button-default-size button-flat fusion-desktop-button fusion-tagline-button continue continue-right\" style=\"-webkit-box-shadow:none;-moz-box-shadow:none;box-shadow:none;border-radius:4px 4px 4px 4px\" href=\"https:\/\/ktp-sk.sk\/old\/wp-content\/uploads\/2017\/09\/KTP-ziadost-klubovy-sampion-mladych.doc\" target=\"_self\"><span>Tla\u010divo<\/span><\/a><\/div><a class=\"button fusion-button button-default fusion-button-default-size button-default-size button-flat fusion-mobile-button continue-right\" style=\"-webkit-box-shadow:none;-moz-box-shadow:none;box-shadow:none;border-radius:4px 4px 4px 4px\" href=\"https:\/\/ktp-sk.sk\/old\/wp-content\/uploads\/2017\/09\/KTP-ziadost-klubovy-sampion-mladych.doc\" target=\"_self\"><span>Tla\u010divo<\/span><\/a><\/div><\/div><\/div><style type=\"text\/css\">.fusion-body .fusion-builder-column-1{width:100% !important;margin-top : 0px;margin-bottom : 0px;}.fusion-builder-column-1 > .fusion-column-wrapper {padding-top : 0px !important;padding-right : 0px !important;margin-right : 0px;padding-bottom : 0px !important;padding-left : 0px !important;margin-left : 0px;}@media only screen and (max-width:1024px) {.fusion-body .fusion-builder-column-1{width:100% !important;}.fusion-builder-column-1 > .fusion-column-wrapper {margin-right : 0px;margin-left : 0px;}}@media only screen and (max-width:640px) {.fusion-body .fusion-builder-column-1{width:100% !important;}.fusion-builder-column-1 > .fusion-column-wrapper {margin-right : 0px;margin-left : 0px;}}<\/style><\/div><div class=\"fusion-layout-column fusion_builder_column fusion-builder-column-2 fusion_builder_column_1_1 1_1 fusion-flex-column fusion-flex-align-self-flex-start fusion-column-no-min-height\"><div class=\"fusion-column-wrapper fusion-flex-justify-content-flex-start fusion-content-layout-column\" style=\"background-position:left top;background-repeat:no-repeat;-webkit-background-size:cover;-moz-background-size:cover;-o-background-size:cover;background-size:cover;padding: 0px 0px 0px 0px;\"><style type=\"text\/css\">@media only screen and (max-width:1024px) {.fusion-title.fusion-title-2{margin-top:10px!important; margin-right:0px!important;margin-bottom:15px!important;margin-left:0px!important;}}@media only screen and (max-width:640px) {.fusion-title.fusion-title-2{margin-top:10px!important; margin-right:0px!important;margin-bottom:10px!important; margin-left:0px!important;}}<\/style><div class=\"fusion-title title fusion-title-2 fusion-title-text fusion-title-size-two\" style=\"margin-top:10px;margin-right:0px;margin-bottom:15px;margin-left:0px;\"><div class=\"title-sep-container title-sep-container-left fusion-no-large-visibility fusion-no-medium-visibility fusion-no-small-visibility\"><div class=\"title-sep sep-\" style=\"border-color:#E7E6E6;\"><\/div><\/div><span class=\"awb-title-spacer fusion-no-large-visibility fusion-no-medium-visibility fusion-no-small-visibility\"><\/span><h2 class=\"title-heading-left fusion-responsive-typography-calculated\" style=\"margin:0;--fontSize:18;--minFontSize:18px;line-height:1.5;\">&nbsp;<strong>Klubov\u00fd \u0161ampi\u00f3n kr\u00e1sy<\/strong>&nbsp;<\/h2><span class=\"awb-title-spacer\"><\/span><div class=\"title-sep-container title-sep-container-right\"><div class=\"title-sep sep-\" style=\"border-color:#E7E6E6;\"><\/div><\/div><\/div><div class=\"fusion-text fusion-text-2\"><p><strong>Titul Klubov\u00fd \u0161ampi\u00f3n kr\u00e1sy sa ude\u013euje:<\/strong><\/p>\n<p>Klubov\u00fd \u0161ampi\u00f3n kr\u00e1sy sa m\u00f4\u017ee udeli\u0165:<\/p>\n<ul>\n<li>Ak pes\/suka z\u00edskali 3x CC (Certifik\u00e1te Club), minim\u00e1lne od dvoch rozhodcov na v\u00fdstav\u00e1ch usporiadan\u00fdch KTP.<\/li>\n<li>Potrebn\u00e9 CC boli z\u00edskan\u00e9 najmenej v dvoch v\u00fdstavn\u00fdch sez\u00f3nach.<\/li>\n<li>Minim\u00e1lne jeden CC z troch potrebn\u00fdch bol z\u00edskan\u00fd na klubovej v\u00fdstave s ude\u013eovan\u00edm Klubov\u00ed v\u00ed\u0165az, \u010fal\u0161ie na \u0161peci\u00e1lnej v\u00fdstave KTP.<\/li>\n<li>Majite\u013e jedinca mus\u00ed by\u0165&nbsp;v&nbsp;dobe z\u00edskania ocenen\u00ed a&nbsp;podania \u017eiadosti o&nbsp;udelenie titulu<br \/>\n\u010dlenom KTP.<\/li>\n<li>Klubov\u00fd \u0161ampi\u00f3n kr\u00e1sy neopr\u00e1v\u0148uje pre zaradenie psa alebo suky do triedy \u0161ampi\u00f3nov.<\/li>\n<\/ul>\n<p>Titul sa uv\u00e1dza v preukaze o p\u00f4vode psa. Z\u00e1pis rob\u00ed poradca chovu KTP.<br \/>\n<em>Klubov\u00fd \u0161ampion\u00e1t kr\u00e1sy na po\u017eiadanie majite\u013ea potvrdzuje tajomn\u00ed\u010dka klubu.<\/em><br \/>\nIng. Jana Korcov\u00e1, Sl\u00e1vi\u010die \u00fadolie 120B, 811 02 Bratislava, <a href=\"mailto:janolino99@yahoo.co.uk\">janolino99@yahoo.co.uk<\/a>.<\/p>\n<p>Poplatok za priznanie titulu Klubov\u00fd \u0161ampi\u00f3n kr\u00e1sy je 7 \u20ac na \u00fa\u010det KTP, splatn\u00fd najnesk\u00f4r v&nbsp;de\u0148 podania \u017eiadosti.<\/p>\n<p><b>Podmienky pre ude\u013eovanie CC (Certifik\u00e1te Club)<\/b><\/p>\n<ul>\n<li>CC sa ude\u013euje psom a suk\u00e1m osobitne v triedach strednej, otvorenej a&nbsp;\u0161ampi\u00f3nov, ktor\u00e9 z\u00edskali ocenenie V1 na v\u00fdstave usporiadanej KTP<\/li>\n<li>CC sa m\u00f4\u017ee udeli\u0165 aj psovi a suke, ktor\u00e9 u\u017e titul Klubov\u00fd \u0161ampi\u00f3n kr\u00e1sy z\u00edskali.<\/li>\n<li>Navrhn\u00fa\u0165 psa alebo suku na CC m\u00f4\u017ee len rozhodca ofici\u00e1lne na v\u00fdstavu delegovan\u00fd.<\/li>\n<li>CC nie je n\u00e1rokovate\u013en\u00fd a ude\u013euje sa len pri mimoriadnych kvalit\u00e1ch psa alebo suky.<\/li>\n<\/ul>\n<\/div><\/div><style type=\"text\/css\">.fusion-body .fusion-builder-column-2{width:100% !important;margin-top : 0px;margin-bottom : 0px;}.fusion-builder-column-2 > .fusion-column-wrapper {padding-top : 0px !important;padding-right : 0px !important;margin-right : 0px;padding-bottom : 0px !important;padding-left : 0px !important;margin-left : 0px;}@media only screen and (max-width:1024px) {.fusion-body .fusion-builder-column-2{width:100% !important;}.fusion-builder-column-2 > .fusion-column-wrapper {margin-right : 0px;margin-left : 0px;}}@media only screen and (max-width:640px) {.fusion-body .fusion-builder-column-2{width:100% !important;}.fusion-builder-column-2 > .fusion-column-wrapper {margin-right : 0px;margin-left : 0px;}}<\/style><\/div><div class=\"fusion-layout-column fusion_builder_column fusion-builder-column-3 fusion_builder_column_1_1 1_1 fusion-flex-column fusion-flex-align-self-flex-start fusion-column-no-min-height\"><div class=\"fusion-column-wrapper fusion-flex-justify-content-flex-start fusion-content-layout-column\" style=\"background-position:left top;background-repeat:no-repeat;-webkit-background-size:cover;-moz-background-size:cover;-o-background-size:cover;background-size:cover;padding: 0px 0px 0px 0px;\"><style type='text\/css'>.reading-box-container-2 .element-bottomshadow:before,.reading-box-container-2 .element-bottomshadow:after{opacity:0.7;}<\/style><div class=\"fusion-reading-box-container reading-box-container-2\" style=\"margin-top:0px;margin-bottom:20px;\"><div class=\"reading-box\" style=\"background-color:var(--awb-color2);border-width:0px;border-color:rgba(226,226,226,0);border-left-width:3px;border-left-color:var(--primary_color);border-style:solid;\"><div class=\"fusion-reading-box-flex\"><h2>\u017diados\u0165 na priznanie titulu Klubov\u00fd \u0161ampi\u00f3n<\/h2><a class=\"button fusion-button button-default fusion-button-default-size button-default-size button-flat fusion-desktop-button fusion-tagline-button continue continue-right\" style=\"-webkit-box-shadow:none;-moz-box-shadow:none;box-shadow:none;border-radius:4px 4px 4px 4px\" href=\"https:\/\/ktp-sk.sk\/old\/wp-content\/uploads\/2017\/09\/KTP-ziadost-klubovy-sampion.doc\" target=\"_self\"><span>Tla\u010divo<\/span><\/a><\/div><a class=\"button fusion-button button-default fusion-button-default-size button-default-size button-flat fusion-mobile-button continue-right\" style=\"-webkit-box-shadow:none;-moz-box-shadow:none;box-shadow:none;border-radius:4px 4px 4px 4px\" href=\"https:\/\/ktp-sk.sk\/old\/wp-content\/uploads\/2017\/09\/KTP-ziadost-klubovy-sampion.doc\" target=\"_self\"><span>Tla\u010divo<\/span><\/a><\/div><\/div><\/div><style type=\"text\/css\">.fusion-body .fusion-builder-column-3{width:100% !important;margin-top : 0px;margin-bottom : 0px;}.fusion-builder-column-3 > .fusion-column-wrapper {padding-top : 0px !important;padding-right : 0px !important;margin-right : 0px;padding-bottom : 0px !important;padding-left : 0px !important;margin-left : 0px;}@media only screen and (max-width:1024px) {.fusion-body .fusion-builder-column-3{width:100% !important;}.fusion-builder-column-3 > .fusion-column-wrapper {margin-right : 0px;margin-left : 0px;}}@media only screen and (max-width:640px) {.fusion-body .fusion-builder-column-3{width:100% !important;}.fusion-builder-column-3 > .fusion-column-wrapper {margin-right : 0px;margin-left : 0px;}}<\/style><\/div><div class=\"fusion-layout-column fusion_builder_column fusion-builder-column-4 fusion_builder_column_1_1 1_1 fusion-flex-column fusion-flex-align-self-flex-start fusion-column-no-min-height\"><div class=\"fusion-column-wrapper fusion-flex-justify-content-flex-start fusion-content-layout-column\" style=\"background-position:left top;background-repeat:no-repeat;-webkit-background-size:cover;-moz-background-size:cover;-o-background-size:cover;background-size:cover;padding: 0px 0px 0px 0px;\"><style type=\"text\/css\">@media only screen and (max-width:1024px) {.fusion-title.fusion-title-3{margin-top:10px!important; margin-right:0px!important;margin-bottom:15px!important;margin-left:0px!important;}}@media only screen and (max-width:640px) {.fusion-title.fusion-title-3{margin-top:10px!important; margin-right:0px!important;margin-bottom:10px!important; margin-left:0px!important;}}<\/style><div class=\"fusion-title title fusion-title-3 fusion-title-text fusion-title-size-two\" style=\"margin-top:10px;margin-right:0px;margin-bottom:15px;margin-left:0px;\"><div class=\"title-sep-container title-sep-container-left fusion-no-large-visibility fusion-no-medium-visibility fusion-no-small-visibility\"><div class=\"title-sep sep-\" style=\"border-color:#E7E6E6;\"><\/div><\/div><span class=\"awb-title-spacer fusion-no-large-visibility fusion-no-medium-visibility fusion-no-small-visibility\"><\/span><h2 class=\"title-heading-left fusion-responsive-typography-calculated\" style=\"margin:0;--fontSize:18;--minFontSize:18px;line-height:1.5;\">&nbsp;<strong>Klubov\u00fd veter\u00e1n \u0161ampi\u00f3n <\/strong>&nbsp;<\/h2><span class=\"awb-title-spacer\"><\/span><div class=\"title-sep-container title-sep-container-right\"><div class=\"title-sep sep-\" style=\"border-color:#E7E6E6;\"><\/div><\/div><\/div><div class=\"fusion-text fusion-text-3\"><p><strong>Titul Klubov\u00fd veter\u00e1n \u0161ampi\u00f3n sa ude\u013euje:<\/strong><\/p>\n<p>Klubov\u00fd veter\u00e1n \u0161ampi\u00f3n sa m\u00f4\u017ee udeli\u0165:<\/p>\n<ul>\n<li>Ak pes\/suka z\u00edskali 3x V\u00fdborn\u00fd 1 v triede veter\u00e1nov na klubov\u00fdch v\u00fdstav\u00e1ch KTP, minim\u00e1lne od dvoch rozhodcov.<\/li>\n<li>Majite\u013e jedinca mus\u00ed by\u0165 v&nbsp;dobe z\u00edskania ocenen\u00ed a&nbsp;podania \u017eiadosti o&nbsp;udelenie titulu \u010dlenom KTP.<\/li>\n<li>Klubov\u00fd \u0161ampi\u00f3n veter\u00e1nov neopr\u00e1v\u0148uje pre zaradenie psa alebo suky do triedy \u0161ampi\u00f3nov.<\/li>\n<\/ul>\n<p>Titul sa uv\u00e1dza v preukaze o p\u00f4vode psa. <em>Z\u00e1pis rob\u00ed poradca chovu KTP<\/em>.<br \/>\nKlubov\u00fd veter\u00e1n \u0161ampion\u00e1t na po\u017eiadanie majite\u013ea potvrdzuje tajomn\u00ed\u010dka klubu.<br \/>\nIng. Jana Korcov\u00e1, Sl\u00e1vi\u010die \u00fadolie 120B, 811 02 Bratislava, <a href=\"mailto:janolino99@yahoo.co.uk\">janolino99@yahoo.co.uk<\/a>.<\/p>\n<\/div><\/div><style type=\"text\/css\">.fusion-body .fusion-builder-column-4{width:100% !important;margin-top : 0px;margin-bottom : 0px;}.fusion-builder-column-4 > .fusion-column-wrapper {padding-top : 0px !important;padding-right : 0px !important;margin-right : 0px;padding-bottom : 0px !important;padding-left : 0px !important;margin-left : 0px;}@media only screen and (max-width:1024px) {.fusion-body .fusion-builder-column-4{width:100% !important;}.fusion-builder-column-4 > .fusion-column-wrapper {margin-right : 0px;margin-left : 0px;}}@media only screen and (max-width:640px) {.fusion-body .fusion-builder-column-4{width:100% !important;}.fusion-builder-column-4 > .fusion-column-wrapper {margin-right : 0px;margin-left : 0px;}}<\/style><\/div><div class=\"fusion-layout-column fusion_builder_column fusion-builder-column-5 fusion_builder_column_1_1 1_1 fusion-flex-column fusion-flex-align-self-flex-start fusion-column-no-min-height\"><div class=\"fusion-column-wrapper fusion-flex-justify-content-flex-start fusion-content-layout-column\" style=\"background-position:left top;background-repeat:no-repeat;-webkit-background-size:cover;-moz-background-size:cover;-o-background-size:cover;background-size:cover;padding: 0px 0px 0px 0px;\"><style type='text\/css'>.reading-box-container-3 .element-bottomshadow:before,.reading-box-container-3 .element-bottomshadow:after{opacity:0.7;}<\/style><div class=\"fusion-reading-box-container reading-box-container-3\" style=\"margin-top:0px;margin-bottom:20px;\"><div class=\"reading-box\" style=\"background-color:var(--awb-color2);border-width:0px;border-color:rgba(226,226,226,0);border-left-width:3px;border-left-color:var(--primary_color);border-style:solid;\"><div class=\"fusion-reading-box-flex\"><h2>\u017diados\u0165 na priznanie titulu Klubov\u00fd veter\u00e1n \u0161ampi\u00f3n<\/h2><a class=\"button fusion-button button-default fusion-button-default-size button-default-size button-flat fusion-desktop-button fusion-tagline-button continue continue-right\" style=\"-webkit-box-shadow:none;-moz-box-shadow:none;box-shadow:none;border-radius:4px 4px 4px 4px\" href=\"https:\/\/ktp-sk.sk\/old\/wp-content\/uploads\/2017\/09\/KTP-ziadost-klubovy-sampion-veteranov.doc\" target=\"_self\"><span>Tla\u010divo<\/span><\/a><\/div><a class=\"button fusion-button button-default fusion-button-default-size button-default-size button-flat fusion-mobile-button continue-right\" style=\"-webkit-box-shadow:none;-moz-box-shadow:none;box-shadow:none;border-radius:4px 4px 4px 4px\" href=\"https:\/\/ktp-sk.sk\/old\/wp-content\/uploads\/2017\/09\/KTP-ziadost-klubovy-sampion-veteranov.doc\" target=\"_self\"><span>Tla\u010divo<\/span><\/a><\/div><\/div><div class=\"fusion-text fusion-text-4\"><p>K \u017eiadosti treba prilo\u017ei\u0165 k\u00f3pie&nbsp;posudkov\u00fdch listov&nbsp;<span style=\"line-height: 1.5;\">kariet z pr\u00edslu\u0161n\u00fdch v\u00fdstav a fotok\u00f3piu preukazu o p\u00f4vode psa.&nbsp;Poplatok za priznanie titulu Klubov\u00fd \u0161ampi\u00f3n kr\u00e1sy mlad\u00fdch je 3,5 \u20ac na \u00fa\u010det KTP, splatn\u00fd najnesk\u00f4r v&nbsp;de\u0148 podania \u017eiadosti.<\/span><\/p>\n<p style=\"text-align: left;\">Ak chcete ma\u0165 svojho&nbsp;psa\/suku&nbsp;uveden\u00e9ho v sekcii&nbsp;<strong>Klubov\u00ed \u0161ampi\u00f3ni<\/strong>,<strong>&nbsp;mus\u00edte posla\u0165&nbsp; mailom <a href=\"janolino99@yahoo.co.uk\">tajomn\u00ed\u010dke klubu<\/a> k\u00f3piu PP a diplom Klubov\u00fd \u0161ampi\u00f3n mlad\u00fdch\/Klubov\u00fd \u0161ampi\u00f3n<\/strong>&nbsp;udelen\u00fd KTP.<br \/>\nMajite\u013e, pr\u00edpadne spolumajite\u013e, musia by\u0165 \u010dlenmi n\u00e1\u0161ho klubu (t.j. musia ma\u0165 zaplaten\u00fd \u010dlensk\u00fd poplatok na dan\u00fd kalend\u00e1rny rok) &nbsp;a musia by\u0165 obaja uveden\u00ed v PP psa\/suky.<br \/>\nAk chcete uverejni\u0165 aj ich fotografiu po\u0161lite kvalitn\u00fa fotografiu dan\u00e9ho jedinca v \u010do najv\u00e4\u010d\u0161om rozl\u00ed\u0161en\u00ed.<br \/>\nEmail dopl\u0148te zoznamom \u010fa\u013e\u0161\u00edch z\u00edskan\u00fdch titulov.<br \/>\n<strong>Bez t\u00fdchto dokumentov, nie je mo\u017en\u00e9 tieto inform\u00e1cie uverejni\u0165 na str\u00e1nkach.<\/strong><\/p>\n<\/div><\/div><style type=\"text\/css\">.fusion-body .fusion-builder-column-5{width:100% !important;margin-top : 0px;margin-bottom : 0px;}.fusion-builder-column-5 > .fusion-column-wrapper {padding-top : 0px !important;padding-right : 0px !important;margin-right : 0px;padding-bottom : 0px !important;padding-left : 0px !important;margin-left : 0px;}@media only screen and (max-width:1024px) {.fusion-body .fusion-builder-column-5{width:100% !important;}.fusion-builder-column-5 > .fusion-column-wrapper {margin-right : 0px;margin-left : 0px;}}@media only screen and (max-width:640px) {.fusion-body .fusion-builder-column-5{width:100% !important;}.fusion-builder-column-5 > .fusion-column-wrapper {margin-right : 0px;margin-left : 0px;}}<\/style><\/div><\/div><style type=\"text\/css\">.fusion-fullwidth.fusion-builder-row-1 { overflow:visible; }.fusion-body .fusion-flex-container.fusion-builder-row-1{ padding-top : 0px;margin-top : 0px;padding-right : 0px;padding-bottom : 0px;margin-bottom : 0px;padding-left : 0px;}<\/style><\/div>\n","protected":false},"excerpt":{"rendered":"","protected":false},"author":8,"featured_media":0,"parent":90,"menu_order":0,"comment_status":"open","ping_status":"open","template":"","meta":{"ngg_post_thumbnail":0},"_links":{"self":[{"href":"https:\/\/ktp-sk.sk\/old\/wp-json\/wp\/v2\/pages\/124"}],"collection":[{"href":"https:\/\/ktp-sk.sk\/old\/wp-json\/wp\/v2\/pages"}],"about":[{"href":"https:\/\/ktp-sk.sk\/old\/wp-json\/wp\/v2\/types\/page"}],"author":[{"embeddable":true,"href":"https:\/\/ktp-sk.sk\/old\/wp-json\/wp\/v2\/users\/8"}],"replies":[{"embeddable":true,"href":"https:\/\/ktp-sk.sk\/old\/wp-json\/wp\/v2\/comments?post=124"}],"version-history":[{"count":0,"href":"https:\/\/ktp-sk.sk\/old\/wp-json\/wp\/v2\/pages\/124\/revisions"}],"up":[{"embeddable":true,"href":"https:\/\/ktp-sk.sk\/old\/wp-json\/wp\/v2\/pages\/90"}],"wp:attachment":[{"href":"https:\/\/ktp-sk.sk\/old\/wp-json\/wp\/v2\/media?parent=124"}],"curies":[{"name":"wp","href":"https:\/\/api.w.org\/{rel}","templated":true}]}}