{"id":1283,"date":"2013-02-11T22:38:34","date_gmt":"2013-02-11T20:38:34","guid":{"rendered":"http:\/\/37801.w1.wedos.ws\/?page_id=1283"},"modified":"2020-10-13T12:23:28","modified_gmt":"2020-10-13T10:23:28","slug":"clanky-o-shih-tzu","status":"publish","type":"page","link":"https:\/\/ktp-sk.sk\/old\/clanky-o-shih-tzu\/","title":{"rendered":"\u010cl\u00e1nky o Shih-Tzu"},"content":{"rendered":"<div class=\"fusion-fullwidth fullwidth-box fusion-builder-row-1 fusion-flex-container nonhundred-percent-fullwidth non-hundred-percent-height-scrolling\" style=\"background-color: rgba(255,255,255,0);background-position: center center;background-repeat: no-repeat;border-width: 0px 0px 0px 0px;border-color:#eae9e9;border-style:solid;\" ><div class=\"fusion-builder-row fusion-row fusion-flex-align-items-flex-start\" style=\"max-width:calc( 960px + 0px );margin-left: calc(-0px \/ 2 );margin-right: calc(-0px \/ 2 );\"><div class=\"fusion-layout-column fusion_builder_column fusion-builder-column-0 fusion_builder_column_1_1 1_1 fusion-flex-column\"><div class=\"fusion-column-wrapper fusion-flex-justify-content-flex-start fusion-content-layout-column\" style=\"background-position:left top;background-repeat:no-repeat;-webkit-background-size:cover;-moz-background-size:cover;-o-background-size:cover;background-size:cover;padding: 0px 0px 0px 0px;\"><div class=\"fusion-text fusion-text-1\"><p>&nbsp;<\/p>\n<p><strong>NIE\u010cO O PLEMENE SHIH-TZU<a href=\"http:\/\/37801.w1.wedos.ws\/wp-content\/uploads\/2013\/02\/O-plemene-shih-tzu.doc\" target=\"_blank\" rel=\"noopener noreferrer\"><br \/>\n<\/a><\/strong>\u010cl\u00e1nok zaslala pani Ing. Erika Pek\u00e1rov\u00e1, CHS <a href=\"http:\/\/www.pekarova.cz\" target=\"_blank\" rel=\"noopener noreferrer\">Z&nbsp;Tich\u00e9ho podhradia<\/a><\/p>\n<p><strong><a href=\"https:\/\/www.ktp-sk.sk\/ako-udrzat-bielu-tvar-a-fuzy-u-vasich-shih-tzu\/\">AKO UDR\u017dA\u0164 BIELU TV\u00c1R A F\u00daZY U VA\u0160ICH SHIH-TZU<\/a>,<br \/>\n<\/strong>Pod\u013ea Chrisa Jonsa prelo\u017eila Ing. Erika Pek\u00e1rov\u00e1, CHS <a href=\"http:\/\/www.pekarova.cz\">Z&nbsp;Tich\u00e9ho podhradia<\/a><\/p>\n<\/div><\/div><style type=\"text\/css\">.fusion-body .fusion-builder-column-0{width:100% !important;margin-top : 0px;margin-bottom : 0px;}.fusion-builder-column-0 > .fusion-column-wrapper {padding-top : 0px !important;padding-right : 0px !important;margin-right : 0px;padding-bottom : 0px !important;padding-left : 0px !important;margin-left : 0px;}@media only screen and (max-width:1024px) {.fusion-body .fusion-builder-column-0{width:100% !important;}.fusion-builder-column-0 > .fusion-column-wrapper {margin-right : 0px;margin-left : 0px;}}@media only screen and (max-width:640px) {.fusion-body .fusion-builder-column-0{width:100% !important;}.fusion-builder-column-0 > .fusion-column-wrapper {margin-right : 0px;margin-left : 0px;}}<\/style><\/div><\/div><style type=\"text\/css\">.fusion-body .fusion-flex-container.fusion-builder-row-1{ padding-top : 0px;margin-top : 0px;padding-right : 0px;padding-bottom : 0px;margin-bottom : 0px;padding-left : 0px;}<\/style><\/div>\n","protected":false},"excerpt":{"rendered":"","protected":false},"author":8,"featured_media":0,"parent":0,"menu_order":0,"comment_status":"open","ping_status":"open","template":"","meta":{"ngg_post_thumbnail":0},"_links":{"self":[{"href":"https:\/\/ktp-sk.sk\/old\/wp-json\/wp\/v2\/pages\/1283"}],"collection":[{"href":"https:\/\/ktp-sk.sk\/old\/wp-json\/wp\/v2\/pages"}],"about":[{"href":"https:\/\/ktp-sk.sk\/old\/wp-json\/wp\/v2\/types\/page"}],"author":[{"embeddable":true,"href":"https:\/\/ktp-sk.sk\/old\/wp-json\/wp\/v2\/users\/8"}],"replies":[{"embeddable":true,"href":"https:\/\/ktp-sk.sk\/old\/wp-json\/wp\/v2\/comments?post=1283"}],"version-history":[{"count":0,"href":"https:\/\/ktp-sk.sk\/old\/wp-json\/wp\/v2\/pages\/1283\/revisions"}],"wp:attachment":[{"href":"https:\/\/ktp-sk.sk\/old\/wp-json\/wp\/v2\/media?parent=1283"}],"curies":[{"name":"wp","href":"https:\/\/api.w.org\/{rel}","templated":true}]}}