{"id":1458,"date":"2018-03-22T03:29:03","date_gmt":"2018-03-22T01:29:03","guid":{"rendered":"http:\/\/37801.w1.wedos.ws\/?page_id=1458"},"modified":"2020-10-13T12:23:16","modified_gmt":"2020-10-13T10:23:16","slug":"plemenna-kniha-lhasa-apso","status":"publish","type":"page","link":"https:\/\/ktp-sk.sk\/old\/plemenna-kniha-lhasa-apso\/","title":{"rendered":"Plemenn\u00e1 kniha Lhasa Apso"},"content":{"rendered":"<div class=\"fusion-fullwidth fullwidth-box fusion-builder-row-1 fusion-flex-container hundred-percent-fullwidth non-hundred-percent-height-scrolling\" style=\"background-color: rgba(255,255,255,0);background-position: center center;background-repeat: no-repeat;border-width: 0px 0px 0px 0px;border-color:#eae9e9;border-style:solid;\" ><div class=\"fusion-builder-row fusion-row fusion-flex-align-items-flex-start\" style=\"width:calc( 100% + 0px ) !important;max-width:calc( 100% + 0px ) !important;margin-left: calc(-0px \/ 2 );margin-right: calc(-0px \/ 2 );\"><div class=\"fusion-layout-column fusion_builder_column fusion-builder-column-0 fusion_builder_column_1_1 1_1 fusion-flex-column fusion-flex-align-self-flex-start fusion-column-no-min-height\"><div class=\"fusion-column-wrapper fusion-flex-justify-content-flex-start fusion-content-layout-column\" style=\"background-position:left top;background-repeat:no-repeat;-webkit-background-size:cover;-moz-background-size:cover;-o-background-size:cover;background-size:cover;padding: 0px 0px 0px 0px;\"><div class=\"fusion-blog-shortcode fusion-blog-shortcode-1 fusion-blog-archive fusion-blog-layout-large fusion-blog-pagination fusion-blog-no-images\"><div class=\"fusion-posts-container fusion-posts-container-pagination\" data-pages=\"6\"><article id=\"blog-1-post-6570\" class=\"fusion-post-large post-6570 post type-post status-publish format-standard hentry category-pk-la\">\n<div class=\"fusion-post-content post-content\"><h2 class=\"blog-shortcode-post-title entry-title\"><a href=\"https:\/\/ktp-sk.sk\/old\/pk-la-2021\/\">PK LA 2021<\/a><\/h2><div class=\"fusion-post-content-container\"><p>Registrovan\u00fd chov Tingri, KTP 8\/20 Chovate\u013e: A.Kr\u00e1lik+Z.Bajsov\u00e1 Otec: Kai-La-Sha JOHNNIE [...]<\/p><\/div><\/div><div class=\"fusion-clearfix\"><\/div><div class=\"fusion-meta-info\"><div class=\"fusion-alignleft\"><span class=\"vcard\" style=\"display: none;\"><span class=\"fn\"><a href=\"https:\/\/ktp-sk.sk\/old\/author\/blazo\/\" title=\"Autor \u010dl\u00e1nku Radek Bla\u017eo\" rel=\"author\">Radek Bla\u017eo<\/a><\/span><\/span><span class=\"updated\" style=\"display:none;\">2021-08-08T08:03:04+02:00<\/span><span>08\/08\/2021 <\/span><span class=\"fusion-inline-sep\">|<\/span><\/div><\/div><\/article>\n<article id=\"blog-1-post-6567\" class=\"fusion-post-large post-6567 post type-post status-publish format-standard hentry category-pk-la\">\n<div class=\"fusion-post-content post-content\"><h2 class=\"blog-shortcode-post-title entry-title\"><a href=\"https:\/\/ktp-sk.sk\/old\/pk-la-2020\/\">PK LA 2020<\/a><\/h2><div class=\"fusion-post-content-container\"><p>Chovate\u013esk\u00e1 stanica Ivepet, KTP 1\/20 Chovate\u013e: Ivet Petr\u00e1kov\u00e1 Otec: ARMANI [...]<\/p><\/div><\/div><div class=\"fusion-clearfix\"><\/div><div class=\"fusion-meta-info\"><div class=\"fusion-alignleft\"><span class=\"vcard\" style=\"display: none;\"><span class=\"fn\"><a href=\"https:\/\/ktp-sk.sk\/old\/author\/blazo\/\" title=\"Autor \u010dl\u00e1nku Radek Bla\u017eo\" rel=\"author\">Radek Bla\u017eo<\/a><\/span><\/span><span class=\"updated\" style=\"display:none;\">2021-08-08T07:47:09+02:00<\/span><span>31\/12\/2020 <\/span><span class=\"fusion-inline-sep\">|<\/span><\/div><\/div><\/article>\n<article id=\"blog-1-post-6051\" class=\"fusion-post-large post-6051 post type-post status-publish format-standard hentry category-pk-la\">\n<div class=\"fusion-post-content post-content\"><h2 class=\"blog-shortcode-post-title entry-title\"><a href=\"https:\/\/ktp-sk.sk\/old\/pk-la-2019\/\">PK LA 2019<\/a><\/h2><div class=\"fusion-post-content-container\"><p>rok 2019 Chovate\u013esk\u00e1 stanica: Gema Roses, KTP 19\/18 Chovate\u013e: Marie [...]<\/p><\/div><\/div><div class=\"fusion-clearfix\"><\/div><div class=\"fusion-meta-info\"><div class=\"fusion-alignleft\"><span class=\"vcard\" style=\"display: none;\"><span class=\"fn\"><a href=\"https:\/\/ktp-sk.sk\/old\/author\/blazo\/\" title=\"Autor \u010dl\u00e1nku Radek Bla\u017eo\" rel=\"author\">Radek Bla\u017eo<\/a><\/span><\/span><span class=\"updated\" style=\"display:none;\">2020-04-20T09:36:22+02:00<\/span><span>31\/12\/2019 <\/span><span class=\"fusion-inline-sep\">|<\/span><\/div><\/div><\/article>\n<article id=\"blog-1-post-5397\" class=\"fusion-post-large post-5397 post type-post status-publish format-standard hentry category-pk-la\">\n<div class=\"fusion-post-content post-content\"><h2 class=\"blog-shortcode-post-title entry-title\"><a href=\"https:\/\/ktp-sk.sk\/old\/pk-la-2018\/\">PK LA 2018<\/a><\/h2><div class=\"fusion-post-content-container\"><p>Rok 2018 Chovate\u013esk\u00e1 stanica: Ag\u00e1ta Lux, KTP 1\/18 Chovate\u013e: J\u00falia [...]<\/p><\/div><\/div><div class=\"fusion-clearfix\"><\/div><div class=\"fusion-meta-info\"><div class=\"fusion-alignleft\"><span class=\"vcard\" style=\"display: none;\"><span class=\"fn\"><a href=\"https:\/\/ktp-sk.sk\/old\/author\/blazo\/\" title=\"Autor \u010dl\u00e1nku Radek Bla\u017eo\" rel=\"author\">Radek Bla\u017eo<\/a><\/span><\/span><span class=\"updated\" style=\"display:none;\">2020-10-14T12:26:17+02:00<\/span><span>22\/03\/2018 <\/span><span class=\"fusion-inline-sep\">|<\/span><\/div><\/div><\/article>\n<\/div><div class=\"pagination clearfix\"><span class=\"current\">1<\/span><a href=\"https:\/\/ktp-sk.sk\/old\/wp-json\/wp\/v2\/pages\/1458\/page\/2\/\" class=\"inactive\">2<\/a><a class=\"pagination-next\" rel=\"next\" href=\"https:\/\/ktp-sk.sk\/old\/wp-json\/wp\/v2\/pages\/1458\/page\/2\/\"><span class=\"page-text\">Next<\/span><span class=\"page-next\"><\/span><\/a><\/div><div class=\"fusion-clearfix\"><\/div><\/div><\/div><style type=\"text\/css\">.fusion-body .fusion-builder-column-0{width:100% !important;margin-top : 0px;margin-bottom : 0px;}.fusion-builder-column-0 > .fusion-column-wrapper {padding-top : 0px !important;padding-right : 0px !important;margin-right : 0px;padding-bottom : 0px !important;padding-left : 0px !important;margin-left : 0px;}@media only screen and (max-width:1024px) {.fusion-body .fusion-builder-column-0{width:100% !important;}.fusion-builder-column-0 > .fusion-column-wrapper {margin-right : 0px;margin-left : 0px;}}@media only screen and (max-width:640px) {.fusion-body .fusion-builder-column-0{width:100% !important;}.fusion-builder-column-0 > .fusion-column-wrapper {margin-right : 0px;margin-left : 0px;}}<\/style><\/div><\/div><style type=\"text\/css\">.fusion-fullwidth.fusion-builder-row-1 { overflow:visible; }.fusion-body .fusion-flex-container.fusion-builder-row-1{ padding-top : 0px;margin-top : 0px;padding-right : 0px;padding-bottom : 0px;margin-bottom : 0px;padding-left : 0px;}<\/style><\/div>\n","protected":false},"excerpt":{"rendered":"","protected":false},"author":8,"featured_media":0,"parent":0,"menu_order":0,"comment_status":"open","ping_status":"open","template":"","meta":{"ngg_post_thumbnail":0},"_links":{"self":[{"href":"https:\/\/ktp-sk.sk\/old\/wp-json\/wp\/v2\/pages\/1458"}],"collection":[{"href":"https:\/\/ktp-sk.sk\/old\/wp-json\/wp\/v2\/pages"}],"about":[{"href":"https:\/\/ktp-sk.sk\/old\/wp-json\/wp\/v2\/types\/page"}],"author":[{"embeddable":true,"href":"https:\/\/ktp-sk.sk\/old\/wp-json\/wp\/v2\/users\/8"}],"replies":[{"embeddable":true,"href":"https:\/\/ktp-sk.sk\/old\/wp-json\/wp\/v2\/comments?post=1458"}],"version-history":[{"count":0,"href":"https:\/\/ktp-sk.sk\/old\/wp-json\/wp\/v2\/pages\/1458\/revisions"}],"wp:attachment":[{"href":"https:\/\/ktp-sk.sk\/old\/wp-json\/wp\/v2\/media?parent=1458"}],"curies":[{"name":"wp","href":"https:\/\/api.w.org\/{rel}","templated":true}]}}