{"id":1517,"date":"2013-02-13T22:44:05","date_gmt":"2013-02-13T20:44:05","guid":{"rendered":"http:\/\/37801.w1.wedos.ws\/?page_id=1517"},"modified":"2020-10-13T12:23:28","modified_gmt":"2020-10-13T10:23:28","slug":"pes-suka-roka","status":"publish","type":"page","link":"https:\/\/ktp-sk.sk\/old\/pes-suka-roka\/","title":{"rendered":"Pes &#038; Suka roka"},"content":{"rendered":"<p><strong>Podmienky pre udelenie titulu Pes\/Suka roka:<\/strong><\/p>\n<ul>\n<li>S\u00fa\u0165a\u017e sa vyhodnocuje po jednotliv\u00fdch plemen\u00e1ch.<\/li>\n<li>Psy a suky zvl\u00e1\u0161\u0165.<\/li>\n<li>V ka\u017edom plemene z\u00edska titul a poh\u00e1r pes a suka s najv\u00e4\u010d\u0161\u00edm po\u010dtom bodov.<\/li>\n<li>T\u00e1to s\u00fa\u0165a\u017e je platn\u00e1 pre ob\u010danov Slovenskej republiky.<\/li>\n<li>Zahrani\u010dn\u00ed \u010dlenovia klubu s\u00fa\u0165a\u017eia zvl\u00e1\u0161\u0165 o titul &#8222;Naj\u00faspe\u0161nej\u0161\u00ed zahrani\u010dn\u00fd jedinec&#8220; (v\u0161etky plemen\u00e1 spolu).<\/li>\n<\/ul>\n<p><span style=\"color: #ffffff;\">.<\/span><\/p>\n<div class=\"fusion-fullwidth fullwidth-box fusion-builder-row-1 fusion-flex-container hundred-percent-fullwidth non-hundred-percent-height-scrolling\" style=\"background-color: rgba(255,255,255,0);background-position: center center;background-repeat: no-repeat;border-width: 0px 0px 0px 0px;border-color:#eae9e9;border-style:solid;\" ><div class=\"fusion-builder-row fusion-row fusion-flex-align-items-flex-start\" style=\"width:calc( 100% + 0px ) !important;max-width:calc( 100% + 0px ) !important;margin-left: calc(-0px \/ 2 );margin-right: calc(-0px \/ 2 );\"><div class=\"fusion-layout-column fusion_builder_column fusion-builder-column-0 fusion_builder_column_1_1 1_1 fusion-flex-column fusion-flex-align-self-flex-start fusion-column-no-min-height\"><div class=\"fusion-column-wrapper fusion-flex-justify-content-flex-start fusion-content-layout-column\" style=\"background-position:left top;background-repeat:no-repeat;-webkit-background-size:cover;-moz-background-size:cover;-o-background-size:cover;background-size:cover;padding: 0px 0px 0px 0px;\"><style type='text\/css'>.reading-box-container-1 .element-bottomshadow:before,.reading-box-container-1 .element-bottomshadow:after{opacity:0.7;}<\/style><div class=\"fusion-reading-box-container reading-box-container-1\" style=\"margin-top:0px;margin-bottom:20px;\"><div class=\"reading-box\" style=\"background-color:var(--awb-color2);border-width:0px;border-color:rgba(226,226,226,0);border-left-width:3px;border-left-color:var(--primary_color);border-style:solid;\"><div class=\"fusion-reading-box-flex\"><h2>Bodovac\u00ed syst\u00e9m Pes\/Suka roka<\/h2><a class=\"button fusion-button button-default fusion-button-default-size button-default-size button-flat fusion-desktop-button fusion-tagline-button continue continue-right\" style=\"-webkit-box-shadow:none;-moz-box-shadow:none;box-shadow:none;border-radius:4px 4px 4px 4px\" href=\"http:\/\/www.ktp-sk.sk\/wp-content\/uploads\/2014\/01\/bodovacisystem.doc\" target=\"_self\"><span>Tla\u010divo<\/span><\/a><\/div><a class=\"button fusion-button button-default fusion-button-default-size button-default-size button-flat fusion-mobile-button continue-right\" style=\"-webkit-box-shadow:none;-moz-box-shadow:none;box-shadow:none;border-radius:4px 4px 4px 4px\" href=\"http:\/\/www.ktp-sk.sk\/wp-content\/uploads\/2014\/01\/bodovacisystem.doc\" target=\"_self\"><span>Tla\u010divo<\/span><\/a><\/div><\/div>\n<p>&nbsp;<\/div><style type=\"text\/css\">.fusion-body .fusion-builder-column-0{width:100% !important;margin-top : 0px;margin-bottom : 0px;}.fusion-builder-column-0 > .fusion-column-wrapper {padding-top : 0px !important;padding-right : 0px !important;margin-right : 0px;padding-bottom : 0px !important;padding-left : 0px !important;margin-left : 0px;}@media only screen and (max-width:1024px) {.fusion-body .fusion-builder-column-0{width:100% !important;}.fusion-builder-column-0 > .fusion-column-wrapper {margin-right : 0px;margin-left : 0px;}}@media only screen and (max-width:640px) {.fusion-body .fusion-builder-column-0{width:100% !important;}.fusion-builder-column-0 > .fusion-column-wrapper {margin-right : 0px;margin-left : 0px;}}<\/style><\/div><\/div><style type=\"text\/css\">.fusion-fullwidth.fusion-builder-row-1 { overflow:visible; }.fusion-body .fusion-flex-container.fusion-builder-row-1{ padding-top : 0px;margin-top : 0px;padding-right : 0px;padding-bottom : 0px;margin-bottom : 0px;padding-left : 0px;}<\/style><\/div>\n","protected":false},"excerpt":{"rendered":"<p>Podmienky pre udelenie titulu Pes\/Suka roka: S\u00fa\u0165a\u017e sa vyhodnocuje po jednotliv\u00fdch plemen\u00e1ch. Psy a suky zvl\u00e1\u0161\u0165. V ka\u017edom plemene z\u00edska titul a poh\u00e1r pes a [&hellip;]<\/p>\n","protected":false},"author":8,"featured_media":0,"parent":0,"menu_order":0,"comment_status":"open","ping_status":"closed","template":"","meta":{"ngg_post_thumbnail":0},"_links":{"self":[{"href":"https:\/\/ktp-sk.sk\/old\/wp-json\/wp\/v2\/pages\/1517"}],"collection":[{"href":"https:\/\/ktp-sk.sk\/old\/wp-json\/wp\/v2\/pages"}],"about":[{"href":"https:\/\/ktp-sk.sk\/old\/wp-json\/wp\/v2\/types\/page"}],"author":[{"embeddable":true,"href":"https:\/\/ktp-sk.sk\/old\/wp-json\/wp\/v2\/users\/8"}],"replies":[{"embeddable":true,"href":"https:\/\/ktp-sk.sk\/old\/wp-json\/wp\/v2\/comments?post=1517"}],"version-history":[{"count":0,"href":"https:\/\/ktp-sk.sk\/old\/wp-json\/wp\/v2\/pages\/1517\/revisions"}],"wp:attachment":[{"href":"https:\/\/ktp-sk.sk\/old\/wp-json\/wp\/v2\/media?parent=1517"}],"curies":[{"name":"wp","href":"https:\/\/api.w.org\/{rel}","templated":true}]}}