{"id":169,"date":"2013-02-07T18:58:57","date_gmt":"2013-02-07T16:58:57","guid":{"rendered":"http:\/\/37801.w1.wedos.ws\/?page_id=169"},"modified":"2017-09-12T20:00:49","modified_gmt":"2017-09-12T18:00:49","slug":"historia-klubu","status":"publish","type":"page","link":"https:\/\/ktp-sk.sk\/old\/historia-klubu\/","title":{"rendered":"Hist\u00f3ria klubu"},"content":{"rendered":"<p style=\"text-align: justify;\">Vznik Klubu Tibetsk\u00fdch plemien siaha do polovice 70-tich rokoch 20 storo\u010dia. Vznikol od\u010dlenen\u00edm od <em>Klubu m\u00e1lopo\u010detn\u00fdch plemien psov<\/em> v&nbsp;Slovenskom kynologickom zv\u00e4ze. V&nbsp;tom \u010dase zastre\u0161oval plemen\u00e1 Lhasa apso, Shit tzu, Tibetsk\u00fd \u0161paniel a Tibetsk\u00fd teri\u00e9r. Z\u00e1nikom <em>Slovensk\u00e9ho kynologick\u00e9ho zv\u00e4zu<\/em> sa klub v&nbsp;polovici 90-tich rokoch rozpadol a&nbsp;jednotliv\u00e9 plemen\u00e1 sa dostali do 3 r\u00f4znych klubov. Plemeno Lhasa apso a&nbsp;Tibetsk\u00fd \u0161paniel boli op\u00e4\u0165 za\u010dlenen\u00e9 do <em>Klubu chovate\u013eov m\u00e1lopo\u010detn\u00fdch plemien psov<\/em>, ale tentoraz pod <em>Slovensk\u00fa kynologick\u00fa jednotu<\/em>.<\/p>\n<p style=\"text-align: justify;\">V&nbsp;novembri 1996 sa stretli chovatelia plemena Lhasa Apso na MVP v&nbsp;Nitre a&nbsp;dohodli sa o&nbsp;od\u010dlenen\u00ed od Klubu chovate\u013eov m\u00e1lopo\u010detn\u00fdch plemien psov a&nbsp;zalo\u017eenie samostatn\u00e9ho klubu pre plemeno Lhasa apso. D\u0148om 23.6.1997 bol <em>Klub Lhasa apso<\/em> prijat\u00fd za riadneho \u010dlena Slovenskej kynologickej jednoty. V&nbsp;tom \u010dase klub registroval 16 \u010dlenov. O&nbsp;rok nesk\u00f4r klub oslovili chovatelia plemena Tibetsk\u00fd \u0161paniel o&nbsp;mo\u017enos\u0165 pri\u010dleni\u0165 sa k&nbsp;n\u00e1\u0161mu klubu. A&nbsp;tak v&nbsp;roku 1999 n\u00e1m pribudlo 6 \u010dlenov tohto plemena. V&nbsp;roku 2003 sme po\u017eiadali o&nbsp;zmenu n\u00e1zvu klubu na <em>Klub Lhasa apso a&nbsp;Tibetsk\u00fd \u0161paniel<\/em>.<\/p>\n<p style=\"text-align: justify;\">Plemeno Tibetsk\u00fd teri\u00e9r po z\u00e1niku <em>SPZ<\/em> bolo pri\u010dlenen\u00e9 do <em>Slovensk\u00e9ho klubu chovate\u013eov teri\u00e9rov a&nbsp;foxteri\u00e9rov<\/em>. V&nbsp;roku 2006 majitelia plemena po\u017eiadali vedenie klubu o&nbsp;prestup do klubu Lhasa apso a&nbsp;Tibetsk\u00fd \u0161paniel. A&nbsp;tak od 1.1.2007 pribudlo n\u00e1\u0161ho klubu \u010fal\u0161ie plemeno a&nbsp;19 nov\u00fdch \u010dlenov.<\/p>\n<p style=\"text-align: justify;\">Z\u00e1nikom Slovensk\u00e9ho klubu chovate\u013eov psov plemena Shih tzu za\u010diatkom roku 2007, po\u017eiadali chovatelia tohto plemena o&nbsp;zastre\u0161enie v&nbsp;na\u0161om klube a&nbsp;tak d\u0148om 1.4.2007 n\u00e1m do klubu do klubu pribudlo \u010fal\u0161ie plemeno, plemeno Shih tzu.<br \/>\n<strong>Po 15-tich rokoch sa op\u00e4\u0165 spojili 4 plemen\u00e1 do jedn\u00e9ho klubu. Na z\u00e1klade toho sa klub premenoval do p\u00f4vodn\u00e9ho n\u00e1zvu z&nbsp;roku 1992 na Klub Tibetsk\u00fdch plemien.<\/strong><\/p>\n<p style=\"text-align: justify;\">Klub preferuje vo\u013en\u00fd chov, \u010do znamen\u00e1 \u017ee chovate\u013e s\u00e1m rozhoduje, ak\u00fdm smerom bude vies\u0165 svoj chov. Hlavnou my\u0161lienkou je chovate\u013esk\u00e1 samostatnos\u0165 a zodpovednos\u0165. Jeho chovate\u013esk\u00e1 stanica si nesie zo sebou svoje \u00faspech, ako aj ne\u00faspechy.<\/p>\n<p style=\"text-align: justify;\"><strong>&nbsp;<\/strong><\/p>\n","protected":false},"excerpt":{"rendered":"<p>Vznik Klubu Tibetsk\u00fdch plemien siaha do polovice 70-tich rokoch 20 storo\u010dia. Vznikol od\u010dlenen\u00edm od Klubu m\u00e1lopo\u010detn\u00fdch plemien psov v&nbsp;Slovenskom kynologickom zv\u00e4ze. V&nbsp;tom \u010dase zastre\u0161oval plemen\u00e1 [&hellip;]<\/p>\n","protected":false},"author":8,"featured_media":0,"parent":0,"menu_order":0,"comment_status":"open","ping_status":"open","template":"","meta":{"ngg_post_thumbnail":0},"_links":{"self":[{"href":"https:\/\/ktp-sk.sk\/old\/wp-json\/wp\/v2\/pages\/169"}],"collection":[{"href":"https:\/\/ktp-sk.sk\/old\/wp-json\/wp\/v2\/pages"}],"about":[{"href":"https:\/\/ktp-sk.sk\/old\/wp-json\/wp\/v2\/types\/page"}],"author":[{"embeddable":true,"href":"https:\/\/ktp-sk.sk\/old\/wp-json\/wp\/v2\/users\/8"}],"replies":[{"embeddable":true,"href":"https:\/\/ktp-sk.sk\/old\/wp-json\/wp\/v2\/comments?post=169"}],"version-history":[{"count":0,"href":"https:\/\/ktp-sk.sk\/old\/wp-json\/wp\/v2\/pages\/169\/revisions"}],"wp:attachment":[{"href":"https:\/\/ktp-sk.sk\/old\/wp-json\/wp\/v2\/media?parent=169"}],"curies":[{"name":"wp","href":"https:\/\/api.w.org\/{rel}","templated":true}]}}