{"id":176,"date":"2021-09-17T07:10:18","date_gmt":"2021-09-17T05:10:18","guid":{"rendered":"http:\/\/37801.w1.wedos.ws\/?page_id=176"},"modified":"2022-02-21T09:54:51","modified_gmt":"2022-02-21T07:54:51","slug":"vysledky-klubovych-vystav","status":"publish","type":"page","link":"https:\/\/ktp-sk.sk\/old\/vysledky-klubovych-vystav\/","title":{"rendered":"V\u00fdsledky klubov\u00fdch v\u00fdstav"},"content":{"rendered":"<p><div class=\"fusion-fullwidth fullwidth-box fusion-builder-row-1 fusion-flex-container nonhundred-percent-fullwidth non-hundred-percent-height-scrolling\" style=\"background-color: rgba(255,255,255,0);background-position: center center;background-repeat: no-repeat;border-width: 0px 0px 0px 0px;border-color:#eae9e9;border-style:solid;\" ><div class=\"fusion-builder-row fusion-row fusion-flex-align-items-flex-start\" style=\"max-width:998.4px;margin-left: calc(-4% \/ 2 );margin-right: calc(-4% \/ 2 );\"><div class=\"fusion-layout-column fusion_builder_column fusion-builder-column-0 fusion_builder_column_1_1 1_1 fusion-flex-column\"><div class=\"fusion-column-wrapper fusion-flex-justify-content-flex-start fusion-content-layout-column\" style=\"background-position:left top;background-repeat:no-repeat;-webkit-background-size:cover;-moz-background-size:cover;-o-background-size:cover;background-size:cover;padding: 0px 0px 0px 0px;\"><div class=\"fusion-text fusion-text-1\"><p><span style=\"color: #000000;\"><\/p>\n<\/div><\/div><style type=\"text\/css\">.fusion-body .fusion-builder-column-0{width:100% !important;margin-top : 0px;margin-bottom : 0px;}.fusion-builder-column-0 > .fusion-column-wrapper {padding-top : 0px !important;padding-right : 0px !important;margin-right : 1.92%;padding-bottom : 0px !important;padding-left : 0px !important;margin-left : 1.92%;}@media only screen and (max-width:1024px) {.fusion-body .fusion-builder-column-0{width:100% !important;}.fusion-builder-column-0 > .fusion-column-wrapper {margin-right : 1.92%;margin-left : 1.92%;}}@media only screen and (max-width:640px) {.fusion-body .fusion-builder-column-0{width:100% !important;}.fusion-builder-column-0 > .fusion-column-wrapper {margin-right : 1.92%;margin-left : 1.92%;}}<\/style><\/div><\/div><style type=\"text\/css\">.fusion-body .fusion-flex-container.fusion-builder-row-1{ padding-top : 0px;margin-top : 0px;padding-right : 0px;padding-bottom : 0px;margin-bottom : 0px;padding-left : 0px;}<\/style><\/div><div class=\"fusion-fullwidth fullwidth-box fusion-builder-row-2 fusion-flex-container hundred-percent-fullwidth non-hundred-percent-height-scrolling\" style=\"background-color: rgba(255,255,255,0);background-position: center center;background-repeat: no-repeat;border-width: 0px 0px 0px 0px;border-color:#eae9e9;border-style:solid;\" ><div class=\"fusion-builder-row fusion-row fusion-flex-align-items-flex-start\" style=\"width:calc( 100% + 0px ) !important;max-width:calc( 100% + 0px ) !important;margin-left: calc(-0px \/ 2 );margin-right: calc(-0px \/ 2 );\"><div class=\"fusion-layout-column fusion_builder_column fusion-builder-column-1 fusion_builder_column_1_1 1_1 fusion-flex-column fusion-flex-align-self-flex-start fusion-column-no-min-height\"><div class=\"fusion-column-wrapper fusion-flex-justify-content-flex-start fusion-content-layout-column\" style=\"background-position:left top;background-repeat:no-repeat;-webkit-background-size:cover;-moz-background-size:cover;-o-background-size:cover;background-size:cover;padding: 0px 0px 0px 0px;\"><style type=\"text\/css\">@media only screen and (max-width:1024px) {.fusion-title.fusion-title-1{margin-top:10px!important; margin-right:0px!important;margin-bottom:15px!important;margin-left:0px!important;}}@media only screen and (max-width:640px) {.fusion-title.fusion-title-1{margin-top:10px!important; margin-right:0px!important;margin-bottom:10px!important; margin-left:0px!important;}}<\/style><div class=\"fusion-title title fusion-title-1 fusion-title-text fusion-title-size-two\" style=\"margin-top:10px;margin-right:0px;margin-bottom:15px;margin-left:0px;\"><div class=\"title-sep-container title-sep-container-left fusion-no-large-visibility fusion-no-medium-visibility fusion-no-small-visibility\"><div class=\"title-sep sep-\" style=\"border-color:#E7E6E6;\"><\/div><\/div><span class=\"awb-title-spacer fusion-no-large-visibility fusion-no-medium-visibility fusion-no-small-visibility\"><\/span><h2 class=\"title-heading-left fusion-responsive-typography-calculated\" style=\"margin:0;--fontSize:18;--minFontSize:18px;line-height:1.5;\"><\/span><strong><span style=\"color: #000000;\"><span style=\"color: #800000;\">V\u00ddSLEDKY&nbsp;KLUBOV\u00c9 &nbsp;A \u0160PECI\u00c1LNE V\u00ddSTAVY<\/span><\/span><\/strong><span style=\"color: #000000;\"><\/h2><span class=\"awb-title-spacer\"><\/span><div class=\"title-sep-container title-sep-container-right\"><div class=\"title-sep sep-\" style=\"border-color:#E7E6E6;\"><\/div><\/div><\/div><div class=\"fusion-text fusion-text-2\"><p><strong><a href=\"https:\/\/ktp-sk.sk\/old\/11-09-2021\/\">\u0160peci\u00e1lna v\u00fdstava<\/a><\/strong> Pezinok, 11.09.2021 <strong><a href=\"https:\/\/www.facebook.com\/media\/set\/?set=a.10158813644463995&amp;type=3\">FOTO<\/a><\/strong><\/p>\n<p><strong><a href=\"https:\/\/ktp-sk.sk\/old\/13-06-2021\/\">Klubov\u00e1 v\u00fdstava <\/a><\/strong>Pezinok, 13.6.2021 <strong><a href=\"https:\/\/www.facebook.com\/media\/set\/?set=a.10158650314008995&amp;type=3\">FOTO<\/a><\/strong><\/p>\n<p><strong><a href=\"https:\/\/ktp-sk.sk\/old\/13-09-2020-kv\/\">Klubov\u00e1 v\u00fdstava<\/a> <\/strong>Var\u00edn 13.09.2020<\/p>\n<p><strong><\/strong><a href=\"https:\/\/ktp-sk.sk\/old\/13-09-2020\/\"><strong>\u0160peci\u00e1lna v\u00fdstava<\/strong> <\/a>Var\u00edn 13.09.2020<\/p>\n<p><strong><a href=\"https:\/\/ktp-sk.sk\/old\/15-9-2019\/\">\u0160peci\u00e1lna v\u00fdstava<\/a> <\/strong>\u017dilina &#8211; Str\u00e1\u0148avy 15.09.2019<\/p>\n<p><strong><a href=\"https:\/\/ktp-sk.sk\/old\/02-03-2019\">Klubov\u00e1 v\u00fdstava<\/a> <\/strong>Bansk\u00e1 Bystrica 2.3.2019<\/p>\n<p><strong><a href=\"https:\/\/ktp-sk.sk\/old\/21-10-2018\/\">\u0160peci\u00e1lna v\u00fdstava<\/a><\/strong>, Pie\u0161\u0165any 21.10.2018 <strong><a href=\"https:\/\/www.rajce.net\/a15638455\">FOTO<\/a><\/strong><\/p>\n<p><strong><a href=\"https:\/\/ktp-sk.sk\/old\/24-3-2018\/\">Klubov\u00e1 v\u00fdstava<\/a><\/strong>, Bansk\u00e1 Bystrica 24.03.2018 <strong><a href=\"https:\/\/www.rajce.net\/a15090757\">FOTO<\/a><\/strong><\/p>\n<p><strong><a href=\"https:\/\/ktp-sk.sk\/old\/28-10-2017\/\">\u0160peci\u00e1lna v\u00fdstava<\/a><\/strong> Pie\u0161\u0165any 28.10.2017<\/p>\n<p><strong><a href=\"https:\/\/ktp-sk.sk\/old\/27-05-2017\/\">Klubov\u00e1 v\u00fdstava<\/a><\/strong>, Chvojnica 27.05.2017 <strong><a href=\"https:\/\/www.rajce.net\/a14111549\">FOTO<\/a><\/strong><\/p>\n<p><strong><\/strong><a href=\"https:\/\/ktp-sk.sk\/old\/30-10-2016\/\"><strong>\u0160peci\u00e1lna v\u00fdstava<\/strong>,<\/a> Mo\u0161ovce 30.10.2016 <strong><a href=\"http:\/\/www.rajce.net\/a13429452\">FOTO<\/a><\/strong><\/p>\n<p><strong><a href=\"https:\/\/ktp-sk.sk\/old\/01-05-2016\/\">Klubov\u00e1 v\u00fdstava<\/a><\/strong>, R\u00e1zto\u010dno 01.05.2016 <strong><a href=\"http:\/\/ktp-sk.rajce.idnes.cz\/Klubova_vystava_Raztocno%2C_01.05.2016\/#BIS-KV-01052016.jpg\">FOTO<\/a><\/strong><\/p>\n<p><b><\/b><a href=\"https:\/\/ktp-sk.sk\/old\/12-9-2015\/\"><b>\u0160peci\u00e1lna v\u00fdstava<\/b>,<\/a> R\u00e1zto\u010dno 12.9.2015 <strong><a href=\"http:\/\/www.rajce.net\/a11891853\">FOTO<\/a><\/strong><\/p>\n<p><strong><a href=\"https:\/\/ktp-sk.sk\/old\/2-5-2015\/\">Klubov\u00e1 v\u00fdstava<\/a><\/strong>, Alek\u0161ince 2. m\u00e1j 2015<\/p>\n<p><strong><a href=\"https:\/\/ktp-sk.sk\/old\/wp-content\/uploads\/2013\/02\/Vysledky-KTP-2014.doc\" target=\"_blank\" rel=\"noopener noreferrer\">Klubov\u00e1, \u0161peci\u00e1lna v\u00fdstava<\/a><\/strong><a href=\"https:\/\/www.ktp-sk.sk\/wp-content\/uploads\/2013\/02\/Vysledky-KTP-2014.doc\" target=\"_blank\" rel=\"noopener noreferrer\">,<\/a> Barto\u0161ova Leh\u00f4tka 7.september 2014 <strong><a href=\"http:\/\/www.rajce.net\/a10450876\" target=\"_blank\" rel=\"noopener noreferrer\">FOTO<\/a><\/strong><\/p>\n<p><strong><\/strong><a href=\"https:\/\/ktp-sk.sk\/old\/wp-content\/uploads\/2013\/02\/Vysledky-KTP-2014.doc\"><strong>Klubov\u00e1, \u0161peci\u00e1lna v\u00fdstava<\/strong>,<\/a> Pobed\u00edm 8. marec 2014 <strong><a href=\"http:\/\/ktp-sk.rajce.idnes.cz\/Klubova_specialna_vystava_KTP_Pobedim_8.3.2014\/#albumComments\" target=\"_blank\" rel=\"noopener noreferrer\">FOTO<\/a><\/strong><\/p>\n<p><strong><a href=\"https:\/\/ktp-sk.sk\/old\/wp-content\/uploads\/2013\/02\/Vysledky-SV06102013.doc\" target=\"_blank\" rel=\"noopener noreferrer\">\u0160peci\u00e1lna v\u00fdstava<\/a><\/strong><a href=\"https:\/\/www.ktp-sk.sk\/wp-content\/uploads\/2013\/02\/Vysledky-SV06102013.doc\" target=\"_blank\" rel=\"noopener noreferrer\">,<\/a> Vini\u010dn\u00e9 06. okt\u00f3ber 2013 <strong><a href=\"https:\/\/www.facebook.com\/media\/set\/?set=a.245210928963428.1073741831.227190884098766&amp;type=3\" target=\"_blank\" rel=\"noopener noreferrer\">Foto z\u00e1vere\u010dn\u00e9 s\u00fa\u0165a\u017ee<\/a>, <a href=\"https:\/\/www.facebook.com\/media\/set\/?set=a.245181405633047.1073741829.227190884098766&amp;type=3\" target=\"_blank\" rel=\"noopener noreferrer\">FOTO<\/a>, <a href=\"https:\/\/www.facebook.com\/media\/set\/?set=a.245201882297666.1073741830.227190884098766&amp;type=3\" target=\"_blank\" rel=\"noopener noreferrer\">FOTO<\/a><\/strong><\/p>\n<p><strong><a href=\"https:\/\/ktp-sk.sk\/old\/wp-content\/uploads\/2013\/02\/Povystavny-TDE-2013.doc\" target=\"_blank\" rel=\"noopener noreferrer\">TIBET DOG EUROPA<\/a><\/strong><a href=\"http:\/\/www.ktp-sk.sk\/wp-content\/uploads\/2013\/02\/Povystavny-TDE-2013.doc\" target=\"_blank\" rel=\"noopener noreferrer\">,<\/a> Vini\u010dn\u00e9 05. okt\u00f3ber 2013<\/p>\n<p><strong><a href=\"https:\/\/ktp-sk.sk\/old\/24-3-2013\/\" target=\"_blank\" rel=\"noopener noreferrer\">\u0160peci\u00e1lna a klubov\u00e1 v\u00fdstava<\/a><\/strong>, Nedanovce 24.03.2013<\/p>\n<p style=\"text-align: left;\"><strong><\/strong><a href=\"https:\/\/ktp-sk.sk\/old\/23-9-2012\/\"><strong>\u0160peci\u00e1lna v\u00fdstava KTP<\/strong>,<\/a> Barto\u0161ova Leh\u00f4tka 23.09.2012 <strong><a href=\"http:\/\/www.facebook.com\/media\/set\/?set=a.236966576352199.50571.156627487719442&amp;type=3\" target=\"_blank\" rel=\"noopener noreferrer\">FOTO<\/a>,  <a href=\"http:\/\/www.facebook.com\/media\/set\/?set=a.418752614840260.87270.156627487719442&amp;type=3\" target=\"_blank\" rel=\"noopener noreferrer\">FOTO<\/a><\/strong><\/p>\n<p style=\"text-align: left;\"><strong><a href=\"https:\/\/ktp-sk.sk\/old\/11-3-2012\/\">Klubov\u00e1 v\u00fdstava<\/a>, <\/strong>Dunajsk\u00e1 Lu\u017en\u00e1 11.03. 2012 <strong><a href=\"http:\/\/www.facebook.com\/photo.php?fbid=337559726292883&amp;set=pb.156627487719442.-2207520000.1360603558&amp;type=3&amp;theater\" target=\"_blank\" rel=\"noopener noreferrer\">FOTO<\/a><\/strong><\/p>\n<p style=\"text-align: left;\"><strong><a href=\"https:\/\/ktp-sk.sk\/old\/specialna-vystava-bartosova-lehotka-01-10-2011\/\" target=\"_blank\" rel=\"noopener noreferrer\">\u0160peci\u00e1lna v\u00fdstava<\/a><\/strong> Zlat\u00fd strom, Barto\u0161ov\u00e1 Leh\u00f4tka, 01.10.2011<\/p>\n<p style=\"text-align: left;\"><strong><a href=\"https:\/\/ktp-sk.sk\/old\/4-6-2011\/\">Letn\u00e1 v\u00fdstava Tibetskych plemien<\/a>,<\/strong> 04.06. 2011<\/p>\n<p><strong><a href=\"https:\/\/ktp-sk.sk\/old\/19-3-2011\/\" target=\"_blank\" rel=\"noopener noreferrer\">15. V\u00fdro\u010dn\u00e1 \u0161peci\u00e1lna v\u00fdstava psov<\/a><\/strong>, Dunajsk\u00e1 Lu\u017en\u00e1, 19.03.2011 <strong><a href=\"http:\/\/www.facebook.com\/media\/set\/?set=a.173248846057306.33197.156627487719442&amp;type=3\" target=\"_blank\" rel=\"noopener noreferrer\">FOTO<\/a><\/strong><\/p>\n<p><strong><a href=\"http:\/\/www.klubovavystava.sk\/wstandard\/admin\/katalog\/katalog.php?\" target=\"_blank\" rel=\"noopener noreferrer\">Klubov\u00e1 v\u00fdstava<\/a><a href=\"http:\/\/www.klubovavystava.sk\/wstandard\/admin\/katalog\/katalog.php?\" target=\"_blank\" rel=\"noopener noreferrer\"> <\/a><\/strong> Remata, 23.05. 2010 <strong><a href=\"http:\/\/lhasa-apso.rajce.idnes.cz\/Klubova_vystava_Remata,_23.5._2010_-_Lhasa_apso\/\" target=\"_blank\" rel=\"noopener noreferrer\">FOTO<\/a><\/strong> LA, <strong><a href=\"http:\/\/lhasa-apso.rajce.idnes.cz\/Klubova_vystava,_Remata_23.5._2010_-_Tibetsky_terier\/\" target=\"_blank\" rel=\"noopener noreferrer\">FOTO<\/a><\/strong> TT, <strong><a href=\"http:\/\/lhasa-apso.rajce.idnes.cz\/Specialna_vystava_psov,_Remata,_22.5._2010_-_Tibetsky_spaniel\/\" target=\"_blank\" rel=\"noopener noreferrer\">FOTO<\/a><\/strong> TS, <strong><a href=\"http:\/\/lhasa-apso.rajce.idnes.cz\/Klubova_vystava_Remata,_23.5._2010_-_Shih-Tzu\/\" target=\"_blank\" rel=\"noopener noreferrer\">FOTO<\/a><\/strong> ST<\/p>\n<p><strong><a href=\"https:\/\/ktp-sk.sk\/old\/22-5-2010\/\" target=\"_blank\" rel=\"noopener noreferrer\">\u0160peci\u00e1lna v\u00fdstava<\/a><a href=\"https:\/\/www.ktp-sk.sk\/22-5-2010\/\" target=\"_blank\" rel=\"noopener noreferrer\"> <\/a><\/strong> Remata, 22.05.2010 <strong><a href=\"http:\/\/lhasa-apso.rajce.idnes.cz\/Specialna_vystava_psov,_Remata,_22.5._2010_-_Lhasa_Apso\/\" target=\"_blank\" rel=\"noopener noreferrer\">FOTO<\/a><\/strong> LA, <strong><a href=\"http:\/\/lhasa-apso.rajce.idnes.cz\/Specialna_vystava_psov,_Remata,_22.5._2010_-_Tibetsky_terier\/\" target=\"_blank\" rel=\"noopener noreferrer\">FOTO<\/a><\/strong> TT, <strong><a href=\"http:\/\/lhasa-apso.rajce.idnes.cz\/Specialna_vystava_psov,_Remata,_22.5._2010_-_Tibetsky_spaniel\/\" target=\"_blank\" rel=\"noopener noreferrer\">FOTO<\/a><\/strong> TS, <strong><a href=\"http:\/\/lhasa-apso.rajce.idnes.cz\/Specialna_vystava_psov,_Remata,_22.5._2010_-_Shih-Tzu\/\" target=\"_blank\" rel=\"noopener noreferrer\">FOTO<\/a><\/strong> ST<\/p>\n<p><strong><\/strong><strong><\/strong><strong><\/strong><strong><\/strong><strong><a href=\"https:\/\/ktp-sk.sk\/old\/specialna-vystava-ruzindol-18-09-2010\/\">Klubov\u00e1 v\u00fdstava<\/a><\/strong><a href=\"https:\/\/www.ktp-sk.sk\/specialna-vystava-ruzindol-18-09-2010\/\"> <\/a>Ru\u017eindol, 18.09.2010<\/p>\n<p><strong><a href=\"https:\/\/ktp-sk.sk\/old\/klubova-vystava-remata-30-05-2009\/\" target=\"_blank\" rel=\"noopener noreferrer\">Klubov\u00e1 v\u00fdstava<\/a><a href=\"https:\/\/www.ktp-sk.sk\/klubova-vystava-remata-30-05-2009\/\" target=\"_blank\" rel=\"noopener noreferrer\"> <\/a><\/strong>Remata, 30.05.2009<\/p>\n<p><strong><\/strong><a href=\"https:\/\/ktp-sk.sk\/old\/specialna-vystava-ruzindol-19-9-2009\/\"><strong>\u0160peci\u00e1lna v\u00fdstava Ru\u017eindol<\/strong>,<\/a> 19.9.2009 <strong><a href=\"http:\/\/lhasa-apso.rajce.idnes.cz\/SVP_Ruzindol,_sept._2009_-_LA\/#album\">FOTO<\/a><\/strong> LA, <strong><a href=\"http:\/\/lhasa-apso.rajce.idnes.cz\/SVP_Ruzindol,_sept._2009_-_TT\/#album\">FOTO<\/a><\/strong> TT<\/p>\n<p><strong><\/strong><a href=\"https:\/\/ktp-sk.sk\/old\/specialna-vystava-ruzindol-06-09-2008\/\"><strong>\u0160peci\u00e1lna v\u00fdstava Ru\u017eindol<\/strong>,<\/a> 06.09. 2008 <strong><a href=\"http:\/\/lhasa-apso.rajce.idnes.cz\/Ruzindol_2008_-_Lhasaci\/\">FOTO<\/a> <\/strong>LA<strong>, <a href=\"http:\/\/lhasa-apso.rajce.idnes.cz\/SK_Ruzindol_-_zaverecne_sutaze\/\" target=\"_blank\" rel=\"noopener noreferrer\">FOTO<\/a> <\/strong>BIS<\/p>\n<p><strong><a href=\"https:\/\/ktp-sk.sk\/old\/klubova-vystava-remata-10-05-2008\/\" target=\"_blank\" rel=\"noopener noreferrer\">Klubov\u00e1 v\u00fdstava  Remata<\/a><\/strong>, 10.05.2008 <a href=\"http:\/\/lhasa-apso.rajce.idnes.cz\/Klubova_vystava,_Remata\/\" target=\"_blank\" rel=\"noopener noreferrer\"><strong>FOTO<\/strong><\/a><\/p>\n<p><strong><a href=\"https:\/\/ktp-sk.sk\/old\/specialna-vystava-psov-ruzindol-29-09-2007\/\" target=\"_blank\" rel=\"noopener noreferrer\">\u0160peci\u00e1lna v\u00fdstava<\/a><a href=\"https:\/\/www.ktp-sk.sk\/specialna-vystava-psov-ruzindol-29-09-2007\/\" target=\"_blank\" rel=\"noopener noreferrer\"> <\/a><\/strong> Ru\u017eindol, 29.09. 2007  <a href=\"http:\/\/lhasa-apso.rajce.idnes.cz\/KV_Remata,_maj\/\" target=\"_blank\" rel=\"noopener noreferrer\"><strong><br \/>\n<\/strong><\/a><\/p>\n<p><strong><a href=\"https:\/\/ktp-sk.sk\/old\/klubova-vystava-remata-26-05-2007\/\" target=\"_blank\" rel=\"noopener noreferrer\">Klubov\u00e1 v\u00fdstava Remata<\/a>,<\/strong> 26.05. 2007 <a href=\"http:\/\/lhasa-apso.rajce.idnes.cz\/KV_Remata,_maj\/\" target=\"_blank\" rel=\"noopener noreferrer\"><strong>FOTO<\/strong><\/a><\/p><\/p>\n<\/div><\/div><style type=\"text\/css\">.fusion-body .fusion-builder-column-1{width:100% !important;margin-top : 0px;margin-bottom : 0px;}.fusion-builder-column-1 > .fusion-column-wrapper {padding-top : 0px !important;padding-right : 0px !important;margin-right : 0px;padding-bottom : 0px !important;padding-left : 0px !important;margin-left : 0px;}@media only screen and (max-width:1024px) {.fusion-body .fusion-builder-column-1{width:100% !important;}.fusion-builder-column-1 > .fusion-column-wrapper {margin-right : 0px;margin-left : 0px;}}@media only screen and (max-width:640px) {.fusion-body .fusion-builder-column-1{width:100% !important;}.fusion-builder-column-1 > .fusion-column-wrapper {margin-right : 0px;margin-left : 0px;}}<\/style><\/div><\/div><style type=\"text\/css\">.fusion-fullwidth.fusion-builder-row-2 { overflow:visible; }.fusion-body .fusion-flex-container.fusion-builder-row-2{ padding-top : 0px;margin-top : 0px;padding-right : 0px;padding-bottom : 0px;margin-bottom : 0px;padding-left : 0px;}<\/style><\/div><\/p>\n","protected":false},"excerpt":{"rendered":"","protected":false},"author":8,"featured_media":1254,"parent":0,"menu_order":0,"comment_status":"open","ping_status":"open","template":"","meta":{"ngg_post_thumbnail":0},"_links":{"self":[{"href":"https:\/\/ktp-sk.sk\/old\/wp-json\/wp\/v2\/pages\/176"}],"collection":[{"href":"https:\/\/ktp-sk.sk\/old\/wp-json\/wp\/v2\/pages"}],"about":[{"href":"https:\/\/ktp-sk.sk\/old\/wp-json\/wp\/v2\/types\/page"}],"author":[{"embeddable":true,"href":"https:\/\/ktp-sk.sk\/old\/wp-json\/wp\/v2\/users\/8"}],"replies":[{"embeddable":true,"href":"https:\/\/ktp-sk.sk\/old\/wp-json\/wp\/v2\/comments?post=176"}],"version-history":[{"count":0,"href":"https:\/\/ktp-sk.sk\/old\/wp-json\/wp\/v2\/pages\/176\/revisions"}],"wp:featuredmedia":[{"embeddable":true,"href":"https:\/\/ktp-sk.sk\/old\/wp-json\/wp\/v2\/media\/1254"}],"wp:attachment":[{"href":"https:\/\/ktp-sk.sk\/old\/wp-json\/wp\/v2\/media?parent=176"}],"curies":[{"name":"wp","href":"https:\/\/api.w.org\/{rel}","templated":true}]}}