{"id":1776,"date":"2013-02-17T16:14:51","date_gmt":"2013-02-17T14:14:51","guid":{"rendered":"http:\/\/37801.w1.wedos.ws\/?page_id=1776"},"modified":"2020-10-13T12:23:28","modified_gmt":"2020-10-13T10:23:28","slug":"plemenna-kniha-tibetsky-spaniel","status":"publish","type":"page","link":"https:\/\/ktp-sk.sk\/old\/plemenna-kniha-tibetsky-spaniel\/","title":{"rendered":"Plemenn\u00e1 kniha Tibetsk\u00fd \u0161paniel"},"content":{"rendered":"<div class=\"fusion-fullwidth fullwidth-box fusion-builder-row-1 fusion-flex-container hundred-percent-fullwidth non-hundred-percent-height-scrolling\" style=\"background-color: rgba(255,255,255,0);background-position: center center;background-repeat: no-repeat;border-width: 0px 0px 0px 0px;border-color:#eae9e9;border-style:solid;\" ><div class=\"fusion-builder-row fusion-row fusion-flex-align-items-flex-start\" style=\"width:calc( 100% + 0px ) !important;max-width:calc( 100% + 0px ) !important;margin-left: calc(-0px \/ 2 );margin-right: calc(-0px \/ 2 );\"><div class=\"fusion-layout-column fusion_builder_column fusion-builder-column-0 fusion_builder_column_1_1 1_1 fusion-flex-column fusion-flex-align-self-flex-start fusion-column-no-min-height\"><div class=\"fusion-column-wrapper fusion-flex-justify-content-flex-start fusion-content-layout-column\" style=\"background-position:left top;background-repeat:no-repeat;-webkit-background-size:cover;-moz-background-size:cover;-o-background-size:cover;background-size:cover;padding: 0px 0px 0px 0px;\"><div class=\"fusion-blog-shortcode fusion-blog-shortcode-1 fusion-blog-archive fusion-blog-layout-large fusion-blog-pagination fusion-blog-no-images\"><div class=\"fusion-posts-container fusion-posts-container-pagination\" data-pages=\"5\"><article id=\"blog-1-post-6583\" class=\"fusion-post-large post-6583 post type-post status-publish format-standard hentry category-pk-ts\">\n<div class=\"fusion-post-content post-content\"><h2 class=\"blog-shortcode-post-title entry-title\"><a href=\"https:\/\/ktp-sk.sk\/old\/pk-ts-2021\/\">PK T\u0160 2021<\/a><\/h2><div class=\"fusion-post-content-container\"><p>Chovate\u013esk\u00e1 stanica Stella Tibet, KTP 1\/21 Chovate\u013e: Jana Pu\u010dekov\u00e1 Otec: LIMITED EDITION LEON Lucy\u00b4s Secret, Matka: BRILL PADME\u00a0Deep Secret D\u00e1tum narodenia \u0161teniat: 30.5.2021 SPKP 120\u00a0 [...]<\/p><\/div><\/div><div class=\"fusion-clearfix\"><\/div><div class=\"fusion-meta-info\"><div class=\"fusion-alignleft\"><span class=\"vcard\" style=\"display: none;\"><span class=\"fn\"><a href=\"https:\/\/ktp-sk.sk\/old\/author\/blazo\/\" title=\"Autor \u010dl\u00e1nku Radek Bla\u017eo\" rel=\"author\">Radek Bla\u017eo<\/a><\/span><\/span><span class=\"updated\" style=\"display:none;\">2021-08-08T08:14:27+02:00<\/span><span>08\/08\/2021 <\/span><span class=\"fusion-inline-sep\">|<\/span><\/div><\/div><\/article>\n<article id=\"blog-1-post-6575\" class=\"fusion-post-large post-6575 post type-post status-publish format-standard hentry category-pk-ts\">\n<div class=\"fusion-post-content post-content\"><h2 class=\"blog-shortcode-post-title entry-title\"><a href=\"https:\/\/ktp-sk.sk\/old\/pk-ts-2020\/\">PK T\u0160 2020<\/a><\/h2><div class=\"fusion-post-content-container\"><p>Chovate\u013esk\u00e1 stanica Stella Tibet, KTP 1\/20 Chovate\u013e: Jana Pu\u010dekov\u00e1 Otec: LIMITED EDITION LEON Lucy\u00b4s Secret, Matka: BRIA Donum Tibet D\u00e1tum narodenia \u0161teniat: 30.6.2020 SPKP 117 [...]<\/p><\/div><\/div><div class=\"fusion-clearfix\"><\/div><div class=\"fusion-meta-info\"><div class=\"fusion-alignleft\"><span class=\"vcard\" style=\"display: none;\"><span class=\"fn\"><a href=\"https:\/\/ktp-sk.sk\/old\/author\/blazo\/\" title=\"Autor \u010dl\u00e1nku Radek Bla\u017eo\" rel=\"author\">Radek Bla\u017eo<\/a><\/span><\/span><span class=\"updated\" style=\"display:none;\">2021-08-08T08:06:10+02:00<\/span><span>31\/12\/2020 <\/span><span class=\"fusion-inline-sep\">|<\/span><\/div><\/div><\/article>\n<article id=\"blog-1-post-6572\" class=\"fusion-post-large post-6572 post type-post status-publish format-standard hentry category-pk-ts\">\n<div class=\"fusion-post-content post-content\"><h2 class=\"blog-shortcode-post-title entry-title\"><a href=\"https:\/\/ktp-sk.sk\/old\/pk-ts-2019\/\">PK T\u0160 2019<\/a><\/h2><div class=\"fusion-post-content-container\"><p>Chovate\u013esk\u00e1 stanica Stella Tibet, KTP 1\/19 Chovate\u013e: Jana Pu\u010dekov\u00e1 Otec: LIMITED EDITION LEON Lucy\u00b4s Secret, Matka: BRILL PADME\u00a0Deep Secret D\u00e1tum narodenia \u0161teniat: 21.12.2019 SPKP 114 [...]<\/p><\/div><\/div><div class=\"fusion-clearfix\"><\/div><div class=\"fusion-meta-info\"><div class=\"fusion-alignleft\"><span class=\"vcard\" style=\"display: none;\"><span class=\"fn\"><a href=\"https:\/\/ktp-sk.sk\/old\/author\/blazo\/\" title=\"Autor \u010dl\u00e1nku Radek Bla\u017eo\" rel=\"author\">Radek Bla\u017eo<\/a><\/span><\/span><span class=\"updated\" style=\"display:none;\">2021-08-08T08:12:31+02:00<\/span><span>31\/12\/2019 <\/span><span class=\"fusion-inline-sep\">|<\/span><\/div><\/div><\/article>\n<article id=\"blog-1-post-6320\" class=\"fusion-post-large post-6320 post type-post status-publish format-standard hentry category-pk-ts\">\n<div class=\"fusion-post-content post-content\"><h2 class=\"blog-shortcode-post-title entry-title\"><a href=\"https:\/\/ktp-sk.sk\/old\/pk-ts-2018\/\">PK T\u0160 2018<\/a><\/h2><div class=\"fusion-post-content-container\"><p>Import \u010cesk\u00e1 republika D\u00e1tum z\u00e1pisu: 10.07.2018 SPKP 111 LIMITED EDITION LEON Lucy\u00b4s secret, pes Majite\u013e: Pu\u010dekov\u00e1 Jana Import \u010cesk\u00e1 republika D\u00e1tum z\u00e1pisu: 04.10.2018 SPKP 112 [...]<\/p><\/div><\/div><div class=\"fusion-clearfix\"><\/div><div class=\"fusion-meta-info\"><div class=\"fusion-alignleft\"><span class=\"vcard\" style=\"display: none;\"><span class=\"fn\"><a href=\"https:\/\/ktp-sk.sk\/old\/author\/blazo\/\" title=\"Autor \u010dl\u00e1nku Radek Bla\u017eo\" rel=\"author\">Radek Bla\u017eo<\/a><\/span><\/span><span class=\"updated\" style=\"display:none;\">2020-10-14T12:32:39+02:00<\/span><span>31\/12\/2018 <\/span><span class=\"fusion-inline-sep\">|<\/span><\/div><\/div><\/article>\n<\/div><div class=\"pagination clearfix\"><span class=\"current\">1<\/span><a href=\"https:\/\/ktp-sk.sk\/old\/wp-json\/wp\/v2\/pages\/1776\/page\/2\/\" class=\"inactive\">2<\/a><a class=\"pagination-next\" rel=\"next\" href=\"https:\/\/ktp-sk.sk\/old\/wp-json\/wp\/v2\/pages\/1776\/page\/2\/\"><span class=\"page-text\">Next<\/span><span class=\"page-next\"><\/span><\/a><\/div><div class=\"fusion-clearfix\"><\/div><\/div><\/div><style type=\"text\/css\">.fusion-body .fusion-builder-column-0{width:100% !important;margin-top : 0px;margin-bottom : 0px;}.fusion-builder-column-0 > .fusion-column-wrapper {padding-top : 0px !important;padding-right : 0px !important;margin-right : 0px;padding-bottom : 0px !important;padding-left : 0px !important;margin-left : 0px;}@media only screen and (max-width:1024px) {.fusion-body .fusion-builder-column-0{width:100% !important;}.fusion-builder-column-0 > .fusion-column-wrapper {margin-right : 0px;margin-left : 0px;}}@media only screen and (max-width:640px) {.fusion-body .fusion-builder-column-0{width:100% !important;}.fusion-builder-column-0 > .fusion-column-wrapper {margin-right : 0px;margin-left : 0px;}}<\/style><\/div><\/div><style type=\"text\/css\">.fusion-fullwidth.fusion-builder-row-1 { overflow:visible; }.fusion-body .fusion-flex-container.fusion-builder-row-1{ padding-top : 0px;margin-top : 0px;padding-right : 0px;padding-bottom : 0px;margin-bottom : 0px;padding-left : 0px;}<\/style><\/div>\n","protected":false},"excerpt":{"rendered":"","protected":false},"author":8,"featured_media":0,"parent":0,"menu_order":0,"comment_status":"open","ping_status":"closed","template":"","meta":{"ngg_post_thumbnail":0},"_links":{"self":[{"href":"https:\/\/ktp-sk.sk\/old\/wp-json\/wp\/v2\/pages\/1776"}],"collection":[{"href":"https:\/\/ktp-sk.sk\/old\/wp-json\/wp\/v2\/pages"}],"about":[{"href":"https:\/\/ktp-sk.sk\/old\/wp-json\/wp\/v2\/types\/page"}],"author":[{"embeddable":true,"href":"https:\/\/ktp-sk.sk\/old\/wp-json\/wp\/v2\/users\/8"}],"replies":[{"embeddable":true,"href":"https:\/\/ktp-sk.sk\/old\/wp-json\/wp\/v2\/comments?post=1776"}],"version-history":[{"count":0,"href":"https:\/\/ktp-sk.sk\/old\/wp-json\/wp\/v2\/pages\/1776\/revisions"}],"wp:attachment":[{"href":"https:\/\/ktp-sk.sk\/old\/wp-json\/wp\/v2\/media?parent=1776"}],"curies":[{"name":"wp","href":"https:\/\/api.w.org\/{rel}","templated":true}]}}