{"id":2284,"date":"2013-05-11T08:15:20","date_gmt":"2013-05-11T06:15:20","guid":{"rendered":"http:\/\/www.ktp-sk.sk\/?page_id=2284"},"modified":"2017-09-12T20:14:01","modified_gmt":"2017-09-12T18:14:01","slug":"24-3-2013","status":"publish","type":"page","link":"https:\/\/ktp-sk.sk\/old\/24-3-2013\/","title":{"rendered":"24.3.2013"},"content":{"rendered":"<p>ZOZNAM VYSTAVOVAN\u00ddCH PLEMIEN &#8211; sobota 24.3.2013<br \/>\nLIST OF BREEDS &#8211; Saturday 24.3.2013<\/p>\n<p>D\u00e1tum: 24.3.2013<\/p>\n<p>Kruh\/Ring 1 Rozhodca\/Judge: R\u00f3bert Kan\u00e1s, SK<\/p>\n<p>SHIH TZU&nbsp;&nbsp; &nbsp;7&nbsp;&nbsp; &nbsp;1 &#8211; 7<br \/>\nLHASA APSO&nbsp;&nbsp; &nbsp;14&nbsp;&nbsp; &nbsp;8 &#8211; 21<br \/>\nTIBETAN SPANIEL&nbsp;&nbsp; &nbsp;13&nbsp;&nbsp; &nbsp;22 &#8211; 34<br \/>\nTIBETAN TERRIER&nbsp;&nbsp; &nbsp;6&nbsp;&nbsp; &nbsp;35 &#8211; 40<br \/>\nSPOLU \/ TOTAL&nbsp;&nbsp; &nbsp;40<\/p>\n<p><strong>SHIH-TZU<\/strong><\/p>\n<p>Kruh\/Ring 1 &#8211; Rozhodca\/Judge : R\u00f3bert Kan\u00e1s SK<\/p>\n<p>PSY \/ MALES<\/p>\n<p>TRIEDA MLAD\u00ddCH \/ JUNIOR CLASS<br \/>\n1&nbsp;&nbsp; &nbsp;CHESVET LINE IMAGE BLACK PEARLS, SPKP 738, 14.10.2011<br \/>\nO: HASHANAH COOL SHOT, M: CHESVET LINE OCHAROVANIE ORIANNA<br \/>\nCH: SVETLANA MIKHAYLOVA (RUS), MAJ: MACHYNOV\u00c1 BE\u00c1TA&nbsp;&nbsp; &nbsp;VD<br \/>\n2&nbsp;&nbsp; &nbsp;O\u00b4MALLEY\u00b4S SEVEN, CMKU \/ SHI \/ 5565\/-12\/12, 12.05.2012<br \/>\nO: SANNIE\u00b4S S &#8211; ANKE NOAH O\u00b4MALLEY, M: LEVENDOSK N\u00b4WAFER GOSSIP GIRL<br \/>\nCH: MALL WALLENGREN&nbsp;&nbsp; MAJ: PEK\u00c1ROV\u00c1 ERIKA ING.&nbsp;&nbsp; &nbsp;V1, CAJC, JCC, <strong>KVM<\/strong><\/p>\n<p>TRIEDA STREDN\u00c1 \/ INTERMEDIATE CLASS<br \/>\n3&nbsp;&nbsp; &nbsp;BR PEPPER\u00b4S NEVER SAY NEVER, CMKU\/SHI\/ 5622\/-12\/11\/12, 17.06.2011<br \/>\nO: SYMARUN\u00b4S ONE LAST LOOK, M: BR PEPPER\u00b4S THE LITTLE MERMAID<br \/>\nCH: LEONARDO ROSLINDO PIMENTA, MAJ: BYSTRIANSK\u00c1 VERONIKA&nbsp;&nbsp; &nbsp;V1, CAC, CC, <strong>KV<\/strong><\/p>\n<p>SUKY \/ FEMALES<\/p>\n<p>TRIEDA DORASTU \/ PUPPY CLASS<br \/>\n4&nbsp;&nbsp; &nbsp;DANNA ATREI KIRABZER, SPKP762, 10.07.2012<br \/>\nO: BLACKBERRY\u00b4S MISSION COMPLETED, M: SANTANNA-ATREI KIRABZER<br \/>\nCH: REZB\u00c1RIK MIROSLAV, MAJ: B\u00cdZIKOV\u00c1 SILVIA&nbsp;&nbsp; &nbsp;N\u00e1dejn\u00fd<\/p>\n<p>TRIEDA MLAD\u00ddCH \/ JUNIOR CLASS<br \/>\n5&nbsp;&nbsp; &nbsp;URGENCE Z IVAFRE, CMKU\/SHI\/5526\/12, 21.04.2012<br \/>\nO: VONG-KONG SHAH ABBAS, M: MANITY Z IVAFRE<br \/>\nCH: FREMROV\u00c1 IVA, MAJ: BAL\u00c1\u017dOV\u00c1 EVA ING.&nbsp;&nbsp; &nbsp;V1, CAJC, JCC, <strong>KVM, BOB Junior, Najlep\u0161\u00ed mlad\u00fd jedinec<\/strong><\/p>\n<p>TRIEDA \u0160AMPI\u00d3NOV \/ CHAMPION CLASS<br \/>\n6&nbsp;&nbsp; &nbsp;KENYA Z IVAFRE, CMKU\/SHI\/ 5111\/10, 11.04.2010<br \/>\nO: BO- TWISTER &#8211; SON SHAH ABBAS, M: HAGI MA-CA-LU<br \/>\nCH: FREMROV\u00c1 IVA, MAJ: BAL\u00c1\u017dOV\u00c1 EVA ING.&nbsp;&nbsp; &nbsp;V2, R.CAC<br \/>\n7&nbsp;&nbsp; &nbsp;LASHALIMAR ABSOLUTELY STUNNING, CMKU\/SHI\/4322\/-06\/06\/10, 11.10.2006<br \/>\nO: SEAFAL ABSOLUTELY, M: LASHALIMAR KISS MY BRASS<br \/>\nCH: JANE COUCH&nbsp;&nbsp; MAJ: PEK\u00c1ROV\u00c1 ERIKA ING.&nbsp;&nbsp; &nbsp;V1, CAC, CC, <strong>KV, BOB, BIS IV.<\/strong><\/p>\n<p><strong>LHASA APSO<\/strong><\/p>\n<p>Kruh\/Ring 1 &#8211; Rozhodca\/Judge : R\u00f3bert Kan\u00e1s SK<\/p>\n<p>PSY \/ MALES<\/p>\n<p>TRIEDA DORASTU \/ PUPPY CLASS<br \/>\n8&nbsp;&nbsp; &nbsp;SURAHBI AGATA LUX, SPKP 492, 12.09.2012<br \/>\nO: QUIDO AGATA LUX, M: KJA-LA AGATA LUX<br \/>\nCH: \u010cERN\u00c1 J\u00daLIA, MAJ: \u010cERN\u00c1 J\u00daLIA&nbsp;&nbsp; &nbsp;N\u00e1dejn\u00fd<\/p>\n<p>TRIEDA MLAD\u00ddCH \/ JUNIOR CLASS<br \/>\n9&nbsp;&nbsp; &nbsp;MONCHARA GEMA -ROSES, SPKP 469, 23.11.2011<br \/>\nO: CARMIN CASCADE Z\u00c1MOCK\u00c1 Z\u00c1HRADA, M: JA\u0160KA GEMA &#8211; ROSES<br \/>\nCH: GER\u0160I\u010cOV\u00c1 MARIE, MAJ: GER\u0160I\u010cOV\u00c1 M\u00c1RIE&nbsp;&nbsp; &nbsp;VD1<\/p>\n<p>TRIEDA STREDN\u00c1 \/ INTERMEDIATE CLASS<br \/>\n10&nbsp;&nbsp; &nbsp;YANGADOO\u00b4S XPENSIVE TASTE, SPKP 472, 10.11.2011<br \/>\nO: MI-AMOR EYECATCHER, M: YANGADOO\u00b4S MY SWEET HEART<br \/>\nCH: HALLGREN PERNILLA, MAJ: SINGHOV\u00c1 ERIKA&nbsp;&nbsp; &nbsp;V1<\/p>\n<p>TRIEDA \u0160AMPI\u00d3NOV \/ CHAMPION CLASS<br \/>\n11&nbsp;&nbsp; &nbsp;SAYONARA THINKER OF GOLDEN SPRITE, MET.LH.AP. 1874\/09, 11.04.2009<br \/>\nO: KHALILA KRUG GRANDE, M: BASTERBERRI YRIAN<br \/>\nCH: G\u00c1BOR CSIZMADIA, MAJ: CSIZMADIA G\u00c1BOR&nbsp;&nbsp; &nbsp;NEPOS\u00daDEN\u00dd<\/p>\n<p>SUKY \/ FEMALES<\/p>\n<p>TRIEDA \u0160TENIAT \/ BABY CLASS<br \/>\n12&nbsp;&nbsp; &nbsp;RADICALLY\u00b4S BAILEE, SPKP ????, 12.12.2012<br \/>\nO: ORLANE\u00b4S TURNING HEADS, M: ORLANE\u00b4S ALL TOO EASY<br \/>\nCH: RADEK BLA\u017dO, MAJ: BLA\u017dO RADEK MGR.&nbsp;&nbsp; &nbsp;VN, <strong>NAJKRAJ\u0160IE \u0160TENIATKO<\/strong><\/p>\n<p>TRIEDA DORASTU \/ PUPPY CLASS<br \/>\n13&nbsp;&nbsp; &nbsp;SUGAR BABI AGATA LUX, SPKP 493, 12.09.2012<br \/>\nO: QUIDO AGATA LUX, M: KJA-LA AGATA LUX<br \/>\nCH: \u010cERN\u00c1 J\u00daLIA, MAJ: \u010cERN\u00c1 J\u00daLIA&nbsp;&nbsp; &nbsp;N\u00e1dejn\u00fd<br \/>\n14&nbsp;&nbsp; &nbsp;VANDA IVEPET, SPKP 486, 01.07.2012<br \/>\nO: SEMPLICEMENTE DELL\u00b4ALBERICO, M: YANGADOOS QUICK STEP TO IVEPET<br \/>\nCH: PETRAKOVA IVETA&nbsp;&nbsp; MAJ: PA\u0160KOV\u00c1 EM\u00cdLIA&nbsp;&nbsp; &nbsp;VN<\/p>\n<p>TRIEDA MLAD\u00ddCH \/ JUNIOR CLASS<br \/>\n15&nbsp;&nbsp; &nbsp;MOIRA GEMA- ROSES, SPKP 470, 23.11.2011<br \/>\nO: CARMIN CASCADE Z\u00c1MOCK\u00c1 Z\u00c1HRADA, M: JA\u0160KA GEMA &#8211; ROSES<br \/>\nCH: GER\u0160I\u010cOV\u00c1 MARIE, MAJ: GER\u0160I\u010cOV\u00c1 M\u00c1RIE&nbsp;&nbsp; &nbsp;V2<br \/>\n16&nbsp;&nbsp; &nbsp;RAPSODIE STAR\u00c1 BA\u0160TA, SPKP 483, 30.03.2012<br \/>\nO: SAYONARA TINKER OF GOLDEN SPRITE, M: JOUJOU MINI STAR\u00c1 BA\u0160TA<br \/>\nCH: \u0160TEF\u00c1NIKOV\u00c1 EDITA&nbsp;&nbsp; MAJ: \u0160TEF\u00c1NIKOV\u00c1 EDITA DR.&nbsp;&nbsp; &nbsp;V1<\/p>\n<p>TRIEDA STREDN\u00c1 \/ INTERMEDIATE CLASS<br \/>\n17&nbsp;&nbsp; &nbsp;SAYONARA APSO WILLING TO WIN, MET.LH.AP. 1889\/11, 27.05.2011<br \/>\nO: SAYONARA ORIENT OHH \u00b4LA \u00b4LA, M: SAYONARA GOLDEN GIRL<br \/>\nCH: G\u00c1BOR CSIZMADIA, MAJ: CSIZMADIA G\u00c1BOR&nbsp;&nbsp; &nbsp;V1, CAC, CC<\/p>\n<p>TRIEDA OTVOREN\u00c1 \/ OPEN CLASS<br \/>\n18&nbsp;&nbsp; &nbsp;CHATUM GEMA-ROSES, SPKP 324, 28.05.2008<br \/>\nO: CLAVIUS IVEPET, M: CARIN GEMA-ROSES<br \/>\nCH: GER\u0160I\u010cOV\u00c1 M\u00c1RIA, MAJ: \u010cERVEN\u00cdKOV\u00c1 \u013dUBICA ING.&nbsp;&nbsp; &nbsp;NENAST\u00daPIL<\/p>\n<p>TRIEDA \u0160AMPI\u00d3NOV \/ CHAMPION CLASS<br \/>\n19&nbsp;&nbsp; &nbsp;ORLANE\u00b4S ALL TOO EASY, SPKP 316, 25.11.2007<br \/>\nO: ORLANE\u00b4S EASY TO BE ME, M: ORLANE\u00b4S ALL IN THE SAME BOAT<br \/>\nCH: LINDA KENDALL SMITH, MAJ: BLA\u017dO RADEK MGR.&nbsp;&nbsp; &nbsp;V2, R.CAC<br \/>\n20&nbsp;&nbsp; <strong>&nbsp;SAYONARA TWISTER OF GOLDEN SPRITE<\/strong>, MET.LH.AP. 1875\/09, 11.04.2009<br \/>\nO: KHALILA KRUG GRANDE, M: BASTERBERRI YRIAN<br \/>\nCH: G\u00c1BOR CSIZMADIA&nbsp;&nbsp; MAJ: CSIZMADIA G\u00c1BOR&nbsp;&nbsp; &nbsp;V1, CAC, CC, <strong>KV, BOB, BIS I.<\/strong><\/p>\n<p>TRIEDA VETER\u00c1NOV \/ VETERAN CLASS<br \/>\n21&nbsp;&nbsp; &nbsp;TI LA SHU O\u00b4IVEPET, SPKP 177, 07.02.2005<br \/>\nO: KOKOMO COOL FOR CATS, M: KIZMET SWEET GEORGIA BROWN<br \/>\nCH: RAUHUT S&amp;K, MAJ: PETRAKOV\u00c1 IVETA&nbsp;&nbsp; &nbsp;V1, <strong>NAJKRAJ\u0160\u00cd VETER\u00c1N<\/strong><\/p>\n<p><strong>TIBETSK\u00dd \u0160PANIEL<\/strong><\/p>\n<p>Kruh\/Ring 1 &#8211; Rozhodca\/Judge : R\u00f3bert Kan\u00e1s SK<\/p>\n<p>PSY \/ MALES<\/p>\n<p>TRIEDA DORASTU \/ PUPPY CLASS<br \/>\n22&nbsp;&nbsp; &nbsp;SOMMERLYST\u00b4S OS-PA DANPO, SPKP 74, 23.09.2012<br \/>\nO: SOMMERLYST\u00b4S MA-HAT-MA NORBU, M: SOMMERLYST\u00b4S WA CHI-LI-LI<br \/>\nCH: PRIMDAL RAGNHILD, MAJ: HANUSOV\u00c1 ANDREA ING&nbsp;&nbsp; &nbsp;VN<\/p>\n<p>TRIEDA STREDN\u00c1 \/ INTERMEDIATE CLASS<br \/>\n23&nbsp;&nbsp; &nbsp;CAN-RIG LOTOSOV\u00dd KVET TIBETU, SPKP 61, 01.06.2011<br \/>\nO: DGA-PO-NE-PO SOMMERLYST, M: ETHEL MODR\u00c1 P\u00cdSNI\u010cKA<br \/>\nCH: INGRID VISOLAJSK\u00c1, MAJ: KOV\u00c1\u010cOV\u00c1 M\u00c1RIA ING.&nbsp;&nbsp; &nbsp;VD1<\/p>\n<p>TRIEDA OTVOREN\u00c1 \/ OPEN CLASS<br \/>\n24&nbsp;&nbsp; &nbsp;ARNI GANG CZIKI, PKR.IX-50327 6861\/XIV\/07, 18.09.2007<br \/>\nO: ANDY SNEHURCIN POKLAD, M: PANNA COTTA MILA CHATANGA<br \/>\nCH: ZABLOCKA ELZBIETA, MAJ: ANDRUSIEWICZ MAGDALENA&nbsp;&nbsp; &nbsp;V1, CAC, CC<br \/>\n25&nbsp;&nbsp; &nbsp;BRI-ZHAL LOTOSOV\u00dd KVET TIBETU, SPKP 58, 16.10.2010<br \/>\nO: AMOR PERLA MAHAGON, M: ODETTE PERLA MAHAGON<br \/>\nCH: VISOLAJSK\u00c1 INGRID&nbsp;&nbsp; MAJ: TURANSK\u00c1 O\u013dGA JUDR.&nbsp;&nbsp; &nbsp;V2, R.CAC<\/p>\n<p>TRIEDA \u0160AMPI\u00d3NOV \/ CHAMPION CLASS<br \/>\n26&nbsp;&nbsp; &nbsp;B\u00c9LOS PERLA MAHAGON, CMKU\/TS\/982\/07\/08, 28.01.2007<br \/>\nO: NORBU PUL-I-KHUMRI, M: KIRK\u00c9 PERLA MAHAGON<br \/>\nCH: EVA H\u00c1JKOV\u00c1, MAJ: H\u00c1JKOV\u00c1 EVA&nbsp;&nbsp; &nbsp;V1, CAC, CC, <strong>KV, BOB, BIS III.<\/strong><br \/>\n27&nbsp;&nbsp; &nbsp;SOMMERLYST\u00b4S DGA-PO-NE-PO, SPKP 55, 20.10.2009<br \/>\nO: SOMMERLYST\u00b4S ISHVARA GA-WA, M: SOMMERLYST\u00b4S JOMO VESTA<br \/>\nCH: VISOLAJSK\u00c1 INGRID&nbsp;&nbsp; MAJ: VISOLAJSK\u00c1 INGRID&nbsp;&nbsp; &nbsp;V2<\/p>\n<p>TRIEDA VETER\u00c1NOV \/ VETERAN CLASS<br \/>\n28&nbsp;&nbsp; &nbsp;NORBU PUL-I-KHUMRI, CMKU\/TS\/709-03\/02\/04, 07.12.2002<br \/>\nO: SILVESTER VAN T\u00b4BURGSTSE HOF, M: WANGDULA PUL-I-KHUMRI<br \/>\nCH: ELISABETH D\u00dcRR-VERBOOM, MAJ: H\u00c1JKOV\u00c1 EVA&nbsp;&nbsp; &nbsp;V1<\/p>\n<p>SUKY \/ FEMALES<\/p>\n<p>TRIEDA DORASTU \/ PUPPY CLASS<br \/>\n29&nbsp;&nbsp; &nbsp;E-MA-HI-SA LOTOSOV\u00dd KVET TIBETU, SPKP 72, 26.07.2012<br \/>\nO: SOMMERLYST\u00b4S DGA-PO-NE-PO, M: ETHEL MODR\u00c1 P\u00cdSNI\u010cKA<br \/>\nCH: VISOLAJSK\u00c1 INGRID, MAJ: VISOLAJSK\u00c1 INGRID&nbsp;&nbsp; &nbsp;VN<br \/>\n30&nbsp;&nbsp; &nbsp;KIIRAMANNA MISS FINLAND, PKR.IX-62345 8295\/XIV\/12, 27.08.2012<br \/>\nO: SHANDITA \u00b4S TRU FINN, M: KIIRAMANNA DUMFFELIDUM<br \/>\nCH: UIMONEN MERJA&nbsp;&nbsp; MAJ: ANDRUSIEWICZ MAGDALENA&nbsp;&nbsp; &nbsp;VN, <strong>NAJKRAJ\u0160\u00cd DORAST<\/strong><br \/>\nTRIEDA MLAD\u00ddCH \/ JUNIOR CLASS<br \/>\n31&nbsp;&nbsp; &nbsp;FANTASIA PERLA MAHAGON, CMKU\/TS\/1464\/12, 26.01.2012<br \/>\nO: ORIN PERLA MAHAGON, M: KASSIOPEA PERLA MAHAGON<br \/>\nCH: EVA H\u00c1JKOV\u00c1, MAJ: H\u00c1JKOV\u00c1 EVA&nbsp;&nbsp; &nbsp;V1, CAJC, JCC, <strong>KVM, BOB Junior<\/strong><\/p>\n<p>TRIEDA STREDN\u00c1 \/ INTERMEDIATE CLASS<br \/>\n32&nbsp;&nbsp; &nbsp;CA-TSHA LOTOSOV\u00dd KVET TIBETU, SPKP 64, 01.06.2011<br \/>\nO: SOMMERLYST\u00b4S DGA-PO-NE-PO, M: ETHEL MODR\u00c1 P\u00cdSNI\u010cKA<br \/>\nCH: VISOLAJSK\u00c1 INGRID, MAJ: HANUSOV\u00c1 ANDREA ING&nbsp;&nbsp; &nbsp;VD2<br \/>\n33&nbsp;&nbsp; &nbsp;EXPLOSE PERLA MAHAGON, CMKU\/TS\/1444\/11, 11.10.2011<br \/>\nO: ALLISTER BOHEMIAN BY BIRTH, M: ISIS PERLA MAHAGON<br \/>\nCH: EVA H\u00c1JKOV\u00c1&nbsp;&nbsp; MAJ: H\u00c1JKOV\u00c1 EVA&nbsp;&nbsp; &nbsp;V1, CAC, CC, <strong>KV<\/strong><\/p>\n<p>TRIEDA OTVOREN\u00c1 \/ OPEN CLASS<br \/>\n34&nbsp;&nbsp; &nbsp;INDU BEDIGEBU, CMKU\/TS\/1324\/10, 29.05.2010<br \/>\nO: ACHTAJ BOHEMIA MAESTRO, M: HAJAGRIVA BEDIGEBU<br \/>\nCH: HLUBOCK\u00c1 &#8211; KMON\u00cd\u010cKOV\u00c1 KL\u00c1RA, MAJ: PAP\u00cdKOV\u00c1 MILADA ING.&nbsp;&nbsp; &nbsp;VD1<\/p>\n<p><strong>TIBETSK\u00dd TERI\u00c9R<\/strong><\/p>\n<p>Kruh\/Ring 1 &#8211; Rozhodca\/Judge : R\u00f3bert Kan\u00e1s SK<\/p>\n<p>PSY \/ MALES<\/p>\n<p>TRIEDA \u0160TENIAT \/ BABY CLASS<br \/>\n35&nbsp;&nbsp; &nbsp;NYAMS DOD-PA OD VILZONKY, CMKU\/TT 1275\/12, 28.09.2012<br \/>\nO: ALILAH \u00b4S XTRA WELL DRESSED AT WATERLEY, M: PAM ZAMIRIN U MAKE ME HAPPY<br \/>\nCH: MACHA\u010cOV\u00c1 MARTINA , MAJ: CHVALA LENKA&nbsp;&nbsp; &nbsp;VN<\/p>\n<p>TRIEDA OTVOREN\u00c1 \/ OPEN CLASS<br \/>\n36&nbsp;&nbsp; &nbsp;LHA-CHEN PO OD VILZONKY, CMKU\/TT\/1149\/11, 23.01.2011<br \/>\nO: PAM-ZAMIRIN IBEX-IFII, M: INDIRA OD VILZONKY<br \/>\nCH: MARTINA MACHA\u010cOV\u00c1, MAJ: JUKL\u00cd\u010cEK JI\u0158\u00cd&nbsp;&nbsp; &nbsp;V1, CAC, CC<\/p>\n<p>TRIEDA \u0160AMPI\u00d3NOV \/ CHAMPION CLASS<br \/>\n37&nbsp;&nbsp; &nbsp;KHYI-MI BOD-JA LAMLEH, SPKP 279, 01.04.2010<br \/>\nO: WANTED NICE DOG \u00b4S FAROUK LAMLEH, M: BHOOMI LAMLEH SCHAMBALA<br \/>\nCH: AD\u00c1MEKOV\u00c1 MARTINA, MAJ: AD\u00c1MEK MILAN A MARTINA&nbsp;&nbsp; &nbsp;V1, CAC, CC, <strong>KV<\/strong><\/p>\n<p>SUKY \/ FEMALES<\/p>\n<p>TRIEDA MLAD\u00ddCH \/ JUNIOR CLASS<br \/>\n38&nbsp;&nbsp; &nbsp;ELLORA TINGRI, SPKP 312, 15.04.2012<br \/>\nO: FALAMANDUS NORDIC VINTAGE, M: L\u00d6VSK\u00c4R\u00b4S LASYA<br \/>\nCH: BAJSOV\u00c1 A KR\u00c1LIK ZDENKA A ALBERT, MAJ: KU\u010cERKOV\u00c1 VERONIKA&nbsp;&nbsp; &nbsp;V1, CAJC, JCC, <strong>KVM, BOB Junior<\/strong><\/p>\n<p>TRIEDA OTVOREN\u00c1 \/ OPEN CLASS<br \/>\n39&nbsp;&nbsp; &nbsp;KHYI-MI BHAGYA LAMLEH, CMKU\/TT\/1101\/-10\/10, 01.04.2010<br \/>\nO: WANTED NICE DOG \u00b4S FAROUK LAMLEH, M: BHOOMI LAMLEH SCHAMBALA<br \/>\nCH: AD\u00c1MEKOV\u00c1 MARTINA, MAJ: ZACPAL MARTIN&nbsp;&nbsp; &nbsp;V1, CAC, CC<\/p>\n<p>TRIEDA \u0160AMPI\u00d3NOV \/ CHAMPION CLASS<br \/>\n40&nbsp;&nbsp; &nbsp;PAM ZAMIRIN U MAKE ME HAPPY, CMKU\/TT\/1113\/10, 12.03.2010<br \/>\nO: FALAMANDUS KNOCK OUT, M: F\u00b4 TSHANG-MA OD VILZONKY<br \/>\nCH: MACHA\u010cOV\u00c1 MARTINA, MAJ: CHVALA LENKA&nbsp;&nbsp; &nbsp;V1, CAC, CC, <strong>KV, BOB, BIS II.<\/strong><\/p>\n<p style=\"text-align: right;\"><a href=\"http:\/\/www.ktp-sk.sk\/vysledky-klubovych-vystav\/\" target=\"_blank\" rel=\"noopener\">sp\u00e4\u0165 na Klubov\u00e9 akcie<\/a><\/p>\n","protected":false},"excerpt":{"rendered":"<p>ZOZNAM VYSTAVOVAN\u00ddCH PLEMIEN &#8211; sobota 24.3.2013 LIST OF BREEDS &#8211; Saturday 24.3.2013 D\u00e1tum: 24.3.2013 Kruh\/Ring 1 Rozhodca\/Judge: R\u00f3bert Kan\u00e1s, SK SHIH TZU&nbsp;&nbsp; &nbsp;7&nbsp;&nbsp; &nbsp;1 &#8211; [&hellip;]<\/p>\n","protected":false},"author":8,"featured_media":0,"parent":0,"menu_order":0,"comment_status":"open","ping_status":"closed","template":"","meta":{"ngg_post_thumbnail":0},"_links":{"self":[{"href":"https:\/\/ktp-sk.sk\/old\/wp-json\/wp\/v2\/pages\/2284"}],"collection":[{"href":"https:\/\/ktp-sk.sk\/old\/wp-json\/wp\/v2\/pages"}],"about":[{"href":"https:\/\/ktp-sk.sk\/old\/wp-json\/wp\/v2\/types\/page"}],"author":[{"embeddable":true,"href":"https:\/\/ktp-sk.sk\/old\/wp-json\/wp\/v2\/users\/8"}],"replies":[{"embeddable":true,"href":"https:\/\/ktp-sk.sk\/old\/wp-json\/wp\/v2\/comments?post=2284"}],"version-history":[{"count":0,"href":"https:\/\/ktp-sk.sk\/old\/wp-json\/wp\/v2\/pages\/2284\/revisions"}],"wp:attachment":[{"href":"https:\/\/ktp-sk.sk\/old\/wp-json\/wp\/v2\/media?parent=2284"}],"curies":[{"name":"wp","href":"https:\/\/api.w.org\/{rel}","templated":true}]}}