{"id":2294,"date":"2012-03-11T08:34:39","date_gmt":"2012-03-11T06:34:39","guid":{"rendered":"http:\/\/www.ktp-sk.sk\/?page_id=2294"},"modified":"2017-09-12T19:18:37","modified_gmt":"2017-09-12T17:18:37","slug":"11-3-2012","status":"publish","type":"page","link":"https:\/\/ktp-sk.sk\/old\/11-3-2012\/","title":{"rendered":"11.3.2012"},"content":{"rendered":"<p>ZOZNAM VYSTAVOVAN\u00ddCH PLEMIEN &#8211; sobota 11.3.2012<br \/>\nLIST OF BREEDS &#8211; Saturday 11.3.2012<\/p>\n<p>D\u00e1tum: 11.3.2012<\/p>\n<p>Kruh\/Ring 1 Rozhodca\/Judge: Uschi Eisner, A<\/p>\n<p>TIBETAN SPANIEL&nbsp;&nbsp; &nbsp;14&nbsp;&nbsp; &nbsp;1 &#8211; 14<br \/>\nSHIH TZU&nbsp;&nbsp; &nbsp;12&nbsp;&nbsp; &nbsp;15 &#8211; 26<br \/>\nTIBETAN TERRIER&nbsp;&nbsp; &nbsp;11&nbsp;&nbsp; &nbsp;27 &#8211; 37<br \/>\nLHASA APSO&nbsp;&nbsp; &nbsp;20&nbsp;&nbsp; &nbsp;38 &#8211; 57<br \/>\nSPOLU \/ TOTAL&nbsp;&nbsp; &nbsp;57<\/p>\n<p><strong>TIBETSK\u00dd \u0160PANIEL<\/strong><\/p>\n<p>Kruh\/Ring 1 &#8211; Rozhodca\/Judge : Uschi Eisner A<\/p>\n<p>PSY \/ MALES<\/p>\n<p>TRIEDA MLAD\u00ddCH \/ JUNIOR CLASS<br \/>\n1&nbsp;&nbsp; &nbsp;CAN-RIG LOTOSOV\u00dd KVET TIBETU, SPKP 61, 01.06.2011<br \/>\nO: DGA-PO-NE-PO SOMMERLYST, M: ETHEL MODR\u00c1 P\u00cdSNI\u010cKA<br \/>\nCH: INGRID VISOLAJSK\u00c1, MAJ: KOV\u00c1\u010cOV\u00c1 M\u00c1RIA ING.&nbsp;&nbsp; &nbsp;VD1<\/p>\n<p>TRIEDA STREDN\u00c1 \/ INTERMEDIATE CLASS<br \/>\n2&nbsp;&nbsp; &nbsp;BRI ZHAL LOTOSOV\u00dd KVET TIBETU, SPKP 58, 16.10.2010<br \/>\nO: AMOR PERLA MAHAGON, M: ODETTE PERLA MAHAGON<br \/>\nCH: INGRID VISOLAJSK\u00c1, MAJ: TURANSK\u00c1 O\u013dGA JUDR.&nbsp;&nbsp; &nbsp;VD1<\/p>\n<p>TRIEDA OTVOREN\u00c1 \/ OPEN CLASS<br \/>\n3&nbsp;&nbsp; &nbsp;ORIN PERLA MAHAGON, CMKU\/TS 1210\/08\/11, 03.11.2008<br \/>\nO: ALLISTER BOHEMIAN BY BIRTH, M: ANTIA INDYK<br \/>\nCH: H\u00c1JKOV\u00c1 EVA, MAJ: H\u00c1JKOV\u00c1 EVA&nbsp;&nbsp; &nbsp;V1, CAC, CC<\/p>\n<p>TRIEDA \u0160AMPI\u00d3NOV \/ CHAMPION CLASS<br \/>\n4&nbsp;&nbsp; &nbsp;AN-DAN-PO LOTOSOV\u00dd KVET TIBETU, SPKP 52, 25.12.2009<br \/>\nO: AMOR PERLA MAHAGON, M: ETHEL MODR\u00c1 P\u00cdSNI\u010cKA<br \/>\nCH: INGRID VISOLAJSK\u00c1, MAJ: VISOLAJSK\u00c1 INGRID&nbsp;&nbsp; &nbsp;V3<br \/>\n5&nbsp;&nbsp; &nbsp;B\u00c9LOS PERLA MAHAGON, CMKU\/TS 982\/07\/08, 28.01.2007<br \/>\nO: NORBU PUL-I-KHUMRI, M: KIRK\u00c9 PERLA MAHAGON<br \/>\nCH: H\u00c1JKOV\u00c1 EVA&nbsp;&nbsp; MAJ: H\u00c1JKOV\u00c1 EVA&nbsp;&nbsp; &nbsp;V2, R.CAC<br \/>\n6&nbsp;&nbsp; &nbsp;LOBSANG KIPU KHANDRO, SLR T\u0160 205, 28.08.2008<br \/>\nO: POPO HET ZWAARD, M: MOETICA MADAME BUTTERFLY<br \/>\nCH: LOBSANG KENNEL&nbsp;&nbsp;&nbsp; MAJ: \u0160I\u0160KO VESNA&nbsp;&nbsp; &nbsp;V1, CAC, CC, <strong>KV<\/strong><\/p>\n<p>TRIEDA VETER\u00c1NOV \/ VETERAN CLASS<br \/>\n7&nbsp;&nbsp; &nbsp;NORBU PUL-I-KHUMRI, CMKU\/TS 709\/-03\/02\/04, 07.12.2002<br \/>\nO: SILVESTE VAN T\u00b4BURGSTSE HOF, M: WANGDULA PUL-I-KHUMRI<br \/>\nCH: DURR-VERBOOM ELISABETH, MAJ: H\u00c1JKOV\u00c1 EVA&nbsp;&nbsp; &nbsp;V1<br \/>\nSUKY \/ FEMALESTRIEDA \u0160TENIAT \/ BABY CLASS<br \/>\n8&nbsp;&nbsp; &nbsp;LOBSANG FORTUNE COOKIE, SLR T\u0160 000317, 01.12.2011<br \/>\nO: SOMMERLYST`S ZU-BA NORBU, M: LOBSANG KIRTI KAMINI<br \/>\nCH: LOBSANG KENNEL , MAJ: \u0160I\u0160KO VESNA&nbsp;&nbsp; &nbsp;VN<\/p>\n<p>TRIEDA MLAD\u00ddCH \/ JUNIOR CLASS<br \/>\n9&nbsp;&nbsp; &nbsp;CA-TSHA LOTOSOV\u00dd KVET TIBETU, SPKP 64, 01.06.2011<br \/>\nO: DGA-PO-NE-PO SOMMERLYSTS, M: ETHEL MODR\u00c1 P\u00cdSNI\u010cKA<br \/>\nCH: INGRID VISOLAJSK\u00c1, MAJ: HANUSOV\u00c1 ANDREA ING.&nbsp;&nbsp; &nbsp;V1, CAJC, JCC, <strong>KVM<\/strong><br \/>\n10&nbsp;&nbsp; &nbsp;ORIANA VOM TIBETDRACHEN, SPKP 67, 15.04.2011<br \/>\nO: BOD-PA-TASHI DE LA PRAIRIE CRISTALLINE, M: ANGKICHI<br \/>\nCH: BARBARA VON NOLTING-MITTELBACH&nbsp;&nbsp; MAJ: KUBO\u0160KOV\u00c1 BARBORA MGR.&nbsp;&nbsp; &nbsp;V2<\/p>\n<p>TRIEDA STREDN\u00c1 \/ INTERMEDIATE CLASS<br \/>\n11&nbsp;&nbsp; &nbsp;XIMICCA PERLA MAHAGON, CMKU\/TS 1351\/10, 18.07.2010<br \/>\nO: B\u00c9LOS PERLA MAHAGON, M: NEFERTITI PERLA MAHAGON<br \/>\nCH: H\u00c1JKOV\u00c1 EVA, MAJ: H\u00c1JKOV\u00c1 EVA&nbsp;&nbsp; &nbsp;V1, CAC, CC<\/p>\n<p>TRIEDA OTVOREN\u00c1 \/ OPEN CLASS<br \/>\n12&nbsp;&nbsp; &nbsp;LOBSANG WISH UPON A STAR, SLR T\u0160 265, 20.08.2010<br \/>\nO: TASHI-GONG HOLLYWOOD, M: ANGEL DREAMS OF LOLLIPOP<br \/>\nCH: LOBSANG KENNEL , MAJ: \u0160I\u0160KO VESNA&nbsp;&nbsp; &nbsp;V1, CAC, CC, <strong>KV, BOB, BIS IV<\/strong><\/p>\n<p>TRIEDA \u0160AMPI\u00d3NOV \/ CHAMPION CLASS<br \/>\n13&nbsp;&nbsp; &nbsp;AN-NA-TSI LOTOSOV\u00dd KVET TIBETU, SPKP 54, 25.12.2009<br \/>\nO: AMOR PERLA MAHAGON, M: ETHEL MODR\u00c1 P\u00cdSNI\u010cKA<br \/>\nCH: INGRID VISOLAJSK\u00c1, MAJ: HANUSOV\u00c1 ANDREA ING.&nbsp;&nbsp; &nbsp;V2, R.CAC<br \/>\n14&nbsp;&nbsp; &nbsp;LOBSANG KIRTI KAMINI, SLR T\u0160 207, 28.08.2008<br \/>\nO: POPO HET ZWAARD, M: MOETICA MADAME BUTTERFLY<br \/>\nCH: LOBSANG KENNEL&nbsp;&nbsp;&nbsp; MAJ: \u0160I\u0160KO VESNA&nbsp;&nbsp; &nbsp;V1, CAC, CC<\/p>\n<p><strong>SHIH-TZU<\/strong><\/p>\n<p>Kruh\/Ring 1 &#8211; Rozhodca\/Judge : Uschi Eisner A<\/p>\n<p>PSY \/ MALES<\/p>\n<p>TRIEDA \u0160TENIAT \/ BABY CLASS<br \/>\n15&nbsp;&nbsp; &nbsp;BOSS-LEE \u2013ATREI KIRABZER, SPKP 714, 15.09.2011<br \/>\nO: LEE-KUNG-ATREI KIRABZER, M: CATTLE LEY ROLNI\u010cKA<br \/>\nCH: REZB\u00c1RIK MIROSLAV , MAJ: SIDORJAKOV\u00c1 DAGMAR MGR.&nbsp;&nbsp; &nbsp;VN<\/p>\n<p>TRIEDA STREDN\u00c1 \/ INTERMEDIATE CLASS<br \/>\n16&nbsp;&nbsp; &nbsp;RAGSOL VITYAZ, CMKU\/SHI\/ 5256\/-10\/10, 27.03.2010<br \/>\nO: RAGSOL MAHARA, M: RAGSOL ULIANA<br \/>\nCH: SOLDATOVA VERA, MAJ: \u017dOURKOV\u00c1 JI\u0158INA&nbsp;&nbsp; &nbsp;V2, R.CAC<br \/>\n17&nbsp;&nbsp; &nbsp;SAN JUAN DEL RIO SUCCESS ESSENCE, CMKU\/SHI 5441, 20.11.2010<br \/>\nO: DILEMMA DREAM RUNNER, M: KAYBAROSHI HAN A HAR CONTROVERSY WOMAN<br \/>\nCH: ILONA MATUSZEK&nbsp;&nbsp; MAJ: POLICAROVI VACLAV + KATERINA&nbsp;&nbsp; &nbsp;V1, CAC, CC<\/p>\n<p>TRIEDA OTVOREN\u00c1 \/ OPEN CLASS<br \/>\n18&nbsp;&nbsp; &nbsp;ARRAKIS GLAMOUR SONI`G, PKR-IX 56434, 09.02.2010<br \/>\nO: GLAMOUR DANCER BOHEMIA ACRO, M: ALISS SONI`G COCA BAST<br \/>\nCH: SONIA GROBELNA, MAJ: GRUND BARBARA&nbsp;&nbsp; &nbsp;Nenast\u00fapil<\/p>\n<p>TRIEDA \u0160AMPI\u00d3NOV \/ CHAMPION CLASS<br \/>\n19&nbsp;&nbsp; &nbsp;BAMBOO Z IVAFRE, CMKU\/SHI\/ 4588\/07\/09, 19.12.2007<br \/>\nO: VIRTUS &#8211; ATREI KIRABZER, M: HANITY Z IVAFRE<br \/>\nCH: IVA FREMROV\u00c1, MAJ: FIALOV\u00c1 JANA&nbsp;&nbsp; &nbsp;V1, CAC, CC, <strong>KV, BOB, BIS II<\/strong><\/p>\n<p>SUKY \/ FEMALES<\/p>\n<p>TRIEDA \u0160TENIAT \/ BABY CLASS<br \/>\n20&nbsp;&nbsp; &nbsp;BABY MONICA BREED LOVE, \u010cMKU ???, 30.10.2011<br \/>\nO: FAIR PLAY Z IVAFRE, M: JAQUEL MONICA Z TARGENU<br \/>\nCH: MICHAELA JAN\u00c1KOV\u00c1, MAJ: FREMROV\u00c1 IVA&nbsp;&nbsp; &nbsp;VN<\/p>\n<p>TRIEDA DORASTU \/ PUPPY CLASS<br \/>\n21&nbsp;&nbsp; &nbsp;ROXI Z IVAFRE, CMKU\/SHI 5386\/11, 01.09.2011<br \/>\nO: LUCIFER Z IVAFRE, M: HAGI MA-CA-LU<br \/>\nCH: IVA FREMROV\u00c1, MAJ: \u0160EDINOV\u00c1 JITKA BC.&nbsp;&nbsp; &nbsp;VN<\/p>\n<p>TRIEDA MLAD\u00ddCH \/ JUNIOR CLASS<br \/>\n22&nbsp;&nbsp; &nbsp;FERGIE Z TARGENU, ZREG\/SHI\/ 5259\/11, 12.01.2011<br \/>\nO: PRINCE ROYAL OF IVEKO-DOG, M: DIANA Z TARGENU<br \/>\nCH: \u017dOURKOV\u00c1 JI\u0158INA, MAJ: \u017dOURKOV\u00c1 JI\u0158INA&nbsp;&nbsp; &nbsp;V1, CAJC, JCC, <strong>KVM<\/strong><\/p>\n<p>TRIEDA STREDN\u00c1 \/ INTERMEDIATE CLASS<br \/>\n23&nbsp;&nbsp; &nbsp;KENYA Z IVAFRE, CMKU\/SHI 5111\/10, 11.04.2010<br \/>\nO: BO-TWISTER-SON SHAH ABBAS, M: HAGI MA-CA-LU<br \/>\nCH: IVA FREMROV\u00c1, MAJ: FREMROV\u00c1 IVA&nbsp;&nbsp; &nbsp;V1, CAC, CC<\/p>\n<p>TRIEDA OTVOREN\u00c1 \/ OPEN CLASS<br \/>\n24&nbsp;&nbsp; &nbsp;NU-LEE-ATREI KIRABZER, CMKU SHI\/5245\/-10\/10, 28.02.2010<br \/>\nO: BLACKBERRY \u00b4S MISSION COMPLETED, M: FAIDRA KIRABZER<br \/>\nCH: SILVIA SEHN\u00c1LKOV\u00c1, MAJ: KIM ZHANNA ING.&nbsp;&nbsp; &nbsp;V1, CAC, CC<br \/>\n25&nbsp;&nbsp; &nbsp;REBECCA ZE SLAVON\u00cdNA, CMKU\/SHI 4957, 26.07.2009<br \/>\nO: GIGOLO FROM AUDREYS PARADIS, M: HOPEFUL RED IVEKO-DOG<br \/>\nCH: LENKA HYNKOV\u00c1&nbsp;&nbsp; MAJ: POLICAROVI VACLAV + KATERINA&nbsp;&nbsp; &nbsp;VD2<\/p>\n<p>TRIEDA \u0160AMPI\u00d3NOV \/ CHAMPION CLASS<br \/>\n26&nbsp;&nbsp; &nbsp;F\u00c1MA Z IVAFRE, CMKU\/SHI\/4885\/09, 21.04.2009<br \/>\nO: LOGYA LOPEUN-CHAG\u00b4YE, M: HANITY Z IVAFRE<br \/>\nCH: IVA FREMROV\u00c1, MAJ: FREMROV\u00c1 IVA&nbsp;&nbsp; &nbsp;V1, CAC, CC, <strong>KV<\/strong><\/p>\n<p><strong>TIBETSK\u00dd TERI\u00c9R<\/strong><\/p>\n<p>Kruh\/Ring 1 &#8211; Rozhodca\/Judge : Uschi Eisner A<\/p>\n<p>PSY \/ MALES<\/p>\n<p>TRIEDA \u0160TENIAT \/ BABY CLASS<br \/>\n27&nbsp;&nbsp; &nbsp;GORDON Z TARGENU, 981100002415042, 07.10.2011<br \/>\nO: CARTER SPOT OF DARKNESS, M: ANCHALI Z TARGENU<br \/>\nCH: \u017dOURKOV\u00c1 JI\u0158INA, MAJ: ZEMIAROV\u00c1 MICHAELA&nbsp;&nbsp; &nbsp;VN<\/p>\n<p>TRIEDA STREDN\u00c1 \/ INTERMEDIATE CLASS<br \/>\n28&nbsp;&nbsp; &nbsp;DOEGAR LAM BKRA SIS PA, SLRTT 000525, 03.09.2010<br \/>\nO: ALILAH JACKANORY, M: LOVSK\u00c4R\u00b4S INDIA TSANG PA<br \/>\nCH: HREN MARKO, MAJ: KUCLAR JO\u017dI&nbsp;&nbsp; &nbsp;VD1<\/p>\n<p>TRIEDA OTVOREN\u00c1 \/ OPEN CLASS<br \/>\n29&nbsp;&nbsp; &nbsp;DU-TSI KIPU KHYIM, \u010cMKU TT\/1025\/08, 19.12.2008<br \/>\nO: IZAKHAN\u00b4S SMASHING OLLI, M: ASHAR YONTAN NAJKOSYVA<br \/>\nCH: ING. EVA HOLANOV\u00c1, MAJ: \u010cERM\u00c1KOVI IVETA A MILAN&nbsp;&nbsp; &nbsp;V1, CAC, CC<\/p>\n<p>TRIEDA \u0160AMPI\u00d3NOV \/ CHAMPION CLASS<br \/>\n30&nbsp;&nbsp; &nbsp;KHYI-MI BOD-JA LAMLEH, SPKP 279, 01.04.2010<br \/>\nO: WANTED NICE DOG \u00b4S FAROUK LAMLEH, M: BHOOMI LAMLEH SCHAMBALA<br \/>\nCH: MGR. MARTINA AD\u00c1MEKOV\u00c1, MAJ: AD\u00c1MEKOVCI MARTINA+MILAN&nbsp;&nbsp; &nbsp;V1, CAC, CC, <strong>KV<\/strong><\/p>\n<p>SUKY \/ FEMALES<\/p>\n<p>TRIEDA \u0160TENIAT \/ BABY CLASS<br \/>\n31&nbsp;&nbsp; &nbsp;FABULOUS TEDDY\u00b4S I M WALKING STAR, FI 58354\/11, 02.11.2011<br \/>\nO: FABULOUS TEDDY\u00b4S EL CHOCLO, M: FABULOUS TEDDY\u00b4S FULL OF LOVE<br \/>\nCH: TARJA SALO, MAJ: MIFKOV\u00c1 LENKA&nbsp;&nbsp; &nbsp;VN<\/p>\n<p>TRIEDA MLAD\u00ddCH \/ JUNIOR CLASS<br \/>\n32&nbsp;&nbsp; &nbsp;ABIGAIL POSEL \u0160T\u011aST\u00cd, CMKU CMKU\/TT\/1168\/11, 07.04.2011<br \/>\nO: KHYI-MI AVATAR LAMLEH, M: A\u00b4NYIMASHAR GABA PONYA<br \/>\nCH: HANA OHAINKOV\u00c1, MAJ: OHAINKOV\u00c1 HANA&nbsp;&nbsp; &nbsp;VD1<\/p>\n<p>TRIEDA STREDN\u00c1 \/ INTERMEDIATE CLASS<br \/>\n33&nbsp;&nbsp; &nbsp;KHYI-MI BHAGYA LAMLEH, CMKU\/TT\/ 1101\/-10\/10, 01.04.2010<br \/>\nO: WANTED NICE DOG \u00b4S FAROUK LAMLEH, M: BHOOMI LAMLEH SCHAMBALA<br \/>\nCH: AD\u00c1MEKOVA MARTINA, MAJ: ZACPAL MARTIN&nbsp;&nbsp; &nbsp;V1, CAC, CC<\/p>\n<p>TRIEDA OTVOREN\u00c1 \/ OPEN CLASS<br \/>\n34&nbsp;&nbsp; &nbsp;CHIRU NYIMA NYING , SPKP 287, 27.05.2010<br \/>\nO: CLOUDBUSTER PASSION PRINCE, M: JOMO LANG-MA-RI TASHI BODJUL<br \/>\nCH: MAGDAL\u00c9NA \u0160R\u016eTOV\u00c1, MAJ: \u0160ALKOVI\u010cOV\u00c1 KATAR\u00cdNA&nbsp;&nbsp; &nbsp;VD2<br \/>\n35&nbsp;&nbsp; &nbsp;E\u00b4MIU LAMLEH SCHAMBALA, CMKU 1039\/09, 01.03.2009<br \/>\nO: SENGE OF SJO-WHO-SJI-BIB, M: MOCOWODOS X-MODEL XANTHIA<br \/>\nCH: BARBORA ALFIERI&nbsp;&nbsp; MAJ: \u0160\u010cUDLOV\u00c1 MARTA&nbsp;&nbsp; &nbsp;V1, CAC, CC<\/p>\n<p>TRIEDA \u0160AMPI\u00d3NOV \/ CHAMPION CLASS<br \/>\n36&nbsp;&nbsp; &nbsp;L\u00d6VSK\u00c4R\u00b4S INDIA TSANG-PA, SLRTT 000427, 12.02.2006<br \/>\nO: KIRANAS GOODWILL ZAN-PO, M: LOVSKAR\u00b4S FAVO-RIT FENGRI<br \/>\nCH: FORSBACKA PAULA, MAJ: HREN MARKO&nbsp;&nbsp; &nbsp;V1,CAC, CC, KV, BOB, BIS I<br \/>\n37&nbsp;&nbsp; &nbsp;PAM-ZAMIRIN U MAKE ME HAPPY, CMKU\/TT 1113-10\/10, 12.03.2010<br \/>\nO: FALAMANDUS KNOCK OUT, M: F\u00b4TSANG-MA OD VILZONKY<br \/>\nCH: PIRJO M\u00c4KI&nbsp;&nbsp; MAJ: MIFKOV\u00c1 LENKA&nbsp;&nbsp; &nbsp;V2, R.CAC<\/p>\n<p><strong>LHASA APSO<\/strong><\/p>\n<p>Kruh\/Ring 1 &#8211; Rozhodca\/Judge : Uschi Eisner A<\/p>\n<p>PSY \/ MALES<\/p>\n<p>TRIEDA DORASTU \/ PUPPY CLASS<br \/>\n38&nbsp;&nbsp; &nbsp;SHADOW MOON IVEPET, SPKP 460, 25.07.2011<br \/>\nO: CLOSE TO PERFECTION RE CLAIM, M: TI LA SHU O\u00b4IVEPET<br \/>\nCH: IVETA PETRAKOV\u00c1, MAJ: PETRAKOV\u00c1 IVETA&nbsp;&nbsp; &nbsp;VN<\/p>\n<p>TRIEDA MLAD\u00ddCH \/ JUNIOR CLASS<br \/>\n39&nbsp;&nbsp; &nbsp;KENZO IVEPET&nbsp; LHAMCO LACO, SPKP 464, 27.03.2011<br \/>\nO: CLOSE TO PERFECTION RE CLAIM, M: APRIL FROM THE HIMALAYA HILL\u00b4S<br \/>\nCH: MARKETA BIELAS, MAJ: PETRAKOV\u00c1 IVETA&nbsp;&nbsp; &nbsp;V1, CAJC, JCC, <strong>KVM<\/strong><br \/>\n40&nbsp;&nbsp; &nbsp;QUIDO AGATA LUX, SPKP 449, 22.01.2011<br \/>\nO: JOHNY WOLKER IVEPET, M: CHU-LI VON NIEDEROTTNANG<br \/>\nCH:&nbsp;&nbsp;&nbsp; MAJ: \u010cERN\u00c1 J\u00daLIA&nbsp;&nbsp; &nbsp;V2<\/p>\n<p>TRIEDA OTVOREN\u00c1 \/ OPEN CLASS<br \/>\n41&nbsp;&nbsp; &nbsp;JAMIKASOKA MYSTERY, AKO 1853806, 04.04.2009<br \/>\nO: MARCHTRU SAN MARQUIS AT NARMOAK, M: JAMIKASOKA FILTHY GORGEOUS<br \/>\nCH: B. BUSSHELL, MAJ: CHMUROV\u00c1 ZUZANA&nbsp;&nbsp; &nbsp;VD1<br \/>\n42&nbsp;&nbsp; &nbsp;ONYX BLACK AGATA LUX, SKJ 061791, 21.12.2009<br \/>\nO: SIMBAD DEL ALCAZAR, M: CO CO CHANEL AGATA LUX<br \/>\nCH: J\u00daLIA \u010cERN\u00c1&nbsp;&nbsp;&nbsp; MAJ: BIHARYOV\u00c1 CLAUDIA&nbsp;&nbsp; &nbsp;D2<\/p>\n<p>TRIEDA \u0160AMPI\u00d3NOV \/ CHAMPION CLASS<br \/>\n43&nbsp;&nbsp; &nbsp;SHOYU BLOWIN\u00b4MY HORN AT ORLANE, NP 24413606, 15.09.2010<br \/>\nO: SHOWA FANTASTIC WITN PANTULF, M: SHOYU JUST PEACHY<br \/>\nCH: SHERRY-BEN SWANSSON, MAJ: BLA\u017dO RADEK MGR.&nbsp;&nbsp; &nbsp;V1, CAC, CC, <strong>KV, BOB, BIS III<\/strong><\/p>\n<p>TRIEDA VETER\u00c1NOV \/ VETERAN CLASS<br \/>\n44&nbsp;&nbsp; &nbsp;HASAN AGATA LUX, SPKP 30, 19.11.1998<br \/>\nO: BARON CRASSKA, M: EN JGY AGATA LUX<br \/>\nCH: \u010cERN\u00c1 J\u00daLIA, MAJ: GER\u0160IOV\u00c1 M\u00c1RIE&nbsp;&nbsp; &nbsp;V1<br \/>\n45&nbsp;&nbsp; &nbsp;MERLIN DAR TIBETU, \u010cLP\/LA 2670\/04, 15.01.2003<br \/>\nO: EL MINJ\u00c1S MAY BOY, M: EXTREME DAR TIBETU<br \/>\nCH: VA\u0160KOV\u00c1 ELI\u0160KA&nbsp;&nbsp; MAJ: HANKEOV\u00c1 MARCELA&nbsp;&nbsp; &nbsp;V2<\/p>\n<p>SUKY \/ FEMALES<\/p>\n<p>TRIEDA MLAD\u00ddCH \/ JUNIOR CLASS<br \/>\n46&nbsp;&nbsp; &nbsp;ELIZABETH BRI-JACK, \u010cLP\/LA 3240, 22.04.2011<br \/>\nO: CHIC CHOIX PARADE CHIC, M: UTOPIA DAR TIBETU<br \/>\nCH: MONIKA PROKOPOV\u00c1, MAJ: VA\u0160KOV\u00c1 ELI\u0160KA&nbsp;&nbsp; &nbsp;V1, CAJC, JCC<br \/>\n47&nbsp;&nbsp; &nbsp;QUEEN AGATA LUX, SPKP 450, 22.01.2011<br \/>\nO: JOHNNIE WALKER IVEPET, M: CHU-LI VON NIEDEROTTNANG<br \/>\nCH: J\u00daLIA \u010cERN\u00c1&nbsp;&nbsp; MAJ: \u010cERN\u00c1 J\u00daLIA&nbsp;&nbsp; &nbsp;V3<br \/>\n48&nbsp;&nbsp; &nbsp;RADICALLY\u00b4S AMANDA, SPKP 436, 14.01.2011<br \/>\nO: SHOYU BLOWIN\u00b4MY HORN AT ORLANE, M: ORLANE\u00b4S ALL TOO EASY<br \/>\nCH: RADEK BLA\u017dO&nbsp;&nbsp; MAJ: BLA\u017dO RADEK MGR.&nbsp;&nbsp; &nbsp;V2<br \/>\n49&nbsp;&nbsp; &nbsp;REVIVAL IVEPET, SPKP 446, 29.01.2011<br \/>\nO: MIDWAS GERONIMO C, M: YANGADOO\u00b4S QUICK STEP TO IVEPET<br \/>\nCH: IVETA PETRAKOV\u00c1&nbsp;&nbsp; MAJ: PETRAKOV\u00c1 IVETA&nbsp;&nbsp; &nbsp;V4<\/p>\n<p>TRIEDA STREDN\u00c1 \/ INTERMEDIATE CLASS<br \/>\n50&nbsp;&nbsp; &nbsp;B\u00b4AGARTHA TINGRI, SPKP 410, 01.07.2010<br \/>\nO: CHIC CHOIX PARADE CHIC, M: FEDERIKA AG\u00c1TA LUX<br \/>\nCH: KR\u00c1LIK ALBERT+BAJSOV\u00c1 ZDENKA, MAJ: SLOBODOV\u00c1 ZDENKA&nbsp;&nbsp; &nbsp;VD1<br \/>\n51&nbsp;&nbsp; &nbsp;EILEEN ROSE Z\u00c1MOCK\u00c1 Z\u00c1HRADA, SPKP 429, 15.10.2010<br \/>\nO: YANGADOO \u00b4S MONTOYA, M: KANAYMA LENAKO<br \/>\nCH: O\u013dGA PET\u0150CZOV\u00c1&nbsp;&nbsp; MAJ: PET\u0150CZOV\u00c1 O\u013dGA&nbsp;&nbsp; &nbsp;VD2<\/p>\n<p>TRIEDA OTVOREN\u00c1 \/ OPEN CLASS<br \/>\n52&nbsp;&nbsp; &nbsp;BU-MO EL TAMERLAN, LH.AP. 1880\/09, 25.11.2009<br \/>\nO: SHAMBALA EL TAMERLAN, M: EL TAMERLAN MANKA<br \/>\nCH: \u00c1GNES PINT\u00c9R, MAJ: PINT\u00c9R \u00c1GNES&nbsp;&nbsp; &nbsp;VD3<br \/>\n53&nbsp;&nbsp; &nbsp;GABRIELLE DAR TIBETU, \u00d6HZB\/LHAP 548, 23.10.2009<br \/>\nO: TITLING AL CAPONE, M: KAI-LA-SHA SILVER BELLE<br \/>\nCH: ELISKA VASKOVA&nbsp;&nbsp; MAJ: KRISTOFIK ANDREA&nbsp;&nbsp; &nbsp;V1, CAC, CC, <strong>KV<\/strong><br \/>\n54&nbsp;&nbsp; &nbsp;KJA-LA AGATA LUX, SPKP 340, 07.07.2008<br \/>\nO: JULAI KUN BYAMS, M: LA PERLA NEGRA AGATA LUX<br \/>\nCH: J\u00daLIA \u010cERN\u00c1&nbsp;&nbsp; MAJ: \u010cERN\u00c1 J\u00daLIA&nbsp;&nbsp; &nbsp;V4<br \/>\n55&nbsp;&nbsp; &nbsp;PRETTY WOMAN STAR\u00c1 BA\u0160TA, SPKP 413, 02.07.2010<br \/>\nO: BASTERBERI WINDY WINGS, M: JOUJOU MINI STAR\u00c1 BA\u0160TA<br \/>\nCH: MVDREDITA \u0160TEF\u00c1NIKOV\u00c1&nbsp;&nbsp; MAJ: \u0160TEF\u00c1NIKOV\u00c1 EDITA MVDR&nbsp;&nbsp; &nbsp;V2, R.CAC<\/p>\n<p>TRIEDA \u0160AMPI\u00d3NOV \/ CHAMPION CLASS<br \/>\n56&nbsp;&nbsp; &nbsp;CHATUM GEMA-ROSES, SPKP 324, 28.05.2008<br \/>\nO: CLAVIUS IVEPET, M: CARIN GEMA-ROSES<br \/>\nCH: M\u00c1RIA GER\u0160I\u010cOV\u00c1, MAJ: \u010cERVEN\u00cdKOV\u00c1 \u013dUBICA ING.&nbsp;&nbsp; &nbsp;V1, CAC, CC<br \/>\n57&nbsp;&nbsp; &nbsp;ELECTRA DAR TIBETU, \u010cLP\/LA 3068, 01.05.2009<br \/>\nO: SIMBAD DEL ALCAZAR, M: ONLY FOR YOU DAR TIBETU<br \/>\nCH: ELI\u0160KA VA\u0160KOV\u00c1&nbsp;&nbsp; MAJ: VA\u0160KOV\u00c1 ELI\u0160KA&nbsp;&nbsp; &nbsp;Nenast\u00fapila<\/p>\n<p>S\u00fa\u0165a\u017e Die\u0165a a pes<br \/>\n1.&nbsp;&nbsp; &nbsp;Zemiarov\u00e1 Michelle&nbsp;&nbsp; &nbsp;GORDON Z TARGENU, TIBETSK\u00dd TERI\u00c9R<br \/>\n2.&nbsp;&nbsp; &nbsp;Bega Nicolas&nbsp;&nbsp; &nbsp;ONYX BLACK AGATA LUX, LHASA APSO<br \/>\n3.&nbsp;&nbsp; &nbsp;Hanusov\u00e1 Sofia&nbsp;&nbsp; &nbsp;AN-NA-TSI LOTOSOV\u00dd KVET TIBETU, TIBETSK\u00dd \u0160PANIEL<br \/>\n4.&nbsp;&nbsp; &nbsp;Hanusov\u00e1 Viviana&nbsp;&nbsp; &nbsp;CA-TSHA LOTOSOV\u00dd KVET TIBETU, TIBETSK\u00dd \u0160PANIEL<\/p>\n<p>S\u00fa\u0165a\u017e Mlad\u00fd vystavovate\u013e<br \/>\n1.&nbsp;&nbsp; &nbsp;Kosecov\u00e1 Patricia&nbsp;&nbsp; &nbsp;QUIDO AGATA LUX, LHASA APSO<\/p>\n<p>S\u00fa\u0165a\u017e Chovate\u013esk\u00e1 skupina<br \/>\n1.&nbsp;&nbsp; &nbsp;\u010cern\u00e1 J\u00falia&nbsp;&nbsp; &nbsp;AGATA LUX, LHASA APSO<\/p>\n<p style=\"text-align: right;\"><a href=\"http:\/\/www.ktp-sk.sk\/vysledky-klubovych-vystav\/\" target=\"_blank\" rel=\"noopener\">sp\u00e4\u0165 na Klubov\u00e9 akcie<\/a><\/p>\n","protected":false},"excerpt":{"rendered":"<p>ZOZNAM VYSTAVOVAN\u00ddCH PLEMIEN &#8211; sobota 11.3.2012 LIST OF BREEDS &#8211; Saturday 11.3.2012 D\u00e1tum: 11.3.2012 Kruh\/Ring 1 Rozhodca\/Judge: Uschi Eisner, A TIBETAN SPANIEL&nbsp;&nbsp; &nbsp;14&nbsp;&nbsp; &nbsp;1 &#8211; [&hellip;]<\/p>\n","protected":false},"author":8,"featured_media":0,"parent":0,"menu_order":0,"comment_status":"open","ping_status":"closed","template":"","meta":{"ngg_post_thumbnail":0},"_links":{"self":[{"href":"https:\/\/ktp-sk.sk\/old\/wp-json\/wp\/v2\/pages\/2294"}],"collection":[{"href":"https:\/\/ktp-sk.sk\/old\/wp-json\/wp\/v2\/pages"}],"about":[{"href":"https:\/\/ktp-sk.sk\/old\/wp-json\/wp\/v2\/types\/page"}],"author":[{"embeddable":true,"href":"https:\/\/ktp-sk.sk\/old\/wp-json\/wp\/v2\/users\/8"}],"replies":[{"embeddable":true,"href":"https:\/\/ktp-sk.sk\/old\/wp-json\/wp\/v2\/comments?post=2294"}],"version-history":[{"count":0,"href":"https:\/\/ktp-sk.sk\/old\/wp-json\/wp\/v2\/pages\/2294\/revisions"}],"wp:attachment":[{"href":"https:\/\/ktp-sk.sk\/old\/wp-json\/wp\/v2\/media?parent=2294"}],"curies":[{"name":"wp","href":"https:\/\/api.w.org\/{rel}","templated":true}]}}