{"id":235,"date":"2021-11-28T12:24:42","date_gmt":"2021-11-28T10:24:42","guid":{"rendered":"http:\/\/37801.w1.wedos.ws\/?page_id=235"},"modified":"2022-02-18T13:45:33","modified_gmt":"2022-02-18T11:45:33","slug":"standard-shih-tzu","status":"publish","type":"page","link":"https:\/\/ktp-sk.sk\/old\/standard-shih-tzu\/","title":{"rendered":"\u0160tandard Shih-tzu"},"content":{"rendered":"<div class=\"fusion-fullwidth fullwidth-box fusion-builder-row-1 fusion-flex-container nonhundred-percent-fullwidth non-hundred-percent-height-scrolling\" style=\"background-color: rgba(255,255,255,0);background-position: center center;background-repeat: no-repeat;border-width: 0px 0px 0px 0px;border-color:#eae9e9;border-style:solid;\" ><div class=\"fusion-builder-row fusion-row fusion-flex-align-items-flex-start\" style=\"max-width:998.4px;margin-left: calc(-4% \/ 2 );margin-right: calc(-4% \/ 2 );\"><div class=\"fusion-layout-column fusion_builder_column fusion-builder-column-0 fusion_builder_column_1_1 1_1 fusion-flex-column\"><div class=\"fusion-column-wrapper fusion-flex-justify-content-flex-start fusion-content-layout-column\" style=\"background-position:left top;background-repeat:no-repeat;-webkit-background-size:cover;-moz-background-size:cover;-o-background-size:cover;background-size:cover;padding: 0px 0px 0px 0px;\"><div class=\"fusion-text fusion-text-1\"><p><b>FCI-Standard N\u00b0 208 <\/b>&#8211; SHIH-TZU<img class=\"alignright size-full wp-image-3323\" src=\"http:\/\/www.ktp-sk.sk\/wp-content\/uploads\/2013\/02\/STZU400px.png\" alt=\"STZU400px\" width=\"400\" height=\"301\" srcset=\"https:\/\/ktp-sk.sk\/old\/wp-content\/uploads\/2013\/02\/STZU400px-300x226.png 300w, https:\/\/ktp-sk.sk\/old\/wp-content\/uploads\/2013\/02\/STZU400px.png 400w\" sizes=\"(max-width: 400px) 100vw, 400px\" \/><\/p>\n<p><strong>P\u00f4vod:<\/strong> Tibet (\u010c\u00edna)<br \/>\n<strong>Patron\u00e1t:<\/strong> Ve\u013ek\u00e1 Brit\u00e1nia<br \/>\n<strong>D\u00e1tum publikovania platn\u00e9ho \u0161tandardu:<\/strong> 22.8.2017<br \/>\n<b>POU\u017dITIE<\/b>: Spolo\u010densk\u00fd pes<br \/>\n<b>FCI-Klasifik\u00e1cia<\/b><b>:<\/b>  9. skupina &#8211;<span class=\"Apple-converted-space\">  <\/span>spolo\u010densk\u00e9 a sprievodn\u00e9 psy;<span class=\"Apple-converted-space\"> <\/span>5. sekcia \u2013 tibetsk\u00e9 plemen\u00e1, bez sk\u00fa\u0161ky<\/p>\n<p><b>Kr\u00e1tky historick\u00fd s\u00fahrn<\/b><b>: <\/b>\u013dudia maj\u00fa tendenciu m\u00fdli\u0165 si APSO a SHIH TZU, ale medzi nimi je mno\u017estvo ve\u013emi v\u00fdrazn\u00fdch rozdielov. Korene tohto plemena s\u00fa v Tibete, ale bolo \u010falej vy\u0161\u013eachten\u00e9 v \u010c\u00edne, kde psi \u017eili v cis\u00e1rskych pal\u00e1coch. \u010c\u00edna sa stala republikou v roku 1912, a vtedy si jedince tohto plemena na\u0161li svoju cestu na Z\u00e1pad, hoci prv\u00fd zaznamenan\u00fd dovoz do Brit\u00e1nie nebol a\u017e do roku 1931. Bol uznan\u00fd ako samostatn\u00e9 plemeno od in\u00fdch orient\u00e1lnych plemien v roku 1934, a v roku 1940 mu bol Kennel Clubom pridelen\u00fd samostatn\u00fd register, s mo\u017enos\u0165ou zad\u00e1va\u0165 \u010dakate\u013estvo na \u0161ampion\u00e1t od roku 1949. Tvar hlavy Shih Tzu, pripom\u00ednaj\u00faci chryzant\u00e9mu, je na \u0148om najpr\u00ed\u0165a\u017elivej\u0161\u00ed, a je to dosiahnut\u00e9 srs\u0165ou, ktor\u00e1 na chrbte nosa rastie smerom nahor.<\/p>\n<p><b>Celkov\u00fd vzh\u013ead<\/b><b>:<\/b> Robustn\u00fd, bohato, ale nie nadmerne osrsten\u00fd pes, so zjavne arogantn\u00fdm dr\u017ean\u00edm tela a tv\u00e1rou ako chryzant\u00e9ma.<\/p>\n<p><b>D\u00f4le\u017eit\u00e9 proporcie<\/b><b>: <\/b>D\u013a\u017eka medzi koh\u00fatikom a kore\u0148om chvosta je v\u00e4\u010d\u0161ia ako v\u00fd\u0161ka v koh\u00fatiku.<\/p>\n<p><b>Povaha a spr\u00e1vanie<\/b><b>:<\/b> Inteligentn\u00fd, \u017eiv\u00fd a pozorn\u00fd. Priate\u013esk\u00fd a nez\u00e1visl\u00fd.<\/p>\n<p><b>Hlava<\/b><b>: <\/b>Hlava \u0161irok\u00e1, okr\u00fahla, s ve\u013ek\u00fdm odstupom medzi o\u010dami. V\u00fdrazn\u00e1 \u010duprina s bohat\u00fdm osrsten\u00edm na l\u00edcach a brade, srs\u0165 na nose rastie smerom nahor, \u010d\u00edm vznik\u00e1 v\u00fdrazn\u00fd chryzant\u00e9mov\u00fd efekt. Nesmie ma\u0165 vplyv na schopnos\u0165 psa vidie\u0165.<\/p>\n<p><strong>LEBE\u010cN\u00c1 \u010cAS\u0164:<\/strong><br \/>\n<strong>Stop:<\/strong> v\u00fdrazn\u00fd<\/p>\n<p><strong>Tv\u00e1rov\u00e1 \u010das\u0165<br \/>\n<\/strong><strong>\u0147uch\u00e1\u010d:<\/strong> \u010cierny, ale pri psoch s pe\u010de\u0148ov\u00fdm sfarben\u00edm alebo znakmi je nos tmavohned\u00fd. Horn\u00fd okraj \u0148uch\u00e1\u010da je v rovnakej v\u00fd\u0161ke alebo o nie\u010do ni\u017e\u0161ie ne\u017e spodn\u00e9 vie\u010dka. Chrb\u00e1t nosa je rovn\u00fd alebo ve\u013emi mierne smeruj\u00faci nahor.<span class=\"Apple-converted-space\">  <\/span>Nosn\u00e9 dierky \u0161iroko otvoren\u00e9. Dolu smeruj\u00faci nos je nanajv\u00fd\u0161 ne\u017eiaduci, tak ako aj \u00fazke nosn\u00e9 dierky.<br \/>\n<strong>Papu\u013ea:<\/strong> Dostato\u010dnej \u0161\u00edrky, kvadratick\u00e1, kr\u00e1tka, bez vr\u00e1sok; ploch\u00e1 a osrsten\u00e1.<span class=\"Apple-converted-space\">  <\/span>D\u013a\u017eka od \u0161pi\u010dky \u0148uch\u00e1\u010da po stop je pribli\u017ene 2,5 cm. Pigment\u00e1cia papule by mala by\u0165 \u010do najmenej preru\u0161ovan\u00e1.<span class=\"Apple-converted-space\"> <br \/>\n<\/span><strong>Pysky:<\/strong> Rovn\u00e9.<br \/>\n<strong>\u010ce\u013euste a chrup:<\/strong> \u0160irok\u00e9. Tesn\u00fd predhryz alebo klie\u0161\u0165ov\u00fd zhryz.<span class=\"Apple-converted-space\"> <br \/>\n<\/span><b>O\u010di<\/b><b>:<\/b> Ve\u013ek\u00e9, tmav\u00e9, okr\u00fahle, \u010faleko od seba, av\u0161ak nie vystupuj\u00face. Pr\u00edjemn\u00fd v\u00fdraz. Pri psoch pe\u010de\u0148ovo sfarben\u00fdch alebo s pe\u010de\u0148ov\u00fdmi znakmi s\u00fa tolerovan\u00e9 svetlej\u0161ie o\u010di. O\u010dn\u00e9 bielko nesmie by\u0165 vidite\u013en\u00e9.<br \/>\n<b>U\u0161i<\/b><b>:<\/b> Ve\u013ek\u00e9 visiace u\u0161i s dlhou u\u0161nicou. Nasaden\u00e9 tesne pod najvy\u0161\u0161\u00edm bodom lebky, s\u00fa tak husto pokryt\u00e9 srs\u0165ou, a\u017e spl\u00fdva so srs\u0165ou na krku.<br \/>\n<b>Krk<\/b><b>:<\/b> s dobr\u00fdmi proporciami, pekne klenut\u00fd. Dostato\u010dne dlh\u00fd, tak\u017ee hlava m\u00f4\u017ee by\u0165 hrdo nesen\u00e1.<\/p>\n<p><b>Telo<\/b><b>:<\/b> <b><span class=\"Apple-converted-space\"> <\/span><\/b><\/p>\n<p><strong>Chrb\u00e1t:<\/strong><b> <\/b>Rovn\u00fd.<br \/>\n<strong>Bedr\u00e1:<\/strong><b> <\/b>Dobre zviazan\u00e9 a pevn\u00e9.<br \/>\n<strong>Hrudn\u00edk:<\/strong><b> <\/b>\u0160irok\u00fd, hlbok\u00fd a hlboko spusten\u00fd.<\/p>\n<p><b>Chvost<\/b><b>:<\/b> Bohato osrsten\u00fd, nesen\u00fd veselo nad chrbtom. Vysoko nasaden\u00fd. Najvy\u0161\u0161\u00ed bod obl\u00faka chvosta je pribli\u017ene v rovnakej v\u00fd\u0161ke s najvy\u0161\u0161\u00edm bodom lebky, \u010do dod\u00e1va psovi harmonick\u00fd vzh\u013ead.<\/p>\n<p><b>Kon\u010datiny<\/b><\/p>\n<p><strong>Predn\u00e9 kon\u010datiny:<\/strong><b> <br \/>\n<\/b><strong>Plecia:<\/strong><b> <\/b>Pevn\u00e9, dobre dozadu sklonen\u00e9.<br \/>\n<strong>Kon\u010datiny:<\/strong> Nohy kr\u00e1tke, svalnat\u00e9 a so siln\u00fdmi kos\u0165ami, tak\u00e9 rovn\u00e9 ako je to mo\u017en\u00e9, aby boli v s\u00falade so \u0161irok\u00fdm a hlboko spusten\u00fdm hrudn\u00edkom.<br \/>\n<strong>Predn\u00e9 labky:<\/strong> Okr\u00fahle, pevn\u00e9 a dobre pokryt\u00e9 srs\u0165ou.<\/p>\n<p><strong>Zadn\u00e9 kon\u010datiny:<\/strong><b> <br \/>\n<\/b><strong>Celkov\u00fd vzh\u013ead:<\/strong><b> <\/b>Nohy kr\u00e1tke, svalnat\u00e9, so siln\u00fdmi kos\u0165ami. Pri poh\u013eade zozadu rovn\u00e9.<br \/>\n<strong>Stehn\u00e1:<\/strong> dobre zaoblen\u00e9 a svalnat\u00e9.<span class=\"Apple-converted-space\"> <br \/>\n<\/span><strong>Zadn\u00e9 labky:<\/strong> Okr\u00fahle, pevn\u00e9 s dobr\u00fdmi vank\u00fa\u0161ikmi. Dobre pokryt\u00e9 srs\u0165ou.<\/p>\n<p><b>Pohyb<\/b>:<b> <\/b>Arogantn\u00fd, plynul\u00fd, predn\u00e9 kon\u010datiny s dobr\u00fdm v\u00fdkrokom; v\u00fddatn\u00e1 akcia zadn\u00fdch kon\u010dat\u00edn, pri ktorej s\u00fa \u00faplne vidite\u013en\u00e9 vank\u00fa\u0161iky.<\/p>\n<p><b>Osrstenie<\/b><b>:<\/b> <\/p>\n<p>Srs\u0165: Krycia srs\u0165 dlh\u00e1, hust\u00e1, nie ku\u010derav\u00e1, so stredne hustou podsadou, nie kvality vlny. Jemn\u00e9 vlnky s\u00fa povolen\u00e9. Srs\u0165 nesmie ovplyv\u0148ova\u0165 schopnos\u0165 psa vidie\u0165. D\u013a\u017eka srsti by nemala obmedzova\u0165 pohyb. <b>D\u00f4razne sa odpor\u00fa\u010da, aby srs\u0165 na hlave bola vyviazan\u00e1 bez ozdoby.<\/b><\/p>\n<p>Farba: Povolen\u00e9 s\u00fa v\u0161etky farby, u viacfarebn\u00fdch je ve\u013emi \u017eiaduca biela \u0161kvrna na \u010dele a biela \u0161pi\u010dka chvosta.<\/p>\n<p><b>Ve\u013ekos\u0165 a hmotnos\u0165<\/b><b>:<\/b><\/p>\n<p><strong>V\u00fd\u0161ka v koh\u00fatiku:<\/strong> Nie viac ako 27 cm<br \/>\nTyp a charakteristika plemena s\u00fa najd\u00f4le\u017eitej\u0161ie a nesm\u00fa by\u0165 za \u017eiadnych okolnost\u00ed obetovan\u00e9 len kv\u00f4li ve\u013ekosti.<br \/>\n<strong>V\u00e1ha:<\/strong>  4,5\u20138 kg. Ide\u00e1lna hmotnos\u0165:<b> <\/b>4,5\u20137,5 kg.<\/p>\n<p><b>Chyby<\/b><b>:<\/b> Ka\u017ed\u00e1 odch\u00fdlka od uveden\u00fdch bodov sa m\u00e1 poklada\u0165 za chybu, ktorej hodnotenie je v presnom pomere k stup\u0148u odch\u00fdlky. \u017diadna chyba ale nesmie ovplyv\u0148ova\u0165 zdravotn\u00fd stav a pohodu psa.<\/p>\n<p><b>DISKVALIFIKA\u010cN\u00c9 VADY<\/b><\/p>\n<ul>\n<li>Agres\u00edvny alebo pr\u00edli\u0161 plach\u00fd<span class=\"Apple-converted-space\"> <\/span><\/li>\n<li>Jedince, ktor\u00e9 maj\u00fa zjavn\u00e9 fyzick\u00e9 anom\u00e1lie alebo poruchy spr\u00e1vania.<span class=\"Apple-converted-space\"> <\/span><\/li>\n<\/ul>\n<p><b>Pozn\u00e1mka<\/b><b>:<span class=\"Apple-converted-space\"> <\/span><\/b><\/p>\n<ul>\n<li>Psy musia ma\u0165 obidva norm\u00e1lne vyvinut\u00e9 semenn\u00edky \u00faplne zost\u00fapen\u00e9 v mie\u0161ku.<\/li>\n<li>Iba funk\u010dne a klinicky zdrav\u00e9 psy s typick\u00fdm vzh\u013eadom plemena by mali by\u0165 vyu\u017e\u00edvan\u00e9 na chov.<\/li>\n<\/ul>\n<p><strong><\/strong><a href=\"https:\/\/ktp-sk.sk\/old\/wp-content\/uploads\/2021\/11\/Standard-28112021-Shih-Tzu.pdf\"><strong>\u0160TANDARD PDF NA STIAHNUTIE<\/strong> <\/a><\/p>\n<\/div><\/div><style type=\"text\/css\">.fusion-body .fusion-builder-column-0{width:100% !important;margin-top : 0px;margin-bottom : 0px;}.fusion-builder-column-0 > .fusion-column-wrapper {padding-top : 0px !important;padding-right : 0px !important;margin-right : 1.92%;padding-bottom : 0px !important;padding-left : 0px !important;margin-left : 1.92%;}@media only screen and (max-width:1024px) {.fusion-body .fusion-builder-column-0{width:100% !important;}.fusion-builder-column-0 > .fusion-column-wrapper {margin-right : 1.92%;margin-left : 1.92%;}}@media only screen and (max-width:640px) {.fusion-body .fusion-builder-column-0{width:100% !important;}.fusion-builder-column-0 > .fusion-column-wrapper {margin-right : 1.92%;margin-left : 1.92%;}}<\/style><\/div><\/div><style type=\"text\/css\">.fusion-body .fusion-flex-container.fusion-builder-row-1{ padding-top : 0px;margin-top : 0px;padding-right : 0px;padding-bottom : 0px;margin-bottom : 0px;padding-left : 0px;}<\/style><\/div>\n","protected":false},"excerpt":{"rendered":"","protected":false},"author":8,"featured_media":0,"parent":0,"menu_order":0,"comment_status":"open","ping_status":"open","template":"","meta":{"ngg_post_thumbnail":0},"_links":{"self":[{"href":"https:\/\/ktp-sk.sk\/old\/wp-json\/wp\/v2\/pages\/235"}],"collection":[{"href":"https:\/\/ktp-sk.sk\/old\/wp-json\/wp\/v2\/pages"}],"about":[{"href":"https:\/\/ktp-sk.sk\/old\/wp-json\/wp\/v2\/types\/page"}],"author":[{"embeddable":true,"href":"https:\/\/ktp-sk.sk\/old\/wp-json\/wp\/v2\/users\/8"}],"replies":[{"embeddable":true,"href":"https:\/\/ktp-sk.sk\/old\/wp-json\/wp\/v2\/comments?post=235"}],"version-history":[{"count":0,"href":"https:\/\/ktp-sk.sk\/old\/wp-json\/wp\/v2\/pages\/235\/revisions"}],"wp:attachment":[{"href":"https:\/\/ktp-sk.sk\/old\/wp-json\/wp\/v2\/media?parent=235"}],"curies":[{"name":"wp","href":"https:\/\/api.w.org\/{rel}","templated":true}]}}