{"id":243,"date":"2021-02-15T12:33:11","date_gmt":"2021-02-15T10:33:11","guid":{"rendered":"http:\/\/37801.w1.wedos.ws\/?page_id=243"},"modified":"2021-03-18T09:22:29","modified_gmt":"2021-03-18T07:22:29","slug":"chovatelske-stanice-shih-tzu","status":"publish","type":"page","link":"https:\/\/ktp-sk.sk\/old\/chovatelske-stanice-shih-tzu\/","title":{"rendered":"Chovate\u013esk\u00e9 stanice Shih-Tzu"},"content":{"rendered":"<div class=\"fusion-fullwidth fullwidth-box fusion-builder-row-1 fusion-flex-container nonhundred-percent-fullwidth non-hundred-percent-height-scrolling\" style=\"background-color: rgba(255,255,255,0);background-position: center center;background-repeat: no-repeat;border-width: 0px 0px 0px 0px;border-color:#eae9e9;border-style:solid;\" ><div class=\"fusion-builder-row fusion-row fusion-flex-align-items-flex-start\" style=\"max-width:calc( 960px + 0px );margin-left: calc(-0px \/ 2 );margin-right: calc(-0px \/ 2 );\"><div class=\"fusion-layout-column fusion_builder_column fusion-builder-column-0 fusion_builder_column_1_1 1_1 fusion-flex-column\"><div class=\"fusion-column-wrapper fusion-flex-justify-content-flex-start fusion-content-layout-column\" style=\"background-position:left top;background-repeat:no-repeat;-webkit-background-size:cover;-moz-background-size:cover;-o-background-size:cover;background-size:cover;padding: 0px 0px 0px 0px;\"><div class=\"fusion-text fusion-text-1\"><p><strong><a href=\"http:\/\/www.analand.sk\">ANALAND<\/a><\/strong>  &#8211; chovate\u013e Zuzana \u010euri\u0161ov\u00e1, Topo\u013e\u010dianska 29, 85105 Bratislava, tel: +421 904 415 262,<br \/>e-mail: <a href=\"mailto:zuzana.durisova1@gmail.com\">zuzana.durisova1@gmail.com<\/a><\/p>\n<p><strong><a href=\"http:\/\/www.shih-tzu.sk\" target=\"_blank\" rel=\"noopener noreferrer\">ATREI KIRABZER<\/a><\/strong> \u2013 chovate\u013e Miroslav Rezb\u00e1rik, J.B. Magina 6, 911 01 Tren\u010d\u00edn, tel.: +421 903 221 277,<br \/>e-mail: <a href=\"mailto:atrei.kirabzer@gmail.com\">atrei.kirabzer@gmail.com<\/a><\/p>\n<p><b>NOVA POD TATRAMI <\/b> \u2013 chovate\u013e \u013dubom\u00edr Kolen\u010d\u00edk, \u0160v\u00e1bovce 544, 059 11 Hozelec, tel: +421 915 408 866, <br \/>e-mail: <a href=\"mailto:kolenciklubomir@gmail.com\">kolenciklubomir@gmail.com<\/a><\/p>\n<p><b>PERLA Z \u00daDOLIA<\/b> \u2013 chovate\u013e Miriam Szalayov\u00e1, Stani\u010dn\u00e1 518\/8, Vr\u00e1ble,  tel : +421 905 587 038, +421 907 385 388, e-mail: <a href=\"mailto:shihtzunr@gmail.com\">shihtzunr@gmail.com<\/a><\/p>\n<p><a href=\"http:\/\/www.these-lovingeyes.sk\"><b>THESE LOVINGEYES<\/b><\/a>  \u2013 chovate\u013e  Mgr. Gabriela Bugri\u0161ov\u00e1, Ru\u017eov\u00e1 365, 946 12 Zlatn\u00e1 na Ostrove,  tel : +421 905 852 022, e-mail: <a href=\"mailto:bugrisova.gabriela@gmail.com\">bugrisova.gabriela@gmail.com<\/a><\/p>\n<p><strong><a href=\"http:\/\/www.shih-tzu-ztibetskejrise.com\" target=\"_blank\" rel=\"noopener noreferrer\">Z TIBETSKEJ R\u00cd\u0160E<\/a><\/strong> \u2013 chovate\u013e Be\u00e1ta Machynov\u00e1, Tulsk\u00e1 1\/61, 010 08 \u017dilina, tel.: +421 915 954 641,<br \/>e-mail: <a href=\"mailto:exclusiv.shihtzu@zoznam.sk\">exclusiv.shihtzu@zoznam.sk<\/a><\/p>\n<\/div><\/div><style type=\"text\/css\">.fusion-body .fusion-builder-column-0{width:100% !important;margin-top : 0px;margin-bottom : 0px;}.fusion-builder-column-0 > .fusion-column-wrapper {padding-top : 0px !important;padding-right : 0px !important;margin-right : 0px;padding-bottom : 0px !important;padding-left : 0px !important;margin-left : 0px;}@media only screen and (max-width:1024px) {.fusion-body .fusion-builder-column-0{width:100% !important;}.fusion-builder-column-0 > .fusion-column-wrapper {margin-right : 0px;margin-left : 0px;}}@media only screen and (max-width:640px) {.fusion-body .fusion-builder-column-0{width:100% !important;}.fusion-builder-column-0 > .fusion-column-wrapper {margin-right : 0px;margin-left : 0px;}}<\/style><\/div><\/div><style type=\"text\/css\">.fusion-body .fusion-flex-container.fusion-builder-row-1{ padding-top : 0px;margin-top : 0px;padding-right : 0px;padding-bottom : 0px;margin-bottom : 0px;padding-left : 0px;}<\/style><\/div>\n","protected":false},"excerpt":{"rendered":"","protected":false},"author":8,"featured_media":0,"parent":0,"menu_order":0,"comment_status":"open","ping_status":"open","template":"","meta":{"ngg_post_thumbnail":0},"_links":{"self":[{"href":"https:\/\/ktp-sk.sk\/old\/wp-json\/wp\/v2\/pages\/243"}],"collection":[{"href":"https:\/\/ktp-sk.sk\/old\/wp-json\/wp\/v2\/pages"}],"about":[{"href":"https:\/\/ktp-sk.sk\/old\/wp-json\/wp\/v2\/types\/page"}],"author":[{"embeddable":true,"href":"https:\/\/ktp-sk.sk\/old\/wp-json\/wp\/v2\/users\/8"}],"replies":[{"embeddable":true,"href":"https:\/\/ktp-sk.sk\/old\/wp-json\/wp\/v2\/comments?post=243"}],"version-history":[{"count":0,"href":"https:\/\/ktp-sk.sk\/old\/wp-json\/wp\/v2\/pages\/243\/revisions"}],"wp:attachment":[{"href":"https:\/\/ktp-sk.sk\/old\/wp-json\/wp\/v2\/media?parent=243"}],"curies":[{"name":"wp","href":"https:\/\/api.w.org\/{rel}","templated":true}]}}