{"id":2680,"date":"2014-01-25T22:55:01","date_gmt":"2014-01-25T20:55:01","guid":{"rendered":"http:\/\/www.ktp-sk.sk\/?page_id=2680"},"modified":"2020-10-13T12:23:25","modified_gmt":"2020-10-13T10:23:25","slug":"plemenna-kniha-tibetsky-terier","status":"publish","type":"page","link":"https:\/\/ktp-sk.sk\/old\/plemenna-kniha-tibetsky-terier\/","title":{"rendered":"Plemenn\u00e1 kniha Tibetsk\u00fd Teri\u00e9r"},"content":{"rendered":"<div class=\"fusion-fullwidth fullwidth-box fusion-builder-row-1 fusion-flex-container hundred-percent-fullwidth non-hundred-percent-height-scrolling\" style=\"background-color: rgba(255,255,255,0);background-position: center center;background-repeat: no-repeat;border-width: 0px 0px 0px 0px;border-color:#eae9e9;border-style:solid;\" ><div class=\"fusion-builder-row fusion-row fusion-flex-align-items-flex-start\" style=\"width:calc( 100% + 0px ) !important;max-width:calc( 100% + 0px ) !important;margin-left: calc(-0px \/ 2 );margin-right: calc(-0px \/ 2 );\"><div class=\"fusion-layout-column fusion_builder_column fusion-builder-column-0 fusion_builder_column_1_1 1_1 fusion-flex-column fusion-flex-align-self-flex-start fusion-column-no-min-height\"><div class=\"fusion-column-wrapper fusion-flex-justify-content-flex-start fusion-content-layout-column\" style=\"background-position:left top;background-repeat:no-repeat;-webkit-background-size:cover;-moz-background-size:cover;-o-background-size:cover;background-size:cover;padding: 0px 0px 0px 0px;\"><div class=\"fusion-blog-shortcode fusion-blog-shortcode-1 fusion-blog-archive fusion-blog-layout-large fusion-blog-pagination fusion-blog-no-images\"><div class=\"fusion-posts-container fusion-posts-container-pagination\" data-pages=\"4\"><article id=\"blog-1-post-6577\" class=\"fusion-post-large post-6577 post type-post status-publish format-standard hentry category-pk-tt\">\n<div class=\"fusion-post-content post-content\"><h2 class=\"blog-shortcode-post-title entry-title\"><a href=\"https:\/\/ktp-sk.sk\/old\/pk-tt-2020\/\">PK TT 2020<\/a><\/h2><div class=\"fusion-post-content-container\"><p>Chovate\u013esk\u00e1 stanica Tingri, KTP 1\/20 Chovate\u013e: A.Kr\u00e1lik\u00a0+ Z.Bajsov\u00e1 Otec: Falamandus VOTE FOR STUDMUFFIN, Matka: HADA Tingri D\u00e1tum narodenia \u0161teniat: 7.8.2020 SPKP 376 KAILAS pes \u010dierny, [...]<\/p><\/div><\/div><div class=\"fusion-clearfix\"><\/div><div class=\"fusion-meta-info\"><div class=\"fusion-alignleft\"><span class=\"vcard\" style=\"display: none;\"><span class=\"fn\"><a href=\"https:\/\/ktp-sk.sk\/old\/author\/blazo\/\" title=\"Autor \u010dl\u00e1nku Radek Bla\u017eo\" rel=\"author\">Radek Bla\u017eo<\/a><\/span><\/span><span class=\"updated\" style=\"display:none;\">2021-08-08T08:08:11+02:00<\/span><span>31\/12\/2020 <\/span><span class=\"fusion-inline-sep\">|<\/span><\/div><\/div><\/article>\n<article id=\"blog-1-post-6055\" class=\"fusion-post-large post-6055 post type-post status-publish format-standard hentry category-pk-tt\">\n<div class=\"fusion-post-content post-content\"><h2 class=\"blog-shortcode-post-title entry-title\"><a href=\"https:\/\/ktp-sk.sk\/old\/pk-tt-2019\/\">PK TT 2019<\/a><\/h2><div class=\"fusion-post-content-container\"><p>Rok 2019 Chovate\u013esk\u00e1 stanica Tingri, KTP 02\/19 Chovate\u013e: Z.Bajsov\u00e1+A.Kr\u00e1lik Otec: HA-GI Tingri, Matka: CAITANYA Tingri D\u00e1tum narodenia \u0161teniat: 6.8.2019 SPKP 366 JAGANNATH pes, \u010dierno-biely SPKP [...]<\/p><\/div><\/div><div class=\"fusion-clearfix\"><\/div><div class=\"fusion-meta-info\"><div class=\"fusion-alignleft\"><span class=\"vcard\" style=\"display: none;\"><span class=\"fn\"><a href=\"https:\/\/ktp-sk.sk\/old\/author\/blazo\/\" title=\"Autor \u010dl\u00e1nku Radek Bla\u017eo\" rel=\"author\">Radek Bla\u017eo<\/a><\/span><\/span><span class=\"updated\" style=\"display:none;\">2020-04-20T09:34:40+02:00<\/span><span>31\/12\/2019 <\/span><span class=\"fusion-inline-sep\">|<\/span><\/div><\/div><\/article>\n<article id=\"blog-1-post-5338\" class=\"fusion-post-large post-5338 post type-post status-publish format-standard hentry category-pk-tt\">\n<div class=\"fusion-post-content post-content\"><h2 class=\"blog-shortcode-post-title entry-title\"><a href=\"https:\/\/ktp-sk.sk\/old\/pk-tt-2018\/\">PK TT 2018<\/a><\/h2><div class=\"fusion-post-content-container\"><p>Rok 2018 \u00a0 Chovate\u013esk\u00e1 stanica Khyi-Mi , KTP Chovate\u013e: Ad\u00e1mekov\u00e1 Martina Otec: HOTHI Lost Valley\/LOI 102494, Matka: G K\u00b4S FREE Litomada\u00b4s D\u00e1tum narodenia \u0161teniat: 07.05.2018 [...]<\/p><\/div><\/div><div class=\"fusion-clearfix\"><\/div><div class=\"fusion-meta-info\"><div class=\"fusion-alignleft\"><span class=\"vcard\" style=\"display: none;\"><span class=\"fn\"><a href=\"https:\/\/ktp-sk.sk\/old\/author\/blazo\/\" title=\"Autor \u010dl\u00e1nku Radek Bla\u017eo\" rel=\"author\">Radek Bla\u017eo<\/a><\/span><\/span><span class=\"updated\" style=\"display:none;\">2020-07-13T18:09:28+02:00<\/span><span>31\/12\/2018 <\/span><span class=\"fusion-inline-sep\">|<\/span><\/div><\/div><\/article>\n<article id=\"blog-1-post-5302\" class=\"fusion-post-large post-5302 post type-post status-publish format-standard hentry category-pk-tt\">\n<div class=\"fusion-post-content post-content\"><h2 class=\"blog-shortcode-post-title entry-title\"><a href=\"https:\/\/ktp-sk.sk\/old\/pk-tt-2017\/\">PK TT 2017<\/a><\/h2><div class=\"fusion-post-content-container\"><p>Rok 2017 Chovate\u013esk\u00e1 stanica: Tingri Majite\u013e: Albert Kr\u00e1lik+ Zdenka Bajsov\u00e1 Otec: Man-Dara-Wa Phu-Pacificus Matka: Caitanya Tingri D\u00e1tum narodenia: 24.6.2017 SPKP 354 Chenresi, pes, \u010dierny, biele [...]<\/p><\/div><\/div><div class=\"fusion-clearfix\"><\/div><div class=\"fusion-meta-info\"><div class=\"fusion-alignleft\"><span class=\"vcard\" style=\"display: none;\"><span class=\"fn\"><a href=\"https:\/\/ktp-sk.sk\/old\/author\/blazo\/\" title=\"Autor \u010dl\u00e1nku Radek Bla\u017eo\" rel=\"author\">Radek Bla\u017eo<\/a><\/span><\/span><span class=\"updated\" style=\"display:none;\">2020-07-13T18:06:33+02:00<\/span><span>31\/12\/2017 <\/span><span class=\"fusion-inline-sep\">|<\/span><\/div><\/div><\/article>\n<\/div><div class=\"pagination clearfix\"><span class=\"current\">1<\/span><a href=\"https:\/\/ktp-sk.sk\/old\/wp-json\/wp\/v2\/pages\/2680\/page\/2\/\" class=\"inactive\">2<\/a><a class=\"pagination-next\" rel=\"next\" href=\"https:\/\/ktp-sk.sk\/old\/wp-json\/wp\/v2\/pages\/2680\/page\/2\/\"><span class=\"page-text\">Next<\/span><span class=\"page-next\"><\/span><\/a><\/div><div class=\"fusion-clearfix\"><\/div><\/div><\/div><style type=\"text\/css\">.fusion-body .fusion-builder-column-0{width:100% !important;margin-top : 0px;margin-bottom : 0px;}.fusion-builder-column-0 > .fusion-column-wrapper {padding-top : 0px !important;padding-right : 0px !important;margin-right : 0px;padding-bottom : 0px !important;padding-left : 0px !important;margin-left : 0px;}@media only screen and (max-width:1024px) {.fusion-body .fusion-builder-column-0{width:100% !important;}.fusion-builder-column-0 > .fusion-column-wrapper {margin-right : 0px;margin-left : 0px;}}@media only screen and (max-width:640px) {.fusion-body .fusion-builder-column-0{width:100% !important;}.fusion-builder-column-0 > .fusion-column-wrapper {margin-right : 0px;margin-left : 0px;}}<\/style><\/div><\/div><style type=\"text\/css\">.fusion-fullwidth.fusion-builder-row-1 { overflow:visible; }.fusion-body .fusion-flex-container.fusion-builder-row-1{ padding-top : 0px;margin-top : 0px;padding-right : 0px;padding-bottom : 0px;margin-bottom : 0px;padding-left : 0px;}<\/style><\/div>\n","protected":false},"excerpt":{"rendered":"","protected":false},"author":8,"featured_media":0,"parent":0,"menu_order":0,"comment_status":"closed","ping_status":"closed","template":"","meta":{"ngg_post_thumbnail":0},"_links":{"self":[{"href":"https:\/\/ktp-sk.sk\/old\/wp-json\/wp\/v2\/pages\/2680"}],"collection":[{"href":"https:\/\/ktp-sk.sk\/old\/wp-json\/wp\/v2\/pages"}],"about":[{"href":"https:\/\/ktp-sk.sk\/old\/wp-json\/wp\/v2\/types\/page"}],"author":[{"embeddable":true,"href":"https:\/\/ktp-sk.sk\/old\/wp-json\/wp\/v2\/users\/8"}],"replies":[{"embeddable":true,"href":"https:\/\/ktp-sk.sk\/old\/wp-json\/wp\/v2\/comments?post=2680"}],"version-history":[{"count":0,"href":"https:\/\/ktp-sk.sk\/old\/wp-json\/wp\/v2\/pages\/2680\/revisions"}],"wp:attachment":[{"href":"https:\/\/ktp-sk.sk\/old\/wp-json\/wp\/v2\/media?parent=2680"}],"curies":[{"name":"wp","href":"https:\/\/api.w.org\/{rel}","templated":true}]}}