{"id":2703,"date":"2014-01-26T10:20:52","date_gmt":"2014-01-26T08:20:52","guid":{"rendered":"http:\/\/www.ktp-sk.sk\/?page_id=2703"},"modified":"2020-10-13T12:23:25","modified_gmt":"2020-10-13T10:23:25","slug":"historia-plemena-tibetsky-terrier","status":"publish","type":"page","link":"https:\/\/ktp-sk.sk\/old\/historia-plemena-tibetsky-terrier\/","title":{"rendered":"Hist\u00f3ria plemena Tibetsk\u00fd teri\u00e9r"},"content":{"rendered":"<p style=\"text-align: justify;\"><div class=\"fusion-fullwidth fullwidth-box fusion-builder-row-1 fusion-flex-container hundred-percent-fullwidth non-hundred-percent-height-scrolling\" style=\"background-color: rgba(255,255,255,0);background-position: center center;background-repeat: no-repeat;border-width: 0px 0px 0px 0px;border-color:#eae9e9;border-style:solid;\" ><div class=\"fusion-builder-row fusion-row fusion-flex-align-items-flex-start\" style=\"width:calc( 100% + 0px ) !important;max-width:calc( 100% + 0px ) !important;margin-left: calc(-0px \/ 2 );margin-right: calc(-0px \/ 2 );\"><div class=\"fusion-layout-column fusion_builder_column fusion-builder-column-0 fusion_builder_column_1_1 1_1 fusion-flex-column fusion-flex-align-self-flex-start fusion-column-no-min-height\"><div class=\"fusion-column-wrapper fusion-flex-justify-content-flex-start fusion-content-layout-column\" style=\"background-position:left top;background-repeat:no-repeat;-webkit-background-size:cover;-moz-background-size:cover;-o-background-size:cover;background-size:cover;padding: 0px 0px 0px 0px;\">[fusion_dropcap]<span style=\"color: #800000;\">T<\/span>[\/fusion_dropcap]ibetsk\u00fd teri\u00e9r zap\u00f4sob\u00ed hne\u010f na prv\u00fd poh\u013ead. M\u00e1 to na svedom\u00ed hlavne krajina, z&nbsp;ktorej poch\u00e1dza. Na jednej strane jeho exotick\u00fd vzh\u013ead a&nbsp;na druhej strane krajina p\u00f4vodu, pln\u00e1 m\u00fdtov, legiend, sv\u00e4tcov a&nbsp;m\u00e1gov a&nbsp;v&nbsp;neposlednom rade z\u00e1kazov hlavne pre cudzincov, d\u00e1vaj\u00fa jeho v\u00fdzoru ten prav\u00fd magick\u00fd n\u00e1dych.<\/p>\n<p style=\"text-align: justify;\">Tibet, strecha sveta, hory a&nbsp;horsk\u00e9 plo\u0161iny. Extr\u00e9mne klimatick\u00e9 podmienky so&nbsp; striedan\u00edm dlhej a&nbsp;ve\u013emi \u013eadovej zimy, s&nbsp;kr\u00e1tkym, zato ve\u013emi hor\u00facim letom, sa ve\u013emi v\u00fdznamne podp\u00edsali pod v\u00fdzor a&nbsp;formovanie psov poch\u00e1dzaj\u00facich z&nbsp;Tibetu. N\u00e1zov \u201eapso\u201c bol v&nbsp;Tibete ur\u010den\u00fd pre v\u0161etky dlhosrst\u00e9 psy odchovan\u00e9 u\u017e pred 2000 rokmi a&nbsp;tie ve\u013emi dlho neboli bli\u017e\u0161ie \u0161pecifikovan\u00e9.<\/p>\n<p style=\"text-align: justify;\"><\/div><style type=\"text\/css\">.fusion-body .fusion-builder-column-0{width:100% !important;margin-top : 0px;margin-bottom : 0px;}.fusion-builder-column-0 > .fusion-column-wrapper {padding-top : 0px !important;padding-right : 0px !important;margin-right : 0px;padding-bottom : 0px !important;padding-left : 0px !important;margin-left : 0px;}@media only screen and (max-width:1024px) {.fusion-body .fusion-builder-column-0{width:100% !important;}.fusion-builder-column-0 > .fusion-column-wrapper {margin-right : 0px;margin-left : 0px;}}@media only screen and (max-width:640px) {.fusion-body .fusion-builder-column-0{width:100% !important;}.fusion-builder-column-0 > .fusion-column-wrapper {margin-right : 0px;margin-left : 0px;}}<\/style><\/div><div class=\"fusion-layout-column fusion_builder_column fusion-builder-column-1 fusion_builder_column_1_1 1_1 fusion-flex-column fusion-flex-align-self-flex-start fusion-column-no-min-height\"><div class=\"fusion-column-wrapper fusion-flex-justify-content-flex-start fusion-content-layout-column\" style=\"background-position:left top;background-repeat:no-repeat;-webkit-background-size:cover;-moz-background-size:cover;-o-background-size:cover;background-size:cover;padding: 0px 0px 0px 0px;\">[fusion_dropcap]<span style=\"color: #800000;\">V<\/span>[\/fusion_dropcap]\u00e4\u010d\u0161ie psy sa vyu\u017e\u00edvali nom\u00e1dmi ako pastierske, str\u00e1\u017ene a&nbsp;obrann\u00e9. V&nbsp;ka\u017edom pr\u00edpade funkcia psa ako pastiera sa odrazila asi najviac na vzh\u013eade Tibetsk\u00e9ho teri\u00e9ra. Dvojit\u00e1 srs\u0165 t\u00fdchto psov tvorila vynikaj\u00facu ochranu nielen vo\u010di nepriazniv\u00e9mu po\u010dasiu, ale aj vo\u010di poraneniam od zvierat, neraz nap\u00e1daj\u00facich st\u00e1do. V&nbsp;p\u00f4vodn\u00fdch tibetsk\u00fdch pastierskych psoch n\u00e1jdeme p\u00f4vod viacer\u00fdch plemien napr. Komondor, Kuvasz, Po\u013esk\u00fd ni\u017einn\u00fd ov\u010diak, \u010di Puli at\u010f.<\/p>\n<p style=\"text-align: justify;\">Men\u0161ie psy \u017eili \u010dasto v&nbsp;kl\u00e1\u0161toroch hlavn\u00e9ho mesta ibetu Lhasy. V&nbsp;nich videli mn\u00edsi, aj samotn\u00ed Tibe\u0165ania, znovuzrodenie du\u0161\u00ed a&nbsp;zna\u010dne ich re\u0161pektovali. Nebolo mo\u017en\u00e9 z\u00edska\u0165 ich inak, ako darom, preto sa o&nbsp;nich hovor\u00ed aj ako o \u201eDarcoch \u0161\u0165astia\u201c . Ostatn\u00fdch prevy\u0161ovali svojou pohyblivos\u0165ou, obratnos\u0165ou a&nbsp;\u010dulos\u0165ou. Okrem spolo\u010dn\u00edkov mn\u00edchov boli z&nbsp;nich aj psy na&nbsp;modlenie, alebo ako \u201etermofory\u201c zohrievali ich nohy. Pr\u00e1ve chov v&nbsp;kl\u00e1\u0161toroch sa podp\u00edsal pod dne\u0161n\u00fd jemnej\u0161\u00ed v\u00fdzor tohto exotick\u00e9ho plemena.<\/p>\n<p style=\"text-align: justify;\">Nom\u00e1dske \u010driedy oviec a&nbsp;k\u00f4z pas\u00facich sa vo&nbsp;vysok\u00fdch poloh\u00e1ch, dokonca v\u00fdborne \u0161plhaj\u00facich, nebolo mo\u017en\u00e9 len tak \u013eahko zahna\u0165 a&nbsp;udr\u017ea\u0165 v&nbsp;st\u00e1de. Preto potrebovali psy, ktor\u00e9 by dok\u00e1zali s&nbsp;kozami udr\u017ea\u0165 nielen krok, ale aj skok. Vy\u017eadovali si doslovne ma\u010dacie schopnosti. \u010eal\u0161\u00edm probl\u00e9m bol vysok\u00fd sneh. Pes musel by\u0165 \u013eahk\u00fd a&nbsp;ide\u00e1lne by bolo aby jeho hmotnos\u0165 bola rozlo\u017een\u00e1 na&nbsp;\u0161irok\u00fdch lab\u00e1ch. Tibetsk\u00fd teri\u00e9r stoj\u00ed na svojich labk\u00e1ch ako \u010dlovek na&nbsp;noh\u00e1ch, \u010do vyvol\u00e1va aj efekt tzv. sne\u017en\u00edc. Jeho kompaktn\u00e9 telo a&nbsp;v\u00fdborne zauhlen\u00e9 kon\u010datiny mu umo\u017e\u0148uj\u00fa r\u00fdchly a&nbsp;bezpe\u010dn\u00fd pohyb v&nbsp;skalnatej krajine.<\/p>\n<p style=\"text-align: justify;\">K&nbsp;dejin\u00e1m i&nbsp;v\u00fdvoju Tibetsk\u00e9ho teri\u00e9ra v&nbsp;Eur\u00f3pe neodmyslite\u013ene patr\u00ed rok 1922 a&nbsp;meno Dr. Agnes Greig. T\u00e1to anglick\u00e1 lek\u00e1rka p\u00f4sobiaca v&nbsp;indickom meste Kanpur, \u00faspe\u0161ne operovala jednu Tibe\u0165anku zo&nbsp;z\u00e1mo\u017enej rodiny a&nbsp;ako inak na&nbsp;znak v\u010faky dostala dar najvzne\u0161enej\u0161\u00ed a&nbsp;najcennej\u0161\u00ed, zlato-bielu su\u010dku Tibetsk\u00e9ho teri\u00e9ra, menom Bunti. O&nbsp;nejak\u00fd \u010das Dr. Greig ziskala&nbsp; aj psa tohto plemena, ktor\u00fd sa volal Rajah. A&nbsp;za\u010dali sa p\u00edsa\u0165 dejiny jednej z&nbsp;l\u00edni\u00ed Tibetsk\u00fdch teri\u00e9rov \u201eLamleh\u201c, ako znel aj n\u00e1zov chovnej stanice Dr. Greig. Prv\u00fd vrh z&nbsp;tohto spojenia sa narodil v&nbsp;roku 1924 v&nbsp;Severnej Indii. Nastali r\u00f4zne peripetie s&nbsp;uznan\u00edm n\u00e1zvu, p\u00f4vodne ako \u201eLhasa Teri\u00e9r\u201c namiesto \u201eTibet apso\u201c i&nbsp;ke\u010f bolo u\u017e zjavn\u00e9, \u017ee ide o&nbsp;dve odli\u0161n\u00e9 formy psa, a&nbsp;pri tomto pom\u00fdlenom n\u00e1zve sme bohu\u017eia\u013e zostali a\u017e do dnes. Meni\u0165 n\u00e1zov sa dnes u\u017e asi neoplat\u00ed, tak\u017ee majitelia a&nbsp;chovatelia Tibetsk\u00fdch teri\u00e9rov zvedavcom a&nbsp;z\u00e1ujemcom o&nbsp;plemeno vysvet\u013euj\u00fa, \u017ee to naozaj nie je po\u013eovn\u00fd pes, ale \u017ee je to teri\u00e9r \u201eneteri\u00e9r\u201c.<\/p>\n<p style=\"text-align: justify;\">V&nbsp;roku 1930 Dr. Greig za\u010dala s&nbsp;chovom Tibetsk\u00e9ho teri\u00e9ra aj v&nbsp;Anglicku. Svoj chov rozv\u00edjala aj na&nbsp;\u010fal\u0161\u00edch jedincoch a\u017e do&nbsp;roku 1953, ke\u010f bol v&nbsp;liverpoolskych dokoch policajtom menom John Downey odchyten\u00fd mal\u00fd opusten\u00fd chlpat\u00fd pes \u201eDusky\u201c. Vraj n\u00e1hoda zariadila, \u017ee psa uvidel rozhodca a&nbsp;navrhol, aby ho Downovci nechali registrova\u0165 ako Tibetsk\u00e9ho teri\u00e9ra. Stalo sa to skuto\u010dnos\u0165ou a&nbsp;Dusky, tera\u017e u\u017e \u201eTrojan Kynos\u201c, bol uznan\u00fd za prav\u00e9ho tibe\u0165\u00e1ka a&nbsp;za\u010dal sa rozv\u00edja\u0165 chov \u010fal\u0161ej l\u00ednie, ako inak, pod n\u00e1zvom chovate\u013eskej stanice Downovcov \u201eLuneville\u201c. Dve l\u00ednie, mnoho sporov o&nbsp;p\u00f4vod, rozdelenie chovate\u013esk\u00fdch klubov, ale i&nbsp;mnoho \u00faspe\u0161n\u00fdch \u0161ampi\u00f3nov poch\u00e1dzaj\u00facich z&nbsp;obidvoch z&nbsp;nich.<\/p>\n<p style=\"text-align: justify;\">\u010ci u\u017e l\u00ednia jedna, alebo druh\u00e1, so&nbsp;svojimi v\u00fdhodami, \u010di nev\u00fdhodami, v&nbsp;ka\u017edej z&nbsp;nich vid\u00edme k\u00fasok p\u00f4vodn\u00fdch potomkov strechy sveta, tibetsk\u00fdch sk\u00e1l, snehu a&nbsp;slnka &#8211; p\u00f4vodn\u00e9ho \u201eTibet apso\u201c.<\/p>\n<p style=\"text-align: justify;\">Niektor\u00ed chovatelia a&nbsp;nad\u0161enci sa dnes s&nbsp;ob\u013eubou vracaj\u00fa k&nbsp;p\u00f4vodn\u00fdm psom z&nbsp;Tibetu, o&nbsp;\u010dom sved\u010d\u00ed i&nbsp;p\u00e1r tibetsk\u00fdch importov. Jedni ich \u010diny zatracuj\u00fa, in\u00ed vyzdvihuj\u00fa, \u010do v\u0161ak tento trend so sebou prinesie, s&nbsp;istotou uvid\u00edme a\u017e za p\u00e1r rokov na ich potomkoch. V&nbsp;ka\u017edom pr\u00edpade je to v\u00fdzva na zamyslenie.<\/p>\n<\/div><style type=\"text\/css\">.fusion-body .fusion-builder-column-1{width:100% !important;margin-top : 0px;margin-bottom : 0px;}.fusion-builder-column-1 > .fusion-column-wrapper {padding-top : 0px !important;padding-right : 0px !important;margin-right : 0px;padding-bottom : 0px !important;padding-left : 0px !important;margin-left : 0px;}@media only screen and (max-width:1024px) {.fusion-body .fusion-builder-column-1{width:100% !important;}.fusion-builder-column-1 > .fusion-column-wrapper {margin-right : 0px;margin-left : 0px;}}@media only screen and (max-width:640px) {.fusion-body .fusion-builder-column-1{width:100% !important;}.fusion-builder-column-1 > .fusion-column-wrapper {margin-right : 0px;margin-left : 0px;}}<\/style><\/div><\/div><style type=\"text\/css\">.fusion-fullwidth.fusion-builder-row-1 { overflow:visible; }.fusion-body .fusion-flex-container.fusion-builder-row-1{ padding-top : 0px;margin-top : 0px;padding-right : 0px;padding-bottom : 0px;margin-bottom : 0px;padding-left : 0px;}<\/style><\/div><\/p>\n","protected":false},"excerpt":{"rendered":"","protected":false},"author":8,"featured_media":0,"parent":0,"menu_order":0,"comment_status":"closed","ping_status":"closed","template":"","meta":{"ngg_post_thumbnail":0},"_links":{"self":[{"href":"https:\/\/ktp-sk.sk\/old\/wp-json\/wp\/v2\/pages\/2703"}],"collection":[{"href":"https:\/\/ktp-sk.sk\/old\/wp-json\/wp\/v2\/pages"}],"about":[{"href":"https:\/\/ktp-sk.sk\/old\/wp-json\/wp\/v2\/types\/page"}],"author":[{"embeddable":true,"href":"https:\/\/ktp-sk.sk\/old\/wp-json\/wp\/v2\/users\/8"}],"replies":[{"embeddable":true,"href":"https:\/\/ktp-sk.sk\/old\/wp-json\/wp\/v2\/comments?post=2703"}],"version-history":[{"count":0,"href":"https:\/\/ktp-sk.sk\/old\/wp-json\/wp\/v2\/pages\/2703\/revisions"}],"wp:attachment":[{"href":"https:\/\/ktp-sk.sk\/old\/wp-json\/wp\/v2\/media?parent=2703"}],"curies":[{"name":"wp","href":"https:\/\/api.w.org\/{rel}","templated":true}]}}