{"id":2717,"date":"2020-10-05T17:57:05","date_gmt":"2020-10-05T15:57:05","guid":{"rendered":"http:\/\/www.ktp-sk.sk\/?page_id=2717"},"modified":"2021-09-22T20:19:52","modified_gmt":"2021-09-22T18:19:52","slug":"zdravie","status":"publish","type":"page","link":"https:\/\/ktp-sk.sk\/old\/zdravie\/","title":{"rendered":"Zdravie"},"content":{"rendered":"<div class=\"fusion-fullwidth fullwidth-box fusion-builder-row-1 fusion-flex-container nonhundred-percent-fullwidth non-hundred-percent-height-scrolling\" style=\"background-color: rgba(255,255,255,0);background-position: center center;background-repeat: no-repeat;border-width: 0px 0px 0px 0px;border-color:#eae9e9;border-style:solid;\" ><div class=\"fusion-builder-row fusion-row fusion-flex-align-items-flex-start\" style=\"max-width:998.4px;margin-left: calc(-4% \/ 2 );margin-right: calc(-4% \/ 2 );\"><div class=\"fusion-layout-column fusion_builder_column fusion-builder-column-0 fusion_builder_column_1_1 1_1 fusion-flex-column\"><div class=\"fusion-column-wrapper fusion-flex-justify-content-flex-start fusion-content-layout-column\" style=\"background-position:left top;background-repeat:no-repeat;-webkit-background-size:cover;-moz-background-size:cover;-o-background-size:cover;background-size:cover;padding: 0px 0px 0px 0px;\"><div class=\"fusion-text fusion-text-1\"><p><strong>Vy\u0161etrenie o\u010d\u00ed na dedi\u010dn\u00e9 o\u010dn\u00e9 choroby:<\/strong><\/p>\n<p>MVDr. Ivan Pa\u0161ek<br \/><strong><a href=\"http:\/\/www.zkp.sk\" target=\"_blank\" rel=\"noopener noreferrer\">Zvieracia klinika plus<\/a>,<\/strong> Bratislavsk\u00e1 45, 917 02 Trnava.<\/p>\n<p>MVDr. Miroslav Faga<br \/><strong><a href=\"http:\/\/www.svktt.sk\/nasi-veterinarni-lekari\" target=\"_blank\" rel=\"noopener noreferrer\">S\u00fakromn\u00e1 veterin\u00e1rna klinika Trnava<\/a><\/strong><\/p>\n<p><strong><a href=\"http:\/\/www.vetpark.eu\" target=\"_blank\" rel=\"noopener noreferrer\">MVDr. Petr Sta\u0148a<\/a><\/strong><br \/>Bude\u010dsk\u00e1 1938\/7, 702 00 Ostrava 2.<\/p>\n<p><strong><a href=\"http:\/\/www.veterina-pce.cz\" target=\"_blank\" rel=\"noopener noreferrer\">MVDr. Ji\u0159\u00ed Ber\u00e1nek<\/a><\/strong><br \/>Veterin\u00e1rna o\u0161etrov\u0148a, Husova 1747, 530 03 Pardubice.<\/p>\n<p><strong>Vy\u0161etrenie a vyhodnotenie RTG bedrov\u00fdch (lak\u0165ov\u00fdch) k\u013abov<\/strong><br \/>MVDr. Ivan Pa\u0161ek<\/p>\n<p><strong><a href=\"http:\/\/www.zkp.sk\" target=\"_blank\" rel=\"noopener noreferrer\">Certifikovan\u00e9 RTG stredisko<\/a><\/strong> &#8211; Zvieracia klinika plus, Bratislavsk\u00e1 45, 917 02 Trnava.<\/p>\n<div><b>DNA testy<\/b><\/div>\n<div> <\/div>\n<div><a href=\"https:\/\/mydogdna.com\/products\/mydogdna\"><b>MyDogDNA<\/b><\/a> (F\u00ednsko) &#8211; DNA test<b> <\/b>PRA4 (Progressive Retinal Atrophy) pre plemeno lhasa apso.<\/div>\n<div> <\/div>\n<div><a href=\"s:\/\/www.genomia.cz\/cz\/\"><b>Genomia<\/b><\/a> (Plze\u0148\/ \u010cR) &#8211; \u010dlenom klubu je poskytovan\u00e1 z\u013eava 10 % pod\u013ea t\u00fdchto <a href=\"https:\/\/www.genomia.cz\/cz\/terms_conditions\/#kluby\">podmienok.<\/a><\/div>\n<div> <\/div>\n<div><a href=\"https:\/\/www.offa.org\/\"><b>OFA<\/b><\/a> (Orthopedic Foundation for Animals USA).<\/div>\n<div> <\/div>\n<div><a href=\"https:\/\/sk.laboklin.info\/\"><b>Laboklin<\/b><\/a> (Bratislava).<\/div><\/p>\n<\/div><\/div><style type=\"text\/css\">.fusion-body .fusion-builder-column-0{width:100% !important;margin-top : 0px;margin-bottom : 0px;}.fusion-builder-column-0 > .fusion-column-wrapper {padding-top : 0px !important;padding-right : 0px !important;margin-right : 1.92%;padding-bottom : 0px !important;padding-left : 0px !important;margin-left : 1.92%;}@media only screen and (max-width:1024px) {.fusion-body .fusion-builder-column-0{width:100% !important;}.fusion-builder-column-0 > .fusion-column-wrapper {margin-right : 1.92%;margin-left : 1.92%;}}@media only screen and (max-width:640px) {.fusion-body .fusion-builder-column-0{width:100% !important;}.fusion-builder-column-0 > .fusion-column-wrapper {margin-right : 1.92%;margin-left : 1.92%;}}<\/style><\/div><\/div><style type=\"text\/css\">.fusion-body .fusion-flex-container.fusion-builder-row-1{ padding-top : 0px;margin-top : 0px;padding-right : 0px;padding-bottom : 0px;margin-bottom : 0px;padding-left : 0px;}<\/style><\/div>\n","protected":false},"excerpt":{"rendered":"","protected":false},"author":8,"featured_media":0,"parent":0,"menu_order":0,"comment_status":"closed","ping_status":"closed","template":"","meta":{"ngg_post_thumbnail":0},"_links":{"self":[{"href":"https:\/\/ktp-sk.sk\/old\/wp-json\/wp\/v2\/pages\/2717"}],"collection":[{"href":"https:\/\/ktp-sk.sk\/old\/wp-json\/wp\/v2\/pages"}],"about":[{"href":"https:\/\/ktp-sk.sk\/old\/wp-json\/wp\/v2\/types\/page"}],"author":[{"embeddable":true,"href":"https:\/\/ktp-sk.sk\/old\/wp-json\/wp\/v2\/users\/8"}],"replies":[{"embeddable":true,"href":"https:\/\/ktp-sk.sk\/old\/wp-json\/wp\/v2\/comments?post=2717"}],"version-history":[{"count":0,"href":"https:\/\/ktp-sk.sk\/old\/wp-json\/wp\/v2\/pages\/2717\/revisions"}],"wp:attachment":[{"href":"https:\/\/ktp-sk.sk\/old\/wp-json\/wp\/v2\/media?parent=2717"}],"curies":[{"name":"wp","href":"https:\/\/api.w.org\/{rel}","templated":true}]}}