{"id":2724,"date":"2014-01-26T18:15:49","date_gmt":"2014-01-26T16:15:49","guid":{"rendered":"http:\/\/www.ktp-sk.sk\/?page_id=2724"},"modified":"2020-10-13T12:23:24","modified_gmt":"2020-10-13T10:23:24","slug":"historia-plemena-tibetsky-spaniel","status":"publish","type":"page","link":"https:\/\/ktp-sk.sk\/old\/historia-plemena-tibetsky-spaniel\/","title":{"rendered":"Hist\u00f3ria plemena Tibetsk\u00fd \u0161paniel"},"content":{"rendered":"<p style=\"text-align: justify;\"><div class=\"fusion-fullwidth fullwidth-box fusion-builder-row-1 fusion-flex-container hundred-percent-fullwidth non-hundred-percent-height-scrolling\" style=\"background-color: rgba(255,255,255,0);background-position: center center;background-repeat: no-repeat;border-width: 0px 0px 0px 0px;border-color:#eae9e9;border-style:solid;\" ><div class=\"fusion-builder-row fusion-row fusion-flex-align-items-flex-start\" style=\"width:calc( 100% + 0px ) !important;max-width:calc( 100% + 0px ) !important;margin-left: calc(-0px \/ 2 );margin-right: calc(-0px \/ 2 );\"><div class=\"fusion-layout-column fusion_builder_column fusion-builder-column-0 fusion_builder_column_1_1 1_1 fusion-flex-column fusion-flex-align-self-flex-start fusion-column-no-min-height\"><div class=\"fusion-column-wrapper fusion-flex-justify-content-flex-start fusion-content-layout-column\" style=\"background-position:left top;background-repeat:no-repeat;-webkit-background-size:cover;-moz-background-size:cover;-o-background-size:cover;background-size:cover;padding: 0px 0px 0px 0px;\">[fusion_dropcap]<span style=\"color: #800000;\">P<\/span>[\/fusion_dropcap]odobne ako in\u00e9 tibetsk\u00e9 plemen\u00e1, z<b>&nbsp;<\/b>ktor\u00fdch najzn\u00e1mej\u0161\u00edm je Lhasa Apso, tieto psy maj\u00fa starod\u00e1vny p\u00f4vod spojen\u00fd s<b>&nbsp;<\/b>hist\u00f3riou budhistick\u00fdch kl\u00e1\u0161torov a<b>&nbsp;<\/b>mn\u00edchov. Jeho dobrodru\u017estvo \u00fadajne za\u010dalo v<b>&nbsp;<\/b>mal\u00fdch tibetsk\u00fdch dedin\u00e1ch a<b>&nbsp;<\/b>kl\u00e1\u0161toroch okolo r. 2000 pred Kr., to je naozaj d\u00e1vno: z<b>&nbsp;<\/b>tohto d\u00f4vodu, ke\u010f sa pokus\u00edme zrekon\u0161truova\u0165 hist\u00f3riu tibetsk\u00e9ho \u0161paniela, tak sa m\u00f4\u017eeme riadi\u0165 len hypot\u00e9zami.<\/p>\n<p style=\"text-align: justify;\">Tibet bol v\u017edy izolovanou krajinou, kde kontakty so<b>&nbsp;<\/b>svetom boli zriedkav\u00e9. Najd\u00f4le\u017eitej\u0161ie boli vz\u0165ahy s<b>&nbsp;<\/b>\u010c\u00ednou, s<b>&nbsp;<\/b>ktorou mal Tibet politick\u00e9 a<b>&nbsp;<\/b>n\u00e1bo\u017eensk\u00e9 kontakty, tak\u017ee pri<b>&nbsp;<\/b>rekon\u0161trukcii celkovej hist\u00f3rie a<b>&nbsp;<\/b>cesty tohto psa sa historici museli uspokoji\u0165 s<b>&nbsp;<\/b>drobn\u00fdmi svedectvami a<b>&nbsp;<\/b>so<b>&nbsp;<\/b>skromn\u00fdmi prvkami. V<b>&nbsp;<\/b>priebehu dej\u00edn sa tibetsk\u00fd \u0161paniel ocitol ve\u013emi \u010dasto v<b>&nbsp;<\/b>tibetsk\u00fdch osad\u00e1ch a<b>&nbsp;<\/b>v<b>&nbsp;<\/b>jeho r\u00f4znych ve\u013ekostiach.<\/p>\n<p style=\"text-align: justify;\"><\/div><style type=\"text\/css\">.fusion-body .fusion-builder-column-0{width:100% !important;margin-top : 0px;margin-bottom : 0px;}.fusion-builder-column-0 > .fusion-column-wrapper {padding-top : 0px !important;padding-right : 0px !important;margin-right : 0px;padding-bottom : 0px !important;padding-left : 0px !important;margin-left : 0px;}@media only screen and (max-width:1024px) {.fusion-body .fusion-builder-column-0{width:100% !important;}.fusion-builder-column-0 > .fusion-column-wrapper {margin-right : 0px;margin-left : 0px;}}@media only screen and (max-width:640px) {.fusion-body .fusion-builder-column-0{width:100% !important;}.fusion-builder-column-0 > .fusion-column-wrapper {margin-right : 0px;margin-left : 0px;}}<\/style><\/div><div class=\"fusion-layout-column fusion_builder_column fusion-builder-column-1 fusion_builder_column_1_1 1_1 fusion-flex-column fusion-flex-align-self-flex-start fusion-column-no-min-height\"><div class=\"fusion-column-wrapper fusion-flex-justify-content-flex-start fusion-content-layout-column\" style=\"background-position:left top;background-repeat:no-repeat;-webkit-background-size:cover;-moz-background-size:cover;-o-background-size:cover;background-size:cover;padding: 0px 0px 0px 0px;\">[fusion_dropcap]<span style=\"color: #800000;\">N<\/span>[\/fusion_dropcap]ajmen\u0161ie psy boli pova\u017eovan\u00e9 za<b>&nbsp;<\/b>najcennej\u0161ie a<b>&nbsp;<\/b>z<b>&nbsp;<\/b>tohto d\u00f4vodu boli \u010dasto darovan\u00e9 do<b>&nbsp;<\/b>kl\u00e1\u0161torov ako \u0161peci\u00e1lny dar. I\u0161lo o<b>&nbsp;<\/b>mal\u00fdch psov, ktor\u00fdch v\u00fdvoj bol nesk\u00f4r razantne ovplyvnen\u00fd kr\u00ed\u017een\u00edm uskuto\u010dnen\u00fdm v<b>&nbsp;<\/b>samotn\u00fdch kl\u00e1\u0161toroch so<b>&nbsp;<\/b>psami poch\u00e1dzaj\u00facimi priamo z<b>&nbsp;<\/b>\u010c\u00edny.<\/p>\n<p style=\"text-align: justify;\">Psy mn\u00edchov postupne prijali r\u00f4zne \u013eudsk\u00e9 vlastnosti od<b>&nbsp;<\/b>psov \u017eij\u00facich na<b>&nbsp;<\/b>dedin\u00e1ch. V\u010faka procesu selekcie a<b>&nbsp;<\/b>mie\u0161ania, ktor\u00fd viedli mn\u00edsi, pri\u0161lo k<b>&nbsp;<\/b>vytvoreniu elegantnej\u0161\u00edch jedincov, ktor\u00ed dr\u017eali dlh\u00e9 hodiny v<b>&nbsp;<\/b>n\u00e1ru\u010d\u00ed po\u010das medit\u00e1cie. Druh psa, ktor\u00fd \u017eil v<b>&nbsp;<\/b>kl\u00e1\u0161toroch pri<b>&nbsp;<\/b>\u010c\u00ednskych hraniciach, mal kr\u00e1tky \u0148uf\u00e1k a<b>&nbsp;<\/b>podobal sa na<b>&nbsp;<\/b>\u010d\u00ednskych psov, z<b>&nbsp;<\/b>ktor\u00fdch zrejme poch\u00e1dzalo v<b>&nbsp;<\/b>ove\u013ea v\u00e4\u010d\u0161ej miere v<b>&nbsp;<\/b>porovnan\u00ed so<b>&nbsp;<\/b>psami, ktor\u00e9 boli chovan\u00e9 v<b>&nbsp;<\/b>kl\u00e1\u0161toroch vzdialen\u00fdch od<b>&nbsp;<\/b>\u010c\u00edny.<\/p>\n<p style=\"text-align: justify;\">Niektor\u00ed experti tejto rasy tvrdia, \u017ee ozajstn\u00fd Tibetsk\u00fd \u0160paniel je tak\u00fd, ktor\u00fd sa nach\u00e1dzal v<b>&nbsp;<\/b>kl\u00e1\u0161toroch na<b>&nbsp;<\/b>z\u00e1pade od<b>&nbsp;<\/b>Lhasy, kde bolo menej psov z<b>&nbsp;<\/b>\u010c\u00edny. U\u017e v<b>&nbsp;<\/b>kl\u00e1\u0161toroch mal Tibetsk\u00fd \u0160paniel dvojn\u00e1sobn\u00fa \u00falohu: bol milovan\u00fd pes spolo\u010dn\u00edk a<b>&nbsp;<\/b>vynikaj\u00faci str\u00e1\u017eny pes, jeho excelentn\u00fd vzh\u013ead ho<b>&nbsp;<\/b>v<b>&nbsp;<\/b>skuto\u010dnosti dovedie k<b>&nbsp;<\/b>tomu, aby s<b>&nbsp;<\/b>rados\u0165ou tr\u00e1vil ve\u013ea \u010dasu vo<b>&nbsp;<\/b>v\u00fd\u0161kach, odkia\u013e m\u00f4\u017ee ve\u013emi pozorne str\u00e1\u017ei\u0165 okolie a<b>&nbsp;<\/b>upozorni\u0165 dom\u00e1cich na<b>&nbsp;<\/b>pr\u00edchod cudz\u00edch.<\/p>\n<p style=\"text-align: justify;\">Predkovia teraj\u0161ieho Tibetsk\u00e9ho \u0160paniela sed\u00e1vali, alebo le\u017eiavali vo<b>&nbsp;<\/b>ve\u017eiach kl\u00e1\u0161torov alebo na<b>&nbsp;<\/b>strech\u00e1ch domov a<b>&nbsp;<\/b>odtia\u013e v<b>&nbsp;<\/b>pr\u00edpade potreby nepretr\u017eite \u0161tekali a<b>&nbsp;<\/b>tak volali na<b>&nbsp;<\/b>pomoc Tibetsk\u00e9ho Mastiffa \u2013 predchodcu mnoh\u00fdch s\u00fa\u010dasn\u00fdch molosov. Mastiff, v\u010faka obrovsk\u00fdm rozmerom bol schopn\u00fd \u00fa\u010dinnej\u0161ie sledova\u0165 pr\u00edtomnos\u0165 cudz\u00edch. Legenda hovor\u00ed, \u017ee tieto psi vedeli to\u010di\u0165 modlitebn\u00e9 koles\u00e1 v<b>&nbsp;<\/b>budhistick\u00fdch kl\u00e1\u0161toroch a<b>&nbsp;<\/b>preto boli zn\u00e1me ako \u201eModlitebn\u00e9 Psy\u201c. Ak vezmeme do<b>&nbsp;<\/b>\u00favahy ich men\u0161\u00ed rozmer a<b>&nbsp;<\/b>ve\u013ek\u00e9 rozmery modlitebn\u00fdch kolies, niektor\u00ed autori si myslia, \u017ee Tibetsk\u00fd \u0160paniel to\u010dil koleso pomocou mlyna. Ale neexistuje \u017eiadna zmienka, ktor\u00e1 by dosved\u010dila pravos\u0165 tejto legendy.<\/p>\n<p style=\"text-align: justify;\">A<b>&nbsp;<\/b>naopak existuje jeden skuto\u010dn\u00fd \u00fadaj, \u017ee Tibetsk\u00fdch \u0160panielov posielali do<b>&nbsp;<\/b>\u010d\u00ednskych pal\u00e1cov z<b>&nbsp;<\/b>Indie a<b>&nbsp;<\/b>z<b>&nbsp;<\/b>\u010fal\u0161\u00edch budhistick\u00fdch kraj\u00edn ako \u0161peci\u00e1lne dary. Tento zvyk pokra\u010doval a\u017e do<b>&nbsp;<\/b>r. 1908, ke\u010f Dalai Lama nav\u0161t\u00edvil Cis\u00e1rovn\u00fa Matku, Mae Tzu Hsi a<b>&nbsp;<\/b>ako dar si zobral so<b>&nbsp;<\/b>sebou \u201etradi\u010dn\u00e9ho\u201c Tibetsk\u00e9ho \u0160paniela. Je zn\u00e1me, \u017ee v<b>&nbsp;<\/b>XIX. storo\u010d\u00ed a<b>&nbsp;<\/b>v<b>&nbsp;<\/b>prvej polovici XX. storo\u010dia bola masov\u00e1 pr\u00edtomnos\u0165 Angli\u010danov v<b>&nbsp;<\/b>Indii. Angli\u010dania sem prich\u00e1dzali z<b>&nbsp;<\/b>vojensk\u00fdch, politick\u00fdch a<b>&nbsp;<\/b>obchodn\u00fdch d\u00f4vodov: mnoh\u00ed z<b>&nbsp;<\/b>nich sa rozhodli \u201edov\u00e1\u017ea\u0165\u201c prv\u00fdch Tibetsk\u00fdch \u0160panielov do Eur\u00f3py.<\/p>\n<p style=\"text-align: justify;\">Sir John C. White bol prv\u00fdm Angli\u010danom, ktor\u00fd vlastnil psa tejto rasy: White pracoval pre anglick\u00fa vl\u00e1du, preto ve\u013ea cestoval po celom regi\u00f3ne Himal\u00e1j\u00ed. V<b>&nbsp;<\/b>Nep\u00e1le si k\u00fapil \u201epal\u00e1cov\u00e9ho psa\u201c: \u010dierno &#8211; bieleho sam\u010deka, menom Boojum. Ve\u013emi sa diskutovalo \u010di bol Boojum ozajstn\u00fd Tibetsk\u00fd \u0160paniel. Pre\u0161tudovan\u00edm fotografi\u00ed z<b>&nbsp;<\/b>tohto obdobia niektor\u00ed chovatelia do\u0161li k<b>&nbsp;<\/b>z\u00e1veru, \u017ee Boojum bol zrejme Nep\u00e1lskou verziou Tibetsk\u00e9ho \u0160paniela. V<b>&nbsp;<\/b>roku 1898 bol White v<b>&nbsp;<\/b>slu\u017eb\u00e1ch v<b>&nbsp;<\/b>Sikkime (v<b>&nbsp;<\/b>indickom knie\u017eatstve bl\u00edzko Tibetsk\u00fdch hran\u00edc) a<b>&nbsp;<\/b>tam si k\u00fapil \u010dierne ml\u00e1\u010fa. Tento ps\u00ed sam\u010dek, ktor\u00fd sa volal Tibet a<b>&nbsp;<\/b>jeho spolo\u010dn\u00ed\u010dka Tabitha boli bez poch\u00fdb Tibetsk\u00ed \u0160panieli.<\/p>\n<p style=\"text-align: justify;\">Niekto ozna\u010dil, \u017ee to bol F. Wormald, ktor\u00fd ako prv\u00fd zaregistroval t\u00fato rasu v roku 1905: t\u00e1to rasa ale nebola pozorovan\u00e1 a\u017e do<b>&nbsp;<\/b>konca 40. rokov. Vie sa, \u017ee potom pani Mac Laren Morrisonov\u00e1 bola prvou vystavovate\u013ekou Tibe\u0165ana v<b>&nbsp;<\/b>Anglicku. Toto sa uskuto\u010dnilo koncom XIX. a<b>&nbsp;<\/b>za\u010diatkom XX. storo\u010dia. Nesk\u00f4r v<b>&nbsp;<\/b>20. rokoch minul\u00e9ho storo\u010dia Dr. Freig poslal svojej matke do<b>&nbsp;<\/b>Anglicka \u2013 zasa z<b>&nbsp;<\/b>Indie- nieko\u013eko exempl\u00e1rov t\u00fdchto psov, ktor\u00fdch potom prezentoval na<b>&nbsp;<\/b>v\u00fdstav\u00e1ch. Len jeden z<b>&nbsp;<\/b>Greigov\u00fdch psov pre\u017eil druh\u00fa svetov\u00fa vojnu: Skyid.<\/p>\n<p style=\"text-align: justify;\">Rasa bola znovu privezen\u00e1 do<b>&nbsp;<\/b>Anglicka v<b>&nbsp;<\/b>roku 1946 s<b>&nbsp;<\/b>pr\u00edchodom Lamu a<b>&nbsp;<\/b>Dolmy, ktor\u00e9 patrili Sirovi Edwardovi a<b>&nbsp;<\/b>Lady Wakefieldovej, a<b>&nbsp;<\/b>Garpon a Potala, ktor\u00ed patrili p\u00e1novi Hawkinsovi. V\u010faka t\u00fdmto \u0161tyrom psom a<b>&nbsp;<\/b>Skyidovi sa rasa znovu rozdelila. Spolo\u010dnos\u0165 Tibetsk\u00fdch \u0160panielov vznikla v<b>&nbsp;<\/b>roku 1958 a<b>&nbsp;<\/b>Anglick\u00fd Kynologick\u00fd Klub v<b>&nbsp;<\/b>roku 1960 udelil tejto rase \u201eChallange certificate\u201c. Tibetsk\u00fd \u0160paniel sa za\u010dal v\u00fdrazne rozm\u00e1ha\u0165 v<b>&nbsp;<\/b>60-tych rokoch. Od<b>&nbsp;<\/b>roku 1970 sa ich chov roz\u0161\u00edril aj do<b>&nbsp;<\/b>ostatn\u00fdch eur\u00f3pskych kraj\u00edn, ale ani dnes v<b>&nbsp;<\/b>Eur\u00f3pe sa ve\u013ea nechovaj\u00fa.<\/p>\n<p style=\"text-align: justify;\">Priate\u013e mn\u00edchov &#8211; Dalai Lama ho zvykol darova\u0165 panovn\u00edkom. Tibetsk\u00fd \u0161paniel je mal\u00fdm spolo\u010densk\u00fdm psom, vesel\u00fdm a \u017eiv\u00fdm, ktor\u00fd dobre vie, ako sa \u013eahko sta\u0165 ob\u013e\u00faben\u00fdm mil\u00e1\u010dikom celej rodiny. Je mil\u00fd k<b>&nbsp;<\/b>de\u0165om a<b>&nbsp;<\/b>zaru\u010d\u00ed \u00fa\u010dinn\u00fa str\u00e1\u017enu slu\u017ebu pre dospel\u00fdch.<\/p>\n<\/div><style type=\"text\/css\">.fusion-body .fusion-builder-column-1{width:100% !important;margin-top : 0px;margin-bottom : 0px;}.fusion-builder-column-1 > .fusion-column-wrapper {padding-top : 0px !important;padding-right : 0px !important;margin-right : 0px;padding-bottom : 0px !important;padding-left : 0px !important;margin-left : 0px;}@media only screen and (max-width:1024px) {.fusion-body .fusion-builder-column-1{width:100% !important;}.fusion-builder-column-1 > .fusion-column-wrapper {margin-right : 0px;margin-left : 0px;}}@media only screen and (max-width:640px) {.fusion-body .fusion-builder-column-1{width:100% !important;}.fusion-builder-column-1 > .fusion-column-wrapper {margin-right : 0px;margin-left : 0px;}}<\/style><\/div><\/div><style type=\"text\/css\">.fusion-fullwidth.fusion-builder-row-1 { overflow:visible; }.fusion-body .fusion-flex-container.fusion-builder-row-1{ padding-top : 0px;margin-top : 0px;padding-right : 0px;padding-bottom : 0px;margin-bottom : 0px;padding-left : 0px;}<\/style><\/div><\/p>\n","protected":false},"excerpt":{"rendered":"","protected":false},"author":8,"featured_media":0,"parent":0,"menu_order":0,"comment_status":"closed","ping_status":"closed","template":"","meta":{"ngg_post_thumbnail":0},"_links":{"self":[{"href":"https:\/\/ktp-sk.sk\/old\/wp-json\/wp\/v2\/pages\/2724"}],"collection":[{"href":"https:\/\/ktp-sk.sk\/old\/wp-json\/wp\/v2\/pages"}],"about":[{"href":"https:\/\/ktp-sk.sk\/old\/wp-json\/wp\/v2\/types\/page"}],"author":[{"embeddable":true,"href":"https:\/\/ktp-sk.sk\/old\/wp-json\/wp\/v2\/users\/8"}],"replies":[{"embeddable":true,"href":"https:\/\/ktp-sk.sk\/old\/wp-json\/wp\/v2\/comments?post=2724"}],"version-history":[{"count":0,"href":"https:\/\/ktp-sk.sk\/old\/wp-json\/wp\/v2\/pages\/2724\/revisions"}],"wp:attachment":[{"href":"https:\/\/ktp-sk.sk\/old\/wp-json\/wp\/v2\/media?parent=2724"}],"curies":[{"name":"wp","href":"https:\/\/api.w.org\/{rel}","templated":true}]}}