{"id":2736,"date":"2014-01-26T22:30:51","date_gmt":"2014-01-26T20:30:51","guid":{"rendered":"http:\/\/www.ktp-sk.sk\/?page_id=2736"},"modified":"2020-10-13T12:23:24","modified_gmt":"2020-10-13T10:23:24","slug":"historia-plemena-shih-tzu","status":"publish","type":"page","link":"https:\/\/ktp-sk.sk\/old\/historia-plemena-shih-tzu\/","title":{"rendered":"Hist\u00f3ria plemena Shih-Tzu"},"content":{"rendered":"<p style=\"text-align: justify;\"><span style=\"text-align: justify; line-height: 1.5em;\"><div class=\"fusion-fullwidth fullwidth-box fusion-builder-row-1 fusion-flex-container hundred-percent-fullwidth non-hundred-percent-height-scrolling\" style=\"background-color: rgba(255,255,255,0);background-position: center center;background-repeat: no-repeat;border-width: 0px 0px 0px 0px;border-color:#eae9e9;border-style:solid;\" ><div class=\"fusion-builder-row fusion-row fusion-flex-align-items-flex-start\" style=\"width:calc( 100% + 0px ) !important;max-width:calc( 100% + 0px ) !important;margin-left: calc(-0px \/ 2 );margin-right: calc(-0px \/ 2 );\"><div class=\"fusion-layout-column fusion_builder_column fusion-builder-column-0 fusion_builder_column_1_1 1_1 fusion-flex-column fusion-flex-align-self-flex-start fusion-column-no-min-height\"><div class=\"fusion-column-wrapper fusion-flex-justify-content-flex-start fusion-content-layout-column\" style=\"background-position:left top;background-repeat:no-repeat;-webkit-background-size:cover;-moz-background-size:cover;-o-background-size:cover;background-size:cover;padding: 0px 0px 0px 0px;\">[fusion_dropcap]<span style=\"color: #800000;\">K<\/span>[\/fusion_dropcap]orene hist\u00f3rie Shih-tzu siahaj\u00fa hlboko k&nbsp;za\u010diatkom letopo\u010dtu. Jeho p\u00f4vod je rovnako z\u00e1hadn\u00fd, ako p\u00f4vod v\u00e4\u010d\u0161iny \u00e1zijsk\u00fdch plemien. Je raden\u00fd do skupiny &#8222;\u010d\u00ednskych psov&#8220;. Je zn\u00e1me, \u017ee plemeno Shih-tzu bolo chovan\u00e9 a<\/span><b style=\"text-align: justify; line-height: 1.5em;\">&nbsp;<\/b><span style=\"text-align: justify; line-height: 1.5em;\">cie\u013eavedome kr\u00ed\u017een\u00e9 po nieko\u013eko storo\u010d\u00ed. Prad\u00e1vna hist\u00f3ria hovor\u00ed, \u017ee prav\u00e1 krajina p\u00f4vodu tohto plemena je Tibet. Predkovia Shih-tzu boli chovan\u00ed v<\/span><b style=\"text-align: justify; line-height: 1.5em;\">&nbsp;<\/b><span style=\"text-align: justify; line-height: 1.5em;\">chr\u00e1moch a<\/span><b style=\"text-align: justify; line-height: 1.5em;\">&nbsp;<\/b><span style=\"text-align: justify; line-height: 1.5em;\">kl\u00e1\u0161toroch.<\/span><\/p>\n<p style=\"text-align: justify;\">Kontakt medzi Tibetom a<b>&nbsp;<\/b>\u010c\u00ednou sa pribli\u017ene v<b>&nbsp;<\/b>8. storo\u010d\u00ed, v\u010faka n\u00e1bo\u017eensk\u00e9mu prepojenie, preh\u013abil, \u010do malo vplyv aj na<b>&nbsp;<\/b>chov a<b>&nbsp;<\/b>roz\u0161\u00edrenie t\u00fdchto psov. Presved\u010denie o<b>&nbsp;<\/b>posv\u00e4tnosti tibetsk\u00fdch lev\u00edch psov, v<b>&nbsp;<\/b>ktor\u00fdch \u00fadajne \u010falej pre\u017e\u00edvaj\u00fa du\u0161e zomrel\u00fdch mn\u00edchov a<b>&nbsp;<\/b>k\u0148azov, bolo svojho \u010dasu ve\u013emi roz\u0161\u00edren\u00e9. Posv\u00e4tnos\u0165 dokazuj\u00fa aj sochy so<b>&nbsp;<\/b>zrete\u013enou podobou levieho psa, alebo priamo levov, ktor\u00fd je symbolom vo<b>&nbsp;<\/b>svete budhizmu, z<b>&nbsp;<\/b>medi alebo kame\u0148a umiestnen\u00e9 pred vchodmi chr\u00e1mov a<b>&nbsp;<\/b>synag\u00f3g ako str\u00e1\u017ecovia.<\/p>\n<p style=\"text-align: justify;\"><\/div><style type=\"text\/css\">.fusion-body .fusion-builder-column-0{width:100% !important;margin-top : 0px;margin-bottom : 0px;}.fusion-builder-column-0 > .fusion-column-wrapper {padding-top : 0px !important;padding-right : 0px !important;margin-right : 0px;padding-bottom : 0px !important;padding-left : 0px !important;margin-left : 0px;}@media only screen and (max-width:1024px) {.fusion-body .fusion-builder-column-0{width:100% !important;}.fusion-builder-column-0 > .fusion-column-wrapper {margin-right : 0px;margin-left : 0px;}}@media only screen and (max-width:640px) {.fusion-body .fusion-builder-column-0{width:100% !important;}.fusion-builder-column-0 > .fusion-column-wrapper {margin-right : 0px;margin-left : 0px;}}<\/style><\/div><div class=\"fusion-layout-column fusion_builder_column fusion-builder-column-1 fusion_builder_column_1_1 1_1 fusion-flex-column fusion-flex-align-self-flex-start fusion-column-no-min-height\"><div class=\"fusion-column-wrapper fusion-flex-justify-content-flex-start fusion-content-layout-column\" style=\"background-position:left top;background-repeat:no-repeat;-webkit-background-size:cover;-moz-background-size:cover;-o-background-size:cover;background-size:cover;padding: 0px 0px 0px 0px;\">[fusion_dropcap]<span style=\"color: #800000;\">O<\/span>[\/fusion_dropcap]d<b>&nbsp;<\/b>roku 1300 tieto psy \u013eudia be\u017ene chovali vo<b>&nbsp;<\/b>svojich domovoch. V<b>&nbsp;<\/b>roku 1908 Jeho Sv\u00e4tos\u0165 Dalajl\u00e1ma daroval cis\u00e1rovej vdove Cch&#8216;-si, ktor\u00e1 v<b>&nbsp;<\/b>tom \u010dase vlastnila cez stovku pekin\u00e9zov, nieko\u013eko tak\u00fdchto psov. T\u00ed boli popisovan\u00ed ako podobn\u00ed &#8222;lev\u00edm psom&#8220; viden\u00fdch v<b>&nbsp;<\/b>Pekingu. Cis\u00e1rovn\u00e1 ich nazvala \u0161i-tzu-kou. Po jej smrti boli psy rozdan\u00ed najr\u00f4znej\u0161\u00edm z\u00e1ujemcom.<\/p>\n<p style=\"text-align: justify;\">Prv\u00e9 ofici\u00e1lne z\u00e1znamy o<b>&nbsp;<\/b>importe lev\u00edch psov do<b>&nbsp;<\/b>Eur\u00f3py poch\u00e1dzaj\u00fa z<b>&nbsp;<\/b>roku 1901. T\u00edto psi sa nach\u00e1dzali v<b>&nbsp;<\/b>Anglicku, ale po\u010das prvej svetovej vojny v\u0161etci bez zanechania potomkov vymreli. \u010eal\u0161ie pri\u0161li do<b>&nbsp;<\/b>Anglicka a\u017e po<b>&nbsp;<\/b>prvej svetovej vojne.<\/p>\n<\/div><style type=\"text\/css\">.fusion-body .fusion-builder-column-1{width:100% !important;margin-top : 0px;margin-bottom : 0px;}.fusion-builder-column-1 > .fusion-column-wrapper {padding-top : 0px !important;padding-right : 0px !important;margin-right : 0px;padding-bottom : 0px !important;padding-left : 0px !important;margin-left : 0px;}@media only screen and (max-width:1024px) {.fusion-body .fusion-builder-column-1{width:100% !important;}.fusion-builder-column-1 > .fusion-column-wrapper {margin-right : 0px;margin-left : 0px;}}@media only screen and (max-width:640px) {.fusion-body .fusion-builder-column-1{width:100% !important;}.fusion-builder-column-1 > .fusion-column-wrapper {margin-right : 0px;margin-left : 0px;}}<\/style><\/div><\/div><style type=\"text\/css\">.fusion-fullwidth.fusion-builder-row-1 { overflow:visible; }.fusion-body .fusion-flex-container.fusion-builder-row-1{ padding-top : 0px;margin-top : 0px;padding-right : 0px;padding-bottom : 0px;margin-bottom : 0px;padding-left : 0px;}<\/style><\/div><\/p>\n","protected":false},"excerpt":{"rendered":"","protected":false},"author":8,"featured_media":0,"parent":0,"menu_order":0,"comment_status":"closed","ping_status":"closed","template":"","meta":{"ngg_post_thumbnail":0},"_links":{"self":[{"href":"https:\/\/ktp-sk.sk\/old\/wp-json\/wp\/v2\/pages\/2736"}],"collection":[{"href":"https:\/\/ktp-sk.sk\/old\/wp-json\/wp\/v2\/pages"}],"about":[{"href":"https:\/\/ktp-sk.sk\/old\/wp-json\/wp\/v2\/types\/page"}],"author":[{"embeddable":true,"href":"https:\/\/ktp-sk.sk\/old\/wp-json\/wp\/v2\/users\/8"}],"replies":[{"embeddable":true,"href":"https:\/\/ktp-sk.sk\/old\/wp-json\/wp\/v2\/comments?post=2736"}],"version-history":[{"count":0,"href":"https:\/\/ktp-sk.sk\/old\/wp-json\/wp\/v2\/pages\/2736\/revisions"}],"wp:attachment":[{"href":"https:\/\/ktp-sk.sk\/old\/wp-json\/wp\/v2\/media?parent=2736"}],"curies":[{"name":"wp","href":"https:\/\/api.w.org\/{rel}","templated":true}]}}