{"id":297,"date":"2013-02-08T09:48:30","date_gmt":"2013-02-08T07:48:30","guid":{"rendered":"http:\/\/37801.w1.wedos.ws\/?page_id=297"},"modified":"2020-10-13T12:23:36","modified_gmt":"2020-10-13T10:23:36","slug":"historia-lhasa-apso","status":"publish","type":"page","link":"https:\/\/ktp-sk.sk\/old\/historia-lhasa-apso\/","title":{"rendered":"Hist\u00f3ria Lhasa Apso"},"content":{"rendered":"<p style=\"text-align: justify;\"><div class=\"fusion-fullwidth fullwidth-box fusion-builder-row-1 fusion-flex-container hundred-percent-fullwidth non-hundred-percent-height-scrolling\" style=\"background-color: rgba(255,255,255,0);background-position: center center;background-repeat: no-repeat;border-width: 0px 0px 0px 0px;border-color:#eae9e9;border-style:solid;\" ><div class=\"fusion-builder-row fusion-row fusion-flex-align-items-flex-start\" style=\"width:calc( 100% + 0px ) !important;max-width:calc( 100% + 0px ) !important;margin-left: calc(-0px \/ 2 );margin-right: calc(-0px \/ 2 );\"><div class=\"fusion-layout-column fusion_builder_column fusion-builder-column-0 fusion_builder_column_1_1 1_1 fusion-flex-column fusion-flex-align-self-flex-start fusion-column-no-min-height\"><div class=\"fusion-column-wrapper fusion-flex-justify-content-flex-start fusion-content-layout-column\" style=\"background-position:left top;background-repeat:no-repeat;-webkit-background-size:cover;-moz-background-size:cover;-o-background-size:cover;background-size:cover;padding: 0px 0px 0px 0px;\">[fusion_dropcap]<span style=\"color: #800000;\">H<\/span>[\/fusion_dropcap]ist\u00f3ria plemena Lhasa apso sa za\u010dala p\u00edsa\u0165 asi 800 rokov p.n.l. P\u00f4vodne poch\u00e1dza z&nbsp;horsk\u00fdch oblast\u00ed Tibetu, z&nbsp;krajiny, ktor\u00e1 je \u010dasto naz\u00fdvan\u00e1 aj strecha sveta. Dne\u0161n\u00ed Lhas\u00e1ci \u017eili vo v\u00fd\u0161ke 3000 \u2013 5000 metrov n.m. v&nbsp;tibetsk\u00fdch kl\u00e1\u0161toroch, v&nbsp;pal\u00e1ci Potala, v&nbsp;pr\u00edbytkoch \u0161\u013eachty a&nbsp;vysok\u00fdch tibetsk\u00fdch hodnost\u00e1rov. Boli vysoko cenen\u00ed, poddan\u00ed ich vlastni\u0165 nemohli. Pohybovali sa v&nbsp;priestoroch kl\u00e1\u0161torov a&nbsp;poddan\u00ed verili, \u017ee ak sa ich dotkn\u00fa, prinesie im to \u0161\u0165astie. V&nbsp;Tibete kolovala legenda, \u017ee do tela Lhasa vst\u00fapi po smrti du\u0161a jeho p\u00e1na a&nbsp;\u017ee svojmu majite\u013eovi po\u010das \u017eivota prin\u00e1\u0161a \u0161\u0165astie, preto sa vlastne ani nadal k\u00fapi\u0165. Aj dnes sa o&nbsp;Lhas\u00e1koch hovor\u00ed ako o&nbsp;nosite\u013eoch \u0161\u0165astia.<\/p>\n<p style=\"text-align: justify;\">Predpoklad\u00e1 sa, \u017ee n\u00e1zov plemena Lhasa apso je odvoden\u00fd od n\u00e1zvu hlavn\u00e9ho mesta \u2013 Lhasa. N\u00e1zov \u201eapso\u201c je zase odvoden\u00fd od slova \u201erapso\u201c \u2013 \u010do je ozna\u010denia pre dlhosrst\u00e9 tibetsk\u00e9 kozy, ale aj psy, ktor\u00e9 s\u00fa cel\u00e9 pokryt\u00e9 srs\u0165ou. Lhasa apso bol \u0161\u013eachten\u00fd ako str\u00e1\u017eny pes, svoj\u00edm \u0161tekan\u00edm okam\u017eite upozornil na pr\u00edtomnos\u0165 niekoho cudzieho. Svoj vynikaj\u00faci sluch si zachoval dodnes.<\/p>\n<p style=\"text-align: justify;\">Jeho \u00falohou v\u0161ak nebolo len str\u00e1\u017eenie, ale plnil aj \u00falohu spolo\u010dn\u00edka. Legenda hovor\u00ed, \u017ee Budhu sprev\u00e1dzali po jeho&nbsp; cest\u00e1ch mal\u00ed chlpat\u00ed psy,&nbsp; ktor\u00fd sa v&nbsp;pr\u00edpade nebezpe\u010denstva premenili na obrovsk\u00fdch levov a&nbsp;tok chr\u00e1nili svojho p\u00e1na. To vysvet\u013euje n\u00e1zov \u201elev\u00ed pes\u201c. Tak ako v&nbsp;\u010c\u00edne bolo zvykom vz\u00e1cnej n\u00e1v\u0161teve darova\u0165 Shit tzu, tak v&nbsp;Tibete bol vz\u00e1cnym darom pr\u00e1ve Lhasa apso. Z\u00edska\u0165 t\u00fdchto ps\u00edkov in\u00fdm sp\u00f4sobom nebolo mo\u017en\u00e9.<\/p>\n<p style=\"text-align: justify;\"><\/div><style type=\"text\/css\">.fusion-body .fusion-builder-column-0{width:100% !important;margin-top : 0px;margin-bottom : 0px;}.fusion-builder-column-0 > .fusion-column-wrapper {padding-top : 0px !important;padding-right : 0px !important;margin-right : 0px;padding-bottom : 0px !important;padding-left : 0px !important;margin-left : 0px;}@media only screen and (max-width:1024px) {.fusion-body .fusion-builder-column-0{width:100% !important;}.fusion-builder-column-0 > .fusion-column-wrapper {margin-right : 0px;margin-left : 0px;}}@media only screen and (max-width:640px) {.fusion-body .fusion-builder-column-0{width:100% !important;}.fusion-builder-column-0 > .fusion-column-wrapper {margin-right : 0px;margin-left : 0px;}}<\/style><\/div><div class=\"fusion-layout-column fusion_builder_column fusion-builder-column-1 fusion_builder_column_1_1 1_1 fusion-flex-column fusion-flex-align-self-flex-start fusion-column-no-min-height\"><div class=\"fusion-column-wrapper fusion-flex-justify-content-flex-start fusion-content-layout-column\" style=\"background-position:left top;background-repeat:no-repeat;-webkit-background-size:cover;-moz-background-size:cover;-o-background-size:cover;background-size:cover;padding: 0px 0px 0px 0px;\">[fusion_dropcap]<span style=\"color: #800000;\">L<\/span>[\/fusion_dropcap]hasa apso sa na eur\u00f3pskom kontinente objavuj\u00fa a\u017e za\u010diatkom 20. storo\u010dia v&nbsp;Anglicku. Zo za\u010diatku ich prira\u010fovali k&nbsp;tibetsk\u00fdm teri\u00e9rom, ktor\u00ed s\u00fa im dos\u0165 podobn\u00fd a&nbsp;naz\u00fdvali ich \u201eLhasa teri\u00e9ry\u201c, hoci v\u00fdvojovo nemali ni\u010d spolo\u010dn\u00e9. Asi v&nbsp;30. rokoch 20. storo\u010dia za\u010dala st\u00fapa\u0165 ob\u013euba t\u00fdchto mal\u00fdch psov, bol uznan\u00fd n\u00e1zov Lhasa apso a&nbsp;vypracovan\u00fd \u0161tandard. \u0160tandard bol uznan\u00fd v&nbsp;roku 1934 a&nbsp;o&nbsp;rok nesk\u00f4r uznala toto plemeno aj Amerika. Patron\u00e1t v&nbsp;r\u00e1mci FCI prebrala ve\u013ek\u00e1 Brit\u00e1nia.&nbsp;K&nbsp;tibetsk\u00fdm n\u00e1rodn\u00fdm plemen\u00e1m patria okrem Lhasa apso aj Tibetsk\u00fd teri\u00e9r, &nbsp;Tibetsk\u00fd \u0161paniel, &nbsp;Do khyi (tibetsk\u00e1 doga) a &nbsp;Shih-tzu.<\/p>\n<p style=\"text-align: justify;\"><b>LHASA APSO NA SLOVENSKU<\/b><\/p>\n<p style=\"text-align: justify;\">Na Slovensko boli prv\u00ed jedinci dovezen\u00ed v&nbsp;70- tich rokoch p\u00e1nom Tiborom Letkom z&nbsp;Ru\u017eomberku. Priviezol v&nbsp;Anglicka chovn\u00fd p\u00e1r, s&nbsp;ktor\u00fdm odchoval prv\u00fd vrh. Nesk\u00f4r importoval aj \u010fal\u0161ie jedince z&nbsp;Kanady a&nbsp;so Spojen\u00fdch \u0161t\u00e1tov americk\u00fdch. Jeho chovate\u013esk\u00e1 stanica \u201eTatransk\u00e1 romanca\u201c bola vlastne z\u00e1kladom pre chov plemena Lhasa apso nielen na Slovensku, ale aj v&nbsp;\u010cech\u00e1ch, v&nbsp;Po\u013esku a&nbsp;v&nbsp;Ma\u010farsku. V&nbsp;s\u00fa\u010dasnosti p\u00f4sob\u00ed na Slovensku viacero chovate\u013esk\u00fdch stan\u00edc, ob\u013euba t\u00fdchto mal\u00fdch \u201edarcov \u0161\u0165astia\u201c st\u00e1le st\u00fapa.<\/p>\n<\/div><style type=\"text\/css\">.fusion-body .fusion-builder-column-1{width:100% !important;margin-top : 0px;margin-bottom : 0px;}.fusion-builder-column-1 > .fusion-column-wrapper {padding-top : 0px !important;padding-right : 0px !important;margin-right : 0px;padding-bottom : 0px !important;padding-left : 0px !important;margin-left : 0px;}@media only screen and (max-width:1024px) {.fusion-body .fusion-builder-column-1{width:100% !important;}.fusion-builder-column-1 > .fusion-column-wrapper {margin-right : 0px;margin-left : 0px;}}@media only screen and (max-width:640px) {.fusion-body .fusion-builder-column-1{width:100% !important;}.fusion-builder-column-1 > .fusion-column-wrapper {margin-right : 0px;margin-left : 0px;}}<\/style><\/div><\/div><style type=\"text\/css\">.fusion-fullwidth.fusion-builder-row-1 { overflow:visible; }.fusion-body .fusion-flex-container.fusion-builder-row-1{ padding-top : 0px;margin-top : 0px;padding-right : 0px;padding-bottom : 0px;margin-bottom : 0px;padding-left : 0px;}<\/style><\/div><\/p>\n","protected":false},"excerpt":{"rendered":"","protected":false},"author":8,"featured_media":0,"parent":0,"menu_order":0,"comment_status":"open","ping_status":"open","template":"","meta":{"ngg_post_thumbnail":0},"_links":{"self":[{"href":"https:\/\/ktp-sk.sk\/old\/wp-json\/wp\/v2\/pages\/297"}],"collection":[{"href":"https:\/\/ktp-sk.sk\/old\/wp-json\/wp\/v2\/pages"}],"about":[{"href":"https:\/\/ktp-sk.sk\/old\/wp-json\/wp\/v2\/types\/page"}],"author":[{"embeddable":true,"href":"https:\/\/ktp-sk.sk\/old\/wp-json\/wp\/v2\/users\/8"}],"replies":[{"embeddable":true,"href":"https:\/\/ktp-sk.sk\/old\/wp-json\/wp\/v2\/comments?post=297"}],"version-history":[{"count":0,"href":"https:\/\/ktp-sk.sk\/old\/wp-json\/wp\/v2\/pages\/297\/revisions"}],"wp:attachment":[{"href":"https:\/\/ktp-sk.sk\/old\/wp-json\/wp\/v2\/media?parent=297"}],"curies":[{"name":"wp","href":"https:\/\/api.w.org\/{rel}","templated":true}]}}