{"id":332,"date":"2021-11-28T14:30:44","date_gmt":"2021-11-28T12:30:44","guid":{"rendered":"http:\/\/37801.w1.wedos.ws\/?page_id=332"},"modified":"2022-02-18T13:45:21","modified_gmt":"2022-02-18T11:45:21","slug":"standard-tibetsky-terier","status":"publish","type":"page","link":"https:\/\/ktp-sk.sk\/old\/standard-tibetsky-terier\/","title":{"rendered":"\u0160tandard Tibetsk\u00fd teri\u00e9r"},"content":{"rendered":"<div class=\"fusion-fullwidth fullwidth-box fusion-builder-row-1 fusion-flex-container nonhundred-percent-fullwidth non-hundred-percent-height-scrolling\" style=\"background-color: rgba(255,255,255,0);background-position: center center;background-repeat: no-repeat;border-width: 0px 0px 0px 0px;border-color:#eae9e9;border-style:solid;\" ><div class=\"fusion-builder-row fusion-row fusion-flex-align-items-flex-start\" style=\"max-width:998.4px;margin-left: calc(-4% \/ 2 );margin-right: calc(-4% \/ 2 );\"><div class=\"fusion-layout-column fusion_builder_column fusion-builder-column-0 fusion_builder_column_1_1 1_1 fusion-flex-column\"><div class=\"fusion-column-wrapper fusion-flex-justify-content-flex-start fusion-content-layout-column\" style=\"background-position:left top;background-repeat:no-repeat;-webkit-background-size:cover;-moz-background-size:cover;-o-background-size:cover;background-size:cover;padding: 0px 0px 0px 0px;\"><div class=\"fusion-text fusion-text-1\"><p><b>FCI-Standard N\u00b0 209<span class=\"Apple-converted-space\"> <\/span><\/b>&#8211; <b>TIBETSK\u00dd TERI\u00c9R<\/b><\/p>\n<p><img class=\"alignright size-full wp-image-3533\" src=\"http:\/\/www.ktp-sk.sk\/wp-content\/uploads\/2013\/02\/TT400px.jpg\" alt=\"TT400px\" width=\"400\" height=\"321\" srcset=\"https:\/\/ktp-sk.sk\/old\/wp-content\/uploads\/2013\/02\/TT400px-147x118.jpg 147w, https:\/\/ktp-sk.sk\/old\/wp-content\/uploads\/2013\/02\/TT400px-177x142.jpg 177w, https:\/\/ktp-sk.sk\/old\/wp-content\/uploads\/2013\/02\/TT400px-300x241.jpg 300w, https:\/\/ktp-sk.sk\/old\/wp-content\/uploads\/2013\/02\/TT400px.jpg 400w\" sizes=\"(max-width: 400px) 100vw, 400px\" \/><\/p>\n<p><strong>P\u00f4vod:<\/strong> Tibet (\u010c\u00edna)<br \/>\n<b>D\u00e1tum publikovania platn\u00e9ho \u0161tandardu:<\/b> 22. 8. 2017<br \/>\n<b>POU\u017dITIE<\/b>: Spolo\u010densk\u00fd pes<br \/>\n<b>FCI-Klasifik\u00e1cia<\/b><b>:<\/b>  9. skupina &#8211;<span class=\"Apple-converted-space\">  <\/span>spolo\u010densk\u00e9 a sprievodn\u00e9 psy; 5. sekcia \u2013 tibetsk\u00e9 plemen\u00e1, bez sk\u00fa\u0161ky<\/p>\n<p><b>Kr\u00e1tky historick\u00fd s\u00fahrn<\/b><b>: <\/b>Napriek n\u00e1zvu plemena, tibetsk\u00fd teri\u00e9r nie je teri\u00e9r, ale pastiersky pes, ktor\u00fd taktie\u017e sl\u00fa\u017eil ako str\u00e1\u017eca pre obchodn\u00edkov cestuj\u00facich do a z \u010c\u00edny. Sp\u013a\u0148a\u0165 t\u00fato \u00falohu sa mu darilo ani nie tak v\u010faka ve\u013ekosti, ale v\u010faka \u00facte, ktorej sa mu dost\u00e1valo. Ver\u00ed sa, \u017ee ide o p\u00f4vodn\u00e9ho tibetsk\u00e9ho posv\u00e4tn\u00e9ho psa. Hovor\u00ed sa, \u017ee je e\u0161te \u017eiv\u0161\u00ed ako ostatn\u00e9 tibetsk\u00e9 plemen\u00e1 v 9. skupine, jeho energia a nad\u0161enie vyva\u017euj\u00fa jeho schopnosti miniat\u00farneho str\u00e1\u017eneho psa po vzore mal\u00e9ho staroanglick\u00e9ho ov\u010diaka.<\/p>\n<p><b>Celkov\u00fd vzh\u013ead<\/b><b>:<\/b> robustn\u00fd, strednej ve\u013ekosti, dlhosrst\u00fd, kvadratick\u00e1 silueta.<\/p>\n<p><b>D\u00f4le\u017eit\u00e9 proporcie<\/b><b>: <\/b>D\u013a\u017eka tela od ramenn\u00e9ho k\u013abu po kore\u0148 chvosta je rovnak\u00e1 ako v\u00fd\u0161ka v koh\u00fatiku.<span class=\"Apple-converted-space\"> <\/span><\/p>\n<p><b>Povaha a spr\u00e1vanie<\/b><b>:<\/b> \u017div\u00fd, dobromyse\u013en\u00fd. Vern\u00fd spolo\u010dn\u00edk s mnoh\u00fdmi dobr\u00fdmi vlastnos\u0165ami. Otvoren\u00fd, pozorn\u00fd, inteligentn\u00fd a smel\u00fd, ani plach\u00fd ani ha\u0161teriv\u00fd. K cudz\u00edm zdr\u017eanliv\u00fd.<\/p>\n<p><b>Hlava<\/b><b>: <\/b>Hlava dobre pokryt\u00e1 dlhou srs\u0165ou, ktor\u00e1 pad\u00e1 dopredu, ale nie cez o\u010di a neovplyv\u0148uje schopnos\u0165 psa vidie\u0165. Na spodnej \u010de\u013eusti je mal\u00e9, nie prehnan\u00e9 mno\u017estvo f\u00fazov. V\u0161eobecne vyjadruje rozhodn\u00fd v\u00fdraz.<\/p>\n<p><strong>LEBE\u010cN\u00c1 \u010cAS\u0164:<\/strong><\/p>\n<p><strong>Temeno:<\/strong> Lebka strednej d\u013a\u017eky, ani \u0161irok\u00e1 ani hrub\u00e1, od u\u0161\u00ed k o\u010diam sa mierne zu\u017euje, medzi u\u0161ami ani zaoblen\u00e1 ani celkom ploch\u00e1.<br \/>\n<strong>Stop:<\/strong> Vyzna\u010den\u00fd pred o\u010dami, ale nie prehnan\u00fd.<\/p>\n<p><strong>Tv\u00e1rov\u00e1 \u010das\u0165<\/strong><\/p>\n<p><strong>\u0147uch\u00e1\u010d:<\/strong> \u010dierny<br \/>\n<strong>Papu\u013ea:<\/strong> Siln\u00e1. D\u013a\u017eka od o\u010d\u00ed ku \u0161pi\u010dke \u0148uch\u00e1\u010da je rovnak\u00e1 ako od o\u010d\u00ed k tylov\u00e9mu hrbolu.<span class=\"Apple-converted-space\"> <br \/>\n<\/span><strong>\u010ce\u013euste a chrup:<\/strong> Spodn\u00e1 \u010de\u013eus\u0165 dobre vyvinut\u00e1. Rez\u00e1ky tvoria mierny obl\u00fak, s\u00fa v pravideln\u00fdch vzdialenostiach, kolm\u00e9 na \u010delus\u0165. No\u017enicov\u00fd alebo opa\u010dn\u00fd no\u017enicov\u00fd zhryz.<br \/>\n<strong>L\u00edca:<\/strong> Jarmov\u00e9 obl\u00faky zaoblen\u00e9, ale nie tak v\u00fdrazne, aby vystupovali.<span class=\"Apple-converted-space\"> <br \/>\n<\/span><b>O\u010di<\/b><b>:<\/b>  Ve\u013ek\u00e9, okr\u00fahle, ani vyp\u00falen\u00e9 ani zapadnut\u00e9, dos\u0165 \u010faleko od seba, tmavohned\u00e9. Okru\u017eia \u010dierne.<br \/>\n<b>U\u0161i<\/b><b>:<\/b> Visiace, nesen\u00e9 nie pr\u00edli\u0161 tesne pri hlave, v tvare p\u00edsmena V, nie pr\u00edli\u0161 ve\u013ek\u00e9, nasaden\u00e9 pomerne vysoko na bokoch lebky, bohato osrsten\u00e9.<\/p>\n<p><b>KRK<\/b><b>: <\/b>Siln\u00fd, svalnat\u00fd, stredne dlh\u00fd, umo\u017e\u0148uj\u00faci nesenie hlavy nad \u00farov\u0148ou chrbta a celkovo d\u00e1va vyv\u00e1\u017een\u00fd vzh\u013ead. Plynule prech\u00e1dza do dobre umiestnen\u00fdch ramien.<\/p>\n<p><b>Telo<\/b><b>:<\/b> Dobre osvalen\u00e9, kompaktn\u00e9 a siln\u00e9.<br \/>\n<strong>Horn\u00e1 l\u00ednia:<\/strong> Rovn\u00e1.<br \/>\n<strong>Bedr\u00e1:<\/strong> kr\u00e1tke, mierne zaoblen\u00e9.<span class=\"Apple-converted-space\"> <br \/>\n<\/span><strong>Kr\u00ed\u017ee:<\/strong> Rovn\u00e9.<br \/>\n<strong>Hrudn\u00edk:<\/strong> Dobre klenut\u00e9 rebr\u00e1 s h\u013abkou hrudn\u00edka po lakte. Rebr\u00e1 siahaj\u00fa dobre dozadu.<br \/>\n<b>Chvost<\/b><b>:<\/b> Stredne dlh\u00fd, dos\u0165 vysoko nasaden\u00fd a veselo sto\u010den\u00fd nad chrbtom. Ve\u013emi bohato osrsten\u00fd. Zalomenie na konci chvosta je \u010dast\u00e9 a je povolen\u00e9.<\/p>\n<p><b>Kon\u010datiny<\/b><\/p>\n<p><strong>Predn\u00e9 kon\u010datiny:<\/strong><b> <br \/>\n<\/b>Celkov\u00fd vzh\u013ead: V\u00fdrazne osrsten\u00e9.<span class=\"Apple-converted-space\"> <br \/>\n<\/span>Plecia:<b> <\/b>Dobre dozadu polo\u017een\u00e9, dobrej d\u013a\u017eky.<span class=\"Apple-converted-space\"> <br \/>\n<\/span>Rameno: Dobr\u00e1 d\u013a\u017eka a sklon.<span class=\"Apple-converted-space\"> <br \/>\n<\/span>Kon\u010datiny: Nohy rovn\u00e9 a paraleln\u00e9.<span class=\"Apple-converted-space\"> <br \/>\n<\/span>Metacarpus (nadprstie): Mierne \u0161ikm\u00e9.<span class=\"Apple-converted-space\"> <br \/>\n<\/span>Predn\u00e9 labky: Ve\u013ek\u00e9, okr\u00fahle, medzi prstami a vank\u00fa\u0161ikmi bohato osrsten\u00e9. Stoja plocho na vank\u00fa\u0161ikoch, labky nie s\u00fa klenut\u00e9.<\/p>\n<p><strong>Zadn\u00e9 kon\u010datiny:<\/strong><b> <br \/>\n<\/b>Celkov\u00fd vzh\u013ead: Bohato osrsten\u00e9, dobre osvalen\u00e9. Kolen\u00e1 dobre zauhlen\u00e9, p\u00e4ty n\u00edzko nad zemou vytv\u00e1raj\u00fac rovn\u00fa horn\u00fa l\u00edniu a dobr\u00fd z\u00e1ber.<span class=\"Apple-converted-space\"> <br \/>\n<\/span>Koleno: Dobre zauhlen\u00e9.<span class=\"Apple-converted-space\"> <br \/>\n<\/span>P\u00e4tov\u00fd k\u013ab: N\u00edzko nad zemou.<span class=\"Apple-converted-space\"> <br \/>\n<\/span>Zadn\u00e9 labky: Ve\u013ek\u00e9, okr\u00fahle, medzi prstami a vank\u00fa\u0161ikmi bohato osrsten\u00e9. Stoja plocho na vank\u00fa\u0161ikoch, labky nie s\u00fa klenut\u00e9.<\/p>\n<p><b>Pohyb<\/b><b>:<\/b> Vl\u00e1\u010dny, z\u00e1ber zo zadu bez n\u00e1mahy, s dobr\u00fdm v\u00fdkrokom. V kroku a v kluse nemaj\u00fa zadn\u00e9 kon\u010datiny do\u0161\u013eapova\u0165 mimo stopy predn\u00fdch n\u00f4h ani zvonka ani zvn\u00fatra.<\/p>\n<p><b>Osrstenie<\/b><b>:<\/b> <br \/>\n<strong>Srs\u0165:<\/strong> Dvojit\u00e1. Podsada jemn\u00e1 a kvality vlny. Krycia srs\u0165 bohat\u00e1, jemn\u00e1, ale nie hodv\u00e1bna alebo ako vlna, dlh\u00e1, hladk\u00e1 alebo zvlnen\u00e1, ale nie ku\u010derav\u00e1.<br \/>\n<strong>Farba:<\/strong><b> <\/b>Biela, zlat\u00e1, kr\u00e9mov\u00e1, siv\u00e1 alebo dymov\u00e1, \u010dierna, dvoj- alebo trojfarebn\u00e1, povolen\u00e1 je v z\u00e1sade ka\u017ed\u00e1 farba okrem \u010dokol\u00e1dovej, pe\u010de\u0148ovej <b>alebo merle<\/b>.<\/p>\n<p><b>VE\u013dKOS\u0164<\/b><b>:<\/b><\/p>\n<p>V\u00fd\u0161ka v koh\u00fatiku: psy: 36 &#8211; 41 cm, su\u010dky a nie\u010do men\u0161ie.<\/p>\n<p><b>Chyby<\/b><b>:<\/b> Ka\u017ed\u00e1 odch\u00fdlka od uveden\u00fdch bodov sa m\u00e1 poklada\u0165 za chybu, ktorej hodnotenie je v presnom pomere k stup\u0148u odch\u00fdlky. \u017diadna chyba ale nesmie ovplyv\u0148ova\u0165 zdravotn\u00fd stav a pohodu psa.<\/p>\n<p><b>DISKVALIFIKA\u010cN\u00c9 VADY<\/b><\/p>\n<ul>\n<li>Agres\u00edvny alebo pr\u00edli\u0161 plach\u00fd<span class=\"Apple-converted-space\"> <\/span><\/li>\n<li>Jedince, ktor\u00e9 maj\u00fa zjavn\u00e9 fyzick\u00e9 anom\u00e1lie alebo poruchy spr\u00e1vania.<span class=\"Apple-converted-space\"> <\/span><\/li>\n<\/ul>\n<p><b>Pozn\u00e1mka<\/b><b>:<span class=\"Apple-converted-space\"> <\/span><\/b><\/p>\n<ul>\n<li>Psy musia ma\u0165 obidva norm\u00e1lne vyvinut\u00e9 semenn\u00edky \u00faplne zost\u00fapen\u00e9 v mie\u0161ku.<\/li>\n<li>Iba funk\u010dne a klinicky zdrav\u00e9 psy s typick\u00fdm vzh\u013eadom plemena by mali by\u0165 vyu\u017e\u00edvan\u00e9 na chov.<\/li>\n<\/ul>\n<p><strong><a href=\"https:\/\/ktp-sk.sk\/old\/wp-content\/uploads\/2021\/11\/Standard-28112021-Tibetsky-terier.pdf\">\u0160TANDARD PDF NA STIAHNUTIE <\/a><\/strong><\/p><\/p>\n<\/div><\/div><style type=\"text\/css\">.fusion-body .fusion-builder-column-0{width:100% !important;margin-top : 0px;margin-bottom : 0px;}.fusion-builder-column-0 > .fusion-column-wrapper {padding-top : 0px !important;padding-right : 0px !important;margin-right : 1.92%;padding-bottom : 0px !important;padding-left : 0px !important;margin-left : 1.92%;}@media only screen and (max-width:1024px) {.fusion-body .fusion-builder-column-0{width:100% !important;}.fusion-builder-column-0 > .fusion-column-wrapper {margin-right : 1.92%;margin-left : 1.92%;}}@media only screen and (max-width:640px) {.fusion-body .fusion-builder-column-0{width:100% !important;}.fusion-builder-column-0 > .fusion-column-wrapper {margin-right : 1.92%;margin-left : 1.92%;}}<\/style><\/div><\/div><style type=\"text\/css\">.fusion-body .fusion-flex-container.fusion-builder-row-1{ padding-top : 0px;margin-top : 0px;padding-right : 0px;padding-bottom : 0px;margin-bottom : 0px;padding-left : 0px;}<\/style><\/div>\n","protected":false},"excerpt":{"rendered":"","protected":false},"author":8,"featured_media":0,"parent":0,"menu_order":0,"comment_status":"open","ping_status":"open","template":"","meta":{"ngg_post_thumbnail":0},"_links":{"self":[{"href":"https:\/\/ktp-sk.sk\/old\/wp-json\/wp\/v2\/pages\/332"}],"collection":[{"href":"https:\/\/ktp-sk.sk\/old\/wp-json\/wp\/v2\/pages"}],"about":[{"href":"https:\/\/ktp-sk.sk\/old\/wp-json\/wp\/v2\/types\/page"}],"author":[{"embeddable":true,"href":"https:\/\/ktp-sk.sk\/old\/wp-json\/wp\/v2\/users\/8"}],"replies":[{"embeddable":true,"href":"https:\/\/ktp-sk.sk\/old\/wp-json\/wp\/v2\/comments?post=332"}],"version-history":[{"count":0,"href":"https:\/\/ktp-sk.sk\/old\/wp-json\/wp\/v2\/pages\/332\/revisions"}],"wp:attachment":[{"href":"https:\/\/ktp-sk.sk\/old\/wp-json\/wp\/v2\/media?parent=332"}],"curies":[{"name":"wp","href":"https:\/\/api.w.org\/{rel}","templated":true}]}}