{"id":349,"date":"2021-11-28T15:05:53","date_gmt":"2021-11-28T13:05:53","guid":{"rendered":"http:\/\/37801.w1.wedos.ws\/?page_id=349"},"modified":"2022-02-18T13:45:20","modified_gmt":"2022-02-18T11:45:20","slug":"standard-tibetsky-spaniel","status":"publish","type":"page","link":"https:\/\/ktp-sk.sk\/old\/standard-tibetsky-spaniel\/","title":{"rendered":"\u0160tandard Tibetsk\u00fd \u0161paniel"},"content":{"rendered":"<div class=\"fusion-fullwidth fullwidth-box fusion-builder-row-1 fusion-flex-container nonhundred-percent-fullwidth non-hundred-percent-height-scrolling\" style=\"background-color: rgba(255,255,255,0);background-position: center center;background-repeat: no-repeat;border-width: 0px 0px 0px 0px;border-color:#eae9e9;border-style:solid;\" ><div class=\"fusion-builder-row fusion-row fusion-flex-align-items-flex-start\" style=\"max-width:998.4px;margin-left: calc(-4% \/ 2 );margin-right: calc(-4% \/ 2 );\"><div class=\"fusion-layout-column fusion_builder_column fusion-builder-column-0 fusion_builder_column_1_1 1_1 fusion-flex-column\"><div class=\"fusion-column-wrapper fusion-flex-justify-content-flex-start fusion-content-layout-column\" style=\"background-position:left top;background-repeat:no-repeat;-webkit-background-size:cover;-moz-background-size:cover;-o-background-size:cover;background-size:cover;padding: 0px 0px 0px 0px;\"><div class=\"fusion-text fusion-text-1\"><p><b>FCI \u0161tandard \u010d. 231<\/b> &#8211; TIBETSK\u00dd \u0160PANIEL<br \/>\n<img class=\"alignright size-full wp-image-3320\" src=\"http:\/\/www.ktp-sk.sk\/wp-content\/uploads\/2013\/02\/TSPANIEL400px.png\" alt=\"TSPANIEL400px\" width=\"400\" height=\"325\" srcset=\"https:\/\/ktp-sk.sk\/old\/wp-content\/uploads\/2013\/02\/TSPANIEL400px-147x118.png 147w, https:\/\/ktp-sk.sk\/old\/wp-content\/uploads\/2013\/02\/TSPANIEL400px-300x244.png 300w, https:\/\/ktp-sk.sk\/old\/wp-content\/uploads\/2013\/02\/TSPANIEL400px.png 400w\" sizes=\"(max-width: 400px) 100vw, 400px\" \/><\/p>\n<p><strong>P\u00f4vod<\/strong>: Tibet (\u010c\u00edna)<br \/>\n<strong>Patron\u00e1t:<\/strong> Ve\u013ek\u00e1 Brit\u00e1nia<br \/>\n<strong>D\u00e1tum publikovania platn\u00e9ho \u0161tandardu:<\/strong> 18. 03. 2015<br \/>\n<strong>Pou\u017eitie:<\/strong> Spolo\u010densk\u00fd pes<br \/>\n<b>FCI-Klasifik\u00e1cia<\/b><b>:<\/b>  9. skupina &#8211;<span class=\"Apple-converted-space\">  <\/span>spolo\u010densk\u00e9 a sprievodn\u00e9 psy;<span class=\"Apple-converted-space\"> <\/span>5. sekcia \u2013 tibetsk\u00e9 plemen\u00e1, bez sk\u00fa\u0161ky<br \/>\n<b>Celkov\u00fd vzh\u013ead<\/b><b>:<\/b>  Mal\u00fd, \u017eiv\u00fd a pozorn\u00fd. Vyv\u00e1\u017een\u00fd celkov\u00fd vzh\u013ead, d\u013a\u017eka tela je o m\u00e1lo v\u00e4\u010d\u0161ia ako v\u00fd\u0161ka v koh\u00fatiku.<br \/>\n<b>Povaha a spr\u00e1vanie<\/b><b>:<\/b>  Vesel\u00fd a sebavedom\u00fd, mimoriadne inteligentn\u00fd pes, vo\u010di cudz\u00edm zdr\u017eanliv\u00fd. Pozorn\u00fd, vern\u00fd, ale nez\u00e1visl\u00fd.<\/p>\n<p><b>Hlava<\/b><b>:<\/b> V pomere k telu mal\u00e1, hrdo nesen\u00e1. Psy maj\u00fa hlavu sam\u010diu, ale nie hrub\u00fa.<\/p>\n<p><strong>LEBE\u010cN\u00c1 \u010cAS\u0164:<\/strong><\/p>\n<p><strong>Temeno:<\/strong> Lebka stredne dlh\u00e1, stredne \u0161irok\u00e1 a mierne zaoblen\u00e1.<br \/>\n<strong>Stop:<\/strong> Mierny, ale vyzna\u010den\u00fd.<span class=\"Apple-converted-space\"> <\/span><\/p>\n<p><strong>Tv\u00e1rov\u00e1 \u010das\u0165<\/strong><\/p>\n<p><strong>\u0147uch\u00e1\u010d:<\/strong> Uprednost\u0148uje sa \u010dierny.<br \/>\n<strong>Papu\u013ea:<\/strong> Stredne dlh\u00e1, tup\u00e1, dobre vyplnen\u00e1, bez vr\u00e1sok. Brada je trochu hlbok\u00e1 a \u0161irok\u00e1.<br \/>\n<strong>\u010ce\u013euste a chrup:<\/strong>  Mierny predhryz. Spodn\u00e1 \u010de\u013eus\u0165 \u0161irok\u00e1 medzi o\u010dn\u00fdmi zubmi, rez\u00e1ky s\u00fa pravidelne rozmiestnen\u00e9. \u017diadan\u00fd je \u00fapln\u00fd chrup. Ke\u010f je papu\u013ea zavret\u00e1, zuby a jazyk nesmie by\u0165 vidie\u0165.<span class=\"Apple-converted-space\"> <br \/>\n<\/span><b>O\u010di<\/b>: Tmavohned\u00e9, ov\u00e1lne, \u017eiariv\u00e9 a v\u00fdrazn\u00e9, stredne ve\u013ek\u00e9, umiestnen\u00e9 dos\u0165 \u010faleko od seba, ale pozeraj\u00fa priamo dopredu. Okru\u017eia \u010dierne.<br \/>\n<b>U\u0161i<\/b><b>:<\/b> Stredne ve\u013ek\u00e9, visiace, v dospelosti bohato osrsten\u00e9, dos\u0165 vysoko nasaden\u00e9. Je \u017eiaduce, aby boli nesen\u00e9 po stran\u00e1ch hlavy trocha nadvihnut\u00e9, ale nie odst\u00e1vaj\u00face. Ve\u013ek\u00e9, \u0165a\u017ek\u00e9 a n\u00edzko nasaden\u00e9 u\u0161i s\u00fa netypick\u00e9.<br \/>\n<b><\/b><\/p>\n<p><b>Krk<\/b><b>:<\/b> Pomerne kr\u00e1tky, siln\u00fd, dobre vsaden\u00fd. Pokryt\u00fd hrivou alebo \u201e\u0161\u00e1lom\u201c dlh\u0161ej srsti, ktor\u00fd je v\u00fdraznej\u0161\u00ed u psov ako u su\u010diek.<br \/>\n<b><\/b><\/p>\n<p><b>Telo<\/b><b>:<\/b> <b> <\/b>O nie\u010do dlh\u0161\u00ed od koh\u00fatika po kore\u0148 chvosta ako je v\u00fd\u0161ka v koh\u00fatiku. Chrb\u00e1t:<b> <\/b>Rovn\u00fd.<br \/>\nRebr\u00e1:<b> <\/b>Dobre klenut\u00e9.<\/p>\n<p><b>Chvost<\/b><b>:<\/b>  Vysoko nasaden\u00fd, bohato osrsten\u00fd, v pohybe nesen\u00fd veselo sto\u010den\u00fd alebo nad chrbtom. (Chvost spusten\u00fd v postoji sa nehodnot\u00ed negat\u00edvne).<\/p>\n<p><b>Kon\u010datiny<\/b><\/p>\n<p><strong>Predn\u00e9 kon\u010datiny: <br \/>\nCelkov\u00fd vzh\u013ead:<\/strong> Stredne siln\u00e9 kosti; predn\u00e9 kon\u010datiny maj\u00fa nepatrne zahnut\u00fd tvar, s\u00fa ale s\u00fa pevn\u00e9 v pleciach.<span class=\"Apple-converted-space\"> <br \/>\n<\/span><strong>Plecia:<\/strong> Dobre dozadu polo\u017een\u00e9.<br \/>\n<strong>Predn\u00e9 labky:<\/strong><span class=\"Apple-converted-space\">  <\/span>Zaja\u010die. Mal\u00e9 a dobre tvarovan\u00e9, medzi prstami osrsten\u00e9, osrstenie \u010dasto pre\u010dnieva cez labky. Okr\u00fahle ma\u010dacie labky s\u00fa ne\u017eiaduce.<\/p>\n<p><strong>Zadn\u00e9 kon\u010datiny:<\/strong><b> <br \/>\n<\/b><strong>Celkov\u00fd vzh\u013ead:<\/strong> Dobre stavan\u00e9 a siln\u00e9.<span class=\"Apple-converted-space\"> <br \/>\n<\/span><strong>Koleno:<\/strong> Stredne zauhlen\u00e9.<br \/>\n<strong>P\u00e4ta:<\/strong> N\u00edzko umiestnen\u00e9. Kon\u010datiny pri poh\u013eade zozadu rovn\u00e9.<br \/>\n<strong>Zadn\u00e9 labky:<\/strong><span class=\"Apple-converted-space\">  <\/span>Zaja\u010die. Mal\u00e9 a dobre tvarovan\u00e9, medzi prstami osrsten\u00e9, osrstenie \u010dasto pre\u010dnieva cez labky. Okr\u00fahle ma\u010dacie labky s\u00fa ne\u017eiaduce.<\/p>\n<p><b>Pohyb<\/b><b>:<\/b> R\u00fdchlonoh\u00fd, priamy, vo\u013en\u00fd a sebavedom\u00fd.<\/p>\n<p><b>Osrstenie<\/b><b>:<\/b> <br \/>\n<strong>Srs\u0165:<\/strong> Krycia srs\u0165 hodv\u00e1bnej \u0161trukt\u00fary, na tv\u00e1ri a prednej strane n\u00f4h kr\u00e1tka, na tele stredne dlh\u00e1 a dos\u0165 hladko priliehav\u00e1. Hust\u00e1 jemn\u00e1 podsada. U\u0161i a zadn\u00e1 strana n\u00f4h pekne osrsten\u00e1 (strapce); chvost a v\u00fdbe\u017eky sedac\u00edch kost\u00ed pokryt\u00e9 dlhou srs\u0165ou. Srsti nem\u00e1 by\u0165 prive\u013ea, su\u010dky maj\u00fa spravidla menej srsti a men\u0161iu hrivu ako psy.<br \/>\n<strong>Farba:<\/strong> V\u0161etky farby a kombin\u00e1cie farieb s\u00fa povolen\u00e9.<\/p>\n<p><b>Ve\u013ekos\u0165 a hmotnos\u0165<\/b><b>: <\/b><br \/>\nV\u00fd\u0161ka v koh\u00fatiku:<span class=\"Apple-converted-space\">  <\/span>Okolo 25,4 cm (10 ins).<span class=\"Apple-converted-space\"> <br \/>\n<\/span>Hmotnos\u0165: Ide\u00e1lna hmotnos\u0165 je 4,1\u20136,8 kg (9-15 lbs.)<\/p>\n<p><b>Chyby<\/b><b>:<\/b> Ka\u017ed\u00e1 odch\u00fdlka od uveden\u00fdch bodov sa m\u00e1 poklada\u0165 za chybu, ktorej hodnotenie je v presnom pomere k stup\u0148u odch\u00fdlky. \u017diadna chyba ale nesmie ovplyv\u0148ova\u0165 zdravotn\u00fd stav a pohodu psa.<\/p>\n<p><b>DISKVALIFIKA\u010cN\u00c9 VADY<\/b><\/p>\n<ul>\n<li>Agres\u00edvny alebo pr\u00edli\u0161 plach\u00fd<span class=\"Apple-converted-space\"> <\/span><\/li>\n<li>Jedince, ktor\u00e9 maj\u00fa zjavn\u00e9 fyzick\u00e9 anom\u00e1lie alebo poruchy spr\u00e1vania.<span class=\"Apple-converted-space\"> <\/span><\/li>\n<\/ul>\n<p><b>Pozn\u00e1mka<\/b><b>:<span class=\"Apple-converted-space\"> <\/span><\/b><\/p>\n<ul>\n<li>Psy musia ma\u0165 obidva norm\u00e1lne vyvinut\u00e9 semenn\u00edky \u00faplne zost\u00fapen\u00e9 v mie\u0161ku.<\/li>\n<li>Iba funk\u010dne a klinicky zdrav\u00e9 psy s typick\u00fdm vzh\u013eadom plemena by mali by\u0165 vyu\u017e\u00edvan\u00e9 na chov.<\/li>\n<\/ul>\n<p><a href=\"https:\/\/ktp-sk.sk\/old\/wp-content\/uploads\/2021\/11\/Standard-28112021-Tibetsky-spaniel.pdf\">\u0160TANDARD PDF NA STIAHNUTIE <\/a><\/p><\/p>\n<\/div><\/div><style type=\"text\/css\">.fusion-body .fusion-builder-column-0{width:100% !important;margin-top : 0px;margin-bottom : 0px;}.fusion-builder-column-0 > .fusion-column-wrapper {padding-top : 0px !important;padding-right : 0px !important;margin-right : 1.92%;padding-bottom : 0px !important;padding-left : 0px !important;margin-left : 1.92%;}@media only screen and (max-width:1024px) {.fusion-body .fusion-builder-column-0{width:100% !important;}.fusion-builder-column-0 > .fusion-column-wrapper {margin-right : 1.92%;margin-left : 1.92%;}}@media only screen and (max-width:640px) {.fusion-body .fusion-builder-column-0{width:100% !important;}.fusion-builder-column-0 > .fusion-column-wrapper {margin-right : 1.92%;margin-left : 1.92%;}}<\/style><\/div><\/div><style type=\"text\/css\">.fusion-body .fusion-flex-container.fusion-builder-row-1{ padding-top : 0px;margin-top : 0px;padding-right : 0px;padding-bottom : 0px;margin-bottom : 0px;padding-left : 0px;}<\/style><\/div>\n","protected":false},"excerpt":{"rendered":"","protected":false},"author":8,"featured_media":0,"parent":0,"menu_order":0,"comment_status":"open","ping_status":"open","template":"","meta":{"ngg_post_thumbnail":0},"_links":{"self":[{"href":"https:\/\/ktp-sk.sk\/old\/wp-json\/wp\/v2\/pages\/349"}],"collection":[{"href":"https:\/\/ktp-sk.sk\/old\/wp-json\/wp\/v2\/pages"}],"about":[{"href":"https:\/\/ktp-sk.sk\/old\/wp-json\/wp\/v2\/types\/page"}],"author":[{"embeddable":true,"href":"https:\/\/ktp-sk.sk\/old\/wp-json\/wp\/v2\/users\/8"}],"replies":[{"embeddable":true,"href":"https:\/\/ktp-sk.sk\/old\/wp-json\/wp\/v2\/comments?post=349"}],"version-history":[{"count":0,"href":"https:\/\/ktp-sk.sk\/old\/wp-json\/wp\/v2\/pages\/349\/revisions"}],"wp:attachment":[{"href":"https:\/\/ktp-sk.sk\/old\/wp-json\/wp\/v2\/media?parent=349"}],"curies":[{"name":"wp","href":"https:\/\/api.w.org\/{rel}","templated":true}]}}