{"id":366,"date":"2022-01-05T07:23:01","date_gmt":"2022-01-05T05:23:01","guid":{"rendered":"http:\/\/37801.w1.wedos.ws\/?page_id=366"},"modified":"2022-01-05T18:38:30","modified_gmt":"2022-01-05T16:38:30","slug":"chovatelske-stanice-tibetsky-terier","status":"publish","type":"page","link":"https:\/\/ktp-sk.sk\/old\/chovatelske-stanice-tibetsky-terier\/","title":{"rendered":"Chovate\u013esk\u00e9 stanice Tibetsk\u00fd Teri\u00e9r"},"content":{"rendered":"<div class=\"fusion-fullwidth fullwidth-box fusion-builder-row-1 fusion-flex-container nonhundred-percent-fullwidth non-hundred-percent-height-scrolling\" style=\"background-color: rgba(255,255,255,0);background-position: center center;background-repeat: no-repeat;border-width: 0px 0px 0px 0px;border-color:#eae9e9;border-style:solid;\" ><div class=\"fusion-builder-row fusion-row fusion-flex-align-items-flex-start\" style=\"max-width:998.4px;margin-left: calc(-4% \/ 2 );margin-right: calc(-4% \/ 2 );\"><div class=\"fusion-layout-column fusion_builder_column fusion-builder-column-0 fusion_builder_column_1_1 1_1 fusion-flex-column\"><div class=\"fusion-column-wrapper fusion-flex-justify-content-flex-start fusion-content-layout-column\" style=\"background-position:left top;background-repeat:no-repeat;-webkit-background-size:cover;-moz-background-size:cover;-o-background-size:cover;background-size:cover;padding: 0px 0px 0px 0px;\"><div class=\"fusion-text fusion-text-1\"><p><b><a href=\"http:\/\/erbos.webnode.sk\" target=\"_blank\" rel=\"noopener noreferrer\">ERBOSEDITION<\/a><\/b>&nbsp;&#8211; chovate\u013e Ing. Veronika Ku\u010derkov\u00e1, Karpatsk\u00e1 3106\/1, 010 08 \u017dilina, tel.: +421 907 273 376,<br \/>\ne-mail:&nbsp;<a href=\"mailto:kucerkova@gmail.com\">kucerkova@gmail.com<\/a><\/p>\n<p><strong><a href=\"http:\/\/www.khyimi.eu\/\" target=\"_blank\" rel=\"noopener noreferrer\">KHYI-MI<\/a>&nbsp;<\/strong>\u2013 chovate\u013e Mgr. Martina Ad\u00e1mekov\u00e1, Orechov\u00e1 41,900 42 Dunajsk\u00e1 Lu\u017en\u00e1, tel.: +421 905 235 377,<br \/>\ne-mail:&nbsp;<a href=\"mailto:khyimi@khyimi.eu\">khyimi@khyimi.eu<\/a><\/p>\n<div dir=\"ltr\">\n<div dir=\"ltr\">\n<div dir=\"auto\"><strong>CLAN OF PAULENS<\/strong> &#8211; chovate\u013e Be\u00e1ta Paulenov\u00e1,&nbsp;<span dir=\"ltr\">Dlh\u00e1 30, 903 01 Senec,&nbsp;<\/span>tel:&nbsp;<span dir=\"ltr\">+421 911 726 509<br \/>\n<\/span>e-mail:<a href=\"mailto:bea.paulenova@gmail.com\" target=\"_blank\" rel=\"noopener\">&nbsp;bea.paulenova@gmail.com<\/a><\/div>\n<div dir=\"auto\">&nbsp;<\/div>\n<div dir=\"auto\"><strong><a href=\"http:\/\/www.tingri.sk\" target=\"_blank\" rel=\"noopener noreferrer\">TINGRI&nbsp;<\/a><\/strong>\u2013 chovate\u013e Mgr.Zdenka Bajsov\u00e1 a Albert Kr\u00e1lik, Kuku\u010d\u00ednova 1068, 024 01 Kysuck\u00e9 Nov\u00e9 Mesto, tel.: +421 903 519 905,<\/div>\n<\/div>\n<\/div>\n<p>e-mail:&nbsp;<a href=\"mailto:tingri@npa.sk\">tingri@npa.sk<\/a><\/p>\n<\/div><\/div><style type=\"text\/css\">.fusion-body .fusion-builder-column-0{width:100% !important;margin-top : 0px;margin-bottom : 0px;}.fusion-builder-column-0 > .fusion-column-wrapper {padding-top : 0px !important;padding-right : 0px !important;margin-right : 1.92%;padding-bottom : 0px !important;padding-left : 0px !important;margin-left : 1.92%;}@media only screen and (max-width:1024px) {.fusion-body .fusion-builder-column-0{width:100% !important;}.fusion-builder-column-0 > .fusion-column-wrapper {margin-right : 1.92%;margin-left : 1.92%;}}@media only screen and (max-width:640px) {.fusion-body .fusion-builder-column-0{width:100% !important;}.fusion-builder-column-0 > .fusion-column-wrapper {margin-right : 1.92%;margin-left : 1.92%;}}<\/style><\/div><\/div><style type=\"text\/css\">.fusion-body .fusion-flex-container.fusion-builder-row-1{ padding-top : 0px;margin-top : 0px;padding-right : 0px;padding-bottom : 0px;margin-bottom : 0px;padding-left : 0px;}<\/style><\/div>\n","protected":false},"excerpt":{"rendered":"","protected":false},"author":8,"featured_media":0,"parent":0,"menu_order":0,"comment_status":"open","ping_status":"open","template":"","meta":{"ngg_post_thumbnail":0},"_links":{"self":[{"href":"https:\/\/ktp-sk.sk\/old\/wp-json\/wp\/v2\/pages\/366"}],"collection":[{"href":"https:\/\/ktp-sk.sk\/old\/wp-json\/wp\/v2\/pages"}],"about":[{"href":"https:\/\/ktp-sk.sk\/old\/wp-json\/wp\/v2\/types\/page"}],"author":[{"embeddable":true,"href":"https:\/\/ktp-sk.sk\/old\/wp-json\/wp\/v2\/users\/8"}],"replies":[{"embeddable":true,"href":"https:\/\/ktp-sk.sk\/old\/wp-json\/wp\/v2\/comments?post=366"}],"version-history":[{"count":0,"href":"https:\/\/ktp-sk.sk\/old\/wp-json\/wp\/v2\/pages\/366\/revisions"}],"wp:attachment":[{"href":"https:\/\/ktp-sk.sk\/old\/wp-json\/wp\/v2\/media?parent=366"}],"curies":[{"name":"wp","href":"https:\/\/api.w.org\/{rel}","templated":true}]}}