{"id":393,"date":"2020-10-13T05:02:35","date_gmt":"2020-10-13T03:02:35","guid":{"rendered":"http:\/\/37801.w1.wedos.ws\/?page_id=393"},"modified":"2020-10-13T13:56:53","modified_gmt":"2020-10-13T11:56:53","slug":"podmienky-chovnosti-tibetsky-terier","status":"publish","type":"page","link":"https:\/\/ktp-sk.sk\/old\/podmienky-chovnosti-tibetsky-terier\/","title":{"rendered":"Podmienky chovnosti Tibetsk\u00fd teri\u00e9r"},"content":{"rendered":"<blockquote><p><b><i>Podmienky pre zaradenie psa\/suky do chovu:<\/i><\/b><\/p>\n<ul>\n<li>overen\u00fd p\u00f4vod, osved\u010den\u00fd preukazom o p\u00f4vode psa, vydan\u00fd Plemennou knihou uznanou FCI<\/li>\n<li>dosiahnutie vekovej hranice 15 mesiacov<\/li>\n<li>po\u010det rez\u00e1kov ide\u00e1lne 6\/6, najmenej v\u0161ak 5\/6 (platn\u00e9 od 12.9.2015) \u2013 rozhodca&nbsp; skontroluje na klubovej alebo \u0161peci\u00e1lnej v\u00fdstave<\/li>\n<li>absolvovanie dvoch v\u00fdstav minim\u00e1lne v triede mlad\u00fdch, z toho jednej klubovej alebo \u0161peci\u00e1lnej v\u00fdstavy Klubu tibetsk\u00fdch plemien s v\u00fdsledkom \u201eV\u00fdborn\u00fd\/\u00e1\u201c a z medzin\u00e1rodnej alebo n\u00e1rodnej v\u00fdstavy s v\u00fdsledkom \u201eV\u00fdborn\u00fd\/\u00e1\u201c alebo \u201eVe\u013emi dobr\u00fd\/\u00e1\u201c, od dvoch r\u00f4znych rozhodcov. Medzin\u00e1rodn\u00e1 v\u00fdstava alebo N\u00e1rodn\u00e1 v\u00fdstava&nbsp; sa akceptuje aj zo zahrani\u010dia<\/li>\n<li>klub akceptuje p\u00edsomne potvrden\u00fa chovnos\u0165 dovezen\u00e9ho jedinca z \u010dlensk\u00fdch \u0161t\u00e1tov FCI<\/li>\n<li>klub nem\u00f4\u017ee udeli\u0165, resp. doporu\u010di\u0165 udelenie v\u00fdnimky pre zaradenie jedinca do chovu<\/li>\n<\/ul>\n<p><b>Ukon\u010denie chovnosti :<\/b><br \/>\n\u2013 suky do ukon\u010denia 8 roku veku.<br \/>\n\u2013 psy po dov\u0155\u0161en\u00ed 13 rokov veku.<\/p>\n<p><i>V\u0161etky jedince plemena tibetsk\u00fd teri\u00e9r pou\u017eit\u00e9 v chove od 15.10.2011 musia ma\u0165 k d\u00e1tumu krytia vyhodnoten\u00fd DNA test na prim\u00e1rnu lux\u00e1ciu \u0161o\u0161ovky (PLL). Chovn\u00fd jedinec s v\u00fdsledkom PLL DNA carrier&nbsp;smie&nbsp;by\u0165 spojen\u00fd v\u00fdhradne s jedincom s v\u00fdsledkom PLL DNA clear (normal).<br \/>\nJedinec, ktor\u00e9ho obaja rodi\u010dia maj\u00fa v\u00fdsledok PLL DNA clear (normal) je vyhodnoten\u00fd automaticky ako PLL DNA clear (normal) a nepotrebuje DNA test. Akceptuje sa ofici\u00e1lny certifik\u00e1t\/spr\u00e1va z&nbsp;laborat\u00f3ria.<\/i><\/p>\n<p><i>V\u0161etky jedince plemena tibetsk\u00fd teri\u00e9r pou\u017eit\u00e9 v chove od 01.10.2011 musia ma\u0165 k d\u00e1tumu krytia vyhodnoten\u00fd DNA test na neuron\u00e1lnu ceroidn\u00fa lipofuscin\u00f3zu (CCL\/NCL). Chovn\u00fd jedinec s v\u00fdsledkom CCL\/NCL DNA carrier smie by\u0165 spojen\u00fd v\u00fdhradne s jedincom s v\u00fdsledkom CCL\/NCL DNA clear (normal).<span class=\"Apple-converted-space\">&nbsp;<\/span><\/i><\/p>\n<p><i>Jedinec, ktor\u00e9ho obaja rodi\u010dia maj\u00fa v\u00fdsledok CCL\/NCL DNA clear (normal) je vyhodnoten\u00fd automaticky ako CCL\/NCL DNA clear (normal) a nepotrebuje DNA test. Akceptuje sa ofici\u00e1lny certifik\u00e1t\/spr\u00e1va z&nbsp;laborat\u00f3ria.<\/i><\/p>\n<p><i>Bola pouk\u00e1zan\u00e1 vhodnos\u0165 na vy\u0161etrenie o\u010d\u00ed \u2013 PRA najviac rok pred pl\u00e1novan\u00fdm kryt\u00edm a kry\u0165 jedince so zdravotn\u00fdmi vy\u0161etreniami.<\/i><\/p>\n<p><i>Bola pouk\u00e1zan\u00e1 vhodnos\u0165 na vy\u0161etrenie bedrov\u00fdch k\u013abov DBK vo veku najmenej 12 mesiacov a to s v\u00fdsledkom A (bez zn\u00e1mok dyspl\u00e1zie), B (prechodn\u00fd stupe\u0148) alebo C (\u013eahk\u00e1 dyspl\u00e1zia). Pri v\u00fdsledku C sa&nbsp;doporu\u010duj\u00fa partneri s v\u00fdsledkom A alebo B.<\/i><\/p>\n<p><i>Odpor\u00fa\u010da sa aj vy\u0161etrenie na dedi\u010dn\u00e9 o\u010dn\u00e9 choroby nie star\u0161ie ako 12&nbsp;mesiacov pred p\u00e1ren\u00edm.<\/i><\/p>\n<p><i>Ak&nbsp;chcete&nbsp;ma\u0165 inform\u00e1cie o svojom psovi\/suke uveden\u00e9 v sekcii&nbsp;&#8222;<\/i><b><i>Chovn\u00e9 jedince<\/i><\/b><i>&#8222;, mus\u00edte posla\u0165 emailom&nbsp;poradcovi <a href=\"mailto:ivepetlhasa@gmail.com\">ivepetlhasa@gmail.com<\/a> chovu k\u00f3piu PP s vidite\u013ene vyzna\u010den\u00fdm z\u00e1pisom chovnosti&nbsp;zo Slovenskej plemennej knihy UKK.<\/i><\/p>\n<p><i>Majite\u013e, pr\u00edpadne spolumajite\u013e, musia by\u0165 \u010dlenmi KTP (t.j. musia ma\u0165 zaplaten\u00fd \u010dlensk\u00fd poplatok na dan\u00fd kalend\u00e1rny rok) a musia by\u0165 obaja uveden\u00ed v PP psa\/suky.<br \/>\nAk chcete uverejni\u0165 aj ich fotografiu, po\u0161lite kvalitn\u00fa fotografiu dan\u00e9ho jedinca v \u010do najv\u00e4\u010d\u0161om rozl\u00ed\u0161en\u00ed. Emailom m\u00f4\u017eete doplni\u0165 \u010fal\u0161ie z\u00edskan\u00e9 tituly.<\/i><\/p>\n<p><b><i>Bez horeuvedn\u00fdch dokumentov, nie je mo\u017en\u00e9 tieto inform\u00e1cie uverejni\u0165.<\/i><\/b><\/p><\/blockquote>\n","protected":false},"excerpt":{"rendered":"<p>Podmienky pre zaradenie psa\/suky do chovu: overen\u00fd p\u00f4vod, osved\u010den\u00fd preukazom o p\u00f4vode psa, vydan\u00fd Plemennou knihou uznanou FCI dosiahnutie vekovej hranice 15 mesiacov po\u010det rez\u00e1kov [&hellip;]<\/p>\n","protected":false},"author":8,"featured_media":0,"parent":0,"menu_order":0,"comment_status":"open","ping_status":"closed","template":"","meta":{"ngg_post_thumbnail":0},"_links":{"self":[{"href":"https:\/\/ktp-sk.sk\/old\/wp-json\/wp\/v2\/pages\/393"}],"collection":[{"href":"https:\/\/ktp-sk.sk\/old\/wp-json\/wp\/v2\/pages"}],"about":[{"href":"https:\/\/ktp-sk.sk\/old\/wp-json\/wp\/v2\/types\/page"}],"author":[{"embeddable":true,"href":"https:\/\/ktp-sk.sk\/old\/wp-json\/wp\/v2\/users\/8"}],"replies":[{"embeddable":true,"href":"https:\/\/ktp-sk.sk\/old\/wp-json\/wp\/v2\/comments?post=393"}],"version-history":[{"count":0,"href":"https:\/\/ktp-sk.sk\/old\/wp-json\/wp\/v2\/pages\/393\/revisions"}],"wp:attachment":[{"href":"https:\/\/ktp-sk.sk\/old\/wp-json\/wp\/v2\/media?parent=393"}],"curies":[{"name":"wp","href":"https:\/\/api.w.org\/{rel}","templated":true}]}}