{"id":428,"date":"2013-02-08T19:45:11","date_gmt":"2013-02-08T17:45:11","guid":{"rendered":"http:\/\/37801.w1.wedos.ws\/?page_id=428"},"modified":"2022-02-18T13:41:32","modified_gmt":"2022-02-18T11:41:32","slug":"zapisnice","status":"publish","type":"page","link":"https:\/\/ktp-sk.sk\/old\/zapisnice\/","title":{"rendered":"Z\u00e1pisnice"},"content":{"rendered":"<div class=\"fusion-fullwidth fullwidth-box fusion-builder-row-1 fusion-flex-container hundred-percent-fullwidth non-hundred-percent-height-scrolling\" style=\"background-color: rgba(255,255,255,0);background-position: center center;background-repeat: no-repeat;border-width: 0px 0px 0px 0px;border-color:#eae9e9;border-style:solid;\" ><div class=\"fusion-builder-row fusion-row fusion-flex-align-items-flex-start\" style=\"width:calc( 100% + 0px ) !important;max-width:calc( 100% + 0px ) !important;margin-left: calc(-0px \/ 2 );margin-right: calc(-0px \/ 2 );\"><div class=\"fusion-layout-column fusion_builder_column fusion-builder-column-0 fusion_builder_column_1_1 1_1 fusion-flex-column fusion-flex-align-self-flex-start fusion-column-no-min-height\"><div class=\"fusion-column-wrapper fusion-flex-justify-content-flex-start fusion-content-layout-column\" style=\"background-position:left top;background-repeat:no-repeat;-webkit-background-size:cover;-moz-background-size:cover;-o-background-size:cover;background-size:cover;padding: 0px 0px 0px 0px;\"><style type=\"text\/css\">@media only screen and (max-width:1024px) {.fusion-title.fusion-title-1{margin-top:10px!important; margin-right:0px!important;margin-bottom:15px!important;margin-left:0px!important;}}@media only screen and (max-width:640px) {.fusion-title.fusion-title-1{margin-top:10px!important; margin-right:0px!important;margin-bottom:10px!important; margin-left:0px!important;}}<\/style><div class=\"fusion-title title fusion-title-1 fusion-title-text fusion-title-size-four\" style=\"margin-top:10px;margin-right:0px;margin-bottom:15px;margin-left:0px;\"><div class=\"title-sep-container title-sep-container-left fusion-no-large-visibility fusion-no-medium-visibility fusion-no-small-visibility\"><div class=\"title-sep sep-\" style=\"border-color:#E7E6E6;\"><\/div><\/div><span class=\"awb-title-spacer fusion-no-large-visibility fusion-no-medium-visibility fusion-no-small-visibility\"><\/span><h4 class=\"title-heading-left fusion-responsive-typography-calculated\" style=\"margin:0;--fontSize:13;--minFontSize:13px;line-height:1.54;\">Z\u00e1pisnice z \u010dlensk\u00fdch sch\u00f4dz\u00ed<\/h4><span class=\"awb-title-spacer\"><\/span><div class=\"title-sep-container title-sep-container-right\"><div class=\"title-sep sep-\" style=\"border-color:#E7E6E6;\"><\/div><\/div><\/div><div class=\"fusion-text fusion-text-1\"><p><strong><a href=\"http:\/\/www.ktp-sk.sk\/wp-content\/uploads\/2017\/06\/zapisnica-28052017-Chvojnica.pdf\">Z\u00e1pisnica<\/a><\/strong> zo d\u0148a 28.05.2017<\/p>\n<p><strong><a href=\"https:\/\/ktp-sk.sk\/old\/wp-content\/uploads\/2015\/06\/zapisnica-KTP-02052015.doc\">Z\u00e1pisnica<\/a><\/strong>\u00a0zo d\u0148a 02.05. 2015<\/p>\n<p><strong><a href=\"https:\/\/ktp-sk.sk\/old\/wp-content\/uploads\/2015\/05\/KTP-zapisnica-08032014.doc\">Z\u00e1pisnica<\/a><\/strong>\u00a0zo d\u0148a 08.03. 2014<\/p>\n<p><strong><a href=\"https:\/\/ktp-sk.sk\/old\/wp-content\/uploads\/2015\/05\/KTP-zapisnica-240302013.doc\">Z\u00e1pisnica<\/a><\/strong>\u00a0zo d\u0148a\u00a024.03. 2013<\/p>\n<p><a href=\"https:\/\/ktp-sk.sk\/old\/wp-content\/uploads\/2014\/10\/zapisnica-01.10.2011.doc\"><strong>Z\u00e1pisnica<\/strong><\/a> zo d\u0148a 01.10. 2011<\/p>\n<p><a href=\"https:\/\/ktp-sk.sk\/old\/wp-content\/uploads\/2014\/10\/zapisnica2010.doc\"><strong>Z\u00e1pisnica<\/strong><\/a> zo d\u0148a 22.05. 2010<\/p>\n<p><strong><a href=\"https:\/\/ktp-sk.sk\/old\/wp-content\/uploads\/2014\/10\/zapisnica-30.5.2009.doc\" target=\"_blank\" rel=\"noopener noreferrer\">Z\u00e1pisnica<\/a><\/strong> zo d\u0148a 30.05. 2009<\/p>\n<\/div><\/div><style type=\"text\/css\">.fusion-body .fusion-builder-column-0{width:100% !important;margin-top : 0px;margin-bottom : 0px;}.fusion-builder-column-0 > .fusion-column-wrapper {padding-top : 0px !important;padding-right : 0px !important;margin-right : 0px;padding-bottom : 0px !important;padding-left : 0px !important;margin-left : 0px;}@media only screen and (max-width:1024px) {.fusion-body .fusion-builder-column-0{width:100% !important;}.fusion-builder-column-0 > .fusion-column-wrapper {margin-right : 0px;margin-left : 0px;}}@media only screen and (max-width:640px) {.fusion-body .fusion-builder-column-0{width:100% !important;}.fusion-builder-column-0 > .fusion-column-wrapper {margin-right : 0px;margin-left : 0px;}}<\/style><\/div><\/div><style type=\"text\/css\">.fusion-fullwidth.fusion-builder-row-1 { overflow:visible; }.fusion-body .fusion-flex-container.fusion-builder-row-1{ padding-top : 0px;margin-top : 0px;padding-right : 0px;padding-bottom : 0px;margin-bottom : 0px;padding-left : 0px;}<\/style><\/div>\n","protected":false},"excerpt":{"rendered":"","protected":false},"author":8,"featured_media":0,"parent":0,"menu_order":0,"comment_status":"open","ping_status":"open","template":"","meta":{"ngg_post_thumbnail":0},"_links":{"self":[{"href":"https:\/\/ktp-sk.sk\/old\/wp-json\/wp\/v2\/pages\/428"}],"collection":[{"href":"https:\/\/ktp-sk.sk\/old\/wp-json\/wp\/v2\/pages"}],"about":[{"href":"https:\/\/ktp-sk.sk\/old\/wp-json\/wp\/v2\/types\/page"}],"author":[{"embeddable":true,"href":"https:\/\/ktp-sk.sk\/old\/wp-json\/wp\/v2\/users\/8"}],"replies":[{"embeddable":true,"href":"https:\/\/ktp-sk.sk\/old\/wp-json\/wp\/v2\/comments?post=428"}],"version-history":[{"count":0,"href":"https:\/\/ktp-sk.sk\/old\/wp-json\/wp\/v2\/pages\/428\/revisions"}],"wp:attachment":[{"href":"https:\/\/ktp-sk.sk\/old\/wp-json\/wp\/v2\/media?parent=428"}],"curies":[{"name":"wp","href":"https:\/\/api.w.org\/{rel}","templated":true}]}}