{"id":4871,"date":"2017-06-03T12:38:01","date_gmt":"2017-06-03T10:38:01","guid":{"rendered":"http:\/\/www.ktp-sk.sk\/?page_id=4871"},"modified":"2020-10-13T12:23:19","modified_gmt":"2020-10-13T10:23:19","slug":"27-05-2017","status":"publish","type":"page","link":"https:\/\/ktp-sk.sk\/old\/27-05-2017\/","title":{"rendered":"27.05.2017"},"content":{"rendered":"<p><b>Klubov\u00e1&nbsp;v\u00fdstava 27.05.2017 Chvojnica<\/b>,&nbsp;rozhodca:&nbsp;Jemelkov\u00e1 Simona<\/p>\n<div class=\"fusion-fullwidth fullwidth-box fusion-builder-row-1 fusion-flex-container hundred-percent-fullwidth non-hundred-percent-height-scrolling\" style=\"background-color: rgba(255,255,255,0);background-position: center center;background-repeat: no-repeat;border-width: 0px 0px 0px 0px;border-color:#eae9e9;border-style:solid;\" ><div class=\"fusion-builder-row fusion-row fusion-flex-align-items-flex-start\" style=\"width:calc( 100% + 0px ) !important;max-width:calc( 100% + 0px ) !important;margin-left: calc(-0px \/ 2 );margin-right: calc(-0px \/ 2 );\"><div class=\"fusion-layout-column fusion_builder_column fusion-builder-column-0 fusion_builder_column_1_1 1_1 fusion-flex-column fusion-flex-align-self-flex-start fusion-column-no-min-height\"><div class=\"fusion-column-wrapper fusion-flex-justify-content-flex-start fusion-content-layout-column\" style=\"background-position:left top;background-repeat:no-repeat;-webkit-background-size:cover;-moz-background-size:cover;-o-background-size:cover;background-size:cover;padding: 0px 0px 0px 0px;\"><style type=\"text\/css\">@media only screen and (max-width:1024px) {.fusion-title.fusion-title-1{margin-top:10px!important; margin-right:0px!important;margin-bottom:15px!important;margin-left:0px!important;}}@media only screen and (max-width:640px) {.fusion-title.fusion-title-1{margin-top:10px!important; margin-right:0px!important;margin-bottom:10px!important; margin-left:0px!important;}}<\/style><div class=\"fusion-title title fusion-title-1 fusion-title-text fusion-title-size-two\" style=\"margin-top:10px;margin-right:0px;margin-bottom:15px;margin-left:0px;\"><div class=\"title-sep-container title-sep-container-left fusion-no-large-visibility fusion-no-medium-visibility fusion-no-small-visibility\"><div class=\"title-sep sep-\" style=\"border-color:#E7E6E6;\"><\/div><\/div><span class=\"awb-title-spacer fusion-no-large-visibility fusion-no-medium-visibility fusion-no-small-visibility\"><\/span><h2 class=\"title-heading-left fusion-responsive-typography-calculated\" style=\"margin:0;--fontSize:18;--minFontSize:18px;line-height:1.5;\"><span style=\"color: #8c0a2f;\"><strong>LHASA APSO<\/strong><\/span><\/h2><span class=\"awb-title-spacer\"><\/span><div class=\"title-sep-container title-sep-container-right\"><div class=\"title-sep sep-\" style=\"border-color:#E7E6E6;\"><\/div><\/div><\/div>\n<p>Pes\/Otvoren\u00e1<br \/>\nBRUNEI IVEPET &#8211;&nbsp;V1, CAC, CC<\/p>\n<p>Pes\/\u0160ampi\u00f3nov<br \/>\nRADICALLY\u00b4S DANIEL &#8211;&nbsp;V1, CAC, CC, BOS, Klubov\u00fd v\u00ed\u0165az<br \/>\nSAYONARA APSO JOHN TERRY &#8211;&nbsp;V2, Res. CAC<\/p>\n<p>Suka\/Dorast<br \/>\nFOREVER FUNNY DAR TIBETU &#8211;&nbsp;nenast\u00fapil<\/p>\n<p>Suka\/Mlad\u00fdch<br \/>\nCOLOMBIAN FRIEND&#8217;S TRUST ME IM CRAZY &#8211;&nbsp;VD1<\/p>\n<p>Suka\/Stredn\u00e1<br \/>\nRADICALLY\u00b4S DALILAH &#8211;&nbsp;V1, CAC, CC, BOB, Klubov\u00fd v\u00ed\u0165az, <strong>BIS 2<\/strong><\/p>\n<p>Suka\/Otvoren\u00e1<br \/>\nGRACE VZNE\u0160EN\u00dd &#8211;&nbsp;VD1<\/p>\n<p>Suka\/\u0160ampi\u00f3nov<br \/>\nWITH YOU FOREVER IVEPET &#8211;&nbsp;V1, CAC, CC<\/p>\n<\/div><style type=\"text\/css\">.fusion-body .fusion-builder-column-0{width:100% !important;margin-top : 0px;margin-bottom : 0px;}.fusion-builder-column-0 > .fusion-column-wrapper {padding-top : 0px !important;padding-right : 0px !important;margin-right : 0px;padding-bottom : 0px !important;padding-left : 0px !important;margin-left : 0px;}@media only screen and (max-width:1024px) {.fusion-body .fusion-builder-column-0{width:100% !important;}.fusion-builder-column-0 > .fusion-column-wrapper {margin-right : 0px;margin-left : 0px;}}@media only screen and (max-width:640px) {.fusion-body .fusion-builder-column-0{width:100% !important;}.fusion-builder-column-0 > .fusion-column-wrapper {margin-right : 0px;margin-left : 0px;}}<\/style><\/div><div class=\"fusion-layout-column fusion_builder_column fusion-builder-column-1 fusion_builder_column_1_1 1_1 fusion-flex-column fusion-flex-align-self-flex-start fusion-column-no-min-height\"><div class=\"fusion-column-wrapper fusion-flex-justify-content-flex-start fusion-content-layout-column\" style=\"background-position:left top;background-repeat:no-repeat;-webkit-background-size:cover;-moz-background-size:cover;-o-background-size:cover;background-size:cover;padding: 0px 0px 0px 0px;\"><style type=\"text\/css\">@media only screen and (max-width:1024px) {.fusion-title.fusion-title-2{margin-top:10px!important; margin-right:0px!important;margin-bottom:15px!important;margin-left:0px!important;}}@media only screen and (max-width:640px) {.fusion-title.fusion-title-2{margin-top:10px!important; margin-right:0px!important;margin-bottom:10px!important; margin-left:0px!important;}}<\/style><div class=\"fusion-title title fusion-title-2 fusion-title-text fusion-title-size-two\" style=\"margin-top:10px;margin-right:0px;margin-bottom:15px;margin-left:0px;\"><div class=\"title-sep-container title-sep-container-left fusion-no-large-visibility fusion-no-medium-visibility fusion-no-small-visibility\"><div class=\"title-sep sep-\" style=\"border-color:#E7E6E6;\"><\/div><\/div><span class=\"awb-title-spacer fusion-no-large-visibility fusion-no-medium-visibility fusion-no-small-visibility\"><\/span><h2 class=\"title-heading-left fusion-responsive-typography-calculated\" style=\"margin:0;--fontSize:18;--minFontSize:18px;line-height:1.5;\"><span style=\"color: #8c0a2f;\"><strong>SHIH-TZU<\/strong><\/span><\/h2><span class=\"awb-title-spacer\"><\/span><div class=\"title-sep-container title-sep-container-right\"><div class=\"title-sep sep-\" style=\"border-color:#E7E6E6;\"><\/div><\/div><\/div>\n<p>Pes\/Mlad\u0161\u00ed dorast<br \/>\nLUCK PAGODA ZL ORCH RAINBOW OF HAPPINESS &#8211;&nbsp;VN1<\/p>\n<p>Pes\/Dorastu<br \/>\nBAI KUIN CHANDLER &#8211;&nbsp;VN1, BIS Puppy 1<br \/>\nLORD ATREI KIRABZER &#8211;&nbsp;nenast\u00fapil<\/p>\n<p>Pes\/Mlad\u00fdch<br \/>\nPRIDE LEON DERRIK &#8211;&nbsp;V1, JCC, CAJC, Klubov\u00fd v\u00ed\u0165az mlad\u00fdch<\/p>\n<p>Pes\/Stredn\u00e1<br \/>\nENRICO HIRAGANA &#8211;&nbsp;V1, CAC, CC, Klubov\u00fd v\u00ed\u0165az<\/p>\n<p>Pes\/Otvoren\u00e1<br \/>\nPORTOS FROM HESPERYD&#8217;S GARDEN &#8211;&nbsp;V1<\/p>\n<p>Pes\/\u0160ampi\u00f3nov<br \/>\nFERCHARA&#8217;S CHARLIE TANGO &#8211;&nbsp;V2<br \/>\nCHESVET LINE IMAGE BLACK PEARLS &#8211;&nbsp;V1, CAC, CC<\/p>\n<p>Pes\/Veter\u00e1nov<br \/>\nSOLARIS AVIS MAGIC MOMENT &#8211;&nbsp;V1, BIS Veter\u00e1n 1<\/p>\n<p>Suka\/Mlad\u0161\u00ed&nbsp;dorast<br \/>\nDAFNE THESE LOVINGEYES &#8211;&nbsp;VN3<br \/>\nDOROTHEA THESE LOVINGEYES &#8211;&nbsp;VN1<br \/>\nCHARLOTTE CHLOE HIRAGANA &#8211;&nbsp;VN2<\/p>\n<p>Suka\/Mlad\u00fdch<br \/>\nMAGIC MOONLIGHT BRILLIANT OF MORAVIA &#8211;&nbsp;V1, JCC, CAJC, Junior BOB, Klubov\u00fd v\u00ed\u0165az mlad\u00fdch, BIS Junior 1<br \/>\nSZ\u00d6L\u00d6HEGYI BITANG\u00dcZ\u00d6 F\u00c9DRA &#8211;&nbsp;VD3<br \/>\nTU CHU MADAM ATREI KIRABZER &#8211; V2<\/p>\n<p>Suka\/Stredn\u00e1<br \/>\nCELEST THESE LOVINGEYES &#8211;&nbsp;VD1<\/p>\n<p>Suka\/\u0160ampi\u00f3nov<br \/>\nFLORENTINA ATREI KIRABZER &#8211;&nbsp;V1, CAC, CC, BOB, Klubov\u00fd v\u00ed\u0165az, <strong>BIS 3<\/strong><\/p>\n<p>Suka\/Veter\u00e1nov<br \/>\nPIC DE CARLIT PIRENE SENIDA &#8211;&nbsp;V1<\/p>\n<\/div><style type=\"text\/css\">.fusion-body .fusion-builder-column-1{width:100% !important;margin-top : 0px;margin-bottom : 0px;}.fusion-builder-column-1 > .fusion-column-wrapper {padding-top : 0px !important;padding-right : 0px !important;margin-right : 0px;padding-bottom : 0px !important;padding-left : 0px !important;margin-left : 0px;}@media only screen and (max-width:1024px) {.fusion-body .fusion-builder-column-1{width:100% !important;}.fusion-builder-column-1 > .fusion-column-wrapper {margin-right : 0px;margin-left : 0px;}}@media only screen and (max-width:640px) {.fusion-body .fusion-builder-column-1{width:100% !important;}.fusion-builder-column-1 > .fusion-column-wrapper {margin-right : 0px;margin-left : 0px;}}<\/style><\/div><div class=\"fusion-layout-column fusion_builder_column fusion-builder-column-2 fusion_builder_column_1_1 1_1 fusion-flex-column fusion-flex-align-self-flex-start fusion-column-no-min-height\"><div class=\"fusion-column-wrapper fusion-flex-justify-content-flex-start fusion-content-layout-column\" style=\"background-position:left top;background-repeat:no-repeat;-webkit-background-size:cover;-moz-background-size:cover;-o-background-size:cover;background-size:cover;padding: 0px 0px 0px 0px;\"><style type=\"text\/css\">@media only screen and (max-width:1024px) {.fusion-title.fusion-title-3{margin-top:10px!important; margin-right:0px!important;margin-bottom:15px!important;margin-left:0px!important;}}@media only screen and (max-width:640px) {.fusion-title.fusion-title-3{margin-top:10px!important; margin-right:0px!important;margin-bottom:10px!important; margin-left:0px!important;}}<\/style><div class=\"fusion-title title fusion-title-3 fusion-title-text fusion-title-size-two\" style=\"margin-top:10px;margin-right:0px;margin-bottom:15px;margin-left:0px;\"><div class=\"title-sep-container title-sep-container-left fusion-no-large-visibility fusion-no-medium-visibility fusion-no-small-visibility\"><div class=\"title-sep sep-\" style=\"border-color:#E7E6E6;\"><\/div><\/div><span class=\"awb-title-spacer fusion-no-large-visibility fusion-no-medium-visibility fusion-no-small-visibility\"><\/span><h2 class=\"title-heading-left fusion-responsive-typography-calculated\" style=\"margin:0;--fontSize:18;--minFontSize:18px;line-height:1.5;\"><span style=\"color: #8c0a2f;\"><strong>TIBETAN TERRIER<\/strong><\/span><\/h2><span class=\"awb-title-spacer\"><\/span><div class=\"title-sep-container title-sep-container-right\"><div class=\"title-sep sep-\" style=\"border-color:#E7E6E6;\"><\/div><\/div><\/div>\n<p>Pes\/Mlad\u00fdch<br \/>\nKHYI-MI EMCHI LAMLEH BAGYA &#8211;&nbsp;V1<\/p>\n<p>Pes\/Otvoren\u00e1<br \/>\nART OF LIFE ERBOSEDITION &#8211;&nbsp;V1, CAC, CC, BOB, Klubov\u00fd v\u00ed\u0165az, <strong>BIS 1<br \/>\n<\/strong><br \/>\nPes\/\u0160ampi\u00f3nov<br \/>\nKHYI-MI BOD-JA LAMLEH &#8211;&nbsp;V1, CAC, CCcSuka\/Mlad\u00fdch<\/p>\n<p>BORN TO LOVE ERBOSEDITION &#8211; V1<\/p>\n<p>Suka\/Otvoren\u00e1<br \/>\nA DESERT ROSE ERBOSEDITION &#8211;&nbsp;V1, CAC, CC, BOS, Klubov\u00fd v\u00ed\u0165az<\/p>\n<\/div><style type=\"text\/css\">.fusion-body .fusion-builder-column-2{width:100% !important;margin-top : 0px;margin-bottom : 0px;}.fusion-builder-column-2 > .fusion-column-wrapper {padding-top : 0px !important;padding-right : 0px !important;margin-right : 0px;padding-bottom : 0px !important;padding-left : 0px !important;margin-left : 0px;}@media only screen and (max-width:1024px) {.fusion-body .fusion-builder-column-2{width:100% !important;}.fusion-builder-column-2 > .fusion-column-wrapper {margin-right : 0px;margin-left : 0px;}}@media only screen and (max-width:640px) {.fusion-body .fusion-builder-column-2{width:100% !important;}.fusion-builder-column-2 > .fusion-column-wrapper {margin-right : 0px;margin-left : 0px;}}<\/style><\/div><div class=\"fusion-layout-column fusion_builder_column fusion-builder-column-3 fusion_builder_column_1_1 1_1 fusion-flex-column fusion-flex-align-self-flex-start fusion-column-no-min-height\"><div class=\"fusion-column-wrapper fusion-flex-justify-content-flex-start fusion-content-layout-column\" style=\"background-position:left top;background-repeat:no-repeat;-webkit-background-size:cover;-moz-background-size:cover;-o-background-size:cover;background-size:cover;padding: 0px 0px 0px 0px;\"><style type=\"text\/css\">@media only screen and (max-width:1024px) {.fusion-title.fusion-title-4{margin-top:10px!important; margin-right:0px!important;margin-bottom:15px!important;margin-left:0px!important;}}@media only screen and (max-width:640px) {.fusion-title.fusion-title-4{margin-top:10px!important; margin-right:0px!important;margin-bottom:10px!important; margin-left:0px!important;}}<\/style><div class=\"fusion-title title fusion-title-4 fusion-title-text fusion-title-size-two\" style=\"margin-top:10px;margin-right:0px;margin-bottom:15px;margin-left:0px;\"><div class=\"title-sep-container title-sep-container-left fusion-no-large-visibility fusion-no-medium-visibility fusion-no-small-visibility\"><div class=\"title-sep sep-\" style=\"border-color:#E7E6E6;\"><\/div><\/div><span class=\"awb-title-spacer fusion-no-large-visibility fusion-no-medium-visibility fusion-no-small-visibility\"><\/span><h2 class=\"title-heading-left fusion-responsive-typography-calculated\" style=\"margin:0;--fontSize:18;--minFontSize:18px;line-height:1.5;\"><span style=\"color: #8c0a2f;\"><strong>TIBETAN SPANIEL<\/strong><\/span><\/h2><span class=\"awb-title-spacer\"><\/span><div class=\"title-sep-container title-sep-container-right\"><div class=\"title-sep sep-\" style=\"border-color:#E7E6E6;\"><\/div><\/div><\/div>\n<p>Pes\/Mlad\u0161\u00ed dorast<br \/>\nFROZEN BLAZE PEARL OF THE MOON &#8211;&nbsp;VN1, BIS Baby 1<\/p>\n<p>Pes\/Mlad\u00fdch<br \/>\nPIECE OF CAKE LIVOLLY &#8211;&nbsp;V1, JCC, CAJC, BOB, Junior BOB, Klubov\u00fd v\u00ed\u0165az mlad\u00fdch, <strong>BIS 4<\/strong><\/p>\n<p>Suka\/Stredn\u00e1<br \/>\nBRILL PADME DEEP SECRET &#8211;&nbsp;V1, CAC, CC, BOS, Klubov\u00fd v\u00ed\u0165az<\/p>\n<p>Suka\/Otvoren\u00e1<br \/>\nDAPHNE DONUM TIBET &#8211;&nbsp;VD1<\/div><style type=\"text\/css\">.fusion-body .fusion-builder-column-3{width:100% !important;margin-top : 0px;margin-bottom : 0px;}.fusion-builder-column-3 > .fusion-column-wrapper {padding-top : 0px !important;padding-right : 0px !important;margin-right : 0px;padding-bottom : 0px !important;padding-left : 0px !important;margin-left : 0px;}@media only screen and (max-width:1024px) {.fusion-body .fusion-builder-column-3{width:100% !important;}.fusion-builder-column-3 > .fusion-column-wrapper {margin-right : 0px;margin-left : 0px;}}@media only screen and (max-width:640px) {.fusion-body .fusion-builder-column-3{width:100% !important;}.fusion-builder-column-3 > .fusion-column-wrapper {margin-right : 0px;margin-left : 0px;}}<\/style><\/div><\/div><style type=\"text\/css\">.fusion-fullwidth.fusion-builder-row-1 { overflow:visible; }.fusion-body .fusion-flex-container.fusion-builder-row-1{ padding-top : 0px;margin-top : 0px;padding-right : 0px;padding-bottom : 0px;margin-bottom : 0px;padding-left : 0px;}<\/style><\/div>\n","protected":false},"excerpt":{"rendered":"<p>Klubov\u00e1&nbsp;v\u00fdstava 27.05.2017 Chvojnica,&nbsp;rozhodca:&nbsp;Jemelkov\u00e1 Simona<\/p>\n","protected":false},"author":8,"featured_media":0,"parent":0,"menu_order":0,"comment_status":"closed","ping_status":"closed","template":"","meta":{"ngg_post_thumbnail":0},"_links":{"self":[{"href":"https:\/\/ktp-sk.sk\/old\/wp-json\/wp\/v2\/pages\/4871"}],"collection":[{"href":"https:\/\/ktp-sk.sk\/old\/wp-json\/wp\/v2\/pages"}],"about":[{"href":"https:\/\/ktp-sk.sk\/old\/wp-json\/wp\/v2\/types\/page"}],"author":[{"embeddable":true,"href":"https:\/\/ktp-sk.sk\/old\/wp-json\/wp\/v2\/users\/8"}],"replies":[{"embeddable":true,"href":"https:\/\/ktp-sk.sk\/old\/wp-json\/wp\/v2\/comments?post=4871"}],"version-history":[{"count":0,"href":"https:\/\/ktp-sk.sk\/old\/wp-json\/wp\/v2\/pages\/4871\/revisions"}],"wp:attachment":[{"href":"https:\/\/ktp-sk.sk\/old\/wp-json\/wp\/v2\/media?parent=4871"}],"curies":[{"name":"wp","href":"https:\/\/api.w.org\/{rel}","templated":true}]}}