{"id":4991,"date":"2021-12-10T01:33:35","date_gmt":"2021-12-09T23:33:35","guid":{"rendered":"http:\/\/www.ktp-sk.sk\/?page_id=4991"},"modified":"2021-12-10T20:06:24","modified_gmt":"2021-12-10T18:06:24","slug":"steniatka-tibetsky-terier","status":"publish","type":"page","link":"https:\/\/ktp-sk.sk\/old\/steniatka-tibetsky-terier\/","title":{"rendered":"\u0160teniatka Tibetsk\u00fd Teri\u00e9r"},"content":{"rendered":"<div class=\"fusion-fullwidth fullwidth-box fusion-builder-row-1 fusion-flex-container nonhundred-percent-fullwidth non-hundred-percent-height-scrolling\" style=\"background-color: rgba(255,255,255,0);background-position: center center;background-repeat: no-repeat;border-width: 0px 0px 0px 0px;border-color:#eae9e9;border-style:solid;\" ><div class=\"fusion-builder-row fusion-row fusion-flex-align-items-flex-start\" style=\"max-width:998.4px;margin-left: calc(-4% \/ 2 );margin-right: calc(-4% \/ 2 );\"><div class=\"fusion-layout-column fusion_builder_column fusion-builder-column-0 fusion_builder_column_1_1 1_1 fusion-flex-column\"><div class=\"fusion-column-wrapper fusion-flex-justify-content-flex-start fusion-content-layout-column\" style=\"background-position:left top;background-repeat:no-repeat;-webkit-background-size:cover;-moz-background-size:cover;-o-background-size:cover;background-size:cover;padding: 0px 0px 0px 0px;\"><div class=\"fusion-separator fusion-full-width-sep\" style=\"align-self: center;margin-left: auto;margin-right: auto;margin-top:1%;margin-bottom:1%;width:100%;\"><\/div><div class=\"fusion-text fusion-text-1\"><div class=\"gmail-fusion-title gmail-title gmail-fusion-title-size-one\">\n<h2>Aktu\u00e1lne vrhy Tibetsk\u00fdch teri\u00e9rov<\/h2>\n<\/div>\n<div class=\"gmail-fusion-text\">&nbsp;<\/div>\n<p><span dir=\"auto\">09. 12. 2021<\/span><\/p>\n<div dir=\"auto\">\n<div dir=\"auto\">CLAN OF PAULENS &#8211; chovate\u013e Be\u00e1ta Paulenov\u00e1, Dlh\u00e1 30, 903 01 Senec<\/div>\n<div>\n<div dir=\"auto\">tel: +421 911 726 509<\/div>\n<\/div>\n<div>e-mail:<a href=\"mailto:bea.paulenova@gmail.com\" target=\"_blank\" rel=\"noopener\">&nbsp;bea.paulenova@gmail.com<\/a><\/div>\n<div>9.12.2021 sa narodili 3 ps\u00edkovia a 3 su\u010dky.<\/div>\n<div>&nbsp;<\/div>\n<div><img class=\"alignnone size-full wp-image-6768\" src=\"https:\/\/www.ktp-sk.sk\/wp-content\/uploads\/2021\/12\/Paulenova-TT.jpg\" alt=\"\" width=\"1024\" height=\"762\" srcset=\"https:\/\/ktp-sk.sk\/old\/wp-content\/uploads\/2021\/12\/Paulenova-TT-200x149.jpg 200w, https:\/\/ktp-sk.sk\/old\/wp-content\/uploads\/2021\/12\/Paulenova-TT-300x223.jpg 300w, https:\/\/ktp-sk.sk\/old\/wp-content\/uploads\/2021\/12\/Paulenova-TT-400x298.jpg 400w, https:\/\/ktp-sk.sk\/old\/wp-content\/uploads\/2021\/12\/Paulenova-TT-600x446.jpg 600w, https:\/\/ktp-sk.sk\/old\/wp-content\/uploads\/2021\/12\/Paulenova-TT-768x572.jpg 768w, https:\/\/ktp-sk.sk\/old\/wp-content\/uploads\/2021\/12\/Paulenova-TT-800x595.jpg 800w, https:\/\/ktp-sk.sk\/old\/wp-content\/uploads\/2021\/12\/Paulenova-TT.jpg 1024w\" sizes=\"(max-width: 1024px) 100vw, 1024px\" \/><\/div>\n<\/div>\n<\/div><div class=\"fusion-text fusion-text-2\"><div class=\"gmail-fusion-title gmail-title gmail-fusion-title-size-one\">&nbsp;<\/div>\n<p><span dir=\"auto\">18. 8. 2021<\/span><\/p>\n<div dir=\"auto\">Chov: <strong>Khyi-Mi&nbsp;<\/strong><\/div>\n<div dir=\"auto\">Otec: C.I.B. Ch. Khyi-Mi Emchi Lamleh Bagya<\/div>\n<div dir=\"auto\">Matka: C.I.B. Ch. Karma Khyi-Mi Lamleh Hoksa Rex&nbsp;<\/div>\n<div dir=\"auto\">6 ps\u00edkov 2 su\u010dky&nbsp;<\/div>\n<div dir=\"auto\">Kontakt:&nbsp;<a href=\"mailto:khyimi@khyimi.eu\" target=\"_blank\" rel=\"noopener noreferrer\">khyimi@khyimi.eu<\/a>&nbsp;tel: 0905 235 377<\/div>\n<div dir=\"auto\">&nbsp;<\/div>\n<div dir=\"auto\">&nbsp;<\/div>\n<div dir=\"auto\">&nbsp;<\/div>\n<div dir=\"auto\">&nbsp;<\/div>\n<\/div><div class=\"fusion-separator fusion-full-width-sep\" style=\"align-self: center;margin-left: auto;margin-right: auto;margin-top:2%;margin-bottom:2%;width:100%;\"><\/div><div class=\"fusion-section-separator section-separator triangle fusion-section-separator-1\"><div class=\"fusion-section-separator-svg\" style=\"border-top:1px solid #720215;\"><div class=\"section-separator-icon icon fa fa-paw\" style=\"color:#720215;\" aria-hidden=\"true\"><\/div><div class=\"divider-candy-arrow top\" style=\"bottom:0px;border-bottom-color: #f6f6f6;\"><\/div><div class=\"divider-candy top\" style=\"top:-21px;border-bottom:1px solid #720215;border-left:1px solid #720215;\"><\/div><\/div><div class=\"fusion-section-separator-spacer\"><div class=\"fusion-section-separator-spacer-height\" style=\"height:1px;\"><\/div><\/div><style type=\"text\/css\">.fusion-section-separator-1 .fusion-section-separator-svg {margin-left:1.92%;margin-right:1.92%;}@media only screen and (max-width:1024px) {.fusion-section-separator-1 .fusion-section-separator-svg {margin-left:1.92%;margin-right:1.92%;}}@media only screen and (max-width:640px) {.fusion-section-separator-1 .fusion-section-separator-svg {margin-left:1.92%;margin-right:1.92%;}}<\/style><\/div><div class=\"fusion-separator fusion-full-width-sep\" style=\"align-self: center;margin-left: auto;margin-right: auto;margin-top:2%;margin-bottom:2%;width:100%;\"><\/div><div class=\"fusion-text fusion-text-3\"><p>V\u00e1\u017een\u00ed chovatelia, ak m\u00e1te nakryt\u00e9 a chcete zverejni\u0165 pl\u00e1novan\u00fd vrh, po\u0161lite z\u00e1kladn\u00e9 inform\u00e1cie o pl\u00e1novanom vrhu (rasa, otec, matka, &nbsp;predpokladan\u00fd term\u00edn narodenia, va\u0161a webstr\u00e1nka) na adresu poradcy chovu.<br \/>\nAk sa u\u017e \u0161teniatka narodili, k horeuveden\u00fdm inform\u00e1ci\u00e1m pridajte aj po\u010det naroden\u00fdch ps\u00edkov a po\u010det naroden\u00fdch su\u010diek ako aj ich sfarbenie. Inform\u00e1cie bud\u00fa zverejnen\u00e9 do veku \u0161teniatok 6 mesiacov alebo k\u00fdm &nbsp;na adresu poradkyne chovu ned\u00e1te inform\u00e1ciu, \u017ee u\u017e \u0161teniatka nem\u00e1te.<\/p>\n<\/div><\/div><style type=\"text\/css\">.fusion-body .fusion-builder-column-0{width:100% !important;margin-top : 0px;margin-bottom : 20px;}.fusion-builder-column-0 > .fusion-column-wrapper {padding-top : 0px !important;padding-right : 0px !important;margin-right : 1.92%;padding-bottom : 0px !important;padding-left : 0px !important;margin-left : 1.92%;}@media only screen and (max-width:1024px) {.fusion-body .fusion-builder-column-0{width:100% !important;}.fusion-builder-column-0 > .fusion-column-wrapper {margin-right : 1.92%;margin-left : 1.92%;}}@media only screen and (max-width:640px) {.fusion-body .fusion-builder-column-0{width:100% !important;}.fusion-builder-column-0 > .fusion-column-wrapper {margin-right : 1.92%;margin-left : 1.92%;}}<\/style><\/div><\/div><style type=\"text\/css\">.fusion-body .fusion-flex-container.fusion-builder-row-1{ padding-top : 0px;margin-top : 0px;padding-right : 0px;padding-bottom : 0px;margin-bottom : 0px;padding-left : 0px;}<\/style><\/div>\n","protected":false},"excerpt":{"rendered":"","protected":false},"author":8,"featured_media":0,"parent":0,"menu_order":0,"comment_status":"closed","ping_status":"closed","template":"","meta":{"ngg_post_thumbnail":0},"_links":{"self":[{"href":"https:\/\/ktp-sk.sk\/old\/wp-json\/wp\/v2\/pages\/4991"}],"collection":[{"href":"https:\/\/ktp-sk.sk\/old\/wp-json\/wp\/v2\/pages"}],"about":[{"href":"https:\/\/ktp-sk.sk\/old\/wp-json\/wp\/v2\/types\/page"}],"author":[{"embeddable":true,"href":"https:\/\/ktp-sk.sk\/old\/wp-json\/wp\/v2\/users\/8"}],"replies":[{"embeddable":true,"href":"https:\/\/ktp-sk.sk\/old\/wp-json\/wp\/v2\/comments?post=4991"}],"version-history":[{"count":0,"href":"https:\/\/ktp-sk.sk\/old\/wp-json\/wp\/v2\/pages\/4991\/revisions"}],"wp:attachment":[{"href":"https:\/\/ktp-sk.sk\/old\/wp-json\/wp\/v2\/media?parent=4991"}],"curies":[{"name":"wp","href":"https:\/\/api.w.org\/{rel}","templated":true}]}}