{"id":4994,"date":"2021-08-08T01:36:08","date_gmt":"2021-08-07T23:36:08","guid":{"rendered":"http:\/\/www.ktp-sk.sk\/?page_id=4994"},"modified":"2021-08-08T07:37:10","modified_gmt":"2021-08-08T05:37:10","slug":"steniatka-shih-tzu","status":"publish","type":"page","link":"https:\/\/ktp-sk.sk\/old\/steniatka-shih-tzu\/","title":{"rendered":"\u0160teniatka Shih Tzu"},"content":{"rendered":"<div class=\"fusion-fullwidth fullwidth-box fusion-builder-row-1 fusion-flex-container nonhundred-percent-fullwidth non-hundred-percent-height-scrolling\" style=\"background-color: rgba(255,255,255,0);background-position: center center;background-repeat: no-repeat;border-width: 0px 0px 0px 0px;border-color:#eae9e9;border-style:solid;\" ><div class=\"fusion-builder-row fusion-row fusion-flex-align-items-flex-start\" style=\"max-width:998.4px;margin-left: calc(-4% \/ 2 );margin-right: calc(-4% \/ 2 );\"><div class=\"fusion-layout-column fusion_builder_column fusion-builder-column-0 fusion_builder_column_1_1 1_1 fusion-flex-column\"><div class=\"fusion-column-wrapper fusion-flex-justify-content-flex-start fusion-content-layout-column\" style=\"background-position:left top;background-repeat:no-repeat;-webkit-background-size:cover;-moz-background-size:cover;-o-background-size:cover;background-size:cover;padding: 0px 0px 0px 0px;\"><div class=\"fusion-separator fusion-full-width-sep\" style=\"align-self: center;margin-left: auto;margin-right: auto;margin-top:1%;margin-bottom:1%;width:100%;\"><\/div><style type=\"text\/css\">@media only screen and (max-width:1024px) {.fusion-title.fusion-title-1{margin-top:10px!important; margin-right:0px!important;margin-bottom:15px!important;margin-left:0px!important;}}@media only screen and (max-width:640px) {.fusion-title.fusion-title-1{margin-top:10px!important; margin-right:0px!important;margin-bottom:10px!important; margin-left:0px!important;}}<\/style><div class=\"fusion-title title fusion-title-1 fusion-title-text fusion-title-size-one\" style=\"margin-top:10px;margin-right:0px;margin-bottom:15px;margin-left:0px;\"><div class=\"title-sep-container title-sep-container-left fusion-no-large-visibility fusion-no-medium-visibility fusion-no-small-visibility\"><div class=\"title-sep sep-\" style=\"border-color:#E7E6E6;\"><\/div><\/div><span class=\"awb-title-spacer fusion-no-large-visibility fusion-no-medium-visibility fusion-no-small-visibility\"><\/span><h1 class=\"title-heading-left fusion-responsive-typography-calculated\" style=\"margin:0;--fontSize:32;line-height:1.5;\"><h2>Aktu\u00e1lne vrhy Shih-Tzu<\/h2><\/h1><span class=\"awb-title-spacer\"><\/span><div class=\"title-sep-container title-sep-container-right\"><div class=\"title-sep sep-\" style=\"border-color:#E7E6E6;\"><\/div><\/div><\/div><div class=\"fusion-text fusion-text-1\"><div>&nbsp;<\/div>\n<div>\n<div dir=\"ltr\">\n<div class=\"gmail_quote\">\n<div dir=\"auto\">\n<div class=\"gmail_quote\" dir=\"auto\">\n<div dir=\"ltr\">&nbsp;<\/div>\n<\/div>\n<\/div>\n<\/div>\n<\/div>\n<\/div>\n<div class=\"gmail_quote\">\n<div class=\"gmail_attr\" dir=\"ltr\">\n<div>\n<p>CHS Analand<br \/>\nNaroden\u00e9: 21.07.2021<br \/>\nOtec: ICH, Multi CH ENZO Arsamandi<br \/>\nMatka: ICH, Multi CH Florentina Atrei Kirabzer<\/p>\n<div dir=\"auto\">Kontakt: Zuzana \u010euri\u0161ov\u00e1 +421904415262<\/div>\n<div dir=\"auto\">e-mail: <a href=\"mailto:zuzana.durisova1@gmail.com\" target=\"_blank\" rel=\"noopener\">zuzana.durisova1@gmail.com<\/a><\/div>\n<div dir=\"auto\"><a href=\"http:\/\/www.analand.sk\/\" target=\"_blank\" rel=\"noopener\">www.analand.sk<\/a><\/div>\n<div dir=\"auto\"><a href=\"https:\/\/www.ktp-sk.sk\/wp-content\/uploads\/2021\/08\/stenata-shihtzu.jpg\"><img class=\"alignnone size-full wp-image-6565\" src=\"https:\/\/www.ktp-sk.sk\/wp-content\/uploads\/2021\/08\/stenata-shihtzu.jpg\" alt=\"\" width=\"786\" height=\"1197\" srcset=\"https:\/\/ktp-sk.sk\/old\/wp-content\/uploads\/2021\/08\/stenata-shihtzu-197x300.jpg 197w, https:\/\/ktp-sk.sk\/old\/wp-content\/uploads\/2021\/08\/stenata-shihtzu-200x305.jpg 200w, https:\/\/ktp-sk.sk\/old\/wp-content\/uploads\/2021\/08\/stenata-shihtzu-400x609.jpg 400w, https:\/\/ktp-sk.sk\/old\/wp-content\/uploads\/2021\/08\/stenata-shihtzu-600x914.jpg 600w, https:\/\/ktp-sk.sk\/old\/wp-content\/uploads\/2021\/08\/stenata-shihtzu-672x1024.jpg 672w, https:\/\/ktp-sk.sk\/old\/wp-content\/uploads\/2021\/08\/stenata-shihtzu-768x1170.jpg 768w, https:\/\/ktp-sk.sk\/old\/wp-content\/uploads\/2021\/08\/stenata-shihtzu.jpg 786w\" sizes=\"(max-width: 786px) 100vw, 786px\" \/><\/a><\/div>\n<\/div>\n<\/div>\n<\/div>\n<\/div><div class=\"fusion-separator fusion-full-width-sep\" style=\"align-self: center;margin-left: auto;margin-right: auto;margin-top:2%;margin-bottom:2%;width:100%;\"><\/div><div class=\"fusion-section-separator section-separator triangle fusion-section-separator-1\"><div class=\"fusion-section-separator-svg\" style=\"border-top:1px solid #720215;\"><div class=\"section-separator-icon icon fa fa-paw\" style=\"color:#720215;\" aria-hidden=\"true\"><\/div><div class=\"divider-candy-arrow top\" style=\"bottom:0px;border-bottom-color: #f6f6f6;\"><\/div><div class=\"divider-candy top\" style=\"top:-21px;border-bottom:1px solid #720215;border-left:1px solid #720215;\"><\/div><\/div><div class=\"fusion-section-separator-spacer\"><div class=\"fusion-section-separator-spacer-height\" style=\"height:1px;\"><\/div><\/div><style type=\"text\/css\">.fusion-section-separator-1 .fusion-section-separator-svg {margin-left:1.92%;margin-right:1.92%;}@media only screen and (max-width:1024px) {.fusion-section-separator-1 .fusion-section-separator-svg {margin-left:1.92%;margin-right:1.92%;}}@media only screen and (max-width:640px) {.fusion-section-separator-1 .fusion-section-separator-svg {margin-left:1.92%;margin-right:1.92%;}}<\/style><\/div><div class=\"fusion-separator fusion-full-width-sep\" style=\"align-self: center;margin-left: auto;margin-right: auto;margin-top:2%;margin-bottom:2%;width:100%;\"><\/div><div class=\"fusion-text fusion-text-2\"><p>V\u00e1\u017een\u00ed chovatelia, ak m\u00e1te nakryt\u00e9 a chcete zverejni\u0165 pl\u00e1novan\u00fd vrh, po\u0161lite z\u00e1kladn\u00e9 inform\u00e1cie o pl\u00e1novanom vrhu (rasa, otec, matka, &nbsp;predpokladan\u00fd term\u00edn narodenia, va\u0161a webstr\u00e1nka) na adresu poradcu chovu.<br \/>\nAk sa u\u017e \u0161teniatka narodili, k horeuveden\u00fdm inform\u00e1ci\u00e1m pridajte aj po\u010det naroden\u00fdch ps\u00edkov a po\u010det naroden\u00fdch su\u010diek ako aj ich sfarbenie. Inform\u00e1cie bud\u00fa zverejnen\u00e9 do veku \u0161teniatok 6 mesiacov alebo k\u00fdm &nbsp;na adresu poradkyne chovu ned\u00e1te inform\u00e1ciu, \u017ee u\u017e \u0161teniatka nem\u00e1te.<\/p>\n<\/div><\/div><style type=\"text\/css\">.fusion-body .fusion-builder-column-0{width:100% !important;margin-top : 0px;margin-bottom : 20px;}.fusion-builder-column-0 > .fusion-column-wrapper {padding-top : 0px !important;padding-right : 0px !important;margin-right : 1.92%;padding-bottom : 0px !important;padding-left : 0px !important;margin-left : 1.92%;}@media only screen and (max-width:1024px) {.fusion-body .fusion-builder-column-0{width:100% !important;}.fusion-builder-column-0 > .fusion-column-wrapper {margin-right : 1.92%;margin-left : 1.92%;}}@media only screen and (max-width:640px) {.fusion-body .fusion-builder-column-0{width:100% !important;}.fusion-builder-column-0 > .fusion-column-wrapper {margin-right : 1.92%;margin-left : 1.92%;}}<\/style><\/div><\/div><style type=\"text\/css\">.fusion-body .fusion-flex-container.fusion-builder-row-1{ padding-top : 0px;margin-top : 0px;padding-right : 0px;padding-bottom : 0px;margin-bottom : 0px;padding-left : 0px;}<\/style><\/div>\n","protected":false},"excerpt":{"rendered":"","protected":false},"author":8,"featured_media":0,"parent":0,"menu_order":0,"comment_status":"closed","ping_status":"closed","template":"","meta":{"ngg_post_thumbnail":0},"_links":{"self":[{"href":"https:\/\/ktp-sk.sk\/old\/wp-json\/wp\/v2\/pages\/4994"}],"collection":[{"href":"https:\/\/ktp-sk.sk\/old\/wp-json\/wp\/v2\/pages"}],"about":[{"href":"https:\/\/ktp-sk.sk\/old\/wp-json\/wp\/v2\/types\/page"}],"author":[{"embeddable":true,"href":"https:\/\/ktp-sk.sk\/old\/wp-json\/wp\/v2\/users\/8"}],"replies":[{"embeddable":true,"href":"https:\/\/ktp-sk.sk\/old\/wp-json\/wp\/v2\/comments?post=4994"}],"version-history":[{"count":0,"href":"https:\/\/ktp-sk.sk\/old\/wp-json\/wp\/v2\/pages\/4994\/revisions"}],"wp:attachment":[{"href":"https:\/\/ktp-sk.sk\/old\/wp-json\/wp\/v2\/media?parent=4994"}],"curies":[{"name":"wp","href":"https:\/\/api.w.org\/{rel}","templated":true}]}}