{"id":5260,"date":"2018-12-16T11:33:10","date_gmt":"2018-12-16T09:33:10","guid":{"rendered":"http:\/\/www.ktp-sk.sk\/?page_id=5260"},"modified":"2021-09-14T12:37:33","modified_gmt":"2021-09-14T10:37:33","slug":"uchovnene-jedince-lhasa-apso","status":"publish","type":"page","link":"https:\/\/ktp-sk.sk\/old\/uchovnene-jedince-lhasa-apso\/","title":{"rendered":"Uchovnen\u00e9 jedince Lhasa Apso"},"content":{"rendered":"<div class=\"fusion-fullwidth fullwidth-box fusion-builder-row-1 fusion-flex-container nonhundred-percent-fullwidth non-hundred-percent-height-scrolling\" style=\"background-color: rgba(255,255,255,0);background-position: center center;background-repeat: no-repeat;border-width: 0px 0px 0px 0px;border-color:#eae9e9;border-style:solid;\" ><div class=\"fusion-builder-row fusion-row fusion-flex-align-items-flex-start\" style=\"max-width:998.4px;margin-left: calc(-4% \/ 2 );margin-right: calc(-4% \/ 2 );\"><div class=\"fusion-layout-column fusion_builder_column fusion-builder-column-0 fusion_builder_column_1_1 1_1 fusion-flex-column\"><div class=\"fusion-column-wrapper fusion-flex-justify-content-flex-start fusion-content-layout-column\" style=\"background-position:left top;background-repeat:no-repeat;-webkit-background-size:cover;-moz-background-size:cover;-o-background-size:cover;background-size:cover;padding: 0px 0px 0px 0px;\"><div class=\"fusion-text fusion-text-1\"><p>Na podrobn\u00fa prezent\u00e1ciu chovn\u00fdch jedincov na str\u00e1nkach Klubu tibetsk\u00fdch plemien maj\u00fa pr\u00e1vo iba majitelia, ktor\u00ed s\u00fa \u010dlenmi klubu. Tu je zoznam klubom uchovnen\u00fdch jedincov Lhasa Apso, ktor\u00e9 boli v \u010dase uchovnenia zap\u00edsan\u00e9 v Slovenskej plemennej knihe psov (SPKP).&nbsp;<\/p>\n<div>Lhasa Apso &#8211; psy<\/div>\n<div>George Clooney Ivepet<\/div>\n<div>Denny Diamond Ag\u00e1ta Lux<\/div>\n<div>Radically&#8217;s Edgar<\/div>\n<div>Barbados Ivepet<\/div>\n<div>Brunei Ivepet<\/div>\n<div>Candy Cane Ivepet<\/div>\n<div>Dartagnan Ivepet<\/div>\n<div>Michio Ivepet Shiro Sho<\/div>\n<div>Radically&#8217;s Daniel<\/div>\n<div>Xanthus Ivepet<\/div>\n<div>Bahrain Ivepet<\/div>\n<div>Gyelpo Tingri<\/div>\n<div>Philip Gema-Roses<\/div>\n<div>John Terry Sayonara Apso<\/div>\n<div>One In Million Videmiro<\/div>\n<div>Radically&#8217;s Brooklyn<\/div>\n<div>Amor Ivepet Lhamco-Laco<\/div>\n<div>Surahbi Ag\u00e1ta Lux<\/div>\n<div>Yangadoo&#8217;s Xpensive Taste<\/div>\n<div>B&#8217;A-Tho-Wa Tingri<\/div>\n<div>Shadow Moon Ivepet<\/div>\n<div>Yangadoo&#8217;s Rumour Has It<\/div>\n<div>Kenzo Ivepet Lhamco Laco<\/div>\n<div>Quido Ag\u00e1ta Lux<\/div>\n<div>Lexuss Ivepet<\/div>\n<div>Carmin Cascade Z\u00e1mock\u00e1 z\u00e1hrada<\/div>\n<div>Capone Elbrussia<\/div>\n<div>Johnnie Walker Ivepet<\/div>\n<div>Jim Beam Ivepet<\/div>\n<div>Jack Daniel&#8217;s Ivepet<\/div>\n<div>&nbsp;<\/div>\n<div>Lhasa Apso &#8211; suky<br \/>\nGreta Garbo Ivepet<br \/>\nGwyneth Paltrow Ivepet<br \/>\nH\u00e9ra Ivepet<br \/>\nDen-Wa Ag\u00e1ta Lux<br \/>\nShiva Gema-Roses<br \/>\nRadically&#8217;s Dalilah<br \/>\nDen-Wa Ag\u00e1ta Lux<br \/>\nJasmine Village Z\u00e1mock\u00e1 z\u00e1hrada<br \/>\nAjata Ag\u00e1ta Lux<br \/>\nWudi Ag\u00e1ta Lux<br \/>\nRaisa Gema-Roses<br \/>\nGa-Wa Tingri<br \/>\nIda Lhasa Songpo<br \/>\nGrace Vzne\u0161en\u00fd<br \/>\nGreys Vzne\u0161en\u00fd<br \/>\nXanthe Ivepet<br \/>\nWith You Forever Ivepet<br \/>\nSugar Babi Ag\u00e1ta Lux<br \/>\nVanille Ag\u00e1ta Lux<br \/>\nVanesse Ag\u00e1ta Lux<br \/>\nVanda Ivepet<br \/>\nRapsodia Star\u00e1 ba\u0161ta<br \/>\nMoira Gema-Roses<br \/>\nDamayanti Tingri<br \/>\nRevival Ivepet<br \/>\nRadically&#8217;s Amanda<br \/>\nQueen Ag\u00e1ta Lux<br \/>\nPretty Woman Star\u00e1 ba\u0161ta<br \/>\nB&#8217;Agartha Tingri<br \/>\nMaribell Ivepet<\/div>\n<\/div><\/div><style type=\"text\/css\">.fusion-body .fusion-builder-column-0{width:100% !important;margin-top : 0px;margin-bottom : 0px;}.fusion-builder-column-0 > .fusion-column-wrapper {padding-top : 0px !important;padding-right : 0px !important;margin-right : 1.92%;padding-bottom : 0px !important;padding-left : 0px !important;margin-left : 1.92%;}@media only screen and (max-width:1024px) {.fusion-body .fusion-builder-column-0{width:100% !important;}.fusion-builder-column-0 > .fusion-column-wrapper {margin-right : 1.92%;margin-left : 1.92%;}}@media only screen and (max-width:640px) {.fusion-body .fusion-builder-column-0{width:100% !important;}.fusion-builder-column-0 > .fusion-column-wrapper {margin-right : 1.92%;margin-left : 1.92%;}}<\/style><\/div><\/div><style type=\"text\/css\">.fusion-body .fusion-flex-container.fusion-builder-row-1{ padding-top : 0px;margin-top : 0px;padding-right : 0px;padding-bottom : 0px;margin-bottom : 0px;padding-left : 0px;}<\/style><\/div>\n","protected":false},"excerpt":{"rendered":"","protected":false},"author":8,"featured_media":0,"parent":0,"menu_order":0,"comment_status":"closed","ping_status":"closed","template":"","meta":{"ngg_post_thumbnail":0},"_links":{"self":[{"href":"https:\/\/ktp-sk.sk\/old\/wp-json\/wp\/v2\/pages\/5260"}],"collection":[{"href":"https:\/\/ktp-sk.sk\/old\/wp-json\/wp\/v2\/pages"}],"about":[{"href":"https:\/\/ktp-sk.sk\/old\/wp-json\/wp\/v2\/types\/page"}],"author":[{"embeddable":true,"href":"https:\/\/ktp-sk.sk\/old\/wp-json\/wp\/v2\/users\/8"}],"replies":[{"embeddable":true,"href":"https:\/\/ktp-sk.sk\/old\/wp-json\/wp\/v2\/comments?post=5260"}],"version-history":[{"count":0,"href":"https:\/\/ktp-sk.sk\/old\/wp-json\/wp\/v2\/pages\/5260\/revisions"}],"wp:attachment":[{"href":"https:\/\/ktp-sk.sk\/old\/wp-json\/wp\/v2\/media?parent=5260"}],"curies":[{"name":"wp","href":"https:\/\/api.w.org\/{rel}","templated":true}]}}