{"id":5268,"date":"2018-12-16T12:18:53","date_gmt":"2018-12-16T10:18:53","guid":{"rendered":"http:\/\/www.ktp-sk.sk\/?page_id=5268"},"modified":"2021-09-14T12:46:25","modified_gmt":"2021-09-14T10:46:25","slug":"uchovnene-jedince-shih-tzu","status":"publish","type":"page","link":"https:\/\/ktp-sk.sk\/old\/uchovnene-jedince-shih-tzu\/","title":{"rendered":"Uchovnen\u00e9 jedince Shih Tzu"},"content":{"rendered":"<p>Na podrobn\u00fa prezent\u00e1ciu chovn\u00fdch jedincov na str\u00e1nkach Klubu tibetsk\u00fdch plemien maj\u00fa pr\u00e1vo iba majitelia, ktor\u00ed s\u00fa \u010dlenmi klubu. Tu je zoznam klubom uchovnen\u00fdch jedincov Shih Tzu, ktor\u00e9 boli v \u010dase uchovnenia zap\u00edsan\u00e9 v Slovenskej plemennej knihe psov (SPKP).&nbsp;<\/p>\n<div>&nbsp;<\/div>\n<div>Shih Tzu &#8211; psy<\/div>\n<div>Cofi Anyvon z Odersk\u00fdch vrch\u016f<\/div>\n<div>Flash These Lovingeyes<\/div>\n<div>Etheniel These Lovingeyes<\/div>\n<div>Pride Leon Derrik<\/div>\n<div>Sz\u00f6l\u00f6hegyi Bitang\u00fcz\u00f6 Georg<\/div>\n<div>Azrael These lovingeyes<\/div>\n<div>Chesvet Line Image Black Pearls<\/div>\n<div>Mon-Cha-Ra Ag\u00e1ta Lux<\/div>\n<div>Ni-Ani-Atrei Kirabzer<\/div>\n<div>Dexter-Atrei Kirabzer<\/div>\n<div>Solaris Avis Magic Moment<\/div>\n<div>Xan Atrei Kirabzer<\/div>\n<div>Blackberry&#8217;s Mission Completed<\/div>\n<div>Diesel z Tich\u00e9ho podhradia<\/div>\n<div>&nbsp;<\/div>\n<div>Shih tzu &#8211; suky<\/div>\n<div>Diamond Flash Melani Raising Star<\/div>\n<div>Dafne These Lovingeyes<\/div>\n<div>Tu Chu Madam Atrei Kirabzer<\/div>\n<div>Sz\u00f6l\u00f6hegyi Bitang\u00fcz\u00f6 F\u00e9dra<\/div>\n<div>Celest These lovingeyes<\/div>\n<div>Casiopeia These lovingeyes<\/div>\n<div>Penelope Atrei Kirabzer<\/div>\n<div>Cindy Sov\u00ed hn\u00edzdo<\/div>\n<div>Jessica-Atrei Kirabzer<\/div>\n<div>Florentina Atrei Kirabzer<\/div>\n<div>Lolita Atrei Kirabzer<\/div>\n<div>Montana Atrei Kirabzer<\/div>\n<div>Brianny These lovingeyes<\/div>\n<div>Brenda These lovingeyes<\/div>\n<div>Laura Atrei Kirabzer<\/div>\n<div>Rossa Shine Ag\u00e1ta Lux<\/div>\n<div>Bonnie These lovingeyes<\/div>\n<div>Onuris-Atrei Kirabzer<\/div>\n","protected":false},"excerpt":{"rendered":"<p>Na podrobn\u00fa prezent\u00e1ciu chovn\u00fdch jedincov na str\u00e1nkach Klubu tibetsk\u00fdch plemien maj\u00fa pr\u00e1vo iba majitelia, ktor\u00ed s\u00fa \u010dlenmi klubu. Tu je zoznam klubom uchovnen\u00fdch jedincov Shih [&hellip;]<\/p>\n","protected":false},"author":8,"featured_media":0,"parent":0,"menu_order":0,"comment_status":"closed","ping_status":"closed","template":"","meta":{"ngg_post_thumbnail":0},"_links":{"self":[{"href":"https:\/\/ktp-sk.sk\/old\/wp-json\/wp\/v2\/pages\/5268"}],"collection":[{"href":"https:\/\/ktp-sk.sk\/old\/wp-json\/wp\/v2\/pages"}],"about":[{"href":"https:\/\/ktp-sk.sk\/old\/wp-json\/wp\/v2\/types\/page"}],"author":[{"embeddable":true,"href":"https:\/\/ktp-sk.sk\/old\/wp-json\/wp\/v2\/users\/8"}],"replies":[{"embeddable":true,"href":"https:\/\/ktp-sk.sk\/old\/wp-json\/wp\/v2\/comments?post=5268"}],"version-history":[{"count":0,"href":"https:\/\/ktp-sk.sk\/old\/wp-json\/wp\/v2\/pages\/5268\/revisions"}],"wp:attachment":[{"href":"https:\/\/ktp-sk.sk\/old\/wp-json\/wp\/v2\/media?parent=5268"}],"curies":[{"name":"wp","href":"https:\/\/api.w.org\/{rel}","templated":true}]}}