{"id":54,"date":"2021-02-13T03:17:45","date_gmt":"2021-02-13T01:17:45","guid":{"rendered":"http:\/\/37801.w1.wedos.ws\/?page_id=54"},"modified":"2021-02-13T08:47:18","modified_gmt":"2021-02-13T06:47:18","slug":"chovatelske-stanice-lhasa-apso","status":"publish","type":"page","link":"https:\/\/ktp-sk.sk\/old\/chovatelske-stanice-lhasa-apso\/","title":{"rendered":"Chovate\u013esk\u00e9 stanice Lhasa Apso"},"content":{"rendered":"<div class=\"fusion-fullwidth fullwidth-box fusion-builder-row-1 fusion-flex-container nonhundred-percent-fullwidth non-hundred-percent-height-scrolling\" style=\"background-color: rgba(255,255,255,0);background-position: center center;background-repeat: no-repeat;border-width: 0px 0px 0px 0px;border-color:#eae9e9;border-style:solid;\" ><div class=\"fusion-builder-row fusion-row fusion-flex-align-items-flex-start\" style=\"max-width:calc( 960px + 0px );margin-left: calc(-0px \/ 2 );margin-right: calc(-0px \/ 2 );\"><div class=\"fusion-layout-column fusion_builder_column fusion-builder-column-0 fusion_builder_column_1_1 1_1 fusion-flex-column\"><div class=\"fusion-column-wrapper fusion-flex-justify-content-flex-start fusion-content-layout-column\" style=\"background-position:left top;background-repeat:no-repeat;-webkit-background-size:cover;-moz-background-size:cover;-o-background-size:cover;background-size:cover;padding: 0px 0px 0px 0px;\"><div class=\"fusion-text fusion-text-1\"><p><span class=\"gmail-m_-695638323213043951gmail-_5yl5\"><b>FROM PIRANDHORA <\/b>&#8211; chovate\u013eka Ing. Jana Korcov\u00e1, Sl\u00e1vi\u010die \u00fadolie 120B, 811 02 Bratislava, <\/span><span class=\"gmail-m_-695638323213043951gmail-_5yl5\">tel: <a href=\"tel:+421%20905%20226%20395\" target=\"_blank\" rel=\"noopener noreferrer\">+421 905 226 395<\/a>, <\/span>e-mail:<span class=\"gmail-m_-695638323213043951gmail-_5yl5\"><a href=\"mailto:janolino99@yahoo.co.uk\" target=\"_blank\" rel=\"noopener noreferrer\">janolino99@yahoo.co.uk<\/a><\/span><\/p>\n<p><strong><a href=\"http:\/\/www.lhasaapso-ivepet.sk\" target=\"_blank\" rel=\"noopener noreferrer\">IVEPET<\/a> <\/strong>\u2013 chovate\u013e Iveta Petr\u00e1kov\u00e1, ul. Republiky 17, 010 01 \u017dilina, tel : 0903 722 407,<br \/>\nemail: <a href=\"mailto:ivepetlhasa@gmail.com\" target=\"_blank\" rel=\"noopener noreferrer\">ivepetlhasa@gmail.com<\/a><\/p>\n<p><strong><a href=\"http:\/\/www.lhasaapso.sk\" target=\"_blank\" rel=\"noopener noreferrer\">RADICALLY<\/a> <\/strong>\u2013 chovate\u013e Mgr. Radek Bla\u017eo, Doln\u00e1 50, 90051 Zohor, tel.: +421 908 818 308,<br \/>\ne-mail: <a href=\"mailto:radek10@hotmail.com\">radek10@hotmail.com<\/a><\/p>\n<p><strong><a href=\"http:\/\/www.tingri.sk\" target=\"_blank\" rel=\"noopener noreferrer\">TINGRI <\/a><\/strong>\u2013 chovate\u013e Mgr.Zdenka Bajsov\u00e1 a Albert Kr\u00e1lik, Kuku\u010d\u00ednova 1068, 024 01 Kysuck\u00e9 Nov\u00e9 Mesto, tel.: +421 903 519 905,<br \/>\ne-mail: <a href=\"mailto:tingri@npa.sk\">tingri@npa.sk<\/a><\/p>\n<\/div><\/div><style type=\"text\/css\">.fusion-body .fusion-builder-column-0{width:100% !important;margin-top : 0px;margin-bottom : 0px;}.fusion-builder-column-0 > .fusion-column-wrapper {padding-top : 0px !important;padding-right : 0px !important;margin-right : 0px;padding-bottom : 0px !important;padding-left : 0px !important;margin-left : 0px;}@media only screen and (max-width:1024px) {.fusion-body .fusion-builder-column-0{width:100% !important;}.fusion-builder-column-0 > .fusion-column-wrapper {margin-right : 0px;margin-left : 0px;}}@media only screen and (max-width:640px) {.fusion-body .fusion-builder-column-0{width:100% !important;}.fusion-builder-column-0 > .fusion-column-wrapper {margin-right : 0px;margin-left : 0px;}}<\/style><\/div><\/div><style type=\"text\/css\">.fusion-body .fusion-flex-container.fusion-builder-row-1{ padding-top : 0px;margin-top : 0px;padding-right : 0px;padding-bottom : 0px;margin-bottom : 0px;padding-left : 0px;}<\/style><\/div>\n","protected":false},"excerpt":{"rendered":"","protected":false},"author":8,"featured_media":0,"parent":0,"menu_order":0,"comment_status":"open","ping_status":"open","template":"","meta":{"ngg_post_thumbnail":0},"_links":{"self":[{"href":"https:\/\/ktp-sk.sk\/old\/wp-json\/wp\/v2\/pages\/54"}],"collection":[{"href":"https:\/\/ktp-sk.sk\/old\/wp-json\/wp\/v2\/pages"}],"about":[{"href":"https:\/\/ktp-sk.sk\/old\/wp-json\/wp\/v2\/types\/page"}],"author":[{"embeddable":true,"href":"https:\/\/ktp-sk.sk\/old\/wp-json\/wp\/v2\/users\/8"}],"replies":[{"embeddable":true,"href":"https:\/\/ktp-sk.sk\/old\/wp-json\/wp\/v2\/comments?post=54"}],"version-history":[{"count":0,"href":"https:\/\/ktp-sk.sk\/old\/wp-json\/wp\/v2\/pages\/54\/revisions"}],"wp:attachment":[{"href":"https:\/\/ktp-sk.sk\/old\/wp-json\/wp\/v2\/media?parent=54"}],"curies":[{"name":"wp","href":"https:\/\/api.w.org\/{rel}","templated":true}]}}