{"id":5483,"date":"2018-04-19T07:45:16","date_gmt":"2018-04-19T05:45:16","guid":{"rendered":"http:\/\/www.ktp-sk.sk\/?page_id=5483"},"modified":"2020-10-13T12:23:16","modified_gmt":"2020-10-13T10:23:16","slug":"24-3-2018","status":"publish","type":"page","link":"https:\/\/ktp-sk.sk\/old\/24-3-2018\/","title":{"rendered":"24.3.2018"},"content":{"rendered":"<p><div class=\"fusion-fullwidth fullwidth-box fusion-builder-row-1 fusion-flex-container nonhundred-percent-fullwidth non-hundred-percent-height-scrolling\" style=\"background-color: rgba(255,255,255,0);background-position: center center;background-repeat: no-repeat;border-width: 0px 0px 0px 0px;border-color:#eae9e9;border-style:solid;\" ><div class=\"fusion-builder-row fusion-row fusion-flex-align-items-flex-start\" style=\"max-width:calc( 960px + 0px );margin-left: calc(-0px \/ 2 );margin-right: calc(-0px \/ 2 );\"><div class=\"fusion-layout-column fusion_builder_column fusion-builder-column-0 fusion_builder_column_1_1 1_1 fusion-flex-column\"><div class=\"fusion-column-wrapper fusion-flex-justify-content-flex-start fusion-content-layout-column\" style=\"background-position:left top;background-repeat:no-repeat;-webkit-background-size:cover;-moz-background-size:cover;-o-background-size:cover;background-size:cover;padding: 0px 0px 0px 0px;\"><div class=\"fusion-text fusion-text-1\"><p><b>Klubov\u00e1&nbsp;v\u00fdstava 24.03.2018 Bansk\u00e1 Bystrica<\/b>, rozhodca: Viera V\u00edtkov\u00e1<\/p>\n<\/div><\/div><style type=\"text\/css\">.fusion-body .fusion-builder-column-0{width:100% !important;margin-top : 0px;margin-bottom : 0px;}.fusion-builder-column-0 > .fusion-column-wrapper {padding-top : 0px !important;padding-right : 0px !important;margin-right : 0px;padding-bottom : 0px !important;padding-left : 0px !important;margin-left : 0px;}@media only screen and (max-width:1024px) {.fusion-body .fusion-builder-column-0{width:100% !important;}.fusion-builder-column-0 > .fusion-column-wrapper {margin-right : 0px;margin-left : 0px;}}@media only screen and (max-width:640px) {.fusion-body .fusion-builder-column-0{width:100% !important;}.fusion-builder-column-0 > .fusion-column-wrapper {margin-right : 0px;margin-left : 0px;}}<\/style><\/div><\/div><style type=\"text\/css\">.fusion-body .fusion-flex-container.fusion-builder-row-1{ padding-top : 0px;margin-top : 0px;padding-right : 0px;padding-bottom : 0px;margin-bottom : 0px;padding-left : 0px;}<\/style><\/div><div class=\"fusion-fullwidth fullwidth-box fusion-builder-row-2 fusion-flex-container hundred-percent-fullwidth non-hundred-percent-height-scrolling\" style=\"background-color: rgba(255,255,255,0);background-position: center center;background-repeat: no-repeat;border-width: 0px 0px 0px 0px;border-color:#eae9e9;border-style:solid;\" ><div class=\"fusion-builder-row fusion-row fusion-flex-align-items-flex-start\" style=\"width:calc( 100% + 0px ) !important;max-width:calc( 100% + 0px ) !important;margin-left: calc(-0px \/ 2 );margin-right: calc(-0px \/ 2 );\"><div class=\"fusion-layout-column fusion_builder_column fusion-builder-column-1 fusion_builder_column_1_1 1_1 fusion-flex-column fusion-flex-align-self-flex-start fusion-column-no-min-height\"><div class=\"fusion-column-wrapper fusion-flex-justify-content-flex-start fusion-content-layout-column\" style=\"background-position:left top;background-repeat:no-repeat;-webkit-background-size:cover;-moz-background-size:cover;-o-background-size:cover;background-size:cover;padding: 0px 0px 0px 0px;\"><style type=\"text\/css\">@media only screen and (max-width:1024px) {.fusion-title.fusion-title-1{margin-top:10px!important; margin-right:0px!important;margin-bottom:15px!important;margin-left:0px!important;}}@media only screen and (max-width:640px) {.fusion-title.fusion-title-1{margin-top:10px!important; margin-right:0px!important;margin-bottom:10px!important; margin-left:0px!important;}}<\/style><div class=\"fusion-title title fusion-title-1 fusion-title-text fusion-title-size-two\" style=\"margin-top:10px;margin-right:0px;margin-bottom:15px;margin-left:0px;\"><div class=\"title-sep-container title-sep-container-left fusion-no-large-visibility fusion-no-medium-visibility fusion-no-small-visibility\"><div class=\"title-sep sep-\" style=\"border-color:#E7E6E6;\"><\/div><\/div><span class=\"awb-title-spacer fusion-no-large-visibility fusion-no-medium-visibility fusion-no-small-visibility\"><\/span><h2 class=\"title-heading-left fusion-responsive-typography-calculated\" style=\"margin:0;--fontSize:18;--minFontSize:18px;line-height:1.5;\"><span style=\"color: #8c0a2f;\"><strong>LHASA APSO<\/strong><\/span><\/h2><span class=\"awb-title-spacer\"><\/span><div class=\"title-sep-container title-sep-container-right\"><div class=\"title-sep sep-\" style=\"border-color:#E7E6E6;\"><\/div><\/div><\/div><div class=\"fusion-text fusion-text-2\"><p>Pes\/Mlad\u0161\u00ed dorast<br \/>\nBEAR MY BANE FROM PIRANDHORA \u2013 VN1<br \/>\nBONO THE BATMAN FROM PIRANDHORA \u2013 VN2<\/p>\n<p>Pes\/Mlad\u00fdch<br \/>\nRADICALLY\u00b4S EDGAR &#8211; V1, CAJC, JCC, <strong>Junior BOB, Klubov\u00fd v\u00ed\u0165az mlad\u00fdch<\/strong><br \/>\nESHWAR AG\u00c1TA LUX \u2013 VD2<\/p>\n<p>Pes\/Stredn\u00e1<br \/>\nDENNY DIAMOND AG\u00c1TA LUX &#8211; VD1<\/p>\n<p>Pes\/Otvoren\u00e1<br \/>\nCHETHANG STORM &#8211; V1, CAC, BOB, <strong>BIS1<\/strong><\/p>\n<p>Pes\/\u0160ampi\u00f3nov<br \/>\nPHILIP GEMA-ROSES \u2013 V1, BEZ TITULU<\/p>\n<p>Suka\/Mlad\u0161\u00ed dorast<br \/>\nUTTARA GEMA-ROSES \u2013 VN1<br \/>\nBEAUTIFUL BAD GIRL FROM PIRANDHORA \u2013 VN2<br \/>\nGU-LIN AG\u00c1TA LUX \u2013 N<\/p>\n<p>Suka\/Dorast<br \/>\nISABEL JOY DAR TIBETU \u2013 VN1<\/p>\n<p>Suka\/Mlad\u00fdch<br \/>\nFOREVER FUNNY DAR TIBETU &#8211; V1, CAJC, JCC, Klubov\u00fd v\u00ed\u0165az mlad\u00fdch<br \/>\nDEN-WA AG\u00c1TA LUX \u2013 V2&nbsp;<\/p>\n<p>Suka\/Stredn\u00e1<br \/>\nSAYONARA APSO I WANNA BE YOUR JOY &#8211; V1, CAC, CC<\/p>\n<p>Suka\/Otvoren\u00e1<br \/>\nRADICALLY\u00b4S DALILAH &#8211; V1, CAC, CC<br \/>\nSHIVA GEMA-ROSES &#8211; V2, Res.CAC<br \/>\nAJATA AGATA LUX \u2013 VD3<br \/>\nSIX STARS IRON LADY \u2013 VD4<\/p>\n<p>Suka\/\u0160ampi\u00f3nov<br \/>\nSAYONARA APSO SWEET&#8217;N&#8217;SPICY &#8211; V1, CAC, CC, BOS, Klubov\u00fd v\u00ed\u0165az<br \/>\nWITH YOU FOREVER IVEPET &#8211; V2, Res.CAC<\/p>\n<p>Suka\/\u010cestn\u00e1<br \/>\nMOIRA GEMA-ROSES \u2013 V1<\/p>\n<\/div><\/div><style type=\"text\/css\">.fusion-body .fusion-builder-column-1{width:100% !important;margin-top : 0px;margin-bottom : 0px;}.fusion-builder-column-1 > .fusion-column-wrapper {padding-top : 0px !important;padding-right : 0px !important;margin-right : 0px;padding-bottom : 0px !important;padding-left : 0px !important;margin-left : 0px;}@media only screen and (max-width:1024px) {.fusion-body .fusion-builder-column-1{width:100% !important;}.fusion-builder-column-1 > .fusion-column-wrapper {margin-right : 0px;margin-left : 0px;}}@media only screen and (max-width:640px) {.fusion-body .fusion-builder-column-1{width:100% !important;}.fusion-builder-column-1 > .fusion-column-wrapper {margin-right : 0px;margin-left : 0px;}}<\/style><\/div><div class=\"fusion-layout-column fusion_builder_column fusion-builder-column-2 fusion_builder_column_1_1 1_1 fusion-flex-column fusion-flex-align-self-flex-start fusion-column-no-min-height\"><div class=\"fusion-column-wrapper fusion-flex-justify-content-flex-start fusion-content-layout-column\" style=\"background-position:left top;background-repeat:no-repeat;-webkit-background-size:cover;-moz-background-size:cover;-o-background-size:cover;background-size:cover;padding: 0px 0px 0px 0px;\"><style type=\"text\/css\">@media only screen and (max-width:1024px) {.fusion-title.fusion-title-2{margin-top:10px!important; margin-right:0px!important;margin-bottom:15px!important;margin-left:0px!important;}}@media only screen and (max-width:640px) {.fusion-title.fusion-title-2{margin-top:10px!important; margin-right:0px!important;margin-bottom:10px!important; margin-left:0px!important;}}<\/style><div class=\"fusion-title title fusion-title-2 fusion-title-text fusion-title-size-two\" style=\"margin-top:10px;margin-right:0px;margin-bottom:15px;margin-left:0px;\"><div class=\"title-sep-container title-sep-container-left fusion-no-large-visibility fusion-no-medium-visibility fusion-no-small-visibility\"><div class=\"title-sep sep-\" style=\"border-color:#E7E6E6;\"><\/div><\/div><span class=\"awb-title-spacer fusion-no-large-visibility fusion-no-medium-visibility fusion-no-small-visibility\"><\/span><h2 class=\"title-heading-left fusion-responsive-typography-calculated\" style=\"margin:0;--fontSize:18;--minFontSize:18px;line-height:1.5;\"><span style=\"color: #8c0a2f;\"><strong>SHIH-TZU<\/strong><\/span><\/h2><span class=\"awb-title-spacer\"><\/span><div class=\"title-sep-container title-sep-container-right\"><div class=\"title-sep sep-\" style=\"border-color:#E7E6E6;\"><\/div><\/div><\/div><div class=\"fusion-text fusion-text-3\"><p>Pes\/Mlad\u0161\u00ed dorast<br \/>\nTANTALOS ATREI KIRABZER \u2013 VN1<\/p>\n<p>Pes\/Dorastu<br \/>\nFLASH THESE LOVINGEYES \u2013 VN1<br \/>\nXITTO Z TARGENU \u2013 nenast\u00fapil<\/p>\n<p>Pes\/Mlad\u00fdch<br \/>\nGOLDEN FISH KARDINAL &#8211; V1,CAJC, JCC, Klubov\u00fd v\u00ed\u0165az mlad\u00fdch<\/p>\n<p>Pes\/Stredn\u00e1<br \/>\nMAGNOLIA GARDENS LUCKY LIONHEART &#8211; V1, CAC, CC , BOS, Klubov\u00fd v\u00ed\u0165az<\/p>\n<p>Pes\/Otvoren\u00e1<br \/>\nENRICO HIRAGANA &#8211; V1, CAC, CC<br \/>\nA\u00b4MASHIRO JUSTIRAG &#8211; VD2<\/p>\n<p>Pes\/\u0160ampi\u00f3nov<br \/>\nB.G.PERSY JUSTIRAG &#8211; V1, CAC, CC<br \/>\nIKASHI ATREI KIRABZER &#8211; V2, Res.CAC<\/p>\n<p>Pes\/\u010cestn\u00e1<br \/>\nBENTLEY JUNIOR HIRAGANA \u2013 V1, BIS honour class<\/p>\n<p>Suka\/Mlad\u0161\u00ed dorast<br \/>\nKA\u010cENKA HIRAGANA &#8211; VN1, BIS minor puppy<\/p>\n<p>Suka\/Dorast<br \/>\nFREYA THESE LOVINGEYES &#8211; VN1<\/p>\n<p>Suka\/Mlad\u00fdch<br \/>\nSUNSHINE OF BUCOVINA GOLDEN BUTTERCUP &#8211; V1, CAJC, JCC, BOB, Junior BOB, Klubov\u00fd v\u00ed\u0165az mlad\u00fdch, <strong>BIS Junior, BIS3<\/strong><br \/>\nCHARLOTTE CHLOE HIRAGANA &#8211; V2<br \/>\nDIANA JIPE BOHEMIA &#8211; V3<\/p>\n<p>Suka\/Stredn\u00e1<br \/>\nDIAMOND FLASH MELANI RAISING STAR &#8211; V1, CAC, CC<\/p>\n<p>Suka\/Otvoren\u00e1<br \/>\nDAFNE THESE LOVINGEYES &#8211; VD1<\/p>\n<p>Suka\/\u0160ampi\u00f3nov<br \/>\nURGENCE Z IVAFRE &#8211; V1, CAC, CC, Klubov\u00fd v\u00ed\u0165az<br \/>\nFLORENTINA ATREI KIRABZER &#8211; V2, Res.CAC<br \/>\nRED WHITE BEAUTY Z KOJCA COLI &#8211; V3<\/p>\n<\/div><\/div><style type=\"text\/css\">.fusion-body .fusion-builder-column-2{width:100% !important;margin-top : 0px;margin-bottom : 0px;}.fusion-builder-column-2 > .fusion-column-wrapper {padding-top : 0px !important;padding-right : 0px !important;margin-right : 0px;padding-bottom : 0px !important;padding-left : 0px !important;margin-left : 0px;}@media only screen and (max-width:1024px) {.fusion-body .fusion-builder-column-2{width:100% !important;}.fusion-builder-column-2 > .fusion-column-wrapper {margin-right : 0px;margin-left : 0px;}}@media only screen and (max-width:640px) {.fusion-body .fusion-builder-column-2{width:100% !important;}.fusion-builder-column-2 > .fusion-column-wrapper {margin-right : 0px;margin-left : 0px;}}<\/style><\/div><div class=\"fusion-layout-column fusion_builder_column fusion-builder-column-3 fusion_builder_column_1_1 1_1 fusion-flex-column fusion-flex-align-self-flex-start fusion-column-no-min-height\"><div class=\"fusion-column-wrapper fusion-flex-justify-content-flex-start fusion-content-layout-column\" style=\"background-position:left top;background-repeat:no-repeat;-webkit-background-size:cover;-moz-background-size:cover;-o-background-size:cover;background-size:cover;padding: 0px 0px 0px 0px;\"><style type=\"text\/css\">@media only screen and (max-width:1024px) {.fusion-title.fusion-title-3{margin-top:10px!important; margin-right:0px!important;margin-bottom:15px!important;margin-left:0px!important;}}@media only screen and (max-width:640px) {.fusion-title.fusion-title-3{margin-top:10px!important; margin-right:0px!important;margin-bottom:10px!important; margin-left:0px!important;}}<\/style><div class=\"fusion-title title fusion-title-3 fusion-title-text fusion-title-size-two\" style=\"margin-top:10px;margin-right:0px;margin-bottom:15px;margin-left:0px;\"><div class=\"title-sep-container title-sep-container-left fusion-no-large-visibility fusion-no-medium-visibility fusion-no-small-visibility\"><div class=\"title-sep sep-\" style=\"border-color:#E7E6E6;\"><\/div><\/div><span class=\"awb-title-spacer fusion-no-large-visibility fusion-no-medium-visibility fusion-no-small-visibility\"><\/span><h2 class=\"title-heading-left fusion-responsive-typography-calculated\" style=\"margin:0;--fontSize:18;--minFontSize:18px;line-height:1.5;\"><span style=\"color: #8c0a2f;\"><strong>TIBETAN TERRIER<\/strong><\/span><\/h2><span class=\"awb-title-spacer\"><\/span><div class=\"title-sep-container title-sep-container-right\"><div class=\"title-sep sep-\" style=\"border-color:#E7E6E6;\"><\/div><\/div><\/div><div class=\"fusion-text fusion-text-4\"><p>Pes\/Mlad\u00fdch<br \/>\nCHI-PHI TINGRI &#8211; V1, CAJC, JCC, Junior BOB, Klubov\u00fd v\u00ed\u0165az mlad\u00fdch<\/p>\n<p>Pes\/Otvoren\u00e1<br \/>\nA HEARTBREAKER ERBOSEDITION &#8211; VD1<\/p>\n<p>Pes\/\u0160ampi\u00f3nov<br \/>\nART OF LIFE ERBOSEDITION &#8211; V1, CAC, CC, BOB, Klubov\u00fd v\u00ed\u0165az,<strong> BIS2<\/strong><\/p>\n<p>Suka\/Mlad\u00fdch<br \/>\nKARMA KHYI-MI LAMLEH HOKSA REX &#8211; V1, CAJC, JCC, BOS, Klubov\u00fd v\u00ed\u0165az mlad\u00fdch<\/p>\n<p>Suka\/\u0160ampi\u00f3nov<br \/>\nA DESERT ROSE ERBOSEDITION &#8211; V1, CAC, CC, Klubov\u00fd v\u00ed\u0165az<\/p>\n<\/div><\/div><style type=\"text\/css\">.fusion-body .fusion-builder-column-3{width:100% !important;margin-top : 0px;margin-bottom : 0px;}.fusion-builder-column-3 > .fusion-column-wrapper {padding-top : 0px !important;padding-right : 0px !important;margin-right : 0px;padding-bottom : 0px !important;padding-left : 0px !important;margin-left : 0px;}@media only screen and (max-width:1024px) {.fusion-body .fusion-builder-column-3{width:100% !important;}.fusion-builder-column-3 > .fusion-column-wrapper {margin-right : 0px;margin-left : 0px;}}@media only screen and (max-width:640px) {.fusion-body .fusion-builder-column-3{width:100% !important;}.fusion-builder-column-3 > .fusion-column-wrapper {margin-right : 0px;margin-left : 0px;}}<\/style><\/div><div class=\"fusion-layout-column fusion_builder_column fusion-builder-column-4 fusion_builder_column_1_1 1_1 fusion-flex-column fusion-flex-align-self-flex-start fusion-column-no-min-height\"><div class=\"fusion-column-wrapper fusion-flex-justify-content-flex-start fusion-content-layout-column\" style=\"background-position:left top;background-repeat:no-repeat;-webkit-background-size:cover;-moz-background-size:cover;-o-background-size:cover;background-size:cover;padding: 0px 0px 0px 0px;\"><style type=\"text\/css\">@media only screen and (max-width:1024px) {.fusion-title.fusion-title-4{margin-top:10px!important; margin-right:0px!important;margin-bottom:15px!important;margin-left:0px!important;}}@media only screen and (max-width:640px) {.fusion-title.fusion-title-4{margin-top:10px!important; margin-right:0px!important;margin-bottom:10px!important; margin-left:0px!important;}}<\/style><div class=\"fusion-title title fusion-title-4 fusion-title-text fusion-title-size-two\" style=\"margin-top:10px;margin-right:0px;margin-bottom:15px;margin-left:0px;\"><div class=\"title-sep-container title-sep-container-left fusion-no-large-visibility fusion-no-medium-visibility fusion-no-small-visibility\"><div class=\"title-sep sep-\" style=\"border-color:#E7E6E6;\"><\/div><\/div><span class=\"awb-title-spacer fusion-no-large-visibility fusion-no-medium-visibility fusion-no-small-visibility\"><\/span><h2 class=\"title-heading-left fusion-responsive-typography-calculated\" style=\"margin:0;--fontSize:18;--minFontSize:18px;line-height:1.5;\"><span style=\"color: #8c0a2f;\"><strong>TIBETAN SPANIEL<\/strong><\/span><\/h2><span class=\"awb-title-spacer\"><\/span><div class=\"title-sep-container title-sep-container-right\"><div class=\"title-sep sep-\" style=\"border-color:#E7E6E6;\"><\/div><\/div><\/div><div class=\"fusion-text fusion-text-5\"><p>Pes\/Mlad\u00fdch<br \/>\nCATCH ME IF YOU CAN LIVOLLY &#8211; V1, CAJC, BOB, Junior BOB, <strong>BIS4<\/strong><\/p>\n<p>Pes\/Otvoren\u00e1<br \/>\nPIECE OF CAKE LIVOLLY &#8211; VD1<\/p>\n<p>Suka\/Dorast<br \/>\nPUNDARIKA HARI SHAKTI &#8211; VN1, <strong>BIS Puppy<\/strong><\/p>\n<p>Suka\/Otvoren\u00e1<br \/>\nKIIRAMANNA MISS FINLAND &#8211; VD1<\/p>\n<p>Suka\/\u0160ampi\u00f3nov<br \/>\nBRILL PADME DEEP SECRET &#8211; V1, CAC, CC, BOS, Klubov\u00fd v\u00ed\u0165az<\/p>\n<p>Suka\/Veter\u00e1nov<br \/>\nDIRKE ZLOTA WOLNOSC &#8211; V1, <strong>BIS Veteran <\/strong><\/p>\n<\/div><\/div><style type=\"text\/css\">.fusion-body .fusion-builder-column-4{width:100% !important;margin-top : 0px;margin-bottom : 0px;}.fusion-builder-column-4 > .fusion-column-wrapper {padding-top : 0px !important;padding-right : 0px !important;margin-right : 0px;padding-bottom : 0px !important;padding-left : 0px !important;margin-left : 0px;}@media only screen and (max-width:1024px) {.fusion-body .fusion-builder-column-4{width:100% !important;}.fusion-builder-column-4 > .fusion-column-wrapper {margin-right : 0px;margin-left : 0px;}}@media only screen and (max-width:640px) {.fusion-body .fusion-builder-column-4{width:100% !important;}.fusion-builder-column-4 > .fusion-column-wrapper {margin-right : 0px;margin-left : 0px;}}<\/style><\/div><\/div><style type=\"text\/css\">.fusion-fullwidth.fusion-builder-row-2 { overflow:visible; }.fusion-body .fusion-flex-container.fusion-builder-row-2{ padding-top : 0px;margin-top : 0px;padding-right : 0px;padding-bottom : 0px;margin-bottom : 0px;padding-left : 0px;}<\/style><\/div><\/p>\n","protected":false},"excerpt":{"rendered":"","protected":false},"author":8,"featured_media":0,"parent":0,"menu_order":0,"comment_status":"closed","ping_status":"closed","template":"","meta":{"ngg_post_thumbnail":0},"_links":{"self":[{"href":"https:\/\/ktp-sk.sk\/old\/wp-json\/wp\/v2\/pages\/5483"}],"collection":[{"href":"https:\/\/ktp-sk.sk\/old\/wp-json\/wp\/v2\/pages"}],"about":[{"href":"https:\/\/ktp-sk.sk\/old\/wp-json\/wp\/v2\/types\/page"}],"author":[{"embeddable":true,"href":"https:\/\/ktp-sk.sk\/old\/wp-json\/wp\/v2\/users\/8"}],"replies":[{"embeddable":true,"href":"https:\/\/ktp-sk.sk\/old\/wp-json\/wp\/v2\/comments?post=5483"}],"version-history":[{"count":0,"href":"https:\/\/ktp-sk.sk\/old\/wp-json\/wp\/v2\/pages\/5483\/revisions"}],"wp:attachment":[{"href":"https:\/\/ktp-sk.sk\/old\/wp-json\/wp\/v2\/media?parent=5483"}],"curies":[{"name":"wp","href":"https:\/\/api.w.org\/{rel}","templated":true}]}}