{"id":5605,"date":"2018-11-03T22:37:26","date_gmt":"2018-11-03T20:37:26","guid":{"rendered":"http:\/\/www.ktp-sk.sk\/?page_id=5605"},"modified":"2020-10-13T12:23:15","modified_gmt":"2020-10-13T10:23:15","slug":"21-10-2018","status":"publish","type":"page","link":"https:\/\/ktp-sk.sk\/old\/21-10-2018\/","title":{"rendered":"21.10.2018"},"content":{"rendered":"<div class=\"fusion-fullwidth fullwidth-box fusion-builder-row-1 fusion-flex-container nonhundred-percent-fullwidth non-hundred-percent-height-scrolling\" style=\"background-color: rgba(255,255,255,0);background-position: center center;background-repeat: no-repeat;border-width: 0px 0px 0px 0px;border-color:#eae9e9;border-style:solid;\" ><div class=\"fusion-builder-row fusion-row fusion-flex-align-items-flex-start\" style=\"max-width:calc( 960px + 0px );margin-left: calc(-0px \/ 2 );margin-right: calc(-0px \/ 2 );\"><div class=\"fusion-layout-column fusion_builder_column fusion-builder-column-0 fusion_builder_column_1_1 1_1 fusion-flex-column\"><div class=\"fusion-column-wrapper fusion-flex-justify-content-flex-start fusion-content-layout-column\" style=\"background-position:left top;background-repeat:no-repeat;-webkit-background-size:cover;-moz-background-size:cover;-o-background-size:cover;background-size:cover;padding: 0px 0px 0px 0px;\"><div class=\"fusion-text fusion-text-1\"><p><b>\u0160peci\u00e1lna v\u00fdstava 21.10.2018 Pie\u0161\u0165any<\/b>, rozhodca: Gabriela Ridar\u010d\u00edkov\u00e1<span class=\"Apple-converted-space\">&nbsp;<\/span><\/p>\n<h3>&nbsp;<\/h3>\n<\/div><style type=\"text\/css\">@media only screen and (max-width:1024px) {.fusion-title.fusion-title-1{margin-top:10px!important; margin-right:0px!important;margin-bottom:15px!important;margin-left:0px!important;}}@media only screen and (max-width:640px) {.fusion-title.fusion-title-1{margin-top:10px!important; margin-right:0px!important;margin-bottom:10px!important; margin-left:0px!important;}}<\/style><div class=\"fusion-title title fusion-title-1 fusion-title-text fusion-title-size-one\" style=\"margin-top:10px;margin-right:0px;margin-bottom:15px;margin-left:0px;\"><div class=\"title-sep-container title-sep-container-left fusion-no-large-visibility fusion-no-medium-visibility fusion-no-small-visibility\"><div class=\"title-sep sep-\" style=\"border-color:#E7E6E6;\"><\/div><\/div><span class=\"awb-title-spacer fusion-no-large-visibility fusion-no-medium-visibility fusion-no-small-visibility\"><\/span><h1 class=\"title-heading-left fusion-responsive-typography-calculated\" style=\"margin:0;--fontSize:32;line-height:1.5;\"><h3><strong>LHASA APSO<\/strong><\/h3><\/h1><span class=\"awb-title-spacer\"><\/span><div class=\"title-sep-container title-sep-container-right\"><div class=\"title-sep sep-\" style=\"border-color:#E7E6E6;\"><\/div><\/div><\/div><div class=\"fusion-text fusion-text-2\"><p><b><\/b><b><\/b><b>Pes\/Mlad\u0161\u00ed dorast<span class=\"Apple-converted-space\">&nbsp;<br \/>\n<\/span><\/b>ARMANI IVEPET LATGATE \u2013 VN1, BIS dorast<span class=\"Apple-converted-space\">&nbsp;<\/span><\/p>\n<p><b>Pes\/Mlad\u00fdch<span class=\"Apple-converted-space\">&nbsp;<br \/>\n<\/span><\/b>BEAR MY BANE FROM PIRANDHORA \u2013 VD2<span class=\"Apple-converted-space\">&nbsp;<br \/>\n<\/span>UTAR GEMA-ROSES \u2013 V1, CAJC, JCC, V\u0160VM, JBOB<span class=\"Apple-converted-space\">&nbsp;<\/span><\/p>\n<p><b>Pes\/Stredn\u00e1<span class=\"Apple-converted-space\">&nbsp;<br \/>\n<\/span><\/b>GEORGE CLOONEY IVEPET \u2013 V1, CAC, CC<span class=\"Apple-converted-space\">&nbsp;<\/span><\/p>\n<p><b>Pes\/Otvoren\u00e1<span class=\"Apple-converted-space\">&nbsp;<br \/>\n<\/span><\/b>DARTAGNAN IVEPET \u2013 V1, CAC, CC<span class=\"Apple-converted-space\">&nbsp;<\/span><\/p>\n<p><b>Pes\/\u0160ampi\u00f3nov<span class=\"Apple-converted-space\">&nbsp;<br \/>\n<\/span><\/b>CHETHANG STORM \u2013 V1, CAC, CC, V\u0160V, BOB, BIS 1<span class=\"Apple-converted-space\">&nbsp;<\/span><\/p>\n<p><b>Suka\/Mlad\u0161\u00ed dorast<span class=\"Apple-converted-space\">&nbsp;<br \/>\n<\/span><\/b>RADICALLY\u00b4S FEMME FATALE \u2013 VN1, BIS mlad\u0161\u00ed dorast<span class=\"Apple-converted-space\">&nbsp;<\/span><\/p>\n<p><b>Suka\/Dorast<span class=\"Apple-converted-space\">&nbsp;<br \/>\n<\/span><\/b>HITA AGATA LUX \u2013 VN1<span class=\"Apple-converted-space\">&nbsp;<\/span><\/p>\n<p><b>Suka\/Mlad\u00fdch<span class=\"Apple-converted-space\">&nbsp;<br \/>\n<\/span><\/b>BEAUTIFUL BAD GIRL FROM PIRANDHORA \u2013 nepos\u00faden\u00e1<span class=\"Apple-converted-space\">&nbsp;<br \/>\n<\/span>H\u00c9RA IVEPET \u2013 V1, CAJC, JCC, V\u0160VM<span class=\"Apple-converted-space\">&nbsp;<\/span><\/p>\n<p><b>Suka\/Stredn\u00e1<span class=\"Apple-converted-space\">&nbsp;<br \/>\n<\/span><\/b>GRETA GARBO IVEPET &#8211; V1, CAC, CC<span class=\"Apple-converted-space\">&nbsp;<\/span><\/p>\n<p><b>Suka\/Otvoren\u00e1<span class=\"Apple-converted-space\">&nbsp;<br \/>\n<\/span><\/b>GWYNETH PALTROW IVEPET &#8211; V2, Res.CAC<span class=\"Apple-converted-space\">&nbsp;<br \/>\n<\/span>SHIVA GEMA-ROSES &#8211; V1, CAC, CC<span class=\"Apple-converted-space\">&nbsp;<\/span><\/p>\n<p><b>Suka\/\u0160ampi\u00f3nov<span class=\"Apple-converted-space\">&nbsp;<br \/>\n<\/span><\/b>WITH YOU FOREVER IVEPET &#8211; V1, CAC, CC, V\u0160V, BOS<span class=\"Apple-converted-space\">&nbsp;<\/span><\/p>\n<p>&nbsp;<\/p>\n<\/div><style type=\"text\/css\">@media only screen and (max-width:1024px) {.fusion-title.fusion-title-2{margin-top:10px!important; margin-right:0px!important;margin-bottom:15px!important;margin-left:0px!important;}}@media only screen and (max-width:640px) {.fusion-title.fusion-title-2{margin-top:10px!important; margin-right:0px!important;margin-bottom:10px!important; margin-left:0px!important;}}<\/style><div class=\"fusion-title title fusion-title-2 fusion-title-text fusion-title-size-one\" style=\"margin-top:10px;margin-right:0px;margin-bottom:15px;margin-left:0px;\"><div class=\"title-sep-container title-sep-container-left fusion-no-large-visibility fusion-no-medium-visibility fusion-no-small-visibility\"><div class=\"title-sep sep-\" style=\"border-color:#E7E6E6;\"><\/div><\/div><span class=\"awb-title-spacer fusion-no-large-visibility fusion-no-medium-visibility fusion-no-small-visibility\"><\/span><h1 class=\"title-heading-left fusion-responsive-typography-calculated\" style=\"margin:0;--fontSize:32;line-height:1.5;\"><h3><b>SHIH-TZU<span class=\"Apple-converted-space\">&nbsp;<\/span><\/b><\/h3><\/h1><span class=\"awb-title-spacer\"><\/span><div class=\"title-sep-container title-sep-container-right\"><div class=\"title-sep sep-\" style=\"border-color:#E7E6E6;\"><\/div><\/div><\/div><div class=\"fusion-text fusion-text-3\"><p><b>Pes\/Dorast<span class=\"Apple-converted-space\">&nbsp;<br \/>\n<\/span><\/b>XAWIER ATREI KIRABZER \u2013 VN1<span class=\"Apple-converted-space\">&nbsp;<\/span><\/p>\n<p><b>Pes\/Mlad\u00fdch<span class=\"Apple-converted-space\">&nbsp;<br \/>\n<\/span><\/b>BONDY ATREI KIRABZER \u2013 V3<span class=\"Apple-converted-space\">&nbsp;<br \/>\n<\/span>FLASH THESE LOVINGEYES \u2013 V2<span class=\"Apple-converted-space\">&nbsp;<br \/>\n<\/span>JOE BLACK HIRAGANA &#8211; V1, CAJC, JCC, V\u0160VM<span class=\"Apple-converted-space\">&nbsp;<\/span><\/p>\n<p><b>Pes\/Stredn\u00e1<span class=\"Apple-converted-space\">&nbsp;<br \/>\n<\/span><\/b>ETHENIEL THESE LOVINGEYES &#8211; VD<span class=\"Apple-converted-space\">&nbsp;<\/span><\/p>\n<p><b>Pes\/Otvoren\u00e1<span class=\"Apple-converted-space\">&nbsp;<br \/>\n<\/span><\/b>COFI ANYVON Z ODERSK\u00ddCH VRCHU &#8211; V1, bez titulu<span class=\"Apple-converted-space\">&nbsp;<\/span><\/p>\n<p><b>Pes\/\u0160ampi\u00f3nov<span class=\"Apple-converted-space\">&nbsp;<br \/>\n<\/span><\/b>ENRICO HIRAGANA &#8211; V1, CAC, CC, V\u0160V, BOS<span class=\"Apple-converted-space\">&nbsp;<\/span><\/p>\n<p><b>Suka\/Dorast<span class=\"Apple-converted-space\">&nbsp;<br \/>\n<\/span><\/b>XARIA ATREI KIRABZER &#8211; VN1<span class=\"Apple-converted-space\">&nbsp;<\/span><\/p>\n<p><b>Suka\/Mlad\u00fdch<span class=\"Apple-converted-space\">&nbsp;<br \/>\n<\/span><\/b>BRITHANY PERLA Z \u00daDOLIA &#8211; VD<span class=\"Apple-converted-space\">&nbsp;<br \/>\n<\/span>HOPE THESE LOVINGEYES \u2013 V3<span class=\"Apple-converted-space\">&nbsp;<br \/>\n<\/span>ISMIMI HIRAGANA \u2013 V2<span class=\"Apple-converted-space\">&nbsp;<br \/>\n<\/span>KA\u010cENKA HIRAGANA &#8211; V1, CAJC, JCC, V\u0160VM, JBOB, BIS Junior<span class=\"Apple-converted-space\">&nbsp;<br \/>\n<\/span>KULI\u010cKA HIRAGANA \u2013 VD4<span class=\"Apple-converted-space\">&nbsp;<\/span><\/p>\n<p><b>Suka\/Stredn\u00e1<span class=\"Apple-converted-space\">&nbsp;<br \/>\n<\/span><\/b>CHARLOTTE CHLOE HIRAGANA &#8211; nenast\u00fapil<span class=\"Apple-converted-space\">&nbsp;<\/span><\/p>\n<p><b>Suka\/\u0160ampi\u00f3nov<span class=\"Apple-converted-space\">&nbsp;<br \/>\n<\/span><\/b>FLORENTINA ATREI KIRABZER &#8211; V1, CAC, CC, V\u0160V, BOB, BIS 2<\/p>\n<\/div><style type=\"text\/css\">@media only screen and (max-width:1024px) {.fusion-title.fusion-title-3{margin-top:10px!important; margin-right:0px!important;margin-bottom:15px!important;margin-left:0px!important;}}@media only screen and (max-width:640px) {.fusion-title.fusion-title-3{margin-top:10px!important; margin-right:0px!important;margin-bottom:10px!important; margin-left:0px!important;}}<\/style><div class=\"fusion-title title fusion-title-3 fusion-title-text fusion-title-size-one\" style=\"margin-top:10px;margin-right:0px;margin-bottom:15px;margin-left:0px;\"><div class=\"title-sep-container title-sep-container-left fusion-no-large-visibility fusion-no-medium-visibility fusion-no-small-visibility\"><div class=\"title-sep sep-\" style=\"border-color:#E7E6E6;\"><\/div><\/div><span class=\"awb-title-spacer fusion-no-large-visibility fusion-no-medium-visibility fusion-no-small-visibility\"><\/span><h1 class=\"title-heading-left fusion-responsive-typography-calculated\" style=\"margin:0;--fontSize:32;line-height:1.5;\"><h3><span class=\"Apple-converted-space\">&nbsp;<\/span><b>TIBETSK\u00dd TERI\u00c9R<span class=\"Apple-converted-space\">&nbsp;<\/span><\/b><\/h3><\/h1><span class=\"awb-title-spacer\"><\/span><div class=\"title-sep-container title-sep-container-right\"><div class=\"title-sep sep-\" style=\"border-color:#E7E6E6;\"><\/div><\/div><\/div><div class=\"fusion-text fusion-text-4\"><p><b>Pes\/Otvoren\u00e1<span class=\"Apple-converted-space\">&nbsp;<br \/>\n<\/span><\/b>ART OF LIFE ERBOSEDITION &#8211; V1, CAC, CC, V\u0160V, BOB, BIS 3<span class=\"Apple-converted-space\">&nbsp;<\/span><\/p>\n<p><b>Pes\/\u0160ampi\u00f3nov<span class=\"Apple-converted-space\">&nbsp;<br \/>\n<\/span><\/b>A HEARTBREAKER ERBOSEDITION &#8211; V1, CAC, CC<span class=\"Apple-converted-space\">&nbsp;<\/span><\/p>\n<p><b>Suka\/Stredn\u00e1<span class=\"Apple-converted-space\">&nbsp;<br \/>\n<\/span><\/b>KARMA KHYI-MI LAMLEH HOKSA REX &#8211; V1, CAC, CC, V\u0160V, BOS<span class=\"Apple-converted-space\">&nbsp;<\/span><\/p>\n<\/div><style type=\"text\/css\">@media only screen and (max-width:1024px) {.fusion-title.fusion-title-4{margin-top:10px!important; margin-right:0px!important;margin-bottom:15px!important;margin-left:0px!important;}}@media only screen and (max-width:640px) {.fusion-title.fusion-title-4{margin-top:10px!important; margin-right:0px!important;margin-bottom:10px!important; margin-left:0px!important;}}<\/style><div class=\"fusion-title title fusion-title-4 fusion-title-text fusion-title-size-one\" style=\"margin-top:10px;margin-right:0px;margin-bottom:15px;margin-left:0px;\"><div class=\"title-sep-container title-sep-container-left fusion-no-large-visibility fusion-no-medium-visibility fusion-no-small-visibility\"><div class=\"title-sep sep-\" style=\"border-color:#E7E6E6;\"><\/div><\/div><span class=\"awb-title-spacer fusion-no-large-visibility fusion-no-medium-visibility fusion-no-small-visibility\"><\/span><h1 class=\"title-heading-left fusion-responsive-typography-calculated\" style=\"margin:0;--fontSize:32;line-height:1.5;\"><h3><b>TIBETSK\u00dd \u0160PANIEL<span class=\"Apple-converted-space\">&nbsp;<\/span><\/b><\/h3><\/h1><span class=\"awb-title-spacer\"><\/span><div class=\"title-sep-container title-sep-container-right\"><div class=\"title-sep sep-\" style=\"border-color:#E7E6E6;\"><\/div><\/div><\/div><div class=\"fusion-text fusion-text-5\"><p><b>Pes\/Stredn\u00e1<span class=\"Apple-converted-space\">&nbsp;<br \/>\n<\/span><\/b>CATCH ME IF YOU CAN LIVOLLY &#8211; V1, CAC, CC, V\u0160V, BOB, BIS 4<span class=\"Apple-converted-space\">&nbsp;<\/span><\/p>\n<p><b>Pes\/\u0160ampi\u00f3nov<span class=\"Apple-converted-space\">&nbsp;<br \/>\n<\/span><\/b>PIECE OF CAKE LIVOLLY &#8211; V1, CAC, CC<span class=\"Apple-converted-space\">&nbsp;<\/span><\/p>\n<p><b>Suka\/Mlad\u00fdch<span class=\"Apple-converted-space\">&nbsp;<br \/>\n<\/span><\/b>PUNDARIKA HARI SHAKTI &#8211; V1, CAJC, JCC, V\u0160VM, JBOB, BOS<span class=\"Apple-converted-space\">&nbsp;<\/span><\/p>\n<p><b>Suka\/\u010cestn\u00e1<span class=\"Apple-converted-space\">&nbsp;<br \/>\n<\/span><\/b>KIIRAMANNA MISS FINLAND &#8211; V1, BIS triedy \u010destnej<span class=\"Apple-converted-space\">&nbsp;<\/span><\/p>\n<p><b>Suka\/Veter\u00e1nov<span class=\"Apple-converted-space\">&nbsp;<br \/>\n<\/span><\/b>DIRKE ZLOTA WOLNOSC &#8211; V1, BIS Veteran<span class=\"Apple-converted-space\">&nbsp;<\/span><\/p>\n<\/div><\/div><style type=\"text\/css\">.fusion-body .fusion-builder-column-0{width:100% !important;margin-top : 0px;margin-bottom : 0px;}.fusion-builder-column-0 > .fusion-column-wrapper {padding-top : 0px !important;padding-right : 0px !important;margin-right : 0px;padding-bottom : 0px !important;padding-left : 0px !important;margin-left : 0px;}@media only screen and (max-width:1024px) {.fusion-body .fusion-builder-column-0{width:100% !important;}.fusion-builder-column-0 > .fusion-column-wrapper {margin-right : 0px;margin-left : 0px;}}@media only screen and (max-width:640px) {.fusion-body .fusion-builder-column-0{width:100% !important;}.fusion-builder-column-0 > .fusion-column-wrapper {margin-right : 0px;margin-left : 0px;}}<\/style><\/div><\/div><style type=\"text\/css\">.fusion-body .fusion-flex-container.fusion-builder-row-1{ padding-top : 0px;margin-top : 0px;padding-right : 0px;padding-bottom : 0px;margin-bottom : 0px;padding-left : 0px;}<\/style><\/div>\n","protected":false},"excerpt":{"rendered":"","protected":false},"author":8,"featured_media":0,"parent":0,"menu_order":0,"comment_status":"closed","ping_status":"closed","template":"","meta":{"ngg_post_thumbnail":0},"_links":{"self":[{"href":"https:\/\/ktp-sk.sk\/old\/wp-json\/wp\/v2\/pages\/5605"}],"collection":[{"href":"https:\/\/ktp-sk.sk\/old\/wp-json\/wp\/v2\/pages"}],"about":[{"href":"https:\/\/ktp-sk.sk\/old\/wp-json\/wp\/v2\/types\/page"}],"author":[{"embeddable":true,"href":"https:\/\/ktp-sk.sk\/old\/wp-json\/wp\/v2\/users\/8"}],"replies":[{"embeddable":true,"href":"https:\/\/ktp-sk.sk\/old\/wp-json\/wp\/v2\/comments?post=5605"}],"version-history":[{"count":0,"href":"https:\/\/ktp-sk.sk\/old\/wp-json\/wp\/v2\/pages\/5605\/revisions"}],"wp:attachment":[{"href":"https:\/\/ktp-sk.sk\/old\/wp-json\/wp\/v2\/media?parent=5605"}],"curies":[{"name":"wp","href":"https:\/\/api.w.org\/{rel}","templated":true}]}}