{"id":5753,"date":"2019-03-02T09:20:09","date_gmt":"2019-03-02T07:20:09","guid":{"rendered":"http:\/\/www.ktp-sk.sk\/?page_id=5753"},"modified":"2020-10-13T12:23:12","modified_gmt":"2020-10-13T10:23:12","slug":"02-03-2019","status":"publish","type":"page","link":"https:\/\/ktp-sk.sk\/old\/02-03-2019\/","title":{"rendered":"02.03.2019"},"content":{"rendered":"<p><div class=\"fusion-fullwidth fullwidth-box fusion-builder-row-1 fusion-flex-container nonhundred-percent-fullwidth non-hundred-percent-height-scrolling\" style=\"background-color: rgba(255,255,255,0);background-position: center center;background-repeat: no-repeat;border-width: 0px 0px 0px 0px;border-color:#eae9e9;border-style:solid;\" ><div class=\"fusion-builder-row fusion-row fusion-flex-align-items-flex-start\" style=\"max-width:calc( 960px + 0px );margin-left: calc(-0px \/ 2 );margin-right: calc(-0px \/ 2 );\"><div class=\"fusion-layout-column fusion_builder_column fusion-builder-column-0 fusion_builder_column_1_1 1_1 fusion-flex-column\"><div class=\"fusion-column-wrapper fusion-flex-justify-content-flex-start fusion-content-layout-column\" style=\"background-position:left top;background-repeat:no-repeat;-webkit-background-size:cover;-moz-background-size:cover;-o-background-size:cover;background-size:cover;padding: 0px 0px 0px 0px;\"><div class=\"fusion-text fusion-text-1\"><p><b>Klubov\u00e1&nbsp;v\u00fdstava 02.03.2019&nbsp;<\/b><b>Bansk\u00e1 Bystrica<\/b>, rozhodca: Andra\u0161 Polgar<span class=\"Apple-converted-space\">&nbsp;<\/span><\/p>\n<\/div><\/div><style type=\"text\/css\">.fusion-body .fusion-builder-column-0{width:100% !important;margin-top : 0px;margin-bottom : 0px;}.fusion-builder-column-0 > .fusion-column-wrapper {padding-top : 0px !important;padding-right : 0px !important;margin-right : 0px;padding-bottom : 0px !important;padding-left : 0px !important;margin-left : 0px;}@media only screen and (max-width:1024px) {.fusion-body .fusion-builder-column-0{width:100% !important;}.fusion-builder-column-0 > .fusion-column-wrapper {margin-right : 0px;margin-left : 0px;}}@media only screen and (max-width:640px) {.fusion-body .fusion-builder-column-0{width:100% !important;}.fusion-builder-column-0 > .fusion-column-wrapper {margin-right : 0px;margin-left : 0px;}}<\/style><\/div><\/div><style type=\"text\/css\">.fusion-body .fusion-flex-container.fusion-builder-row-1{ padding-top : 0px;margin-top : 0px;padding-right : 0px;padding-bottom : 0px;margin-bottom : 0px;padding-left : 0px;}<\/style><\/div><div class=\"fusion-fullwidth fullwidth-box fusion-builder-row-2 fusion-flex-container hundred-percent-fullwidth non-hundred-percent-height-scrolling\" style=\"background-color: rgba(255,255,255,0);background-position: center center;background-repeat: no-repeat;border-width: 0px 0px 0px 0px;border-color:#eae9e9;border-style:solid;\" ><div class=\"fusion-builder-row fusion-row fusion-flex-align-items-flex-start\" style=\"width:calc( 100% + 0px ) !important;max-width:calc( 100% + 0px ) !important;margin-left: calc(-0px \/ 2 );margin-right: calc(-0px \/ 2 );\"><div class=\"fusion-layout-column fusion_builder_column fusion-builder-column-1 fusion_builder_column_1_1 1_1 fusion-flex-column fusion-flex-align-self-flex-start fusion-column-no-min-height\"><div class=\"fusion-column-wrapper fusion-flex-justify-content-flex-start fusion-content-layout-column\" style=\"background-position:left top;background-repeat:no-repeat;-webkit-background-size:cover;-moz-background-size:cover;-o-background-size:cover;background-size:cover;padding: 0px 0px 0px 0px;\"><style type=\"text\/css\">@media only screen and (max-width:1024px) {.fusion-title.fusion-title-1{margin-top:10px!important; margin-right:0px!important;margin-bottom:15px!important;margin-left:0px!important;}}@media only screen and (max-width:640px) {.fusion-title.fusion-title-1{margin-top:10px!important; margin-right:0px!important;margin-bottom:10px!important; margin-left:0px!important;}}<\/style><div class=\"fusion-title title fusion-title-1 fusion-title-text fusion-title-size-two\" style=\"margin-top:10px;margin-right:0px;margin-bottom:15px;margin-left:0px;\"><div class=\"title-sep-container title-sep-container-left fusion-no-large-visibility fusion-no-medium-visibility fusion-no-small-visibility\"><div class=\"title-sep sep-\" style=\"border-color:#E7E6E6;\"><\/div><\/div><span class=\"awb-title-spacer fusion-no-large-visibility fusion-no-medium-visibility fusion-no-small-visibility\"><\/span><h2 class=\"title-heading-left fusion-responsive-typography-calculated\" style=\"margin:0;--fontSize:18;--minFontSize:18px;line-height:1.5;\"><span style=\"color: #8c0a2f;\"><strong>LHASA APSO<\/strong><\/span><\/h2><span class=\"awb-title-spacer\"><\/span><div class=\"title-sep-container title-sep-container-right\"><div class=\"title-sep sep-\" style=\"border-color:#E7E6E6;\"><\/div><\/div><\/div><div class=\"fusion-text fusion-text-2\"><p>Pes\/Dorast<br \/>\nCANDY CANE IVEPET VN1<\/p>\n<p>Pes\/Mlad\u00fdch<br \/>\nMICHIO IVEPET SHIRO SHO V1, JCC, CAJC, BOS, Junior BOB, KVM<\/p>\n<p>Pes\/Stredn\u00e1<br \/>\nBAHRAIN IVEPET VD1<\/p>\n<p>Pes\/Otvoren\u00e1<br \/>\nBRUNEI IVEPET V1, CC, CAC, KV<br \/>\nPHILIP GEMA-ROSES VD2<\/p>\n<p>Suka\/Mlad\u0161\u00ed dorast<br \/>\nJASMINE VILLAGE Z\u00c1MOCK\u00c1 Z\u00c1HRADA VN1<\/p>\n<p>Suka\/Dorast<br \/>\nAJATA AGATA LUX VN1<\/p>\n<p>Suka\/Mlad\u00fdch<br \/>\nWUDI AGATA LUX V1, JCC, CAJC, KVM<\/p>\n<p>Suka\/Stredn\u00e1<br \/>\nFAWIZA TINGRI V2, Res.CAC<br \/>\nRAISA GEMA-ROSES V1, CC, CAC<\/p>\n<p>Suka\/Otvoren\u00e1<br \/>\nGREYS VZNE\u0160EN\u00dd VD2<br \/>\nROSSA GEMA-ROSES V1, CC, CAC<\/p>\n<p>Suka\/\u0160ampi\u00f3nov<br \/>\nRADICALLY\u00b4S BAILEE V1, CC, CAC, BOB, KV, BIS1<\/p>\n<\/div><\/div><style type=\"text\/css\">.fusion-body .fusion-builder-column-1{width:100% !important;margin-top : 0px;margin-bottom : 0px;}.fusion-builder-column-1 > .fusion-column-wrapper {padding-top : 0px !important;padding-right : 0px !important;margin-right : 0px;padding-bottom : 0px !important;padding-left : 0px !important;margin-left : 0px;}@media only screen and (max-width:1024px) {.fusion-body .fusion-builder-column-1{width:100% !important;}.fusion-builder-column-1 > .fusion-column-wrapper {margin-right : 0px;margin-left : 0px;}}@media only screen and (max-width:640px) {.fusion-body .fusion-builder-column-1{width:100% !important;}.fusion-builder-column-1 > .fusion-column-wrapper {margin-right : 0px;margin-left : 0px;}}<\/style><\/div><div class=\"fusion-layout-column fusion_builder_column fusion-builder-column-2 fusion_builder_column_1_1 1_1 fusion-flex-column fusion-flex-align-self-flex-start fusion-column-no-min-height\"><div class=\"fusion-column-wrapper fusion-flex-justify-content-flex-start fusion-content-layout-column\" style=\"background-position:left top;background-repeat:no-repeat;-webkit-background-size:cover;-moz-background-size:cover;-o-background-size:cover;background-size:cover;padding: 0px 0px 0px 0px;\"><style type=\"text\/css\">@media only screen and (max-width:1024px) {.fusion-title.fusion-title-2{margin-top:10px!important; margin-right:0px!important;margin-bottom:15px!important;margin-left:0px!important;}}@media only screen and (max-width:640px) {.fusion-title.fusion-title-2{margin-top:10px!important; margin-right:0px!important;margin-bottom:10px!important; margin-left:0px!important;}}<\/style><div class=\"fusion-title title fusion-title-2 fusion-title-text fusion-title-size-two\" style=\"margin-top:10px;margin-right:0px;margin-bottom:15px;margin-left:0px;\"><div class=\"title-sep-container title-sep-container-left fusion-no-large-visibility fusion-no-medium-visibility fusion-no-small-visibility\"><div class=\"title-sep sep-\" style=\"border-color:#E7E6E6;\"><\/div><\/div><span class=\"awb-title-spacer fusion-no-large-visibility fusion-no-medium-visibility fusion-no-small-visibility\"><\/span><h2 class=\"title-heading-left fusion-responsive-typography-calculated\" style=\"margin:0;--fontSize:18;--minFontSize:18px;line-height:1.5;\"><span style=\"color: #8c0a2f;\"><strong>SHIH-TZU<\/strong><\/span><\/h2><span class=\"awb-title-spacer\"><\/span><div class=\"title-sep-container title-sep-container-right\"><div class=\"title-sep sep-\" style=\"border-color:#E7E6E6;\"><\/div><\/div><\/div><div class=\"fusion-text fusion-text-3\"><p>Pes\/Mlad\u0161\u00ed Dorast<br \/>\nNINO HIRAGANA \u2013 VN1<span class=\"Apple-converted-space\">&nbsp;<\/span><\/p>\n<p>Pes\/Mlad\u00fdch<br \/>\nWHISPERING LOVE\u00b4S LIQUID BLOOM &#8211; V1 bez titulu<span class=\"Apple-converted-space\">&nbsp;<\/span><\/p>\n<p>Pes\/Stredn\u00e1<br \/>\nJOE BLACK HIRAGANA &#8211; VD2&nbsp;<br \/>\nTANTALOS ATREI KIRABZER &#8211; V1 bez titulu<span class=\"Apple-converted-space\">&nbsp;<\/span><\/p>\n<p>Pes\/Otvoren\u00e1<br \/>\nGOLDEN FISH KARDINAL &#8211; V1, CAC, CC, KV, BOB, <b>BIS 2<span class=\"Apple-converted-space\">&nbsp;<\/span><\/b><\/p>\n<p>Pes\/\u0160ampi\u00f3nov<br \/>\nCHESVET LINE IMAGE BLACK PEARLS &#8211; V1, CAC, CC<span class=\"Apple-converted-space\">&nbsp;<\/span><\/p>\n<p>Pes\/Veter\u00e1nov<br \/>\nSOLARIS AVIS MAGIC MOMENT \u2013 V1<span class=\"Apple-converted-space\">&nbsp;<\/span><\/p>\n<p>Suka\/Mlad\u0161\u00ed&nbsp;dorast<br \/>\nAMELIA ATREI KIRABZER &#8211; nenast\u00fapil<span class=\"Apple-converted-space\">&nbsp;<br \/>\n<\/span>NAIROBI HIRAGANA \u2013 VN1<span class=\"Apple-converted-space\">&nbsp;<\/span><\/p>\n<p>Suka\/Dorastu<br \/>\nMAGNOLIA GARDENS SAYONARA AIDA \u2013 VN1<span class=\"Apple-converted-space\">&nbsp;<\/span><\/p>\n<p>Suka\/Mlad\u00fdch<br \/>\nBA-MA-RI QOMO-RI &#8211; V1, CAJC, JCC, KVM, BOJ, BOS<span class=\"Apple-converted-space\">&nbsp;<br \/>\n<\/span>BAISY PERLA Z \u00daDOLIA &#8211; VD<span class=\"Apple-converted-space\">&nbsp;<br \/>\n<\/span>HOPE THESE LOVINGEYES \u2013 V3<span class=\"Apple-converted-space\">&nbsp;<br \/>\n<\/span>UGGI ATREI KIRABZER \u2013 VD<span class=\"Apple-converted-space\">&nbsp;<br \/>\n<\/span>WILLOW ATREI KIRABZER \u2013 VD4<span class=\"Apple-converted-space\">&nbsp;<br \/>\n<\/span>XARIA ATREI KIRABZER \u2013 V2<span class=\"Apple-converted-space\">&nbsp;<\/span><\/p>\n<p>Suka\/Stredn\u00e1<br \/>\nKA\u010cENKA HIRAGANA &#8211; V1, CAC, CC<span class=\"Apple-converted-space\">&nbsp;<\/span><\/p>\n<p>Suka\/Otvoren\u00e1<br \/>\nCATLEYA AG\u00c1TA LUX &#8211; V2 bez titulu<span class=\"Apple-converted-space\">&nbsp;<br \/>\n<\/span>ISMIMI HIRAGANA \u2013 nenast\u00fapil<span class=\"Apple-converted-space\">&nbsp;<br \/>\n<\/span>KORDULKA HIRAGANA &#8211; V1, CAC<span class=\"Apple-converted-space\">&nbsp;<\/span><\/p>\n<p>Suka\/\u0160ampi\u00f3nov<br \/>\nSUNSHINE OF BUCOVINA GOLDEN BUTTERCUP &#8211; &#8211; V1, CAC, CC, KV<span class=\"Apple-converted-space\">&nbsp;<\/span><\/p>\n<\/div><\/div><style type=\"text\/css\">.fusion-body .fusion-builder-column-2{width:100% !important;margin-top : 0px;margin-bottom : 0px;}.fusion-builder-column-2 > .fusion-column-wrapper {padding-top : 0px !important;padding-right : 0px !important;margin-right : 0px;padding-bottom : 0px !important;padding-left : 0px !important;margin-left : 0px;}@media only screen and (max-width:1024px) {.fusion-body .fusion-builder-column-2{width:100% !important;}.fusion-builder-column-2 > .fusion-column-wrapper {margin-right : 0px;margin-left : 0px;}}@media only screen and (max-width:640px) {.fusion-body .fusion-builder-column-2{width:100% !important;}.fusion-builder-column-2 > .fusion-column-wrapper {margin-right : 0px;margin-left : 0px;}}<\/style><\/div><div class=\"fusion-layout-column fusion_builder_column fusion-builder-column-3 fusion_builder_column_1_1 1_1 fusion-flex-column fusion-flex-align-self-flex-start fusion-column-no-min-height\"><div class=\"fusion-column-wrapper fusion-flex-justify-content-flex-start fusion-content-layout-column\" style=\"background-position:left top;background-repeat:no-repeat;-webkit-background-size:cover;-moz-background-size:cover;-o-background-size:cover;background-size:cover;padding: 0px 0px 0px 0px;\"><style type=\"text\/css\">@media only screen and (max-width:1024px) {.fusion-title.fusion-title-3{margin-top:10px!important; margin-right:0px!important;margin-bottom:15px!important;margin-left:0px!important;}}@media only screen and (max-width:640px) {.fusion-title.fusion-title-3{margin-top:10px!important; margin-right:0px!important;margin-bottom:10px!important; margin-left:0px!important;}}<\/style><div class=\"fusion-title title fusion-title-3 fusion-title-text fusion-title-size-two\" style=\"margin-top:10px;margin-right:0px;margin-bottom:15px;margin-left:0px;\"><div class=\"title-sep-container title-sep-container-left fusion-no-large-visibility fusion-no-medium-visibility fusion-no-small-visibility\"><div class=\"title-sep sep-\" style=\"border-color:#E7E6E6;\"><\/div><\/div><span class=\"awb-title-spacer fusion-no-large-visibility fusion-no-medium-visibility fusion-no-small-visibility\"><\/span><h2 class=\"title-heading-left fusion-responsive-typography-calculated\" style=\"margin:0;--fontSize:18;--minFontSize:18px;line-height:1.5;\"><span style=\"color: #8c0a2f;\"><strong>TIBETAN TERRIER<\/strong><\/span><\/h2><span class=\"awb-title-spacer\"><\/span><div class=\"title-sep-container title-sep-container-right\"><div class=\"title-sep sep-\" style=\"border-color:#E7E6E6;\"><\/div><\/div><\/div><div class=\"fusion-text fusion-text-4\"><p>Pes\/Dorast<br \/>\n<b><\/b>CATCH THE WIND ERBOSEDITION \u2013 VN1, <b>BIS dorast<span class=\"Apple-converted-space\">&nbsp;<\/span><\/b><b><\/b><\/p>\n<p>Pes\/Stredn\u00e1<br \/>\nCHENRESI TINGRI &#8211; V1, CAC, CC<span class=\"Apple-converted-space\">&nbsp;<\/span><\/p>\n<p>Pes\/Otvoren\u00e1<br \/>\nA HEARTBREAKER ERBOSEDITION &#8211; V1, CAC, CC<span class=\"Apple-converted-space\">&nbsp;<\/span><\/p>\n<p>Pes\/\u0160ampi\u00f3nov<br \/>\nART OF LIFE ERBOSEDITION &#8211; V1, CAC, CC, KV, BOB, <b>BIS<span class=\"Apple-converted-space\">&nbsp;<\/span><\/b><\/p>\n<p>Pes\/Veter\u00e1nov<br \/>\nKHYI-MI BOD-JA LAMLEH \u2013 V1, <b>BIS veter\u00e1n<span class=\"Apple-converted-space\">&nbsp;<\/span><\/b><\/p>\n<p>Suka\/Stredn\u00e1<br \/>\nKARMA KHYI-MI LAMLEH HOKSA REX \u2013 V1, CAC, CC, KV, BOS<span class=\"Apple-converted-space\">&nbsp;<\/span><\/p>\n<p>Suka\/Otvoren\u00e1<br \/>\nLITOMADA\u2019S GK\u2019S F \u2013 V1, CAC<span class=\"Apple-converted-space\">&nbsp;<\/span><\/p>\n<p>Suka\/Veter\u00e1nov<br \/>\nKHYI-MI BHAGYA LAMLEH \u2013 V1<span class=\"Apple-converted-space\">&nbsp;<\/span><\/p>\n<\/div><\/div><style type=\"text\/css\">.fusion-body .fusion-builder-column-3{width:100% !important;margin-top : 0px;margin-bottom : 0px;}.fusion-builder-column-3 > .fusion-column-wrapper {padding-top : 0px !important;padding-right : 0px !important;margin-right : 0px;padding-bottom : 0px !important;padding-left : 0px !important;margin-left : 0px;}@media only screen and (max-width:1024px) {.fusion-body .fusion-builder-column-3{width:100% !important;}.fusion-builder-column-3 > .fusion-column-wrapper {margin-right : 0px;margin-left : 0px;}}@media only screen and (max-width:640px) {.fusion-body .fusion-builder-column-3{width:100% !important;}.fusion-builder-column-3 > .fusion-column-wrapper {margin-right : 0px;margin-left : 0px;}}<\/style><\/div><div class=\"fusion-layout-column fusion_builder_column fusion-builder-column-4 fusion_builder_column_1_1 1_1 fusion-flex-column fusion-flex-align-self-flex-start fusion-column-no-min-height\"><div class=\"fusion-column-wrapper fusion-flex-justify-content-flex-start fusion-content-layout-column\" style=\"background-position:left top;background-repeat:no-repeat;-webkit-background-size:cover;-moz-background-size:cover;-o-background-size:cover;background-size:cover;padding: 0px 0px 0px 0px;\"><style type=\"text\/css\">@media only screen and (max-width:1024px) {.fusion-title.fusion-title-4{margin-top:10px!important; margin-right:0px!important;margin-bottom:15px!important;margin-left:0px!important;}}@media only screen and (max-width:640px) {.fusion-title.fusion-title-4{margin-top:10px!important; margin-right:0px!important;margin-bottom:10px!important; margin-left:0px!important;}}<\/style><div class=\"fusion-title title fusion-title-4 fusion-title-text fusion-title-size-two\" style=\"margin-top:10px;margin-right:0px;margin-bottom:15px;margin-left:0px;\"><div class=\"title-sep-container title-sep-container-left fusion-no-large-visibility fusion-no-medium-visibility fusion-no-small-visibility\"><div class=\"title-sep sep-\" style=\"border-color:#E7E6E6;\"><\/div><\/div><span class=\"awb-title-spacer fusion-no-large-visibility fusion-no-medium-visibility fusion-no-small-visibility\"><\/span><h2 class=\"title-heading-left fusion-responsive-typography-calculated\" style=\"margin:0;--fontSize:18;--minFontSize:18px;line-height:1.5;\"><span style=\"color: #8c0a2f;\"><strong>TIBETAN SPANIEL<\/strong><\/span><\/h2><span class=\"awb-title-spacer\"><\/span><div class=\"title-sep-container title-sep-container-right\"><div class=\"title-sep sep-\" style=\"border-color:#E7E6E6;\"><\/div><\/div><\/div><div class=\"fusion-text fusion-text-5\"><p>Pes\/Mlad\u00fdch<br \/>\nLIMITED EDITION LEON LUCY\u00b4S SECRET &#8211; V1, CajC, JCC, KVM, BOJ, BOB, <b>BIS 4<span class=\"Apple-converted-space\">&nbsp;<\/span><\/b><\/p>\n<p>Pes\/Otvoren\u00e1<br \/>\nCATCH ME IF YOU CAN LIVOLLY <b>&#8211; <\/b>V1, CAC,CC<span class=\"Apple-converted-space\">&nbsp;<\/span><\/p>\n<p>Pes\/\u0160ampi\u00f3nov<br \/>\nPIECE OF CAKE LIVOLLY &#8211; V1, CAC,CC, KV<span class=\"Apple-converted-space\">&nbsp;<\/span><\/p>\n<p>Suka\/Stredn\u00e1<br \/>\nPUNDARIKA HARI SHANTI <b>&#8211; <\/b>V1, CAC,CC<span class=\"Apple-converted-space\">&nbsp;<\/span><\/p>\n<p>Suka\/Otvoren\u00e1<br \/>\nBRILL PADME DEEP SECRET &#8211; V1, CAC,CC, KV, BOS<\/p>\n<p>Suka\/\u0160ampi\u00f3nov<br \/>\nBRIA DONUM TIBET &#8211; V1, CAC, CC<span class=\"Apple-converted-space\">&nbsp;<\/span><\/p>\n<p>Suka\/\u010cestn\u00e1<br \/>\nKIIRAMANNA MISS FINLAND \u2013 V1, <b>BIS \u010destn\u00e1<span class=\"Apple-converted-space\">&nbsp;<\/span><\/b><\/p>\n<p>Suka\/Veter\u00e1nov<br \/>\nPUNDARIKA (FCI) ANGEL \u2013 V1<span class=\"Apple-converted-space\">&nbsp;<\/span><\/p>\n<p>&nbsp;<\/p>\n<p>&nbsp;<\/p>\n<\/div><\/div><style type=\"text\/css\">.fusion-body .fusion-builder-column-4{width:100% !important;margin-top : 0px;margin-bottom : 0px;}.fusion-builder-column-4 > .fusion-column-wrapper {padding-top : 0px !important;padding-right : 0px !important;margin-right : 0px;padding-bottom : 0px !important;padding-left : 0px !important;margin-left : 0px;}@media only screen and (max-width:1024px) {.fusion-body .fusion-builder-column-4{width:100% !important;}.fusion-builder-column-4 > .fusion-column-wrapper {margin-right : 0px;margin-left : 0px;}}@media only screen and (max-width:640px) {.fusion-body .fusion-builder-column-4{width:100% !important;}.fusion-builder-column-4 > .fusion-column-wrapper {margin-right : 0px;margin-left : 0px;}}<\/style><\/div><\/div><style type=\"text\/css\">.fusion-fullwidth.fusion-builder-row-2 { overflow:visible; }.fusion-body .fusion-flex-container.fusion-builder-row-2{ padding-top : 0px;margin-top : 0px;padding-right : 0px;padding-bottom : 0px;margin-bottom : 0px;padding-left : 0px;}<\/style><\/div><\/p>\n","protected":false},"excerpt":{"rendered":"","protected":false},"author":8,"featured_media":0,"parent":0,"menu_order":0,"comment_status":"closed","ping_status":"closed","template":"","meta":{"ngg_post_thumbnail":0},"_links":{"self":[{"href":"https:\/\/ktp-sk.sk\/old\/wp-json\/wp\/v2\/pages\/5753"}],"collection":[{"href":"https:\/\/ktp-sk.sk\/old\/wp-json\/wp\/v2\/pages"}],"about":[{"href":"https:\/\/ktp-sk.sk\/old\/wp-json\/wp\/v2\/types\/page"}],"author":[{"embeddable":true,"href":"https:\/\/ktp-sk.sk\/old\/wp-json\/wp\/v2\/users\/8"}],"replies":[{"embeddable":true,"href":"https:\/\/ktp-sk.sk\/old\/wp-json\/wp\/v2\/comments?post=5753"}],"version-history":[{"count":0,"href":"https:\/\/ktp-sk.sk\/old\/wp-json\/wp\/v2\/pages\/5753\/revisions"}],"wp:attachment":[{"href":"https:\/\/ktp-sk.sk\/old\/wp-json\/wp\/v2\/media?parent=5753"}],"curies":[{"name":"wp","href":"https:\/\/api.w.org\/{rel}","templated":true}]}}