{"id":6142,"date":"2020-09-13T12:38:02","date_gmt":"2020-09-13T10:38:02","guid":{"rendered":"http:\/\/www.ktp-sk.sk\/?page_id=6142"},"modified":"2020-10-13T12:23:02","modified_gmt":"2020-10-13T10:23:02","slug":"13-09-2020","status":"publish","type":"page","link":"https:\/\/ktp-sk.sk\/old\/13-09-2020\/","title":{"rendered":"13.09.2020"},"content":{"rendered":"<p><div class=\"fusion-fullwidth fullwidth-box fusion-builder-row-1 fusion-flex-container nonhundred-percent-fullwidth non-hundred-percent-height-scrolling\" style=\"background-color: rgba(255,255,255,0);background-position: center center;background-repeat: no-repeat;border-width: 0px 0px 0px 0px;border-color:#eae9e9;border-style:solid;\" ><div class=\"fusion-builder-row fusion-row fusion-flex-align-items-flex-start\" style=\"max-width:calc( 960px + 0px );margin-left: calc(-0px \/ 2 );margin-right: calc(-0px \/ 2 );\"><div class=\"fusion-layout-column fusion_builder_column fusion-builder-column-0 fusion_builder_column_1_1 1_1 fusion-flex-column\"><div class=\"fusion-column-wrapper fusion-flex-justify-content-flex-start fusion-content-layout-column\" style=\"background-position:left top;background-repeat:no-repeat;-webkit-background-size:cover;-moz-background-size:cover;-o-background-size:cover;background-size:cover;padding: 0px 0px 0px 0px;\"><div class=\"fusion-text fusion-text-1\"><p><b>\u0160peci\u00e1lna v\u00fdstava 13.09.2020&nbsp;<\/b><b>Var\u00edn<\/b>, rozhodca:&nbsp;Kuriata-Okarmus Monika<\/p>\n<\/div><div ><span class=\" fusion-imageframe imageframe-none imageframe-1 hover-type-none\"><img width=\"1024\" height=\"589\" alt=\"BIS \u0160V 13.09.2020\" title=\"BIS \u0160V 13.09.2020\" src=\"https:\/\/www.ktp-sk.sk\/wp-content\/uploads\/2020\/10\/BIS-SV-13092020.jpg\" class=\"img-responsive wp-image-6146\" srcset=\"https:\/\/ktp-sk.sk\/old\/wp-content\/uploads\/2020\/10\/BIS-SV-13092020-200x115.jpg 200w, https:\/\/ktp-sk.sk\/old\/wp-content\/uploads\/2020\/10\/BIS-SV-13092020-400x230.jpg 400w, https:\/\/ktp-sk.sk\/old\/wp-content\/uploads\/2020\/10\/BIS-SV-13092020-600x345.jpg 600w, https:\/\/ktp-sk.sk\/old\/wp-content\/uploads\/2020\/10\/BIS-SV-13092020-800x460.jpg 800w, https:\/\/ktp-sk.sk\/old\/wp-content\/uploads\/2020\/10\/BIS-SV-13092020.jpg 1024w\" sizes=\"(max-width: 640px) 100vw, 1024px\" \/><\/span><\/div><div class=\"fusion-text fusion-text-2\"><p>BIS 1 &#8211; ARMANI IVEPET LATGATE<br \/>\nBIS 2 &#8211; CAIRITHY-KIM MAGIC ANALAND<br \/>\nBIS 3 &#8211; LEMON FROM DALAJLAMAHERBS<br \/>\nBIS 4 &#8211; FROZEN BLAZE PEARL OF THE MOON<\/p>\n<\/div><\/div><style type=\"text\/css\">.fusion-body .fusion-builder-column-0{width:100% !important;margin-top : 0px;margin-bottom : 0px;}.fusion-builder-column-0 > .fusion-column-wrapper {padding-top : 0px !important;padding-right : 0px !important;margin-right : 0px;padding-bottom : 0px !important;padding-left : 0px !important;margin-left : 0px;}@media only screen and (max-width:1024px) {.fusion-body .fusion-builder-column-0{width:100% !important;}.fusion-builder-column-0 > .fusion-column-wrapper {margin-right : 0px;margin-left : 0px;}}@media only screen and (max-width:640px) {.fusion-body .fusion-builder-column-0{width:100% !important;}.fusion-builder-column-0 > .fusion-column-wrapper {margin-right : 0px;margin-left : 0px;}}<\/style><\/div><\/div><style type=\"text\/css\">.fusion-body .fusion-flex-container.fusion-builder-row-1{ padding-top : 0px;margin-top : 0px;padding-right : 0px;padding-bottom : 0px;margin-bottom : 0px;padding-left : 0px;}<\/style><\/div><div class=\"fusion-fullwidth fullwidth-box fusion-builder-row-2 fusion-flex-container hundred-percent-fullwidth non-hundred-percent-height-scrolling\" style=\"background-color: rgba(255,255,255,0);background-position: center center;background-repeat: no-repeat;border-width: 0px 0px 0px 0px;border-color:#eae9e9;border-style:solid;\" ><div class=\"fusion-builder-row fusion-row fusion-flex-align-items-flex-start\" style=\"width:calc( 100% + 0px ) !important;max-width:calc( 100% + 0px ) !important;margin-left: calc(-0px \/ 2 );margin-right: calc(-0px \/ 2 );\"><div class=\"fusion-layout-column fusion_builder_column fusion-builder-column-1 fusion_builder_column_1_1 1_1 fusion-flex-column fusion-flex-align-self-flex-start fusion-column-no-min-height\"><div class=\"fusion-column-wrapper fusion-flex-justify-content-flex-start fusion-content-layout-column\" style=\"background-position:left top;background-repeat:no-repeat;-webkit-background-size:cover;-moz-background-size:cover;-o-background-size:cover;background-size:cover;padding: 0px 0px 0px 0px;\"><style type=\"text\/css\">@media only screen and (max-width:1024px) {.fusion-title.fusion-title-1{margin-top:10px!important; margin-right:0px!important;margin-bottom:15px!important;margin-left:0px!important;}}@media only screen and (max-width:640px) {.fusion-title.fusion-title-1{margin-top:10px!important; margin-right:0px!important;margin-bottom:10px!important; margin-left:0px!important;}}<\/style><div class=\"fusion-title title fusion-title-1 fusion-title-text fusion-title-size-two\" style=\"margin-top:10px;margin-right:0px;margin-bottom:15px;margin-left:0px;\"><div class=\"title-sep-container title-sep-container-left fusion-no-large-visibility fusion-no-medium-visibility fusion-no-small-visibility\"><div class=\"title-sep sep-\" style=\"border-color:#E7E6E6;\"><\/div><\/div><span class=\"awb-title-spacer fusion-no-large-visibility fusion-no-medium-visibility fusion-no-small-visibility\"><\/span><h2 class=\"title-heading-left fusion-responsive-typography-calculated\" style=\"margin:0;--fontSize:18;--minFontSize:18px;line-height:1.5;\"><span style=\"color: #8c0a2f;\"><strong>LHASA APSO<\/strong><\/span><\/h2><span class=\"awb-title-spacer\"><\/span><div class=\"title-sep-container title-sep-container-right\"><div class=\"title-sep sep-\" style=\"border-color:#E7E6E6;\"><\/div><\/div><\/div><div class=\"fusion-text fusion-text-3\"><p>Pes\/Mlad\u00fdch<br \/>\n<b>WEHIKU\u0141 CZASU AZUROWA AMHARA &#8211; V1, CAJC, Junior BOB, V\u0160VM, BIS Junior 2<br \/>\n<\/b><\/p>\n<p>Pes\/Otvoren\u00e1<br \/>\n<b>ARMANI IVEPET LATGATE <\/b>&#8211; V1,&nbsp;CC, CAC,&nbsp;BOB,&nbsp;V\u0160V,&nbsp;BIS 1<br \/>\nBONO THE BATMAN FROM PIRANDHORA &#8211; V2,&nbsp;Res. CAC<\/p>\n<p>Pes\/\u0160ampi\u00f3nov<br \/>\n<b>RADICALLY\u00b4S DANIEL <\/b>&#8211; V1,&nbsp;CC, CAC<\/p>\n<p>Suka\/Mlad\u0161\u00ed dorast<br \/>\n<b>MIAMI IVEPET <\/b>&#8211; VN1<\/p>\n<p>Suka\/Otvoren\u00e1<br \/>\n<b>RADICALLY\u00b4S FOXY LADY <\/b>&#8211; V1,&nbsp;CC, CAC<\/p>\n<p>Suka\/\u0160ampi\u00f3nov<br \/>\n<b>GRETA GARBO IVEPET <\/b>&#8211; V1,&nbsp;CC, CAC,&nbsp;BOS,&nbsp;V\u0160V<\/p>\n<\/div><\/div><style type=\"text\/css\">.fusion-body .fusion-builder-column-1{width:100% !important;margin-top : 0px;margin-bottom : 0px;}.fusion-builder-column-1 > .fusion-column-wrapper {padding-top : 0px !important;padding-right : 0px !important;margin-right : 0px;padding-bottom : 0px !important;padding-left : 0px !important;margin-left : 0px;}@media only screen and (max-width:1024px) {.fusion-body .fusion-builder-column-1{width:100% !important;}.fusion-builder-column-1 > .fusion-column-wrapper {margin-right : 0px;margin-left : 0px;}}@media only screen and (max-width:640px) {.fusion-body .fusion-builder-column-1{width:100% !important;}.fusion-builder-column-1 > .fusion-column-wrapper {margin-right : 0px;margin-left : 0px;}}<\/style><\/div><div class=\"fusion-layout-column fusion_builder_column fusion-builder-column-2 fusion_builder_column_1_1 1_1 fusion-flex-column fusion-flex-align-self-flex-start fusion-column-no-min-height\"><div class=\"fusion-column-wrapper fusion-flex-justify-content-flex-start fusion-content-layout-column\" style=\"background-position:left top;background-repeat:no-repeat;-webkit-background-size:cover;-moz-background-size:cover;-o-background-size:cover;background-size:cover;padding: 0px 0px 0px 0px;\"><style type=\"text\/css\">@media only screen and (max-width:1024px) {.fusion-title.fusion-title-2{margin-top:10px!important; margin-right:0px!important;margin-bottom:15px!important;margin-left:0px!important;}}@media only screen and (max-width:640px) {.fusion-title.fusion-title-2{margin-top:10px!important; margin-right:0px!important;margin-bottom:10px!important; margin-left:0px!important;}}<\/style><div class=\"fusion-title title fusion-title-2 fusion-title-text fusion-title-size-two\" style=\"margin-top:10px;margin-right:0px;margin-bottom:15px;margin-left:0px;\"><div class=\"title-sep-container title-sep-container-left fusion-no-large-visibility fusion-no-medium-visibility fusion-no-small-visibility\"><div class=\"title-sep sep-\" style=\"border-color:#E7E6E6;\"><\/div><\/div><span class=\"awb-title-spacer fusion-no-large-visibility fusion-no-medium-visibility fusion-no-small-visibility\"><\/span><h2 class=\"title-heading-left fusion-responsive-typography-calculated\" style=\"margin:0;--fontSize:18;--minFontSize:18px;line-height:1.5;\"><span style=\"color: #8c0a2f;\"><strong>SHIH-TZU<\/strong><\/span><\/h2><span class=\"awb-title-spacer\"><\/span><div class=\"title-sep-container title-sep-container-right\"><div class=\"title-sep sep-\" style=\"border-color:#E7E6E6;\"><\/div><\/div><\/div><div class=\"fusion-text fusion-text-4\"><p>Pes\/Mlad\u0161\u00ed Dorast<br \/>\n<b>DENNY LOVELY ANALAND <\/b>&#8211; VN1<\/p>\n<p>Pes\/Mlad\u00fdch<br \/>\n<b>ROBIN HOOD HIRAGANA <\/b>&#8211; V1,&nbsp;JCC,&nbsp;CAJC,&nbsp;V\u0160VM<\/p>\n<p>Pes\/Otvoren\u00e1<br \/>\n<b>XANDER BRILLIANT OF MORAVIA <\/b>&#8211; V1,&nbsp;CC, CAC<\/p>\n<p>Pes\/\u0160ampi\u00f3nov<br \/>\n<b>EAGLE HEART SILVERY WISH <\/b>&#8211; V1,&nbsp;CC, CAC,&nbsp;BOS,&nbsp;V\u0160V<\/p>\n<p>Suka\/Mlad\u0161\u00ed dorast<br \/>\n<b>DISNEY LOVELY ANALAND <\/b>&#8211; VN1,&nbsp;BIS minor puppy1<\/p>\n<p>Suka\/Mlad\u00fdch<br \/>\n<b>ADELL SIRI-LAKKHI <\/b>&#8211; V1,&nbsp;JCC,&nbsp;CAJC,&nbsp;Junior BOB,&nbsp;V\u0160VM,&nbsp;BIS Junior 3<b><br \/>\n<\/b>PERSEPHONE THESE LOVINGEYES \u2013 V2<\/p>\n<p>Suka\/Stredn\u00e1<br \/>\n<b>CAIRITHY-KIM MAGIC ANALAND <\/b>&#8211; V1,&nbsp;CC, CAC,&nbsp;BOB,&nbsp;V\u0160V,&nbsp;BIS 2<\/p>\n<p>Suka\/Otvoren\u00e1<br \/>\n<b>ISMIMI HIRAGANA <\/b>&#8211; V1,&nbsp;CC, CAC<\/p>\n<p>Suka\/Veter\u00e1nov<br \/>\n<b>HEARTY\u2019S I WILL ALWAYS LOVE U <\/b>&#8211; V1<\/p>\n<\/div><\/div><style type=\"text\/css\">.fusion-body .fusion-builder-column-2{width:100% !important;margin-top : 0px;margin-bottom : 0px;}.fusion-builder-column-2 > .fusion-column-wrapper {padding-top : 0px !important;padding-right : 0px !important;margin-right : 0px;padding-bottom : 0px !important;padding-left : 0px !important;margin-left : 0px;}@media only screen and (max-width:1024px) {.fusion-body .fusion-builder-column-2{width:100% !important;}.fusion-builder-column-2 > .fusion-column-wrapper {margin-right : 0px;margin-left : 0px;}}@media only screen and (max-width:640px) {.fusion-body .fusion-builder-column-2{width:100% !important;}.fusion-builder-column-2 > .fusion-column-wrapper {margin-right : 0px;margin-left : 0px;}}<\/style><\/div><div class=\"fusion-layout-column fusion_builder_column fusion-builder-column-3 fusion_builder_column_1_1 1_1 fusion-flex-column fusion-flex-align-self-flex-start fusion-column-no-min-height\"><div class=\"fusion-column-wrapper fusion-flex-justify-content-flex-start fusion-content-layout-column\" style=\"background-position:left top;background-repeat:no-repeat;-webkit-background-size:cover;-moz-background-size:cover;-o-background-size:cover;background-size:cover;padding: 0px 0px 0px 0px;\"><style type=\"text\/css\">@media only screen and (max-width:1024px) {.fusion-title.fusion-title-3{margin-top:10px!important; margin-right:0px!important;margin-bottom:15px!important;margin-left:0px!important;}}@media only screen and (max-width:640px) {.fusion-title.fusion-title-3{margin-top:10px!important; margin-right:0px!important;margin-bottom:10px!important; margin-left:0px!important;}}<\/style><div class=\"fusion-title title fusion-title-3 fusion-title-text fusion-title-size-two\" style=\"margin-top:10px;margin-right:0px;margin-bottom:15px;margin-left:0px;\"><div class=\"title-sep-container title-sep-container-left fusion-no-large-visibility fusion-no-medium-visibility fusion-no-small-visibility\"><div class=\"title-sep sep-\" style=\"border-color:#E7E6E6;\"><\/div><\/div><span class=\"awb-title-spacer fusion-no-large-visibility fusion-no-medium-visibility fusion-no-small-visibility\"><\/span><h2 class=\"title-heading-left fusion-responsive-typography-calculated\" style=\"margin:0;--fontSize:18;--minFontSize:18px;line-height:1.5;\"><span style=\"color: #8c0a2f;\"><strong>TIBETAN TERRIER<\/strong><\/span><\/h2><span class=\"awb-title-spacer\"><\/span><div class=\"title-sep-container title-sep-container-right\"><div class=\"title-sep sep-\" style=\"border-color:#E7E6E6;\"><\/div><\/div><\/div><div class=\"fusion-text fusion-text-5\"><p>Pes\/Mlad\u00fdch<br \/>\n<b>EMOTION IN MOTION ERBOSEDITION <\/b>&#8211; V1,&nbsp;JCC,&nbsp;CAJC,&nbsp;Junior BOB,&nbsp;V\u0160VM,&nbsp;BIS Junior 1<\/p>\n<p>Pes\/Otvoren\u00e1<br \/>\n<b>CHUGO KOLEKCJONERZY SZCZESCIA <\/b>&#8211; V1, CAC<\/p>\n<p>Pes\/\u0160ampi\u00f3nov<br \/>\n<b>LEMON FROM DALAJLAMAHERBS <\/b>&#8211; V1,&nbsp;CAC,&nbsp;BOB,&nbsp;V\u0160V,&nbsp;BIS 3<\/p>\n<p>Suka\/Otvoren\u00e1<br \/>\n<b>DECHEN TSOMO MAGIC ODDIYANA (FCI) <\/b>&#8211; V1, CAC<\/p>\n<p>Suka\/\u0160ampi\u00f3nov<br \/>\n<b>STEFANI SUPER STAR Z HELMOWEGO JARU (FCI) <\/b>&#8211; V1,&nbsp;CAC,&nbsp;BOS,&nbsp;V\u0160V<\/p>\n<p>Suka\/\u010cestn\u00e1<span class=\"Apple-converted-space\">&nbsp;<br \/>\n<\/span><b>A DESERT ROSE ERBOSEDITION <\/b>&#8211; V1,&nbsp;BIS honour class 1<\/p>\n<\/div><\/div><style type=\"text\/css\">.fusion-body .fusion-builder-column-3{width:100% !important;margin-top : 0px;margin-bottom : 0px;}.fusion-builder-column-3 > .fusion-column-wrapper {padding-top : 0px !important;padding-right : 0px !important;margin-right : 0px;padding-bottom : 0px !important;padding-left : 0px !important;margin-left : 0px;}@media only screen and (max-width:1024px) {.fusion-body .fusion-builder-column-3{width:100% !important;}.fusion-builder-column-3 > .fusion-column-wrapper {margin-right : 0px;margin-left : 0px;}}@media only screen and (max-width:640px) {.fusion-body .fusion-builder-column-3{width:100% !important;}.fusion-builder-column-3 > .fusion-column-wrapper {margin-right : 0px;margin-left : 0px;}}<\/style><\/div><div class=\"fusion-layout-column fusion_builder_column fusion-builder-column-4 fusion_builder_column_1_1 1_1 fusion-flex-column fusion-flex-align-self-flex-start fusion-column-no-min-height\"><div class=\"fusion-column-wrapper fusion-flex-justify-content-flex-start fusion-content-layout-column\" style=\"background-position:left top;background-repeat:no-repeat;-webkit-background-size:cover;-moz-background-size:cover;-o-background-size:cover;background-size:cover;padding: 0px 0px 0px 0px;\"><style type=\"text\/css\">@media only screen and (max-width:1024px) {.fusion-title.fusion-title-4{margin-top:10px!important; margin-right:0px!important;margin-bottom:15px!important;margin-left:0px!important;}}@media only screen and (max-width:640px) {.fusion-title.fusion-title-4{margin-top:10px!important; margin-right:0px!important;margin-bottom:10px!important; margin-left:0px!important;}}<\/style><div class=\"fusion-title title fusion-title-4 fusion-title-text fusion-title-size-two\" style=\"margin-top:10px;margin-right:0px;margin-bottom:15px;margin-left:0px;\"><div class=\"title-sep-container title-sep-container-left fusion-no-large-visibility fusion-no-medium-visibility fusion-no-small-visibility\"><div class=\"title-sep sep-\" style=\"border-color:#E7E6E6;\"><\/div><\/div><span class=\"awb-title-spacer fusion-no-large-visibility fusion-no-medium-visibility fusion-no-small-visibility\"><\/span><h2 class=\"title-heading-left fusion-responsive-typography-calculated\" style=\"margin:0;--fontSize:18;--minFontSize:18px;line-height:1.5;\"><span style=\"color: #8c0a2f;\"><strong>TIBETAN SPANIEL<\/strong><\/span><\/h2><span class=\"awb-title-spacer\"><\/span><div class=\"title-sep-container title-sep-container-right\"><div class=\"title-sep sep-\" style=\"border-color:#E7E6E6;\"><\/div><\/div><\/div><div class=\"fusion-text fusion-text-6\"><p>Pes\/Dorast<br \/>\n<b>BRILL PADME LUCCA BALDI <\/b>&#8211; VN1,&nbsp;BIS Puppy 1<b><br \/>\n<\/b>LORD SHIVA PUNDARIKA &#8211; VN2<\/p>\n<p>Pes\/Mlad\u00fdch<br \/>\n<b>POCKET ROCKET LUCY\u00b4S SECRET <\/b>&#8211; V1,&nbsp;JCC,&nbsp;CAJC,&nbsp;Junior BOB,&nbsp;V\u0160VM, BIS Junior 4<\/p>\n<p>Pes\/Otvoren\u00e1<br \/>\nA-YANG\u00b4PO QOMO-RI &#8211; V2,&nbsp;Res. CAC<br \/>\n<b>CATCH ME IF YOU CAN LIVOLLY <\/b>&#8211; V1, CC, CAC<\/p>\n<p>Pes\/\u0160ampi\u00f3nov<br \/>\n<b>FROZEN BLAZE PEARL OF THE MOON <\/b>&#8211; V1,&nbsp;CC,CAC,&nbsp;BOB,&nbsp;V\u0160V,&nbsp;BIS 4<b><br \/>\n<\/b>LIMITED EDITION LEON LUCY\u00b4S SECRET \u2013 V2,&nbsp;Res. CAC<\/p>\n<p>Suka\/Dorast<br \/>\n<b>SWEET MELODY LUCY\u00b4S SECRET <\/b>&#8211; VN 1<\/p>\n<p>Suka\/Mlad\u00fdch<br \/>\n<b>KIIRAMANNA SOUND OF HEART <\/b>&#8211; V1,&nbsp;JCC,&nbsp;CAJC,&nbsp;V\u0160VM<\/p>\n<p>Suka\/Otvoren\u00e1<br \/>\nA-MAI-RI QOMO-RI &#8211; V2,&nbsp;Res. CAC<br \/>\n<b>PUNDARIKA (FCI) HARI SHAKTI <\/b>&#8211; V1,&nbsp;CC, CAC,&nbsp;BOS,&nbsp;V\u0160V<\/p>\n<p>Suka\/\u0160ampi\u00f3nov<br \/>\n<b>BRILL PADME DEEP SECRET <\/b>&#8211; V1,&nbsp;CC, CAC<\/p>\n<p>Suka\/Veter\u00e1nov<br \/>\n<b>KIIRAMANNA MISS FINLAND <\/b>&#8211; V1,&nbsp;BIS Veteran 1<\/p>\n<\/div><\/div><style type=\"text\/css\">.fusion-body .fusion-builder-column-4{width:100% !important;margin-top : 0px;margin-bottom : 0px;}.fusion-builder-column-4 > .fusion-column-wrapper {padding-top : 0px !important;padding-right : 0px !important;margin-right : 0px;padding-bottom : 0px !important;padding-left : 0px !important;margin-left : 0px;}@media only screen and (max-width:1024px) {.fusion-body .fusion-builder-column-4{width:100% !important;}.fusion-builder-column-4 > .fusion-column-wrapper {margin-right : 0px;margin-left : 0px;}}@media only screen and (max-width:640px) {.fusion-body .fusion-builder-column-4{width:100% !important;}.fusion-builder-column-4 > .fusion-column-wrapper {margin-right : 0px;margin-left : 0px;}}<\/style><\/div><\/div><style type=\"text\/css\">.fusion-fullwidth.fusion-builder-row-2 { overflow:visible; }.fusion-body .fusion-flex-container.fusion-builder-row-2{ padding-top : 0px;margin-top : 0px;padding-right : 0px;padding-bottom : 0px;margin-bottom : 0px;padding-left : 0px;}<\/style><\/div><\/p>\n","protected":false},"excerpt":{"rendered":"","protected":false},"author":8,"featured_media":0,"parent":0,"menu_order":0,"comment_status":"closed","ping_status":"closed","template":"","meta":{"ngg_post_thumbnail":0},"_links":{"self":[{"href":"https:\/\/ktp-sk.sk\/old\/wp-json\/wp\/v2\/pages\/6142"}],"collection":[{"href":"https:\/\/ktp-sk.sk\/old\/wp-json\/wp\/v2\/pages"}],"about":[{"href":"https:\/\/ktp-sk.sk\/old\/wp-json\/wp\/v2\/types\/page"}],"author":[{"embeddable":true,"href":"https:\/\/ktp-sk.sk\/old\/wp-json\/wp\/v2\/users\/8"}],"replies":[{"embeddable":true,"href":"https:\/\/ktp-sk.sk\/old\/wp-json\/wp\/v2\/comments?post=6142"}],"version-history":[{"count":0,"href":"https:\/\/ktp-sk.sk\/old\/wp-json\/wp\/v2\/pages\/6142\/revisions"}],"wp:attachment":[{"href":"https:\/\/ktp-sk.sk\/old\/wp-json\/wp\/v2\/media?parent=6142"}],"curies":[{"name":"wp","href":"https:\/\/api.w.org\/{rel}","templated":true}]}}