{"id":6541,"date":"2021-06-13T10:37:50","date_gmt":"2021-06-13T08:37:50","guid":{"rendered":"https:\/\/www.ktp-sk.sk\/?page_id=6541"},"modified":"2021-07-31T08:16:42","modified_gmt":"2021-07-31T06:16:42","slug":"13-06-2021","status":"publish","type":"page","link":"https:\/\/ktp-sk.sk\/old\/13-06-2021\/","title":{"rendered":"13.06.2021"},"content":{"rendered":"<div class=\"fusion-fullwidth fullwidth-box fusion-builder-row-1 fusion-flex-container nonhundred-percent-fullwidth non-hundred-percent-height-scrolling\" style=\"background-color: rgba(255,255,255,0);background-position: center center;background-repeat: no-repeat;border-width: 0px 0px 0px 0px;border-color:#eae9e9;border-style:solid;\" ><div class=\"fusion-builder-row fusion-row fusion-flex-align-items-flex-start\" style=\"max-width:998.4px;margin-left: calc(-4% \/ 2 );margin-right: calc(-4% \/ 2 );\"><div class=\"fusion-layout-column fusion_builder_column fusion-builder-column-0 fusion_builder_column_1_1 1_1 fusion-flex-column\"><div class=\"fusion-column-wrapper fusion-flex-justify-content-flex-start fusion-content-layout-column\" style=\"background-position:left top;background-repeat:no-repeat;-webkit-background-size:cover;-moz-background-size:cover;-o-background-size:cover;background-size:cover;padding: 0px 0px 0px 0px;\"><style type=\"text\/css\">@media only screen and (max-width:1024px) {.fusion-title.fusion-title-1{margin-top:10px!important; margin-right:0px!important;margin-bottom:15px!important;margin-left:0px!important;}}@media only screen and (max-width:640px) {.fusion-title.fusion-title-1{margin-top:10px!important; margin-right:0px!important;margin-bottom:10px!important; margin-left:0px!important;}}<\/style><div class=\"fusion-title title fusion-title-1 fusion-title-text fusion-title-size-one\" style=\"margin-top:10px;margin-right:0px;margin-bottom:15px;margin-left:0px;\"><div class=\"title-sep-container title-sep-container-left fusion-no-large-visibility fusion-no-medium-visibility fusion-no-small-visibility\"><div class=\"title-sep sep-\" style=\"border-color:#E7E6E6;\"><\/div><\/div><span class=\"awb-title-spacer fusion-no-large-visibility fusion-no-medium-visibility fusion-no-small-visibility\"><\/span><h1 class=\"title-heading-left fusion-responsive-typography-calculated\" style=\"margin:0;--fontSize:32;line-height:1.5;\">Klubov\u00e1 V\u00fdstava, Pezinok, 13.6.2021<\/h1><span class=\"awb-title-spacer\"><\/span><div class=\"title-sep-container title-sep-container-right\"><div class=\"title-sep sep-\" style=\"border-color:#E7E6E6;\"><\/div><\/div><\/div><div class=\"fusion-text fusion-text-1\"><div>Rozhodca p. Linda Vol\u00e1rikov\u00e1\/ SK<\/div>\n<div>&nbsp;<\/div>\n<div>V\u00fdsledky:&nbsp; <span style=\"color: #800000;\"><a id=\"gmail-m_-1600057786770498401LPlnk\" style=\"color: #800000;\" href=\"http:\/\/clubdogshow.sk\/statistics.php\" target=\"_blank\" rel=\"noopener\">http:\/\/clubdogshow.sk\/statistics.php<\/a>.<\/span><\/div>\n<div>&nbsp;<\/div>\n<div><span style=\"color: #800000;\"><a style=\"color: #800000;\" href=\"https:\/\/www.facebook.com\/media\/set\/?set=a.10158650314008995&amp;type=3\">Fotogal\u00e9ria<\/a><\/span> od fotografky Petry Rajnicovej.<\/div>\n<\/div><div style=\"text-align:center;\"><style>.fusion-imageframe.imageframe-1{ margin-top : 20px;margin-bottom : 20px;}<\/style><span class=\" fusion-imageframe imageframe-none imageframe-1 hover-type-none\"><a class=\"fusion-no-lightbox\" href=\"https:\/\/www.facebook.com\/media\/set\/?set=a.10158650314008995&amp;type=3\" target=\"_self\" aria-label=\"fotogaleria-KV-jun-2021\"><img width=\"960\" height=\"450\" src=\"https:\/\/www.ktp-sk.sk\/wp-content\/uploads\/2021\/07\/fotogaleria-KV-jun-2021.jpg\" alt class=\"img-responsive wp-image-6544\" srcset=\"https:\/\/ktp-sk.sk\/old\/wp-content\/uploads\/2021\/07\/fotogaleria-KV-jun-2021-200x94.jpg 200w, https:\/\/ktp-sk.sk\/old\/wp-content\/uploads\/2021\/07\/fotogaleria-KV-jun-2021-400x188.jpg 400w, https:\/\/ktp-sk.sk\/old\/wp-content\/uploads\/2021\/07\/fotogaleria-KV-jun-2021-600x281.jpg 600w, https:\/\/ktp-sk.sk\/old\/wp-content\/uploads\/2021\/07\/fotogaleria-KV-jun-2021-800x375.jpg 800w, https:\/\/ktp-sk.sk\/old\/wp-content\/uploads\/2021\/07\/fotogaleria-KV-jun-2021.jpg 960w\" sizes=\"(max-width: 640px) 100vw, 960px\" \/><\/a><\/span><\/div><div class=\"fusion-text fusion-text-2\"><p>BIS 1 &#8211; MOW-ZOW VOICE OF FINLAND<br \/>\nBIS 2 &#8211; ARMANI IVEPET LATGATE<br \/>\nBIS 3 &#8211; SAYONARA APSO PABLO PICASSO OF HAPPY HOME<br \/>\nBIS 4 &#8211; KARMA KHYI-MI LAMLEH HOKSA REX<\/p>\n<p><span style=\"color: #800000;\">LHASA APSO<\/span><\/p>\n<p>Pes\/Mlad\u00fdch<br \/>\nMANCHESTER IVEPET &#8211; VD2<br \/>\nSAYONARA APSO KING OF THE RINGS &#8211; V1,&nbsp;JCC,&nbsp;CAJC,&nbsp;Klubov\u00fd v\u00ed\u0165az mlad\u00fdch<\/p>\n<p>Pes\/Otvoren\u00e1<br \/>\nBONO THE BATMAN FROM PIRANDHORA &#8211; V2,&nbsp;Res.CAC<br \/>\nUTAR GEMA-ROSES &#8211; V1,&nbsp;CAC<\/p>\n<p>Pes\/\u0160ampi\u00f3nov<br \/>\nARMANI IVEPET LATGATE &#8211; V1,&nbsp;CAC,CC, &nbsp;BOB,&nbsp;Klubov\u00fd v\u00ed\u0165az,&nbsp;BIS2<\/p>\n<p>Suka\/Mlad\u0161\u00ed dorast<br \/>\nOPRAH IVEPET &#8211; VN1,&nbsp;BIS minor puppy3<\/p>\n<p>Suka\/Mlad\u00fdch<br \/>\nSAYONARA APSO PARTI PRINCESS &#8211; V2<br \/>\nSIIMLINE\u2019S LOCKED OUT OF HEAVEN &#8211; V1,&nbsp;JCC,&nbsp;CAJC,&nbsp;Junior BOB,&nbsp;BOS,&nbsp;Klubov\u00fd v\u00ed\u0165az mlad\u00fdch,&nbsp;BIS Junior2<\/p>\n<p>Suka\/Otvoren\u00e1<br \/>\nIRRIS IVEPET &#8211; VD1<\/p>\n<p>Suka\/\u0160ampi\u00f3nov<br \/>\nTSEWANG LHAMO THE TIBETAN PRIDE (FCI) &#8211; V1,&nbsp;CAC,&nbsp;Klubov\u00fd v\u00ed\u0165az<\/p>\n<p><span style=\"color: #800000;\">SHIH-TZU<\/span><\/p>\n<p>Pes\/Mlad\u0161\u00ed Dorast<br \/>\nSOLARIS AVIS Y\u2019TSUYOSHI &#8211; VN1,&nbsp;BIS minor puppy2<\/p>\n<p>Pes\/Dorast<br \/>\nFANTASY BLACK STORM PERLA Z&nbsp;\u00daDOLIA &#8211; VN1<\/p>\n<p>Pes\/Mlad\u00fdch<br \/>\nBRUNO NOVA POD TATRAMI &#8211; V2<br \/>\nSAYONARA APSO STORM IN MY HEART &#8211; V1,&nbsp;JCC,&nbsp;CAJC,&nbsp;Klubov\u00fd v\u00ed\u0165az mlad\u00fdch<\/p>\n<p>Pes\/Stredn\u00e1<br \/>\nROBIN HOOD HIRAGANA &#8211; VD1<\/p>\n<p>Pes\/Otvoren\u00e1<br \/>\nFIREBALL ATREI KIRABZER &#8211; V1,&nbsp;CAC<\/p>\n<p>Pes\/\u0160ampi\u00f3nov<br \/>\nSAYONARA APSO PABLO PICASSO OF HAPPY HOME &#8211; V1,&nbsp;CAC,CC,&nbsp;BOB,&nbsp;Klubov\u00fd v\u00ed\u0165az,&nbsp;BIS3<br \/>\nZABAWMY SI\u0118 BLONDE AMBITION &#8211; V2,&nbsp;Res.CAC<\/p>\n<p>Pes\/Veter\u00e1nov<br \/>\nCHESVET LINE IMAGE BLACK PEARLS &#8211; V1<\/p>\n<p>Suka\/Mlad\u0161\u00ed dorast<br \/>\nMAGGIE ATREI KIRABZER &#8211; VN3<br \/>\nNELLIE ATREI KIRABZER &#8211; VN1,&nbsp;BIS minor puppy1<br \/>\nPANDORA ATREI KIRABZER &#8211; VN2<\/p>\n<p>Suka\/Mlad\u00fdch<br \/>\nDISNEY LOVELY ANALAND &#8211; V2<br \/>\nGOLDEN FISH BUTTERFLY &#8211; V1,&nbsp;JCC,&nbsp;CAJC,&nbsp;Junior BOB,&nbsp;Klubov\u00fd v\u00ed\u0165az mlad\u00fdch,&nbsp;BIS Junior1<\/p>\n<p>Suka\/Stredn\u00e1<br \/>\nADELL SIRI-LAKKHI &#8211; V1, CAC, CC<br \/>\nTESSA HIRAGANA &#8211; V2,&nbsp;Res.CAC<\/p>\n<p>Suka\/Otvoren\u00e1<br \/>\nCAIRITHY-KIM MAGIC ANALAND &#8211; V1,&nbsp;CAC,&nbsp;CC, BOS,&nbsp;Klubov\u00fd v\u00ed\u0165az<\/p>\n<p>Suka\/\u0160ampi\u00f3nov<span class=\"Apple-converted-space\">&nbsp;<br \/>\n<\/span>KA\u010cENKA HIRAGANA &#8211; V1, CAC, CC<\/p>\n<p>Suka\/\u010cestn\u00e1&nbsp;<br \/>\nDIANA JIPE BOHEMIA &#8211; V1<\/p>\n<p>Suka\/Veter\u00e1nov<br \/>\nRED WHITE BEAUTY Z KOJCA COLI &#8211; V1<\/p>\n<p><span style=\"color: #800000;\">TIBETAN TERRIER<\/span><\/p>\n<p>Pes\/Mlad\u00fdch<br \/>\nEMOTION IN MOTION ERBOSEDITION &#8211; V1, JCC, CAJC, Junior BOB, KVM, BIS Junior3<br \/>\nPes\/Otvoren\u00e1<\/p>\n<p>WATERLEY WHAT A&nbsp;HOOT &#8211; V1,&nbsp;CAC,&nbsp;BOS,&nbsp;Klubov\u00fd v\u00ed\u0165az<br \/>\nPes\/\u0160ampi\u00f3nov<br \/>\nKHYI-MI EMCHI LAMLEH BAGYA &#8211; VD1<\/p>\n<p>Suka\/Stredn\u00e1<br \/>\nCHARIS OF WILD MARRY &#8211; V1, CAC, CC<\/p>\n<p>Suka\/\u0160ampi\u00f3nov<br \/>\nKARMA KHYI-MI LAMLEH HOKSA REX &#8211; V1,&nbsp;CAC,CC, &nbsp;BOB,&nbsp;Klubov\u00fd v\u00ed\u0165az,&nbsp;BIS4<\/p>\n<p>Suka\/\u010cestn\u00e1<span class=\"Apple-converted-space\">&nbsp;<br \/>\n<\/span>A DESERT ROSE ERBOSEDITION &#8211; V1<\/p>\n<p><span style=\"color: #800000;\">TIBETAN SPANIEL<\/span><\/p>\n<p>Pes\/Dorast<br \/>\nMULLAGH THE NEW KID IN TOWN &#8211; VN1,&nbsp;BIS Puppy1<\/p>\n<p>Pes\/Mlad\u00fdch<br \/>\nBAILEY STELLA TIBET &#8211; VD1<\/p>\n<p>Pes\/\u0160ampi\u00f3nov<br \/>\nLIMITED EDITION LEON LUCY\u00b4S SECRET &#8211; VD1<\/p>\n<p>Pes\/Veter\u00e1nov<br \/>\nMOW-ZOW VOICE OF FINLAND &#8211; V1,&nbsp;BOB,&nbsp;BIS Veteran1,&nbsp;BIS1<\/p>\n<p>Suka\/Mlad\u00fdch<br \/>\nBELLAMI STELLA TIBET &#8211; V1,&nbsp;JCC,&nbsp;CAJC,&nbsp;Junior BOB,&nbsp;BOS,&nbsp;Klubov\u00fd v\u00ed\u0165az mlad\u00fdch,&nbsp;BIS Junior4<\/p>\n<p>Suka\/\u010cestn\u00e1&nbsp;<br \/>\nBRIA DONUM TIBET &#8211; V1,&nbsp;BIS honour class1<\/p>\n<\/div><\/div><style type=\"text\/css\">.fusion-body .fusion-builder-column-0{width:100% !important;margin-top : 0px;margin-bottom : 20px;}.fusion-builder-column-0 > .fusion-column-wrapper {padding-top : 0px !important;padding-right : 0px !important;margin-right : 1.92%;padding-bottom : 0px !important;padding-left : 0px !important;margin-left : 1.92%;}@media only screen and (max-width:1024px) {.fusion-body .fusion-builder-column-0{width:100% !important;order : 0;}.fusion-builder-column-0 > .fusion-column-wrapper {margin-right : 1.92%;margin-left : 1.92%;}}@media only screen and (max-width:640px) {.fusion-body .fusion-builder-column-0{width:100% !important;order : 0;}.fusion-builder-column-0 > .fusion-column-wrapper {margin-right : 1.92%;margin-left : 1.92%;}}<\/style><\/div><\/div><style type=\"text\/css\">.fusion-body .fusion-flex-container.fusion-builder-row-1{ padding-top : 0px;margin-top : 0px;padding-right : 0px;padding-bottom : 0px;margin-bottom : 0px;padding-left : 0px;}<\/style><\/div>\n","protected":false},"excerpt":{"rendered":"","protected":false},"author":8,"featured_media":0,"parent":0,"menu_order":0,"comment_status":"closed","ping_status":"closed","template":"","meta":{"ngg_post_thumbnail":0},"_links":{"self":[{"href":"https:\/\/ktp-sk.sk\/old\/wp-json\/wp\/v2\/pages\/6541"}],"collection":[{"href":"https:\/\/ktp-sk.sk\/old\/wp-json\/wp\/v2\/pages"}],"about":[{"href":"https:\/\/ktp-sk.sk\/old\/wp-json\/wp\/v2\/types\/page"}],"author":[{"embeddable":true,"href":"https:\/\/ktp-sk.sk\/old\/wp-json\/wp\/v2\/users\/8"}],"replies":[{"embeddable":true,"href":"https:\/\/ktp-sk.sk\/old\/wp-json\/wp\/v2\/comments?post=6541"}],"version-history":[{"count":0,"href":"https:\/\/ktp-sk.sk\/old\/wp-json\/wp\/v2\/pages\/6541\/revisions"}],"wp:attachment":[{"href":"https:\/\/ktp-sk.sk\/old\/wp-json\/wp\/v2\/media?parent=6541"}],"curies":[{"name":"wp","href":"https:\/\/api.w.org\/{rel}","templated":true}]}}