{"id":6643,"date":"2021-09-17T11:40:03","date_gmt":"2021-09-17T09:40:03","guid":{"rendered":"https:\/\/www.ktp-sk.sk\/?page_id=6643"},"modified":"2021-09-17T11:40:03","modified_gmt":"2021-09-17T09:40:03","slug":"11-09-2021","status":"publish","type":"page","link":"https:\/\/ktp-sk.sk\/old\/11-09-2021\/","title":{"rendered":"11.09.2021"},"content":{"rendered":"<div class=\"fusion-fullwidth fullwidth-box fusion-builder-row-1 fusion-flex-container nonhundred-percent-fullwidth non-hundred-percent-height-scrolling\" style=\"background-color: rgba(255,255,255,0);background-position: center center;background-repeat: no-repeat;border-width: 0px 0px 0px 0px;border-color:#eae9e9;border-style:solid;\" ><div class=\"fusion-builder-row fusion-row fusion-flex-align-items-flex-start\" style=\"max-width:998.4px;margin-left: calc(-4% \/ 2 );margin-right: calc(-4% \/ 2 );\"><div class=\"fusion-layout-column fusion_builder_column fusion-builder-column-0 fusion_builder_column_1_1 1_1 fusion-flex-column\"><div class=\"fusion-column-wrapper fusion-flex-justify-content-flex-start fusion-content-layout-column\" style=\"background-position:left top;background-repeat:no-repeat;-webkit-background-size:cover;-moz-background-size:cover;-o-background-size:cover;background-size:cover;padding: 0px 0px 0px 0px;\"><div class=\"fusion-text fusion-text-1\"><div>\n<h3>LHASA APSO<\/h3>\n<div>&nbsp;<\/div>\n<div>Pes Otvoren\u00e1 UTAR GEMA-ROSES V1, CAC<\/div>\n<div>Pes \u0160ampi\u00f3nov ARMANI IVEPET LATGATE V1, CAC, BOS, V\u00ed\u0165az \u0161peci\u00e1lnej v\u00fdstavy<\/div>\n<div>Suka Mlad\u0161\u00ed dorast PARIS IVEPET VN1<\/div>\n<div>Suka Dorastu CIN-THAMIU DAR TIBETU nepos\u00faden\u00fd<\/div>\n<div>Suka Dorastu OPRAH IVEPET VN1<\/div>\n<div>Suka Mlad\u00fdch MIAMI IVEPET VD2<\/div>\n<div>Suka Mlad\u00fdch SIX STARS NO RISK NO FUN V1, CAJC, BOB, Junior BOB, V\u00ed\u0165az \u0161peci\u00e1lnej v\u00fdstavy mlad\u00fdch, BIS Junior 1, BIS 3<\/div>\n<div>Suka Veter\u00e1nov MOIRA GEMA-ROSES V1<\/div>\n<div>&nbsp;<\/div>\n<h3>SHIH-TZU<\/h3>\n<div>&nbsp;<\/div>\n<div>Pes Dorastu SOLARIS AVIS Y\u2019TSUYOSHI VN1<\/div>\n<div>Pes Mlad\u00fdch RIN-TI Z TARGENU VD1<\/div>\n<div>Pes Stredn\u00e1 BR PEPPER\u2019S N\u2019VANITY LAKE I\u2019M BELIEVER VD1<\/div>\n<div>Pes Otvoren\u00e1 FIREBALL ATREI KIRABZER D<br \/>\nPes Otvoren\u00e1 HAMMER ATREI KIRABZER nepos\u00faden\u00fd<\/div>\n<\/div>\n<div>Pes \u0160ampi\u00f3nov EAGLE HEART SILVERY WISH V3<\/div>\n<div>Pes \u0160ampi\u00f3nov NISAS TIBETO LI\u016aTAS V1, CAC, BOS, V\u00ed\u0165az \u0161peci\u00e1lnej v\u00fdstavy<\/div>\n<div>Pes \u0160ampi\u00f3nov ZABAWMY SI\u0118 BLONDE AMBITION V2, Res.CAC<\/div>\n<div>Pes Veter\u00e1nov CHESVET LINE IMAGE BLACK PEARLS V1<\/div>\n<div>Pes Trieda pre uchovnenie TEODOR THESE LOVINGEYES<\/div>\n<div>Suka Dorastu MAGGIE ATREI KIRABZER N<\/div>\n<div>Suka Dorastu NELLIE ATREI KIRABZER VN1, BIS Puppy1<\/div>\n<div>Suka Dorastu PANDORA ATREI KIRABZER N<\/div>\n<div>Suka Dorastu PRIME MOON CHEAP THRILLS N<\/div>\n<div>Suka Mlad\u00fdch KARRA MIA BY GLAMOUR V1, CAJC, Junior BOB, V\u00ed\u0165az \u0161peci\u00e1lnej v\u00fdstavy mlad\u00fdch<\/div>\n<div>Suka Mlad\u00fdch USCHI THESE LOVINGEYES D<\/div>\n<div>Suka Stredn\u00e1 GINA JIPE BOHEMIA VD1<\/div>\n<div>Suka Otvoren\u00e1 DAPHNE ATREI KIRABZER VD1<\/div>\n<div>Suka \u0160ampi\u00f3nov CAIRITHY-KIM MAGIC ANALAND V1, CAC, BOB, V\u00ed\u0165az \u0161peci\u00e1lnej v\u00fdstavy, BIS1<\/div>\n<div>Suka \u0160ampi\u00f3nov ZAKOCHAJ SI\u0118 BLONDE AMBITION V2, Res.CAC<\/div>\n<div>Suka Veter\u00e1nov RED WHITE BEAUTY Z KOJCA COLI V1<\/div>\n<div>Suka Trieda pre uchovnenie CASSIOPEIA BRILLIANT OF MORAVIA<\/div>\n<div>Suka &nbsp;Trieda pre uchovnenie DISNEY LOVELY ANALAND<\/div>\n<div>&nbsp;<\/div>\n<h3>TIBETAN TERRIER<\/h3>\n<div>&nbsp;<\/div>\n<div>Pes Mlad\u0161\u00ed dorast SIDDHARTHA HANDMADE OF DARKNESS VN1, BIS minor puppy1<\/div>\n<div>Pes Stredn\u00e1 EMOTION IN MOTION ERBOSEDITION V1, CAC<\/div>\n<div>Pes Otvoren\u00e1 BUD\u2019DHA SAMPATTI TAI TIK JUMS V1, CAC<\/div>\n<div>Pes\u0160ampi\u00f3nov TI LA SHU CALIFORNIA DREAMV1, CAC, BOS, V\u00ed\u0165az \u0161peci\u00e1lnej v\u00fdstavy<\/div>\n<div>PesVeter\u00e1nov EKADASHI TINGRIV1, BIS Veteran1<\/div>\n<div>Suka Mlad\u00fdch GOLD JACK\u2019 DAW ICSI VD1<\/div>\n<div>Suka Otvoren\u00e1 BUD\u2019DHA TARA TAI TIK JUMS V1, CAC, BOB, V\u00ed\u0165az \u0161peci\u00e1lnej v\u00fdstavy, BIS 2<\/div>\n<div>Suka \u0160ampi\u00f3nov ANG KI CHI TAI TIK JUMS V1, CAC<\/div>\n<div>&nbsp;<\/div>\n<div>\n<h3>TIBETSK\u00dd \u0160PANIEL<\/h3>\n<\/div>\n<div>Pes \u0160ampi\u00f3nov LIMITED EDITION LEON LUCY\u00b4S SECRET V1, CAC, BOB, V\u00ed\u0165az \u0161peci\u00e1lnej v\u00fdstavy, BIS 4<\/div>\n<div>Suka \u010cestn\u00e1 BRIA DONUM TIBET V1, BIS \u010destn\u00e1 trieda 1<\/div>\n<\/div><\/div><style type=\"text\/css\">.fusion-body .fusion-builder-column-0{width:100% !important;margin-top : 0px;margin-bottom : 0px;}.fusion-builder-column-0 > .fusion-column-wrapper {padding-top : 0px !important;padding-right : 0px !important;margin-right : 1.92%;padding-bottom : 0px !important;padding-left : 0px !important;margin-left : 1.92%;}@media only screen and (max-width:1024px) {.fusion-body .fusion-builder-column-0{width:100% !important;}.fusion-builder-column-0 > .fusion-column-wrapper {margin-right : 1.92%;margin-left : 1.92%;}}@media only screen and (max-width:640px) {.fusion-body .fusion-builder-column-0{width:100% !important;}.fusion-builder-column-0 > .fusion-column-wrapper {margin-right : 1.92%;margin-left : 1.92%;}}<\/style><\/div><\/div><style type=\"text\/css\">.fusion-body .fusion-flex-container.fusion-builder-row-1{ padding-top : 0px;margin-top : 0px;padding-right : 0px;padding-bottom : 0px;margin-bottom : 0px;padding-left : 0px;}<\/style><\/div>\n","protected":false},"excerpt":{"rendered":"","protected":false},"author":8,"featured_media":0,"parent":0,"menu_order":0,"comment_status":"closed","ping_status":"closed","template":"","meta":{"ngg_post_thumbnail":0},"_links":{"self":[{"href":"https:\/\/ktp-sk.sk\/old\/wp-json\/wp\/v2\/pages\/6643"}],"collection":[{"href":"https:\/\/ktp-sk.sk\/old\/wp-json\/wp\/v2\/pages"}],"about":[{"href":"https:\/\/ktp-sk.sk\/old\/wp-json\/wp\/v2\/types\/page"}],"author":[{"embeddable":true,"href":"https:\/\/ktp-sk.sk\/old\/wp-json\/wp\/v2\/users\/8"}],"replies":[{"embeddable":true,"href":"https:\/\/ktp-sk.sk\/old\/wp-json\/wp\/v2\/comments?post=6643"}],"version-history":[{"count":0,"href":"https:\/\/ktp-sk.sk\/old\/wp-json\/wp\/v2\/pages\/6643\/revisions"}],"wp:attachment":[{"href":"https:\/\/ktp-sk.sk\/old\/wp-json\/wp\/v2\/media?parent=6643"}],"curies":[{"name":"wp","href":"https:\/\/api.w.org\/{rel}","templated":true}]}}